{"id":3223,"date":"2022-02-07T10:44:51","date_gmt":"2022-02-07T10:44:51","guid":{"rendered":"http:\/\/g5test.stair24.com\/if-you-install-a-staircase\/"},"modified":"2025-11-18T09:21:38","modified_gmt":"2025-11-18T07:21:38","slug":"kui-paigaldad-treppi","status":"publish","type":"page","link":"https:\/\/www.stair24.com\/et\/kui-paigaldad-treppi\/","title":{"rendered":"Kui paigaldad treppi"},"content":{"rendered":"    <div id=\"checkmark-list-block-block_f9e9152d0dfe1ee4a592b9408a393c0d\" class=\"checkmark-list-block\">\n                    <div class=\"row\">\n                <div class=\"list_title col-12\">\n                    <h6>STAIR24 soovitab trepi paigaldamisel j\u00e4rgmist meelespead:<\/h6>\n                <\/div>\n            <\/div>\n                <div class=\"row\">\n            <div class=\"col-12\">\n                <ol class=\"checkbox_list\">\n                                                                        <li>Trepi paigaldamisel olen kaasanud professionaalse trepipaigaldaja.<\/li>\n                                                                                                <li>Ruumid, kus trepp paigaldatakse on kuivad ja soojad.<\/li>\n                                                                                                <li>Olen vaadanud \u00fcle trepi pakendid ja allkirjastanud trepi saatedokumendid, kui trepp saabus enne paigaldajat.<\/li>\n                                                                                                <li>Olen kinnitanud trepipaigaldaja saabumisteate.<\/li>\n                                                                                                <li>Trepipaigaldaja transpordivahendile on tagatud ligip\u00e4\u00e4s objektile.<\/li>\n                                                                                                <li>Mul on piisavalt ruumi, et trepidetailid ja trepi  paigaldaja t\u00f6\u00f6riistad \u00e4ra mahutada.<\/li>\n                                                                                                <li>Mul on kaetud need p\u00f5randad, mis trepipaigaldus tegevuses kaitset vajavad.<\/li>\n                                                                                                <li>Ma tean, et viimistletud seinad v\u00f5ivad v\u00e4hesel m\u00e4\u00e4ral viga saada ja olen sellega arvestanud, et seda ei korrigeeri trepipaigaldaja.<\/li>\n                                                                                                <li>Tean, et trepi katmine p\u00e4rast paigaldamist ei kuulu tavateenuse hulka.<\/li>\n                                                                                                <li>Tean, et vahelae serva katmine, viimase astme ja p\u00f5randa \u00fchenduse katmine ega ka muud kokku leppimata ehituslikud t\u00f6\u00f6d ei kuulu tavateenuse hulka.<\/li>\n                                                                                                <li>Tean, et seina ja trepi konstruktsiooni vahele j\u00e4\u00e4b ca 3 mm vahe ja kui seinad ei ole sirged, v\u00f5ib vahe olla suurem.<\/li>\n                                                                                                <li>Tean, et p\u00e4rast trepi paigaldamist hoian ruumid kuivad ja k\u00f6etuna.<\/li>\n                                                                                                <li>Tean, et minu valmisolekust s\u00f5ltub, kas trepp saab paigaldatud \u00fche paigaldusk\u00e4iguga, et ei tekiks mulle lisakulusid.<\/li>\n                                                                                                <li>Tean, et trepi visuaalset kvaliteeti hindame 2 meetri kauguselt normaalvalguses (60 W).<\/li>\n                                                                                                <li>Tean, et trepi kvaliteedi hindamisel arvestame puidu loomulikku omap\u00e4ra ja lubatud tolerantse konstruktsiooni osades.<\/li>\n                                                                                                <li>Tean, et trepi paigaldamise k\u00e4igus v\u00f5ib trepi paigaldaja teha trepile m\u00f5ningaid t\u00f6\u00f6tlusi ja viimistlusparandusi.<\/li>\n                                                                                                <li>Tean, et trepi paigaldamise l\u00f5petamise hetkel olen kohal ja v\u00f5tan meistrilt t\u00f6\u00f6 vastu.<\/li>\n                                                                                                <li>Tean, et probleemi ilmnemisel saan abi STAIR24 meeskonnalt.<\/li>\n                                                            <\/ol>\n            <\/div>\n        <\/div>\n    <\/div>\n","protected":false},"excerpt":{"rendered":"","protected":false},"author":1,"featured_media":7528,"parent":0,"menu_order":0,"comment_status":"closed","ping_status":"closed","template":"page-templates\/staircase-instructions.php","meta":{"_acf_changed":false,"footnotes":""},"class_list":["post-3223","page","type-page","status-publish","has-post-thumbnail","hentry"],"acf":[],"yoast_head":"<!-- This site is optimized with the Yoast SEO plugin v27.5 - https:\/\/yoast.com\/product\/yoast-seo-wordpress\/ -->\n<title>Kvaliteetsed trepid | Treppide paigaldus | STAIR24<\/title>\n<meta name=\"description\" content=\"Suur valik kvaliteetsed treppe, mis valmivad just Sinu soovide ja m\u00f5\u00f5tude j\u00e4rgi. Soovikorral tuleme treppi m\u00f5\u00f5tma ja ka paigaldama.\" \/>\n<meta name=\"robots\" content=\"index, follow, max-snippet:-1, max-image-preview:large, max-video-preview:-1\" \/>\n<link rel=\"canonical\" href=\"https:\/\/www.stair24.com\/et\/kui-paigaldad-treppi\/\" \/>\n<meta property=\"og:locale\" content=\"et_EE\" \/>\n<meta property=\"og:type\" content=\"article\" \/>\n<meta property=\"og:title\" content=\"Kvaliteetsed trepid | Treppide paigaldus | STAIR24\" \/>\n<meta property=\"og:description\" content=\"Suur valik kvaliteetsed treppe, mis valmivad just Sinu soovide ja m\u00f5\u00f5tude j\u00e4rgi. Soovikorral tuleme treppi m\u00f5\u00f5tma ja ka paigaldama.\" \/>\n<meta property=\"og:url\" content=\"https:\/\/www.stair24.com\/et\/kui-paigaldad-treppi\/\" \/>\n<meta property=\"og:site_name\" content=\"STAIR24\" \/>\n<meta property=\"article:publisher\" content=\"https:\/\/www.facebook.com\/AruGrupp\" \/>\n<meta property=\"article:modified_time\" content=\"2025-11-18T07:21:38+00:00\" \/>\n<meta property=\"og:image\" content=\"https:\/\/www.stair24.com\/wp-content\/uploads\/2023\/09\/kuidas-paigaldada-treppi.jpg\" \/>\n\t<meta property=\"og:image:width\" content=\"1200\" \/>\n\t<meta property=\"og:image:height\" content=\"1800\" \/>\n\t<meta property=\"og:image:type\" content=\"image\/jpeg\" \/>\n<meta name=\"twitter:card\" content=\"summary_large_image\" \/>\n<meta name=\"twitter:label1\" content=\"Est. reading time\" \/>\n\t<meta name=\"twitter:data1\" content=\"1 minut\" \/>\n<script type=\"application\/ld+json\" class=\"yoast-schema-graph\">{\"@context\":\"https:\\\/\\\/schema.org\",\"@graph\":[{\"@type\":\"WebPage\",\"@id\":\"https:\\\/\\\/www.stair24.com\\\/et\\\/kui-paigaldad-treppi\\\/\",\"url\":\"https:\\\/\\\/www.stair24.com\\\/et\\\/kui-paigaldad-treppi\\\/\",\"name\":\"Kvaliteetsed trepid | Treppide paigaldus | STAIR24\",\"isPartOf\":{\"@id\":\"https:\\\/\\\/www.stair24.com\\\/et\\\/#website\"},\"primaryImageOfPage\":{\"@id\":\"https:\\\/\\\/www.stair24.com\\\/et\\\/kui-paigaldad-treppi\\\/#primaryimage\"},\"image\":{\"@id\":\"https:\\\/\\\/www.stair24.com\\\/et\\\/kui-paigaldad-treppi\\\/#primaryimage\"},\"thumbnailUrl\":\"https:\\\/\\\/www.stair24.com\\\/wp-content\\\/uploads\\\/2023\\\/09\\\/kuidas-paigaldada-treppi.jpg\",\"datePublished\":\"2022-02-07T10:44:51+00:00\",\"dateModified\":\"2025-11-18T07:21:38+00:00\",\"description\":\"Suur valik kvaliteetsed treppe, mis valmivad just Sinu soovide ja m\u00f5\u00f5tude j\u00e4rgi. Soovikorral tuleme treppi m\u00f5\u00f5tma ja ka paigaldama.\",\"breadcrumb\":{\"@id\":\"https:\\\/\\\/www.stair24.com\\\/et\\\/kui-paigaldad-treppi\\\/#breadcrumb\"},\"inLanguage\":\"et\",\"potentialAction\":[{\"@type\":\"ReadAction\",\"target\":[\"https:\\\/\\\/www.stair24.com\\\/et\\\/kui-paigaldad-treppi\\\/\"]}]},{\"@type\":\"ImageObject\",\"inLanguage\":\"et\",\"@id\":\"https:\\\/\\\/www.stair24.com\\\/et\\\/kui-paigaldad-treppi\\\/#primaryimage\",\"url\":\"https:\\\/\\\/www.stair24.com\\\/wp-content\\\/uploads\\\/2023\\\/09\\\/kuidas-paigaldada-treppi.jpg\",\"contentUrl\":\"https:\\\/\\\/www.stair24.com\\\/wp-content\\\/uploads\\\/2023\\\/09\\\/kuidas-paigaldada-treppi.jpg\",\"width\":1200,\"height\":1800,\"caption\":\"trepi-paigaldamine\"},{\"@type\":\"BreadcrumbList\",\"@id\":\"https:\\\/\\\/www.stair24.com\\\/et\\\/kui-paigaldad-treppi\\\/#breadcrumb\",\"itemListElement\":[{\"@type\":\"ListItem\",\"position\":1,\"name\":\"Home\",\"item\":\"https:\\\/\\\/www.stair24.com\\\/et\\\/\"},{\"@type\":\"ListItem\",\"position\":2,\"name\":\"Kui paigaldad treppi\"}]},{\"@type\":\"WebSite\",\"@id\":\"https:\\\/\\\/www.stair24.com\\\/et\\\/#website\",\"url\":\"https:\\\/\\\/www.stair24.com\\\/et\\\/\",\"name\":\"STAIR 24 | Kvaliteetsed trepid\",\"description\":\"Valmistame treppe igas kujus ning suuruses. Trepid on meie kirg ning oleme \u00fcks suurimaid treppide tootja p\u00f5hjamaades. Proovige meie uut trepikalkulaatorit. Parima kvaliteediga trepid, kiire tarne ning soodne hind.\",\"publisher\":{\"@id\":\"https:\\\/\\\/www.stair24.com\\\/et\\\/#organization\"},\"potentialAction\":[{\"@type\":\"SearchAction\",\"target\":{\"@type\":\"EntryPoint\",\"urlTemplate\":\"https:\\\/\\\/www.stair24.com\\\/et\\\/?s={search_term_string}\"},\"query-input\":{\"@type\":\"PropertyValueSpecification\",\"valueRequired\":true,\"valueName\":\"search_term_string\"}}],\"inLanguage\":\"et\"},{\"@type\":\"Organization\",\"@id\":\"https:\\\/\\\/www.stair24.com\\\/et\\\/#organization\",\"name\":\"STAIR 24 | Kvaliteetsed trepid\",\"url\":\"https:\\\/\\\/www.stair24.com\\\/et\\\/\",\"logo\":{\"@type\":\"ImageObject\",\"inLanguage\":\"et\",\"@id\":\"https:\\\/\\\/www.stair24.com\\\/et\\\/#\\\/schema\\\/logo\\\/image\\\/\",\"url\":\"https:\\\/\\\/www.stair24.com\\\/wp-content\\\/uploads\\\/2022\\\/12\\\/trep-stair24_logo-1.png\",\"contentUrl\":\"https:\\\/\\\/www.stair24.com\\\/wp-content\\\/uploads\\\/2022\\\/12\\\/trep-stair24_logo-1.png\",\"width\":302,\"height\":85,\"caption\":\"STAIR 24 | Kvaliteetsed trepid\"},\"image\":{\"@id\":\"https:\\\/\\\/www.stair24.com\\\/et\\\/#\\\/schema\\\/logo\\\/image\\\/\"},\"sameAs\":[\"https:\\\/\\\/www.facebook.com\\\/AruGrupp\",\"https:\\\/\\\/www.instagram.com\\\/stair.24\\\/\",\"https:\\\/\\\/www.youtube.com\\\/@stair24com\"]}]}<\/script>\n<!-- \/ Yoast SEO plugin. -->","yoast_head_json":{"title":"Kvaliteetsed trepid | Treppide paigaldus | STAIR24","description":"Suur valik kvaliteetsed treppe, mis valmivad just Sinu soovide ja m\u00f5\u00f5tude j\u00e4rgi. Soovikorral tuleme treppi m\u00f5\u00f5tma ja ka paigaldama.","robots":{"index":"index","follow":"follow","max-snippet":"max-snippet:-1","max-image-preview":"max-image-preview:large","max-video-preview":"max-video-preview:-1"},"canonical":"https:\/\/www.stair24.com\/et\/kui-paigaldad-treppi\/","og_locale":"et_EE","og_type":"article","og_title":"Kvaliteetsed trepid | Treppide paigaldus | STAIR24","og_description":"Suur valik kvaliteetsed treppe, mis valmivad just Sinu soovide ja m\u00f5\u00f5tude j\u00e4rgi. Soovikorral tuleme treppi m\u00f5\u00f5tma ja ka paigaldama.","og_url":"https:\/\/www.stair24.com\/et\/kui-paigaldad-treppi\/","og_site_name":"STAIR24","article_publisher":"https:\/\/www.facebook.com\/AruGrupp","article_modified_time":"2025-11-18T07:21:38+00:00","og_image":[{"width":1200,"height":1800,"url":"https:\/\/www.stair24.com\/wp-content\/uploads\/2023\/09\/kuidas-paigaldada-treppi.jpg","type":"image\/jpeg"}],"twitter_card":"summary_large_image","twitter_misc":{"Est. reading time":"1 minut"},"schema":{"@context":"https:\/\/schema.org","@graph":[{"@type":"WebPage","@id":"https:\/\/www.stair24.com\/et\/kui-paigaldad-treppi\/","url":"https:\/\/www.stair24.com\/et\/kui-paigaldad-treppi\/","name":"Kvaliteetsed trepid | Treppide paigaldus | STAIR24","isPartOf":{"@id":"https:\/\/www.stair24.com\/et\/#website"},"primaryImageOfPage":{"@id":"https:\/\/www.stair24.com\/et\/kui-paigaldad-treppi\/#primaryimage"},"image":{"@id":"https:\/\/www.stair24.com\/et\/kui-paigaldad-treppi\/#primaryimage"},"thumbnailUrl":"https:\/\/www.stair24.com\/wp-content\/uploads\/2023\/09\/kuidas-paigaldada-treppi.jpg","datePublished":"2022-02-07T10:44:51+00:00","dateModified":"2025-11-18T07:21:38+00:00","description":"Suur valik kvaliteetsed treppe, mis valmivad just Sinu soovide ja m\u00f5\u00f5tude j\u00e4rgi. Soovikorral tuleme treppi m\u00f5\u00f5tma ja ka paigaldama.","breadcrumb":{"@id":"https:\/\/www.stair24.com\/et\/kui-paigaldad-treppi\/#breadcrumb"},"inLanguage":"et","potentialAction":[{"@type":"ReadAction","target":["https:\/\/www.stair24.com\/et\/kui-paigaldad-treppi\/"]}]},{"@type":"ImageObject","inLanguage":"et","@id":"https:\/\/www.stair24.com\/et\/kui-paigaldad-treppi\/#primaryimage","url":"https:\/\/www.stair24.com\/wp-content\/uploads\/2023\/09\/kuidas-paigaldada-treppi.jpg","contentUrl":"https:\/\/www.stair24.com\/wp-content\/uploads\/2023\/09\/kuidas-paigaldada-treppi.jpg","width":1200,"height":1800,"caption":"trepi-paigaldamine"},{"@type":"BreadcrumbList","@id":"https:\/\/www.stair24.com\/et\/kui-paigaldad-treppi\/#breadcrumb","itemListElement":[{"@type":"ListItem","position":1,"name":"Home","item":"https:\/\/www.stair24.com\/et\/"},{"@type":"ListItem","position":2,"name":"Kui paigaldad treppi"}]},{"@type":"WebSite","@id":"https:\/\/www.stair24.com\/et\/#website","url":"https:\/\/www.stair24.com\/et\/","name":"STAIR 24 | Kvaliteetsed trepid","description":"Valmistame treppe igas kujus ning suuruses. Trepid on meie kirg ning oleme \u00fcks suurimaid treppide tootja p\u00f5hjamaades. Proovige meie uut trepikalkulaatorit. Parima kvaliteediga trepid, kiire tarne ning soodne hind.","publisher":{"@id":"https:\/\/www.stair24.com\/et\/#organization"},"potentialAction":[{"@type":"SearchAction","target":{"@type":"EntryPoint","urlTemplate":"https:\/\/www.stair24.com\/et\/?s={search_term_string}"},"query-input":{"@type":"PropertyValueSpecification","valueRequired":true,"valueName":"search_term_string"}}],"inLanguage":"et"},{"@type":"Organization","@id":"https:\/\/www.stair24.com\/et\/#organization","name":"STAIR 24 | Kvaliteetsed trepid","url":"https:\/\/www.stair24.com\/et\/","logo":{"@type":"ImageObject","inLanguage":"et","@id":"https:\/\/www.stair24.com\/et\/#\/schema\/logo\/image\/","url":"https:\/\/www.stair24.com\/wp-content\/uploads\/2022\/12\/trep-stair24_logo-1.png","contentUrl":"https:\/\/www.stair24.com\/wp-content\/uploads\/2022\/12\/trep-stair24_logo-1.png","width":302,"height":85,"caption":"STAIR 24 | Kvaliteetsed trepid"},"image":{"@id":"https:\/\/www.stair24.com\/et\/#\/schema\/logo\/image\/"},"sameAs":["https:\/\/www.facebook.com\/AruGrupp","https:\/\/www.instagram.com\/stair.24\/","https:\/\/www.youtube.com\/@stair24com"]}]}},"_links":{"self":[{"href":"https:\/\/www.stair24.com\/et\/wp-json\/wp\/v2\/pages\/3223","targetHints":{"allow":["GET"]}}],"collection":[{"href":"https:\/\/www.stair24.com\/et\/wp-json\/wp\/v2\/pages"}],"about":[{"href":"https:\/\/www.stair24.com\/et\/wp-json\/wp\/v2\/types\/page"}],"author":[{"embeddable":true,"href":"https:\/\/www.stair24.com\/et\/wp-json\/wp\/v2\/users\/1"}],"replies":[{"embeddable":true,"href":"https:\/\/www.stair24.com\/et\/wp-json\/wp\/v2\/comments?post=3223"}],"version-history":[{"count":17,"href":"https:\/\/www.stair24.com\/et\/wp-json\/wp\/v2\/pages\/3223\/revisions"}],"predecessor-version":[{"id":22629,"href":"https:\/\/www.stair24.com\/et\/wp-json\/wp\/v2\/pages\/3223\/revisions\/22629"}],"wp:featuredmedia":[{"embeddable":true,"href":"https:\/\/www.stair24.com\/et\/wp-json\/wp\/v2\/media\/7528"}],"wp:attachment":[{"href":"https:\/\/www.stair24.com\/et\/wp-json\/wp\/v2\/media?parent=3223"}],"curies":[{"name":"wp","href":"https:\/\/api.w.org\/{rel}","templated":true}]}}