{"id":3228,"date":"2022-02-07T10:45:35","date_gmt":"2022-02-07T10:45:35","guid":{"rendered":"http:\/\/g5test.stair24.com\/if-you-measure-a-staircase\/"},"modified":"2025-11-18T09:21:32","modified_gmt":"2025-11-18T07:21:32","slug":"kui-moodad-treppi","status":"publish","type":"page","link":"https:\/\/www.stair24.com\/et\/kui-moodad-treppi\/","title":{"rendered":"Kui m\u00f5\u00f5dad treppi"},"content":{"rendered":"    <div id=\"checkmark-list-block-block_5b76af1ef47a70918d258819891b7844\" class=\"checkmark-list-block\">\n                    <div class=\"row\">\n                <div class=\"list_title col-12\">\n                    <h6>STAIR24 soovitab trepi m\u00f5\u00f5tmisel j\u00e4rgmist meelespead:<\/h6>\n                <\/div>\n            <\/div>\n                <div class=\"row\">\n            <div class=\"col-12\">\n                <ol class=\"checkbox_list\">\n                                                                        <li>Olen kaasanud trepi m\u00f5\u00f5tmisele professionaalse m\u00f5\u00f5tja.<\/li>\n                                                                                                <li>Trepiava seinad on valmis,  loodis ja nurgad 90.<\/li>\n                                                                                                <li>Trepiava alusp\u00f5rand olemas, loodis.<\/li>\n                                                                                                <li>Tean viimistletud p\u00f5randate planeeritud l\u00f5plikke k\u00f5rgusi.<\/li>\n                                                                                                <li>Tean, kus seintes asuvad konstruktsioonid, kuhu v\u00f5ib trepi kinnituskruvid paigaldada.<\/li>\n                                                                                                <li>Tean, kus trepik\u00e4igu osas asuvad kaablid, k\u00fctte- v\u00f5i veetorud.<\/li>\n                                                                                                <li>Trepiavale on vaba ligip\u00e4\u00e4s m\u00f5\u00f5tmiseks.<\/li>\n                                                                                                <li>Tagan trepi m\u00f5\u00f5tjale ohutu t\u00f6\u00f6tsooni.<\/li>\n                                                            <\/ol>\n            <\/div>\n        <\/div>\n    <\/div>\n\n\n\n<h2 class=\"wp-block-heading\">Trepi m\u00f5\u00f5tmise juhis<\/h2>\n\n\n\n<p>Selleks, et saaksime teile pakkuda v\u00f5imalikul t\u00e4pse trepi hinna vajame trepi m\u00f5\u00f5te. Edastame siin m\u00f5ned juhised, kuidas t\u00e4psema tulemuseni j\u00f5uda ja mida m\u00f5\u00f5ta.<\/p>\n\n\n\n<ul class=\"wp-block-list\">\n<li>Ruumi k\u00f5rgus m\u00f5\u00f5tke esimese korruse p\u00f5randast kuni teise korruse p\u00f5randani<\/li>\n\n\n\n<li>Trepi konstrueerimiseks on vaja teada nii ruumi k\u00f5rgust kui ka vahelae paksust<\/li>\n\n\n\n<li>Arvestage sellega, et trepi laius ei saa olla laiem trepi ava laiusest<\/li>\n\n\n\n<li>Trepi ava pikkuse ja ruumi k\u00f5rguse j\u00e4rgi arvutab trepikonstruktor trepi pikkuse nii, et j\u00e4\u00e4ks piisavalt l\u00e4bik\u00e4iguruumi<\/li>\n\n\n\n<li>L\u00e4bik\u00e4iguruum on m\u00f5\u00f5t astme pealt esimese korruse laeni (trepiastmeid \u00fchendava m\u00f5ttelise joone ja vahelae vaheline k\u00f5rgusm\u00f5\u00f5t)<\/li>\n\n\n\n<li>M\u00f5\u00f5dud edastage palun millimeetrites<\/li>\n<\/ul>\n\n\n\n<p>M\u00f5\u00f5dud koos trepi t\u00fc\u00fcbi infoga sisestage palun <a href=\"https:\/\/www.stair24.com\/et\/hinnaparing\/\">hinnap\u00e4ringu vormi<\/a>&nbsp;v\u00f5i saatke vabatekstina&nbsp;<a href=\"mailto:sales@stair24.com\">sales@stair24.com<\/a>.<\/p>\n\n\n\n<div style=\"height:70px\" aria-hidden=\"true\" class=\"wp-block-spacer\"><\/div>\n","protected":false},"excerpt":{"rendered":"Trepi m\u00f5\u00f5tmise juhis Selleks, et saaksime teile pakkuda v\u00f5imalikul t\u00e4pse trepi hinna vajame trepi m\u00f5\u00f5te. Edastame&#8230;","protected":false},"author":1,"featured_media":7539,"parent":0,"menu_order":0,"comment_status":"closed","ping_status":"closed","template":"page-templates\/staircase-instructions.php","meta":{"_acf_changed":false,"footnotes":""},"class_list":["post-3228","page","type-page","status-publish","has-post-thumbnail","hentry"],"acf":[],"yoast_head":"<!-- This site is optimized with the Yoast SEO plugin v27.2 - https:\/\/yoast.com\/product\/yoast-seo-wordpress\/ -->\n<title>Kuidas planeerida ja m\u00f5\u00f5ta treppi? | STAIR24<\/title>\n<meta name=\"description\" content=\"T\u00e4pse trepi hinna saamiseks vajad k\u00f5igepealt trepi m\u00f5\u00f5te. Vaata juhised, kuidas t\u00e4psema tulemuseni j\u00f5uda ja mida arvestada.\" \/>\n<meta name=\"robots\" content=\"index, follow, max-snippet:-1, max-image-preview:large, max-video-preview:-1\" \/>\n<link rel=\"canonical\" href=\"https:\/\/www.stair24.com\/et\/kui-moodad-treppi\/\" \/>\n<meta property=\"og:locale\" content=\"et_EE\" \/>\n<meta property=\"og:type\" content=\"article\" \/>\n<meta property=\"og:title\" content=\"Kuidas planeerida ja m\u00f5\u00f5ta treppi? | STAIR24\" \/>\n<meta property=\"og:description\" content=\"T\u00e4pse trepi hinna saamiseks vajad k\u00f5igepealt trepi m\u00f5\u00f5te. Vaata juhised, kuidas t\u00e4psema tulemuseni j\u00f5uda ja mida arvestada.\" \/>\n<meta property=\"og:url\" content=\"https:\/\/www.stair24.com\/et\/kui-moodad-treppi\/\" \/>\n<meta property=\"og:site_name\" content=\"STAIR24\" \/>\n<meta property=\"article:publisher\" content=\"https:\/\/www.facebook.com\/AruGrupp\" \/>\n<meta property=\"article:modified_time\" content=\"2025-11-18T07:21:32+00:00\" \/>\n<meta property=\"og:image\" content=\"https:\/\/www.stair24.com\/wp-content\/uploads\/2023\/09\/kuidas-moota-treppi-1.jpg\" \/>\n\t<meta property=\"og:image:width\" content=\"1920\" \/>\n\t<meta property=\"og:image:height\" content=\"2560\" \/>\n\t<meta property=\"og:image:type\" content=\"image\/jpeg\" \/>\n<meta name=\"twitter:card\" content=\"summary_large_image\" \/>\n<meta name=\"twitter:label1\" content=\"Est. reading time\" \/>\n\t<meta name=\"twitter:data1\" content=\"1 minut\" \/>\n<script type=\"application\/ld+json\" class=\"yoast-schema-graph\">{\"@context\":\"https:\/\/schema.org\",\"@graph\":[{\"@type\":\"WebPage\",\"@id\":\"https:\/\/www.stair24.com\/et\/kui-moodad-treppi\/\",\"url\":\"https:\/\/www.stair24.com\/et\/kui-moodad-treppi\/\",\"name\":\"Kuidas planeerida ja m\u00f5\u00f5ta treppi? | STAIR24\",\"isPartOf\":{\"@id\":\"https:\/\/www.stair24.com\/et\/#website\"},\"primaryImageOfPage\":{\"@id\":\"https:\/\/www.stair24.com\/et\/kui-moodad-treppi\/#primaryimage\"},\"image\":{\"@id\":\"https:\/\/www.stair24.com\/et\/kui-moodad-treppi\/#primaryimage\"},\"thumbnailUrl\":\"https:\/\/www.stair24.com\/wp-content\/uploads\/2023\/09\/kuidas-moota-treppi-1.jpg\",\"datePublished\":\"2022-02-07T10:45:35+00:00\",\"dateModified\":\"2025-11-18T07:21:32+00:00\",\"description\":\"T\u00e4pse trepi hinna saamiseks vajad k\u00f5igepealt trepi m\u00f5\u00f5te. Vaata juhised, kuidas t\u00e4psema tulemuseni j\u00f5uda ja mida arvestada.\",\"breadcrumb\":{\"@id\":\"https:\/\/www.stair24.com\/et\/kui-moodad-treppi\/#breadcrumb\"},\"inLanguage\":\"et\",\"potentialAction\":[{\"@type\":\"ReadAction\",\"target\":[\"https:\/\/www.stair24.com\/et\/kui-moodad-treppi\/\"]}]},{\"@type\":\"ImageObject\",\"inLanguage\":\"et\",\"@id\":\"https:\/\/www.stair24.com\/et\/kui-moodad-treppi\/#primaryimage\",\"url\":\"https:\/\/www.stair24.com\/wp-content\/uploads\/2023\/09\/kuidas-moota-treppi-1.jpg\",\"contentUrl\":\"https:\/\/www.stair24.com\/wp-content\/uploads\/2023\/09\/kuidas-moota-treppi-1.jpg\",\"width\":1920,\"height\":2560,\"caption\":\"kvaliteetse-trepi-valmistamine-trepi-paigaldus-portfoolio-w14\"},{\"@type\":\"BreadcrumbList\",\"@id\":\"https:\/\/www.stair24.com\/et\/kui-moodad-treppi\/#breadcrumb\",\"itemListElement\":[{\"@type\":\"ListItem\",\"position\":1,\"name\":\"Home\",\"item\":\"https:\/\/www.stair24.com\/et\/\"},{\"@type\":\"ListItem\",\"position\":2,\"name\":\"Kui m\u00f5\u00f5dad treppi\"}]},{\"@type\":\"WebSite\",\"@id\":\"https:\/\/www.stair24.com\/et\/#website\",\"url\":\"https:\/\/www.stair24.com\/et\/\",\"name\":\"STAIR 24 | Kvaliteetsed trepid\",\"description\":\"Valmistame treppe igas kujus ning suuruses. Trepid on meie kirg ning oleme \u00fcks suurimaid treppide tootja p\u00f5hjamaades. Proovige meie uut trepikalkulaatorit. Parima kvaliteediga trepid, kiire tarne ning soodne hind.\",\"publisher\":{\"@id\":\"https:\/\/www.stair24.com\/et\/#organization\"},\"potentialAction\":[{\"@type\":\"SearchAction\",\"target\":{\"@type\":\"EntryPoint\",\"urlTemplate\":\"https:\/\/www.stair24.com\/et\/?s={search_term_string}\"},\"query-input\":{\"@type\":\"PropertyValueSpecification\",\"valueRequired\":true,\"valueName\":\"search_term_string\"}}],\"inLanguage\":\"et\"},{\"@type\":\"Organization\",\"@id\":\"https:\/\/www.stair24.com\/et\/#organization\",\"name\":\"STAIR 24 | Kvaliteetsed trepid\",\"url\":\"https:\/\/www.stair24.com\/et\/\",\"logo\":{\"@type\":\"ImageObject\",\"inLanguage\":\"et\",\"@id\":\"https:\/\/www.stair24.com\/et\/#\/schema\/logo\/image\/\",\"url\":\"https:\/\/www.stair24.com\/wp-content\/uploads\/2022\/12\/trep-stair24_logo-1.png\",\"contentUrl\":\"https:\/\/www.stair24.com\/wp-content\/uploads\/2022\/12\/trep-stair24_logo-1.png\",\"width\":302,\"height\":85,\"caption\":\"STAIR 24 | Kvaliteetsed trepid\"},\"image\":{\"@id\":\"https:\/\/www.stair24.com\/et\/#\/schema\/logo\/image\/\"},\"sameAs\":[\"https:\/\/www.facebook.com\/AruGrupp\",\"https:\/\/www.instagram.com\/stair.24\/\",\"https:\/\/www.youtube.com\/@stair24com\"]}]}<\/script>\n<!-- \/ Yoast SEO plugin. -->","yoast_head_json":{"title":"Kuidas planeerida ja m\u00f5\u00f5ta treppi? | STAIR24","description":"T\u00e4pse trepi hinna saamiseks vajad k\u00f5igepealt trepi m\u00f5\u00f5te. Vaata juhised, kuidas t\u00e4psema tulemuseni j\u00f5uda ja mida arvestada.","robots":{"index":"index","follow":"follow","max-snippet":"max-snippet:-1","max-image-preview":"max-image-preview:large","max-video-preview":"max-video-preview:-1"},"canonical":"https:\/\/www.stair24.com\/et\/kui-moodad-treppi\/","og_locale":"et_EE","og_type":"article","og_title":"Kuidas planeerida ja m\u00f5\u00f5ta treppi? | STAIR24","og_description":"T\u00e4pse trepi hinna saamiseks vajad k\u00f5igepealt trepi m\u00f5\u00f5te. Vaata juhised, kuidas t\u00e4psema tulemuseni j\u00f5uda ja mida arvestada.","og_url":"https:\/\/www.stair24.com\/et\/kui-moodad-treppi\/","og_site_name":"STAIR24","article_publisher":"https:\/\/www.facebook.com\/AruGrupp","article_modified_time":"2025-11-18T07:21:32+00:00","og_image":[{"width":1920,"height":2560,"url":"https:\/\/www.stair24.com\/wp-content\/uploads\/2023\/09\/kuidas-moota-treppi-1.jpg","type":"image\/jpeg"}],"twitter_card":"summary_large_image","twitter_misc":{"Est. reading time":"1 minut"},"schema":{"@context":"https:\/\/schema.org","@graph":[{"@type":"WebPage","@id":"https:\/\/www.stair24.com\/et\/kui-moodad-treppi\/","url":"https:\/\/www.stair24.com\/et\/kui-moodad-treppi\/","name":"Kuidas planeerida ja m\u00f5\u00f5ta treppi? | STAIR24","isPartOf":{"@id":"https:\/\/www.stair24.com\/et\/#website"},"primaryImageOfPage":{"@id":"https:\/\/www.stair24.com\/et\/kui-moodad-treppi\/#primaryimage"},"image":{"@id":"https:\/\/www.stair24.com\/et\/kui-moodad-treppi\/#primaryimage"},"thumbnailUrl":"https:\/\/www.stair24.com\/wp-content\/uploads\/2023\/09\/kuidas-moota-treppi-1.jpg","datePublished":"2022-02-07T10:45:35+00:00","dateModified":"2025-11-18T07:21:32+00:00","description":"T\u00e4pse trepi hinna saamiseks vajad k\u00f5igepealt trepi m\u00f5\u00f5te. Vaata juhised, kuidas t\u00e4psema tulemuseni j\u00f5uda ja mida arvestada.","breadcrumb":{"@id":"https:\/\/www.stair24.com\/et\/kui-moodad-treppi\/#breadcrumb"},"inLanguage":"et","potentialAction":[{"@type":"ReadAction","target":["https:\/\/www.stair24.com\/et\/kui-moodad-treppi\/"]}]},{"@type":"ImageObject","inLanguage":"et","@id":"https:\/\/www.stair24.com\/et\/kui-moodad-treppi\/#primaryimage","url":"https:\/\/www.stair24.com\/wp-content\/uploads\/2023\/09\/kuidas-moota-treppi-1.jpg","contentUrl":"https:\/\/www.stair24.com\/wp-content\/uploads\/2023\/09\/kuidas-moota-treppi-1.jpg","width":1920,"height":2560,"caption":"kvaliteetse-trepi-valmistamine-trepi-paigaldus-portfoolio-w14"},{"@type":"BreadcrumbList","@id":"https:\/\/www.stair24.com\/et\/kui-moodad-treppi\/#breadcrumb","itemListElement":[{"@type":"ListItem","position":1,"name":"Home","item":"https:\/\/www.stair24.com\/et\/"},{"@type":"ListItem","position":2,"name":"Kui m\u00f5\u00f5dad treppi"}]},{"@type":"WebSite","@id":"https:\/\/www.stair24.com\/et\/#website","url":"https:\/\/www.stair24.com\/et\/","name":"STAIR 24 | Kvaliteetsed trepid","description":"Valmistame treppe igas kujus ning suuruses. Trepid on meie kirg ning oleme \u00fcks suurimaid treppide tootja p\u00f5hjamaades. Proovige meie uut trepikalkulaatorit. Parima kvaliteediga trepid, kiire tarne ning soodne hind.","publisher":{"@id":"https:\/\/www.stair24.com\/et\/#organization"},"potentialAction":[{"@type":"SearchAction","target":{"@type":"EntryPoint","urlTemplate":"https:\/\/www.stair24.com\/et\/?s={search_term_string}"},"query-input":{"@type":"PropertyValueSpecification","valueRequired":true,"valueName":"search_term_string"}}],"inLanguage":"et"},{"@type":"Organization","@id":"https:\/\/www.stair24.com\/et\/#organization","name":"STAIR 24 | Kvaliteetsed trepid","url":"https:\/\/www.stair24.com\/et\/","logo":{"@type":"ImageObject","inLanguage":"et","@id":"https:\/\/www.stair24.com\/et\/#\/schema\/logo\/image\/","url":"https:\/\/www.stair24.com\/wp-content\/uploads\/2022\/12\/trep-stair24_logo-1.png","contentUrl":"https:\/\/www.stair24.com\/wp-content\/uploads\/2022\/12\/trep-stair24_logo-1.png","width":302,"height":85,"caption":"STAIR 24 | Kvaliteetsed trepid"},"image":{"@id":"https:\/\/www.stair24.com\/et\/#\/schema\/logo\/image\/"},"sameAs":["https:\/\/www.facebook.com\/AruGrupp","https:\/\/www.instagram.com\/stair.24\/","https:\/\/www.youtube.com\/@stair24com"]}]}},"_links":{"self":[{"href":"https:\/\/www.stair24.com\/et\/wp-json\/wp\/v2\/pages\/3228","targetHints":{"allow":["GET"]}}],"collection":[{"href":"https:\/\/www.stair24.com\/et\/wp-json\/wp\/v2\/pages"}],"about":[{"href":"https:\/\/www.stair24.com\/et\/wp-json\/wp\/v2\/types\/page"}],"author":[{"embeddable":true,"href":"https:\/\/www.stair24.com\/et\/wp-json\/wp\/v2\/users\/1"}],"replies":[{"embeddable":true,"href":"https:\/\/www.stair24.com\/et\/wp-json\/wp\/v2\/comments?post=3228"}],"version-history":[{"count":19,"href":"https:\/\/www.stair24.com\/et\/wp-json\/wp\/v2\/pages\/3228\/revisions"}],"predecessor-version":[{"id":22628,"href":"https:\/\/www.stair24.com\/et\/wp-json\/wp\/v2\/pages\/3228\/revisions\/22628"}],"wp:featuredmedia":[{"embeddable":true,"href":"https:\/\/www.stair24.com\/et\/wp-json\/wp\/v2\/media\/7539"}],"wp:attachment":[{"href":"https:\/\/www.stair24.com\/et\/wp-json\/wp\/v2\/media?parent=3228"}],"curies":[{"name":"wp","href":"https:\/\/api.w.org\/{rel}","templated":true}]}}