{"id":3230,"date":"2022-02-07T10:46:22","date_gmt":"2022-02-07T10:46:22","guid":{"rendered":"http:\/\/g5test.stair24.com\/if-you-choose-a-staircase\/"},"modified":"2023-09-11T13:23:15","modified_gmt":"2023-09-11T11:23:15","slug":"kui-valid-treppi","status":"publish","type":"page","link":"https:\/\/www.stair24.com\/et\/kui-valid-treppi\/","title":{"rendered":"Kui valid treppi"},"content":{"rendered":"    <div id=\"checkmark-list-block-block_e8d518180535b4727968734f48477ed6\" class=\"checkmark-list-block\">\n                    <div class=\"row\">\n                <div class=\"list_title col-12\">\n                    <h6>STAIR24 soovitab m\u00f5elda ja leida vastused j\u00e4rgmistele k\u00fcsimustele trepi valimisel.<\/h6>\n                <\/div>\n            <\/div>\n                <div class=\"row\">\n            <div class=\"col-12\">\n                <ol class=\"checkbox_list\">\n                                                                        <li>Kuidas tagada trepi turvalisus?<\/li>\n                                                                                                <li>Kes on trepi kasutajad (pereliikmed, nende vanused, lemmikloomad)?<\/li>\n                                                                                                <li>Mis on trepi planeeritud eelarve?<\/li>\n                                                                                                <li>Milline on parim trepi asukoht ruumis, millised on liikumissuunad trepil?<\/li>\n                                                                                                <li>Kas trepik\u00e4igus on uksi\/aknaid?<\/li>\n                                                                                                <li>Milline kuju on trepil?<\/li>\n                                                                                                <li>Milline on parim trepi kulgemissuund?<\/li>\n                                                                                                <li>Milline on soovitud trepi disain?<\/li>\n                                                                                                <li>Kas Sul on koost\u00f6\u00f6partner trepi m\u00f5\u00f5tmises?<\/li>\n                                                                                                <li>Kas Sul on koost\u00f6\u00f6partner  trepi paigalduses?<\/li>\n                                                                                                <li>Milline on eeldatav ajaplaan trepi tellimisele ja trepi paigaldamisele?<\/li>\n                                                            <\/ol>\n            <\/div>\n        <\/div>\n    <\/div>\n","protected":false},"excerpt":{"rendered":"","protected":false},"author":1,"featured_media":7514,"parent":0,"menu_order":0,"comment_status":"closed","ping_status":"closed","template":"page-templates\/staircase-instructions.php","meta":{"_acf_changed":false,"footnotes":""},"class_list":["post-3230","page","type-page","status-publish","has-post-thumbnail","hentry"],"acf":[],"yoast_head":"<!-- This site is optimized with the Yoast SEO plugin v27.5 - https:\/\/yoast.com\/product\/yoast-seo-wordpress\/ -->\n<title>Vaata kuidas valida omale uut treppi | STAIR24<\/title>\n<meta name=\"description\" content=\"Millega uue trepi valmisiel arvetsada, et tellitud trepp saaks moodne ja kvaliteetne. Kuidas treppi m\u00f5\u00f5ta, mida vajad paigalduseks jne.\" \/>\n<meta name=\"robots\" content=\"index, follow, max-snippet:-1, max-image-preview:large, max-video-preview:-1\" \/>\n<link rel=\"canonical\" href=\"https:\/\/www.stair24.com\/et\/kui-valid-treppi\/\" \/>\n<meta property=\"og:locale\" content=\"et_EE\" \/>\n<meta property=\"og:type\" content=\"article\" \/>\n<meta property=\"og:title\" content=\"Vaata kuidas valida omale uut treppi | STAIR24\" \/>\n<meta property=\"og:description\" content=\"Millega uue trepi valmisiel arvetsada, et tellitud trepp saaks moodne ja kvaliteetne. Kuidas treppi m\u00f5\u00f5ta, mida vajad paigalduseks jne.\" \/>\n<meta property=\"og:url\" content=\"https:\/\/www.stair24.com\/et\/kui-valid-treppi\/\" \/>\n<meta property=\"og:site_name\" content=\"STAIR24\" \/>\n<meta property=\"article:publisher\" content=\"https:\/\/www.facebook.com\/AruGrupp\" \/>\n<meta property=\"article:modified_time\" content=\"2023-09-11T11:23:15+00:00\" \/>\n<meta property=\"og:image\" content=\"https:\/\/www.stair24.com\/wp-content\/uploads\/2023\/09\/2.-mida-peaks-jalgima-trepi-valimisel-1-1-scaled-1.jpg\" \/>\n\t<meta property=\"og:image:width\" content=\"1920\" \/>\n\t<meta property=\"og:image:height\" content=\"2560\" \/>\n\t<meta property=\"og:image:type\" content=\"image\/jpeg\" \/>\n<meta name=\"twitter:card\" content=\"summary_large_image\" \/>\n<script type=\"application\/ld+json\" class=\"yoast-schema-graph\">{\"@context\":\"https:\\\/\\\/schema.org\",\"@graph\":[{\"@type\":\"WebPage\",\"@id\":\"https:\\\/\\\/www.stair24.com\\\/et\\\/kui-valid-treppi\\\/\",\"url\":\"https:\\\/\\\/www.stair24.com\\\/et\\\/kui-valid-treppi\\\/\",\"name\":\"Vaata kuidas valida omale uut treppi | STAIR24\",\"isPartOf\":{\"@id\":\"https:\\\/\\\/www.stair24.com\\\/et\\\/#website\"},\"primaryImageOfPage\":{\"@id\":\"https:\\\/\\\/www.stair24.com\\\/et\\\/kui-valid-treppi\\\/#primaryimage\"},\"image\":{\"@id\":\"https:\\\/\\\/www.stair24.com\\\/et\\\/kui-valid-treppi\\\/#primaryimage\"},\"thumbnailUrl\":\"https:\\\/\\\/www.stair24.com\\\/wp-content\\\/uploads\\\/2023\\\/09\\\/mida-peaks-jalgima-trepi-valimisel-1.jpg\",\"datePublished\":\"2022-02-07T10:46:22+00:00\",\"dateModified\":\"2023-09-11T11:23:15+00:00\",\"description\":\"Millega uue trepi valmisiel arvetsada, et tellitud trepp saaks moodne ja kvaliteetne. Kuidas treppi m\u00f5\u00f5ta, mida vajad paigalduseks jne.\",\"breadcrumb\":{\"@id\":\"https:\\\/\\\/www.stair24.com\\\/et\\\/kui-valid-treppi\\\/#breadcrumb\"},\"inLanguage\":\"et\",\"potentialAction\":[{\"@type\":\"ReadAction\",\"target\":[\"https:\\\/\\\/www.stair24.com\\\/et\\\/kui-valid-treppi\\\/\"]}]},{\"@type\":\"ImageObject\",\"inLanguage\":\"et\",\"@id\":\"https:\\\/\\\/www.stair24.com\\\/et\\\/kui-valid-treppi\\\/#primaryimage\",\"url\":\"https:\\\/\\\/www.stair24.com\\\/wp-content\\\/uploads\\\/2023\\\/09\\\/mida-peaks-jalgima-trepi-valimisel-1.jpg\",\"contentUrl\":\"https:\\\/\\\/www.stair24.com\\\/wp-content\\\/uploads\\\/2023\\\/09\\\/mida-peaks-jalgima-trepi-valimisel-1.jpg\",\"width\":1280,\"height\":1706,\"caption\":\"trepi-valimine\"},{\"@type\":\"BreadcrumbList\",\"@id\":\"https:\\\/\\\/www.stair24.com\\\/et\\\/kui-valid-treppi\\\/#breadcrumb\",\"itemListElement\":[{\"@type\":\"ListItem\",\"position\":1,\"name\":\"Home\",\"item\":\"https:\\\/\\\/www.stair24.com\\\/et\\\/\"},{\"@type\":\"ListItem\",\"position\":2,\"name\":\"Kui valid treppi\"}]},{\"@type\":\"WebSite\",\"@id\":\"https:\\\/\\\/www.stair24.com\\\/et\\\/#website\",\"url\":\"https:\\\/\\\/www.stair24.com\\\/et\\\/\",\"name\":\"STAIR 24 | Kvaliteetsed trepid\",\"description\":\"Valmistame treppe igas kujus ning suuruses. Trepid on meie kirg ning oleme \u00fcks suurimaid treppide tootja p\u00f5hjamaades. Proovige meie uut trepikalkulaatorit. Parima kvaliteediga trepid, kiire tarne ning soodne hind.\",\"publisher\":{\"@id\":\"https:\\\/\\\/www.stair24.com\\\/et\\\/#organization\"},\"potentialAction\":[{\"@type\":\"SearchAction\",\"target\":{\"@type\":\"EntryPoint\",\"urlTemplate\":\"https:\\\/\\\/www.stair24.com\\\/et\\\/?s={search_term_string}\"},\"query-input\":{\"@type\":\"PropertyValueSpecification\",\"valueRequired\":true,\"valueName\":\"search_term_string\"}}],\"inLanguage\":\"et\"},{\"@type\":\"Organization\",\"@id\":\"https:\\\/\\\/www.stair24.com\\\/et\\\/#organization\",\"name\":\"STAIR 24 | Kvaliteetsed trepid\",\"url\":\"https:\\\/\\\/www.stair24.com\\\/et\\\/\",\"logo\":{\"@type\":\"ImageObject\",\"inLanguage\":\"et\",\"@id\":\"https:\\\/\\\/www.stair24.com\\\/et\\\/#\\\/schema\\\/logo\\\/image\\\/\",\"url\":\"https:\\\/\\\/www.stair24.com\\\/wp-content\\\/uploads\\\/2022\\\/12\\\/trep-stair24_logo-1.png\",\"contentUrl\":\"https:\\\/\\\/www.stair24.com\\\/wp-content\\\/uploads\\\/2022\\\/12\\\/trep-stair24_logo-1.png\",\"width\":302,\"height\":85,\"caption\":\"STAIR 24 | Kvaliteetsed trepid\"},\"image\":{\"@id\":\"https:\\\/\\\/www.stair24.com\\\/et\\\/#\\\/schema\\\/logo\\\/image\\\/\"},\"sameAs\":[\"https:\\\/\\\/www.facebook.com\\\/AruGrupp\",\"https:\\\/\\\/www.instagram.com\\\/stair.24\\\/\",\"https:\\\/\\\/www.youtube.com\\\/@stair24com\"]}]}<\/script>\n<!-- \/ Yoast SEO plugin. -->","yoast_head_json":{"title":"Vaata kuidas valida omale uut treppi | STAIR24","description":"Millega uue trepi valmisiel arvetsada, et tellitud trepp saaks moodne ja kvaliteetne. Kuidas treppi m\u00f5\u00f5ta, mida vajad paigalduseks jne.","robots":{"index":"index","follow":"follow","max-snippet":"max-snippet:-1","max-image-preview":"max-image-preview:large","max-video-preview":"max-video-preview:-1"},"canonical":"https:\/\/www.stair24.com\/et\/kui-valid-treppi\/","og_locale":"et_EE","og_type":"article","og_title":"Vaata kuidas valida omale uut treppi | STAIR24","og_description":"Millega uue trepi valmisiel arvetsada, et tellitud trepp saaks moodne ja kvaliteetne. Kuidas treppi m\u00f5\u00f5ta, mida vajad paigalduseks jne.","og_url":"https:\/\/www.stair24.com\/et\/kui-valid-treppi\/","og_site_name":"STAIR24","article_publisher":"https:\/\/www.facebook.com\/AruGrupp","article_modified_time":"2023-09-11T11:23:15+00:00","og_image":[{"width":1920,"height":2560,"url":"https:\/\/www.stair24.com\/wp-content\/uploads\/2023\/09\/2.-mida-peaks-jalgima-trepi-valimisel-1-1-scaled-1.jpg","type":"image\/jpeg"}],"twitter_card":"summary_large_image","schema":{"@context":"https:\/\/schema.org","@graph":[{"@type":"WebPage","@id":"https:\/\/www.stair24.com\/et\/kui-valid-treppi\/","url":"https:\/\/www.stair24.com\/et\/kui-valid-treppi\/","name":"Vaata kuidas valida omale uut treppi | STAIR24","isPartOf":{"@id":"https:\/\/www.stair24.com\/et\/#website"},"primaryImageOfPage":{"@id":"https:\/\/www.stair24.com\/et\/kui-valid-treppi\/#primaryimage"},"image":{"@id":"https:\/\/www.stair24.com\/et\/kui-valid-treppi\/#primaryimage"},"thumbnailUrl":"https:\/\/www.stair24.com\/wp-content\/uploads\/2023\/09\/mida-peaks-jalgima-trepi-valimisel-1.jpg","datePublished":"2022-02-07T10:46:22+00:00","dateModified":"2023-09-11T11:23:15+00:00","description":"Millega uue trepi valmisiel arvetsada, et tellitud trepp saaks moodne ja kvaliteetne. Kuidas treppi m\u00f5\u00f5ta, mida vajad paigalduseks jne.","breadcrumb":{"@id":"https:\/\/www.stair24.com\/et\/kui-valid-treppi\/#breadcrumb"},"inLanguage":"et","potentialAction":[{"@type":"ReadAction","target":["https:\/\/www.stair24.com\/et\/kui-valid-treppi\/"]}]},{"@type":"ImageObject","inLanguage":"et","@id":"https:\/\/www.stair24.com\/et\/kui-valid-treppi\/#primaryimage","url":"https:\/\/www.stair24.com\/wp-content\/uploads\/2023\/09\/mida-peaks-jalgima-trepi-valimisel-1.jpg","contentUrl":"https:\/\/www.stair24.com\/wp-content\/uploads\/2023\/09\/mida-peaks-jalgima-trepi-valimisel-1.jpg","width":1280,"height":1706,"caption":"trepi-valimine"},{"@type":"BreadcrumbList","@id":"https:\/\/www.stair24.com\/et\/kui-valid-treppi\/#breadcrumb","itemListElement":[{"@type":"ListItem","position":1,"name":"Home","item":"https:\/\/www.stair24.com\/et\/"},{"@type":"ListItem","position":2,"name":"Kui valid treppi"}]},{"@type":"WebSite","@id":"https:\/\/www.stair24.com\/et\/#website","url":"https:\/\/www.stair24.com\/et\/","name":"STAIR 24 | Kvaliteetsed trepid","description":"Valmistame treppe igas kujus ning suuruses. Trepid on meie kirg ning oleme \u00fcks suurimaid treppide tootja p\u00f5hjamaades. Proovige meie uut trepikalkulaatorit. Parima kvaliteediga trepid, kiire tarne ning soodne hind.","publisher":{"@id":"https:\/\/www.stair24.com\/et\/#organization"},"potentialAction":[{"@type":"SearchAction","target":{"@type":"EntryPoint","urlTemplate":"https:\/\/www.stair24.com\/et\/?s={search_term_string}"},"query-input":{"@type":"PropertyValueSpecification","valueRequired":true,"valueName":"search_term_string"}}],"inLanguage":"et"},{"@type":"Organization","@id":"https:\/\/www.stair24.com\/et\/#organization","name":"STAIR 24 | Kvaliteetsed trepid","url":"https:\/\/www.stair24.com\/et\/","logo":{"@type":"ImageObject","inLanguage":"et","@id":"https:\/\/www.stair24.com\/et\/#\/schema\/logo\/image\/","url":"https:\/\/www.stair24.com\/wp-content\/uploads\/2022\/12\/trep-stair24_logo-1.png","contentUrl":"https:\/\/www.stair24.com\/wp-content\/uploads\/2022\/12\/trep-stair24_logo-1.png","width":302,"height":85,"caption":"STAIR 24 | Kvaliteetsed trepid"},"image":{"@id":"https:\/\/www.stair24.com\/et\/#\/schema\/logo\/image\/"},"sameAs":["https:\/\/www.facebook.com\/AruGrupp","https:\/\/www.instagram.com\/stair.24\/","https:\/\/www.youtube.com\/@stair24com"]}]}},"_links":{"self":[{"href":"https:\/\/www.stair24.com\/et\/wp-json\/wp\/v2\/pages\/3230","targetHints":{"allow":["GET"]}}],"collection":[{"href":"https:\/\/www.stair24.com\/et\/wp-json\/wp\/v2\/pages"}],"about":[{"href":"https:\/\/www.stair24.com\/et\/wp-json\/wp\/v2\/types\/page"}],"author":[{"embeddable":true,"href":"https:\/\/www.stair24.com\/et\/wp-json\/wp\/v2\/users\/1"}],"replies":[{"embeddable":true,"href":"https:\/\/www.stair24.com\/et\/wp-json\/wp\/v2\/comments?post=3230"}],"version-history":[{"count":9,"href":"https:\/\/www.stair24.com\/et\/wp-json\/wp\/v2\/pages\/3230\/revisions"}],"predecessor-version":[{"id":7120,"href":"https:\/\/www.stair24.com\/et\/wp-json\/wp\/v2\/pages\/3230\/revisions\/7120"}],"wp:featuredmedia":[{"embeddable":true,"href":"https:\/\/www.stair24.com\/et\/wp-json\/wp\/v2\/media\/7514"}],"wp:attachment":[{"href":"https:\/\/www.stair24.com\/et\/wp-json\/wp\/v2\/media?parent=3230"}],"curies":[{"name":"wp","href":"https:\/\/api.w.org\/{rel}","templated":true}]}}