{"id":3233,"date":"2022-02-07T10:47:51","date_gmt":"2022-02-07T10:47:51","guid":{"rendered":"http:\/\/g5test.stair24.com\/tahad-saada-koostoopartneriks\/"},"modified":"2023-12-13T17:27:40","modified_gmt":"2023-12-13T15:27:40","slug":"koostoo","status":"publish","type":"page","link":"https:\/\/www.stair24.com\/et\/koostoo\/","title":{"rendered":"Koost\u00f6\u00f6"},"content":{"rendered":"\n<h2 class=\"wp-block-heading\">Tahad saada koost\u00f6\u00f6partneriks?<\/h2>\n\n\n\n<p>Stair24 on parim treppide m\u00fc\u00fcgiplatvorm. Otsime piirkondades professionaalseid partnereid, kes tagavad m\u00f5\u00f5tmise, treppide paigaldamise ja klienditeeninduse.<\/p>\n\n\n\n<p>Kui soovite meie meeskonnaga liituda, v\u00f5tke meiega \u00fchendust.<\/p>\n","protected":false},"excerpt":{"rendered":"Tahad saada koost\u00f6\u00f6partneriks? Stair24 on parim treppide m\u00fc\u00fcgiplatvorm. Otsime piirkondades professionaalseid partnereid, kes tagavad m\u00f5\u00f5tmise, treppide&#8230;","protected":false},"author":1,"featured_media":3682,"parent":0,"menu_order":0,"comment_status":"closed","ping_status":"closed","template":"page-templates\/want-to-be-a-partner.php","meta":{"_acf_changed":false,"footnotes":""},"class_list":["post-3233","page","type-page","status-publish","has-post-thumbnail","hentry"],"acf":[],"yoast_head":"<!-- This site is optimized with the Yoast SEO plugin v27.2 - https:\/\/yoast.com\/product\/yoast-seo-wordpress\/ -->\n<title>Otsid partenrit kes valmistaks treppe? | V\u00f5ta \u00fchendust | STAIR24<\/title>\n<meta name=\"description\" content=\"Oleme sinu ettev\u00f5ttele professionaalses partneriks, kes tagab m\u00f5\u00f5tmise, treppide paigaldamise ja klienditeeninduse. V\u00f5tke julgelt \u00fchendust.\" \/>\n<meta name=\"robots\" content=\"index, follow, max-snippet:-1, max-image-preview:large, max-video-preview:-1\" \/>\n<link rel=\"canonical\" href=\"https:\/\/www.stair24.com\/et\/koostoo\/\" \/>\n<meta property=\"og:locale\" content=\"et_EE\" \/>\n<meta property=\"og:type\" content=\"article\" \/>\n<meta property=\"og:title\" content=\"Otsid partenrit kes valmistaks treppe? | V\u00f5ta \u00fchendust | STAIR24\" \/>\n<meta property=\"og:description\" content=\"Oleme sinu ettev\u00f5ttele professionaalses partneriks, kes tagab m\u00f5\u00f5tmise, treppide paigaldamise ja klienditeeninduse. V\u00f5tke julgelt \u00fchendust.\" \/>\n<meta property=\"og:url\" content=\"https:\/\/www.stair24.com\/et\/koostoo\/\" \/>\n<meta property=\"og:site_name\" content=\"STAIR24\" \/>\n<meta property=\"article:publisher\" content=\"https:\/\/www.facebook.com\/AruGrupp\" \/>\n<meta property=\"article:modified_time\" content=\"2023-12-13T15:27:40+00:00\" \/>\n<meta property=\"og:image\" content=\"https:\/\/live.stair24.com\/wp-content\/uploads\/2022\/03\/about-us-gallery-8.png\" \/>\n\t<meta property=\"og:image:width\" content=\"244\" \/>\n\t<meta property=\"og:image:height\" content=\"241\" \/>\n\t<meta property=\"og:image:type\" content=\"image\/png\" \/>\n<meta name=\"twitter:card\" content=\"summary_large_image\" \/>\n<meta name=\"twitter:label1\" content=\"Est. reading time\" \/>\n\t<meta name=\"twitter:data1\" content=\"1 minut\" \/>\n<script type=\"application\/ld+json\" class=\"yoast-schema-graph\">{\"@context\":\"https:\/\/schema.org\",\"@graph\":[{\"@type\":\"WebPage\",\"@id\":\"https:\/\/www.stair24.com\/et\/koostoo\/\",\"url\":\"https:\/\/www.stair24.com\/et\/koostoo\/\",\"name\":\"Otsid partenrit kes valmistaks treppe? | V\u00f5ta \u00fchendust | STAIR24\",\"isPartOf\":{\"@id\":\"https:\/\/www.stair24.com\/et\/#website\"},\"primaryImageOfPage\":{\"@id\":\"https:\/\/www.stair24.com\/et\/koostoo\/#primaryimage\"},\"image\":{\"@id\":\"https:\/\/www.stair24.com\/et\/koostoo\/#primaryimage\"},\"thumbnailUrl\":\"https:\/\/www.stair24.com\/wp-content\/uploads\/2022\/03\/stair-24-about-us-gallery-8.png\",\"datePublished\":\"2022-02-07T10:47:51+00:00\",\"dateModified\":\"2023-12-13T15:27:40+00:00\",\"description\":\"Oleme sinu ettev\u00f5ttele professionaalses partneriks, kes tagab m\u00f5\u00f5tmise, treppide paigaldamise ja klienditeeninduse. V\u00f5tke julgelt \u00fchendust.\",\"breadcrumb\":{\"@id\":\"https:\/\/www.stair24.com\/et\/koostoo\/#breadcrumb\"},\"inLanguage\":\"et\",\"potentialAction\":[{\"@type\":\"ReadAction\",\"target\":[\"https:\/\/www.stair24.com\/et\/koostoo\/\"]}]},{\"@type\":\"ImageObject\",\"inLanguage\":\"et\",\"@id\":\"https:\/\/www.stair24.com\/et\/koostoo\/#primaryimage\",\"url\":\"https:\/\/www.stair24.com\/wp-content\/uploads\/2022\/03\/stair-24-about-us-gallery-8.png\",\"contentUrl\":\"https:\/\/www.stair24.com\/wp-content\/uploads\/2022\/03\/stair-24-about-us-gallery-8.png\",\"width\":244,\"height\":241,\"caption\":\"treppide valmistamine\"},{\"@type\":\"BreadcrumbList\",\"@id\":\"https:\/\/www.stair24.com\/et\/koostoo\/#breadcrumb\",\"itemListElement\":[{\"@type\":\"ListItem\",\"position\":1,\"name\":\"Home\",\"item\":\"https:\/\/www.stair24.com\/et\/\"},{\"@type\":\"ListItem\",\"position\":2,\"name\":\"Koost\u00f6\u00f6\"}]},{\"@type\":\"WebSite\",\"@id\":\"https:\/\/www.stair24.com\/et\/#website\",\"url\":\"https:\/\/www.stair24.com\/et\/\",\"name\":\"STAIR 24 | Kvaliteetsed trepid\",\"description\":\"Valmistame treppe igas kujus ning suuruses. Trepid on meie kirg ning oleme \u00fcks suurimaid treppide tootja p\u00f5hjamaades. Proovige meie uut trepikalkulaatorit. Parima kvaliteediga trepid, kiire tarne ning soodne hind.\",\"publisher\":{\"@id\":\"https:\/\/www.stair24.com\/et\/#organization\"},\"potentialAction\":[{\"@type\":\"SearchAction\",\"target\":{\"@type\":\"EntryPoint\",\"urlTemplate\":\"https:\/\/www.stair24.com\/et\/?s={search_term_string}\"},\"query-input\":{\"@type\":\"PropertyValueSpecification\",\"valueRequired\":true,\"valueName\":\"search_term_string\"}}],\"inLanguage\":\"et\"},{\"@type\":\"Organization\",\"@id\":\"https:\/\/www.stair24.com\/et\/#organization\",\"name\":\"STAIR 24 | Kvaliteetsed trepid\",\"url\":\"https:\/\/www.stair24.com\/et\/\",\"logo\":{\"@type\":\"ImageObject\",\"inLanguage\":\"et\",\"@id\":\"https:\/\/www.stair24.com\/et\/#\/schema\/logo\/image\/\",\"url\":\"https:\/\/www.stair24.com\/wp-content\/uploads\/2022\/12\/trep-stair24_logo-1.png\",\"contentUrl\":\"https:\/\/www.stair24.com\/wp-content\/uploads\/2022\/12\/trep-stair24_logo-1.png\",\"width\":302,\"height\":85,\"caption\":\"STAIR 24 | Kvaliteetsed trepid\"},\"image\":{\"@id\":\"https:\/\/www.stair24.com\/et\/#\/schema\/logo\/image\/\"},\"sameAs\":[\"https:\/\/www.facebook.com\/AruGrupp\",\"https:\/\/www.instagram.com\/stair.24\/\",\"https:\/\/www.youtube.com\/@stair24com\"]}]}<\/script>\n<!-- \/ Yoast SEO plugin. -->","yoast_head_json":{"title":"Otsid partenrit kes valmistaks treppe? | V\u00f5ta \u00fchendust | STAIR24","description":"Oleme sinu ettev\u00f5ttele professionaalses partneriks, kes tagab m\u00f5\u00f5tmise, treppide paigaldamise ja klienditeeninduse. V\u00f5tke julgelt \u00fchendust.","robots":{"index":"index","follow":"follow","max-snippet":"max-snippet:-1","max-image-preview":"max-image-preview:large","max-video-preview":"max-video-preview:-1"},"canonical":"https:\/\/www.stair24.com\/et\/koostoo\/","og_locale":"et_EE","og_type":"article","og_title":"Otsid partenrit kes valmistaks treppe? | V\u00f5ta \u00fchendust | STAIR24","og_description":"Oleme sinu ettev\u00f5ttele professionaalses partneriks, kes tagab m\u00f5\u00f5tmise, treppide paigaldamise ja klienditeeninduse. V\u00f5tke julgelt \u00fchendust.","og_url":"https:\/\/www.stair24.com\/et\/koostoo\/","og_site_name":"STAIR24","article_publisher":"https:\/\/www.facebook.com\/AruGrupp","article_modified_time":"2023-12-13T15:27:40+00:00","og_image":[{"width":244,"height":241,"url":"https:\/\/live.stair24.com\/wp-content\/uploads\/2022\/03\/about-us-gallery-8.png","type":"image\/png"}],"twitter_card":"summary_large_image","twitter_misc":{"Est. reading time":"1 minut"},"schema":{"@context":"https:\/\/schema.org","@graph":[{"@type":"WebPage","@id":"https:\/\/www.stair24.com\/et\/koostoo\/","url":"https:\/\/www.stair24.com\/et\/koostoo\/","name":"Otsid partenrit kes valmistaks treppe? | V\u00f5ta \u00fchendust | STAIR24","isPartOf":{"@id":"https:\/\/www.stair24.com\/et\/#website"},"primaryImageOfPage":{"@id":"https:\/\/www.stair24.com\/et\/koostoo\/#primaryimage"},"image":{"@id":"https:\/\/www.stair24.com\/et\/koostoo\/#primaryimage"},"thumbnailUrl":"https:\/\/www.stair24.com\/wp-content\/uploads\/2022\/03\/stair-24-about-us-gallery-8.png","datePublished":"2022-02-07T10:47:51+00:00","dateModified":"2023-12-13T15:27:40+00:00","description":"Oleme sinu ettev\u00f5ttele professionaalses partneriks, kes tagab m\u00f5\u00f5tmise, treppide paigaldamise ja klienditeeninduse. V\u00f5tke julgelt \u00fchendust.","breadcrumb":{"@id":"https:\/\/www.stair24.com\/et\/koostoo\/#breadcrumb"},"inLanguage":"et","potentialAction":[{"@type":"ReadAction","target":["https:\/\/www.stair24.com\/et\/koostoo\/"]}]},{"@type":"ImageObject","inLanguage":"et","@id":"https:\/\/www.stair24.com\/et\/koostoo\/#primaryimage","url":"https:\/\/www.stair24.com\/wp-content\/uploads\/2022\/03\/stair-24-about-us-gallery-8.png","contentUrl":"https:\/\/www.stair24.com\/wp-content\/uploads\/2022\/03\/stair-24-about-us-gallery-8.png","width":244,"height":241,"caption":"treppide valmistamine"},{"@type":"BreadcrumbList","@id":"https:\/\/www.stair24.com\/et\/koostoo\/#breadcrumb","itemListElement":[{"@type":"ListItem","position":1,"name":"Home","item":"https:\/\/www.stair24.com\/et\/"},{"@type":"ListItem","position":2,"name":"Koost\u00f6\u00f6"}]},{"@type":"WebSite","@id":"https:\/\/www.stair24.com\/et\/#website","url":"https:\/\/www.stair24.com\/et\/","name":"STAIR 24 | Kvaliteetsed trepid","description":"Valmistame treppe igas kujus ning suuruses. Trepid on meie kirg ning oleme \u00fcks suurimaid treppide tootja p\u00f5hjamaades. Proovige meie uut trepikalkulaatorit. Parima kvaliteediga trepid, kiire tarne ning soodne hind.","publisher":{"@id":"https:\/\/www.stair24.com\/et\/#organization"},"potentialAction":[{"@type":"SearchAction","target":{"@type":"EntryPoint","urlTemplate":"https:\/\/www.stair24.com\/et\/?s={search_term_string}"},"query-input":{"@type":"PropertyValueSpecification","valueRequired":true,"valueName":"search_term_string"}}],"inLanguage":"et"},{"@type":"Organization","@id":"https:\/\/www.stair24.com\/et\/#organization","name":"STAIR 24 | Kvaliteetsed trepid","url":"https:\/\/www.stair24.com\/et\/","logo":{"@type":"ImageObject","inLanguage":"et","@id":"https:\/\/www.stair24.com\/et\/#\/schema\/logo\/image\/","url":"https:\/\/www.stair24.com\/wp-content\/uploads\/2022\/12\/trep-stair24_logo-1.png","contentUrl":"https:\/\/www.stair24.com\/wp-content\/uploads\/2022\/12\/trep-stair24_logo-1.png","width":302,"height":85,"caption":"STAIR 24 | Kvaliteetsed trepid"},"image":{"@id":"https:\/\/www.stair24.com\/et\/#\/schema\/logo\/image\/"},"sameAs":["https:\/\/www.facebook.com\/AruGrupp","https:\/\/www.instagram.com\/stair.24\/","https:\/\/www.youtube.com\/@stair24com"]}]}},"_links":{"self":[{"href":"https:\/\/www.stair24.com\/et\/wp-json\/wp\/v2\/pages\/3233","targetHints":{"allow":["GET"]}}],"collection":[{"href":"https:\/\/www.stair24.com\/et\/wp-json\/wp\/v2\/pages"}],"about":[{"href":"https:\/\/www.stair24.com\/et\/wp-json\/wp\/v2\/types\/page"}],"author":[{"embeddable":true,"href":"https:\/\/www.stair24.com\/et\/wp-json\/wp\/v2\/users\/1"}],"replies":[{"embeddable":true,"href":"https:\/\/www.stair24.com\/et\/wp-json\/wp\/v2\/comments?post=3233"}],"version-history":[{"count":9,"href":"https:\/\/www.stair24.com\/et\/wp-json\/wp\/v2\/pages\/3233\/revisions"}],"predecessor-version":[{"id":8692,"href":"https:\/\/www.stair24.com\/et\/wp-json\/wp\/v2\/pages\/3233\/revisions\/8692"}],"wp:featuredmedia":[{"embeddable":true,"href":"https:\/\/www.stair24.com\/et\/wp-json\/wp\/v2\/media\/3682"}],"wp:attachment":[{"href":"https:\/\/www.stair24.com\/et\/wp-json\/wp\/v2\/media?parent=3233"}],"curies":[{"name":"wp","href":"https:\/\/api.w.org\/{rel}","templated":true}]}}