{"id":3745,"date":"2022-03-01T10:25:26","date_gmt":"2022-03-01T10:25:26","guid":{"rendered":"http:\/\/g5test.stair24.com\/ostuinfo\/"},"modified":"2023-09-28T13:46:51","modified_gmt":"2023-09-28T11:46:51","slug":"ostuinfo","status":"publish","type":"page","link":"https:\/\/www.stair24.com\/et\/ostuinfo\/","title":{"rendered":"Ostuinfo"},"content":{"rendered":"\n<ol class=\"wp-block-list\">\n<li>Vali riik.<\/li>\n\n\n\n<li>Tutvu sisuga, vaata infot ja videomaterjale.<\/li>\n\n\n\n<li>Vali trepi kuju.<\/li>\n\n\n\n<li>Vali trepi k\u00e4elisus.<\/li>\n\n\n\n<li>Tutvu 8 sammulise trepivaliku skeemiga.<\/li>\n\n\n\n<li>Kasuta filtreid omale sobiva trepit\u00fc\u00fcbi leidmiseks.<\/li>\n\n\n\n<li>Kasuta v\u00f5rdlemisv\u00f5imalust omale sobiva trepit\u00fc\u00fcbi leidmiseks.<\/li>\n\n\n\n<li>Vaata toodet l\u00e4hemalt: suurenda ja kasuta 3D.<\/li>\n\n\n\n<li>Anna oma trepile projekti nimi.<\/li>\n\n\n\n<li>Vali oma trepi astmete ja k\u00e4sipuude puiduliik, puidu grupp ning viimistlus.<\/li>\n\n\n\n<li>Vali oma trepi postide, piirete ja varvaslaudade sobiv puiduliik, puidu grupp ning viimistlus.<\/li>\n\n\n\n<li>Kui on lisainfot, sisesta julgesti, kui k\u00fcsimusi, k\u00fcsi meie infokeskuselt.<\/li>\n\n\n\n<li>Vali trepiava t\u00fc\u00fcp, mis on Su hoones.<\/li>\n\n\n\n<li>Sisesta oma trepiava m\u00f5\u00f5dud.<\/li>\n\n\n\n<li>Kui tellid m\u00f5\u00f5tmise Stair24 poolt, siis sinu sisestatud m\u00f5\u00f5dud on esialgse hinna kalkuleerimise aluseks. L\u00f5plikud t\u00e4psustatud m\u00f5\u00f5dud selguvad peale m\u00f5\u00f5tmist Stair24 esindaja poolt.<\/li>\n\n\n\n<li>Pakume trepiava m\u00f5\u00f5tudele vastavalt soovituslikke trepim\u00f5\u00f5te. Vajadusel korrigeeri julgesti.<\/li>\n\n\n\n<li>Kontrolli, kas strateegilised parameetrid on standardi piires (rohelised). Vajadusel j\u00e4rgi info nupu alt soovitusi ja korigeeri m\u00f5\u00f5te. Vahel tuleb objekti m\u00f5\u00f5tudest l\u00e4htuvalt aktsepteerida standardist erinevusi.<\/li>\n\n\n\n<li>Arvesta, et kuvatav skemaatiline joonis ja 3D trepi pilt ei ole m\u00f5\u00f5tkavas. Sinu m\u00f5\u00f5tude j\u00e4rgi luuakse m\u00f5\u00f5tkavas korrigeeritud joonis ja 3D pilt ja saadetakse STAIR24 poolt koos tellimuse kinnitusega Sinu e-mailile .<\/li>\n\n\n\n<li>Vali oma trepile lisad. Tellimuse kinnitusega saadetavatel joonistel ja 3D pildil kuvatakse Sinu valitud lisad.<\/li>\n\n\n\n<li>Alusta ostukorvi lisamist ja kontrolli veelkord, kas said omale parima trepi koos lisade ja teenuste paketiga (3D joonis ei ole veel m\u00f5\u00f5tkavas). Kui soovid midagi muuta liigu julgelt tagasi, Su andmed s\u00e4ilitatakse.<\/li>\n\n\n\n<li>Lisa toode ostukorvi.<\/li>\n\n\n\n<li>Kui on valitud tooteid rohkem kui 1, suurenda kogust.<\/li>\n\n\n\n<li>Kui soovid osta lisaks valitust erinevaid tooteid siis j\u00e4tka ostlemist.<\/li>\n\n\n\n<li>Vali mis teenused on vajalikud: tarne, m\u00f5\u00f5tmis- ja paigaldusteenus.<\/li>\n\n\n\n<li>Vali tarnen\u00e4dal, vaata \u00fcle m\u00fc\u00fcgitingimused.<\/li>\n\n\n\n<li>Ostu sooritamiseks on vaja omada kontot. Kui konto on varasemast olemas, siis logi sisse.<\/li>\n\n\n\n<li>Allahindlus kehtib valitud toodetele. Ei laiene teenustele (m\u00f5\u00f5tmine, transport, paigaldus).<\/li>\n\n\n\n<li>Kui teed esmakordse ostu, siis otsusta, kas ostad erakliendi v\u00f5i \u00e4rikliendina.<\/li>\n\n\n\n<li>Sisesta oma andmed.<\/li>\n\n\n\n<li>Kinnita andmed, millega Su konto on loodud ja oled automaatselt sisse logitud.<\/li>\n\n\n\n<li>Sisesta tarneaadress.<\/li>\n\n\n\n<li>Vali makseviis.<\/li>\n\n\n\n<li>Teosta ettemaks 50% (j\u00e4relmaksuga 0%).<\/li>\n\n\n\n<li>STAIR24 saadab kinnituse tellimuse s\u00fcsteemi v\u00f5tmise kohta ja lisaks tegevuste plaani.<\/li>\n\n\n\n<li>24 h jooksul (t\u00f6\u00f6n\u00e4dalal) saadab STAIR 24 tellimuse kinnituse.<\/li>\n\n\n\n<li>J\u00e4rgmise 24 h jooksul ootab STAIR24 Sinu kinnitatud tellimuse kinnitust tagasi, et p\u00fcsida lubatud tarnegraafikus.<\/li>\n\n\n\n<li>Tarnen\u00e4dala eelneva n\u00e4dala esmasp\u00e4eval saadab STAIR24 Sinu e-mailile info toodete valmimise ja tarne kohta.<\/li>\n\n\n\n<li>Teosta teise osamakse tasumine kokku 100% hiljemalt tarnen\u00e4dalale eelneval teisip\u00e4eval (j\u00e4relmaksu puhul vastavalt j\u00e4relmaksu graafikule).<\/li>\n\n\n\n<li>Paigaldusteenusega tellimuse korral saadab STAIR24 tarnen\u00e4dalale eelneval neljap\u00e4eval Sinu e-mailile paigaldusplaani.<\/li>\n\n\n\n<li>J\u00e4rgmise 24 h jooksul ootab STAIR24 Sinu kinnitatud paigaldusplaani tagasi, et p\u00fcsida lubatud tarnegraafikus.<\/li>\n\n\n\n<li>1 t\u00f6\u00f6p\u00e4ev enne kaupade k\u00e4ttesaamist informeerib STAIR24 Sind kaupade k\u00e4ttesaamisest.<\/li>\n\n\n\n<li>Kaupade k\u00e4ttesaamisel vaata hoolega \u00fcle, et tarnepakend oleks terve, kui m\u00e4rkad vigastusi, siis m\u00e4rgi see transpordi saatelehele ning tee olukorrast foto.<\/li>\n\n\n\n<li>Paigaldusteenusega tellimuse korral allkirjasta paigaldust\u00f6\u00f6de akt koheselt p\u00e4rast paigaldust\u00f6\u00f6de teostamist.<\/li>\n\n\n\n<li>Kui esineb k\u00fcsimusi v\u00f5i probleeme v\u00f5ta julgesti meie klienditeenindusega \u00fchendust.<\/li>\n<\/ol>\n","protected":false},"excerpt":{"rendered":"","protected":false},"author":1,"featured_media":0,"parent":0,"menu_order":0,"comment_status":"closed","ping_status":"closed","template":"","meta":{"_acf_changed":false,"footnotes":""},"class_list":["post-3745","page","type-page","status-publish","hentry"],"acf":[],"yoast_head":"<!-- This site is optimized with the Yoast SEO plugin v27.5 - https:\/\/yoast.com\/product\/yoast-seo-wordpress\/ -->\n<title>Kogenud treppide tootja aastast 1993 | STAIR24<\/title>\n<meta name=\"description\" content=\"Trepid kiirelt koos paigaldusega. Vaata kohe v\u00f5imalusi ja pane ise kokku oma unistuste trepp meie moodsas Stair24 keskkonnas.\" \/>\n<meta name=\"robots\" content=\"index, follow, max-snippet:-1, max-image-preview:large, max-video-preview:-1\" \/>\n<link rel=\"canonical\" href=\"https:\/\/www.stair24.com\/et\/ostuinfo\/\" \/>\n<meta property=\"og:locale\" content=\"et_EE\" \/>\n<meta property=\"og:type\" content=\"article\" \/>\n<meta property=\"og:title\" content=\"Kogenud treppide tootja aastast 1993 | STAIR24\" \/>\n<meta property=\"og:description\" content=\"Trepid kiirelt koos paigaldusega. Vaata kohe v\u00f5imalusi ja pane ise kokku oma unistuste trepp meie moodsas Stair24 keskkonnas.\" \/>\n<meta property=\"og:url\" content=\"https:\/\/www.stair24.com\/et\/ostuinfo\/\" \/>\n<meta property=\"og:site_name\" content=\"STAIR24\" \/>\n<meta property=\"article:publisher\" content=\"https:\/\/www.facebook.com\/AruGrupp\" \/>\n<meta property=\"article:modified_time\" content=\"2023-09-28T11:46:51+00:00\" \/>\n<meta property=\"og:image\" content=\"https:\/\/www.stair24.com\/wp-content\/uploads\/2022\/12\/trepid-stair24_logo-2.png\" \/>\n\t<meta property=\"og:image:width\" content=\"711\" \/>\n\t<meta property=\"og:image:height\" content=\"200\" \/>\n\t<meta property=\"og:image:type\" content=\"image\/png\" \/>\n<meta name=\"twitter:card\" content=\"summary_large_image\" \/>\n<meta name=\"twitter:label1\" content=\"Est. reading time\" \/>\n\t<meta name=\"twitter:data1\" content=\"3 minutit\" \/>\n<script type=\"application\/ld+json\" class=\"yoast-schema-graph\">{\"@context\":\"https:\\\/\\\/schema.org\",\"@graph\":[{\"@type\":\"WebPage\",\"@id\":\"https:\\\/\\\/www.stair24.com\\\/et\\\/ostuinfo\\\/\",\"url\":\"https:\\\/\\\/www.stair24.com\\\/et\\\/ostuinfo\\\/\",\"name\":\"Kogenud treppide tootja aastast 1993 | STAIR24\",\"isPartOf\":{\"@id\":\"https:\\\/\\\/www.stair24.com\\\/et\\\/#website\"},\"datePublished\":\"2022-03-01T10:25:26+00:00\",\"dateModified\":\"2023-09-28T11:46:51+00:00\",\"description\":\"Trepid kiirelt koos paigaldusega. Vaata kohe v\u00f5imalusi ja pane ise kokku oma unistuste trepp meie moodsas Stair24 keskkonnas.\",\"breadcrumb\":{\"@id\":\"https:\\\/\\\/www.stair24.com\\\/et\\\/ostuinfo\\\/#breadcrumb\"},\"inLanguage\":\"et\",\"potentialAction\":[{\"@type\":\"ReadAction\",\"target\":[\"https:\\\/\\\/www.stair24.com\\\/et\\\/ostuinfo\\\/\"]}]},{\"@type\":\"BreadcrumbList\",\"@id\":\"https:\\\/\\\/www.stair24.com\\\/et\\\/ostuinfo\\\/#breadcrumb\",\"itemListElement\":[{\"@type\":\"ListItem\",\"position\":1,\"name\":\"Home\",\"item\":\"https:\\\/\\\/www.stair24.com\\\/et\\\/\"},{\"@type\":\"ListItem\",\"position\":2,\"name\":\"Ostuinfo\"}]},{\"@type\":\"WebSite\",\"@id\":\"https:\\\/\\\/www.stair24.com\\\/et\\\/#website\",\"url\":\"https:\\\/\\\/www.stair24.com\\\/et\\\/\",\"name\":\"STAIR 24 | Kvaliteetsed trepid\",\"description\":\"Valmistame treppe igas kujus ning suuruses. Trepid on meie kirg ning oleme \u00fcks suurimaid treppide tootja p\u00f5hjamaades. Proovige meie uut trepikalkulaatorit. Parima kvaliteediga trepid, kiire tarne ning soodne hind.\",\"publisher\":{\"@id\":\"https:\\\/\\\/www.stair24.com\\\/et\\\/#organization\"},\"potentialAction\":[{\"@type\":\"SearchAction\",\"target\":{\"@type\":\"EntryPoint\",\"urlTemplate\":\"https:\\\/\\\/www.stair24.com\\\/et\\\/?s={search_term_string}\"},\"query-input\":{\"@type\":\"PropertyValueSpecification\",\"valueRequired\":true,\"valueName\":\"search_term_string\"}}],\"inLanguage\":\"et\"},{\"@type\":\"Organization\",\"@id\":\"https:\\\/\\\/www.stair24.com\\\/et\\\/#organization\",\"name\":\"STAIR 24 | Kvaliteetsed trepid\",\"url\":\"https:\\\/\\\/www.stair24.com\\\/et\\\/\",\"logo\":{\"@type\":\"ImageObject\",\"inLanguage\":\"et\",\"@id\":\"https:\\\/\\\/www.stair24.com\\\/et\\\/#\\\/schema\\\/logo\\\/image\\\/\",\"url\":\"https:\\\/\\\/www.stair24.com\\\/wp-content\\\/uploads\\\/2022\\\/12\\\/trep-stair24_logo-1.png\",\"contentUrl\":\"https:\\\/\\\/www.stair24.com\\\/wp-content\\\/uploads\\\/2022\\\/12\\\/trep-stair24_logo-1.png\",\"width\":302,\"height\":85,\"caption\":\"STAIR 24 | Kvaliteetsed trepid\"},\"image\":{\"@id\":\"https:\\\/\\\/www.stair24.com\\\/et\\\/#\\\/schema\\\/logo\\\/image\\\/\"},\"sameAs\":[\"https:\\\/\\\/www.facebook.com\\\/AruGrupp\",\"https:\\\/\\\/www.instagram.com\\\/stair.24\\\/\",\"https:\\\/\\\/www.youtube.com\\\/@stair24com\"]}]}<\/script>\n<!-- \/ Yoast SEO plugin. -->","yoast_head_json":{"title":"Kogenud treppide tootja aastast 1993 | STAIR24","description":"Trepid kiirelt koos paigaldusega. Vaata kohe v\u00f5imalusi ja pane ise kokku oma unistuste trepp meie moodsas Stair24 keskkonnas.","robots":{"index":"index","follow":"follow","max-snippet":"max-snippet:-1","max-image-preview":"max-image-preview:large","max-video-preview":"max-video-preview:-1"},"canonical":"https:\/\/www.stair24.com\/et\/ostuinfo\/","og_locale":"et_EE","og_type":"article","og_title":"Kogenud treppide tootja aastast 1993 | STAIR24","og_description":"Trepid kiirelt koos paigaldusega. Vaata kohe v\u00f5imalusi ja pane ise kokku oma unistuste trepp meie moodsas Stair24 keskkonnas.","og_url":"https:\/\/www.stair24.com\/et\/ostuinfo\/","og_site_name":"STAIR24","article_publisher":"https:\/\/www.facebook.com\/AruGrupp","article_modified_time":"2023-09-28T11:46:51+00:00","og_image":[{"width":711,"height":200,"url":"https:\/\/www.stair24.com\/wp-content\/uploads\/2022\/12\/trepid-stair24_logo-2.png","type":"image\/png"}],"twitter_card":"summary_large_image","twitter_misc":{"Est. reading time":"3 minutit"},"schema":{"@context":"https:\/\/schema.org","@graph":[{"@type":"WebPage","@id":"https:\/\/www.stair24.com\/et\/ostuinfo\/","url":"https:\/\/www.stair24.com\/et\/ostuinfo\/","name":"Kogenud treppide tootja aastast 1993 | STAIR24","isPartOf":{"@id":"https:\/\/www.stair24.com\/et\/#website"},"datePublished":"2022-03-01T10:25:26+00:00","dateModified":"2023-09-28T11:46:51+00:00","description":"Trepid kiirelt koos paigaldusega. Vaata kohe v\u00f5imalusi ja pane ise kokku oma unistuste trepp meie moodsas Stair24 keskkonnas.","breadcrumb":{"@id":"https:\/\/www.stair24.com\/et\/ostuinfo\/#breadcrumb"},"inLanguage":"et","potentialAction":[{"@type":"ReadAction","target":["https:\/\/www.stair24.com\/et\/ostuinfo\/"]}]},{"@type":"BreadcrumbList","@id":"https:\/\/www.stair24.com\/et\/ostuinfo\/#breadcrumb","itemListElement":[{"@type":"ListItem","position":1,"name":"Home","item":"https:\/\/www.stair24.com\/et\/"},{"@type":"ListItem","position":2,"name":"Ostuinfo"}]},{"@type":"WebSite","@id":"https:\/\/www.stair24.com\/et\/#website","url":"https:\/\/www.stair24.com\/et\/","name":"STAIR 24 | Kvaliteetsed trepid","description":"Valmistame treppe igas kujus ning suuruses. Trepid on meie kirg ning oleme \u00fcks suurimaid treppide tootja p\u00f5hjamaades. Proovige meie uut trepikalkulaatorit. Parima kvaliteediga trepid, kiire tarne ning soodne hind.","publisher":{"@id":"https:\/\/www.stair24.com\/et\/#organization"},"potentialAction":[{"@type":"SearchAction","target":{"@type":"EntryPoint","urlTemplate":"https:\/\/www.stair24.com\/et\/?s={search_term_string}"},"query-input":{"@type":"PropertyValueSpecification","valueRequired":true,"valueName":"search_term_string"}}],"inLanguage":"et"},{"@type":"Organization","@id":"https:\/\/www.stair24.com\/et\/#organization","name":"STAIR 24 | Kvaliteetsed trepid","url":"https:\/\/www.stair24.com\/et\/","logo":{"@type":"ImageObject","inLanguage":"et","@id":"https:\/\/www.stair24.com\/et\/#\/schema\/logo\/image\/","url":"https:\/\/www.stair24.com\/wp-content\/uploads\/2022\/12\/trep-stair24_logo-1.png","contentUrl":"https:\/\/www.stair24.com\/wp-content\/uploads\/2022\/12\/trep-stair24_logo-1.png","width":302,"height":85,"caption":"STAIR 24 | Kvaliteetsed trepid"},"image":{"@id":"https:\/\/www.stair24.com\/et\/#\/schema\/logo\/image\/"},"sameAs":["https:\/\/www.facebook.com\/AruGrupp","https:\/\/www.instagram.com\/stair.24\/","https:\/\/www.youtube.com\/@stair24com"]}]}},"_links":{"self":[{"href":"https:\/\/www.stair24.com\/et\/wp-json\/wp\/v2\/pages\/3745","targetHints":{"allow":["GET"]}}],"collection":[{"href":"https:\/\/www.stair24.com\/et\/wp-json\/wp\/v2\/pages"}],"about":[{"href":"https:\/\/www.stair24.com\/et\/wp-json\/wp\/v2\/types\/page"}],"author":[{"embeddable":true,"href":"https:\/\/www.stair24.com\/et\/wp-json\/wp\/v2\/users\/1"}],"replies":[{"embeddable":true,"href":"https:\/\/www.stair24.com\/et\/wp-json\/wp\/v2\/comments?post=3745"}],"version-history":[{"count":20,"href":"https:\/\/www.stair24.com\/et\/wp-json\/wp\/v2\/pages\/3745\/revisions"}],"predecessor-version":[{"id":8363,"href":"https:\/\/www.stair24.com\/et\/wp-json\/wp\/v2\/pages\/3745\/revisions\/8363"}],"wp:attachment":[{"href":"https:\/\/www.stair24.com\/et\/wp-json\/wp\/v2\/media?parent=3745"}],"curies":[{"name":"wp","href":"https:\/\/api.w.org\/{rel}","templated":true}]}}