{"id":3755,"date":"2022-03-01T10:41:43","date_gmt":"2022-03-01T10:41:43","guid":{"rendered":"http:\/\/g5test.stair24.com\/instalments\/"},"modified":"2023-03-30T15:56:17","modified_gmt":"2023-03-30T13:56:17","slug":"jarelmaks","status":"publish","type":"page","link":"https:\/\/www.stair24.com\/et\/jarelmaks\/","title":{"rendered":"J\u00e4relmaks"},"content":{"rendered":"\n<figure class=\"wp-block-image\"><img decoding=\"async\" src=\"https:\/\/www.stair24.ee\/Shared\/Content\/Images\/Logo\/estojarelmaks-logo.png\" alt=\"\"\/><\/figure>\n\n\n\n<p>Kasuta toodete v\u00f5i teenuste eest maksmisel just&nbsp;<strong>ESTO j\u00e4relmaksu<\/strong>&nbsp;\u2013 k\u00f5ige soodsam, mugavam ja kiirem j\u00e4relmaksulink Eestis!<\/p>\n\n\n\n<p>Lisa tooted ostukorvi, kinnita oma tellimus ning vali makseviisidest ESTO j\u00e4relmaksulink. Maksmisel valige sobiv periood, igakuise osamakse suurus ning digiallkirjastage mugavalt<strong>&nbsp;ID-kaardi, Smart-ID v\u00f5i Mobiili-ID<\/strong>&nbsp;abil.&nbsp;<\/p>\n\n\n\n<p>ESTO j\u00e4relmaksu puhul on tegemist \u00fclimalt kiire ning mugava makselahendusega, mis aitab koostada sulle sinu poolt valitud perioodi alusel maksegraafiku ehk maksta osamaksete kaupa. Antud makselahendus teeb krediidiotsuse reaalajas ning aitab ostu sooritada v\u00e4hem kui 60 sekundiga.<\/p>\n\n\n\n<p>T\u00c4HELEPANU! Iga j\u00e4relmaks on finantskohustus. Enne j\u00e4relmaksulepingu s\u00f5lmimist tutvuge vastava teenuse tingimustega ning vajadusel konsulteerige asjatundjaga.<\/p>\n\n\n\n<p>ESTO j\u00e4relmaksu pakkujaks on&nbsp;<strong>ESTO AS<\/strong>&nbsp;(reg. kood 14180709).<\/p>\n\n\n\n<p>ESTO j\u00e4relmaksu tavatingimused on j\u00e4rgmised:<\/p>\n\n\n\n<p>&nbsp; &nbsp; \u2022 Intress alates 0% kuni 14.90%<\/p>\n\n\n\n<p>&nbsp; &nbsp; \u2022 Lepingutasu alates 0 eurost<\/p>\n\n\n\n<p>&nbsp; &nbsp; \u2022 Periood kuni 4 aastat<\/p>\n\n\n\n<p>ESTO j\u00e4relmaksu saavad taotleda k\u00f5ik 18-70-aastased Eesti Vabariigi kodanikud. ESTO j\u00e4relmaksu on v\u00f5imalik vormistada kiirelt ja mugavalt ka juriidilisele isikule.<\/p>\n\n\n\n<p>Iga finantsotsusega kaasnevad riskid ja kohustused, mist\u00f5ttu palume laenutoodete tarbimise vajadus hoolikalt l\u00e4bi m\u00f5elda. N\u00e4iteks 1500-eurose laenusumma puhul 12 kuuks fikseeritud intressiga 14.90% aastas ja lepingutasuga 14.90 eurot on krediidi kulukuse m\u00e4\u00e4r 34.74%, kuumakse suurus 146.37 eurot ning tarbija poolt tagasimakstav kogusumma 1756.68 eurot. J\u00e4relmaks on finantskohustus ning enne otsuse tegemist tutvuge p\u00f5hjalikult lepingutingimustega ja vajadusel pidage n\u00f5u ESTO AS t\u00f6\u00f6tajaga v\u00f5i muu asjatundjaga.<\/p>\n","protected":false},"excerpt":{"rendered":"Kasuta toodete v\u00f5i teenuste eest maksmisel just&nbsp;ESTO j\u00e4relmaksu&nbsp;\u2013 k\u00f5ige soodsam, mugavam ja kiirem j\u00e4relmaksulink Eestis! Lisa&#8230;","protected":false},"author":1,"featured_media":0,"parent":0,"menu_order":0,"comment_status":"closed","ping_status":"closed","template":"","meta":{"_acf_changed":false,"footnotes":""},"class_list":["post-3755","page","type-page","status-publish","hentry"],"acf":[],"yoast_head":"<!-- This site is optimized with the Yoast SEO plugin v27.2 - https:\/\/yoast.com\/product\/yoast-seo-wordpress\/ -->\n<title>Telli kvaliteetne trepp ja paigaldus j\u00e4relmaksuga | Stair24<\/title>\n<meta name=\"description\" content=\"Meilt saad tellida kvaliteetse trepi j\u00e4relmaksuga. Vaata kohe v\u00f5imalusi ja pane ise kokku oma unistuste trepp meie moodsas tellimiskeskkonnas.\" \/>\n<meta name=\"robots\" content=\"index, follow, max-snippet:-1, max-image-preview:large, max-video-preview:-1\" \/>\n<link rel=\"canonical\" href=\"https:\/\/www.stair24.com\/et\/jarelmaks\/\" \/>\n<meta property=\"og:locale\" content=\"et_EE\" \/>\n<meta property=\"og:type\" content=\"article\" \/>\n<meta property=\"og:title\" content=\"Telli kvaliteetne trepp ja paigaldus j\u00e4relmaksuga | Stair24\" \/>\n<meta property=\"og:description\" content=\"Meilt saad tellida kvaliteetse trepi j\u00e4relmaksuga. Vaata kohe v\u00f5imalusi ja pane ise kokku oma unistuste trepp meie moodsas tellimiskeskkonnas.\" \/>\n<meta property=\"og:url\" content=\"https:\/\/www.stair24.com\/et\/jarelmaks\/\" \/>\n<meta property=\"og:site_name\" content=\"STAIR24\" \/>\n<meta property=\"article:publisher\" content=\"https:\/\/www.facebook.com\/AruGrupp\" \/>\n<meta property=\"article:modified_time\" content=\"2023-03-30T13:56:17+00:00\" \/>\n<meta property=\"og:image\" content=\"https:\/\/www.stair24.ee\/Shared\/Content\/Images\/Logo\/estojarelmaks-logo.png\" \/>\n<meta name=\"twitter:card\" content=\"summary_large_image\" \/>\n<meta name=\"twitter:label1\" content=\"Est. reading time\" \/>\n\t<meta name=\"twitter:data1\" content=\"2 minutit\" \/>\n<script type=\"application\/ld+json\" class=\"yoast-schema-graph\">{\"@context\":\"https:\/\/schema.org\",\"@graph\":[{\"@type\":\"WebPage\",\"@id\":\"https:\/\/www.stair24.com\/et\/jarelmaks\/\",\"url\":\"https:\/\/www.stair24.com\/et\/jarelmaks\/\",\"name\":\"Telli kvaliteetne trepp ja paigaldus j\u00e4relmaksuga | Stair24\",\"isPartOf\":{\"@id\":\"https:\/\/www.stair24.com\/et\/#website\"},\"primaryImageOfPage\":{\"@id\":\"https:\/\/www.stair24.com\/et\/jarelmaks\/#primaryimage\"},\"image\":{\"@id\":\"https:\/\/www.stair24.com\/et\/jarelmaks\/#primaryimage\"},\"thumbnailUrl\":\"https:\/\/www.stair24.ee\/Shared\/Content\/Images\/Logo\/estojarelmaks-logo.png\",\"datePublished\":\"2022-03-01T10:41:43+00:00\",\"dateModified\":\"2023-03-30T13:56:17+00:00\",\"description\":\"Meilt saad tellida kvaliteetse trepi j\u00e4relmaksuga. Vaata kohe v\u00f5imalusi ja pane ise kokku oma unistuste trepp meie moodsas tellimiskeskkonnas.\",\"breadcrumb\":{\"@id\":\"https:\/\/www.stair24.com\/et\/jarelmaks\/#breadcrumb\"},\"inLanguage\":\"et\",\"potentialAction\":[{\"@type\":\"ReadAction\",\"target\":[\"https:\/\/www.stair24.com\/et\/jarelmaks\/\"]}]},{\"@type\":\"ImageObject\",\"inLanguage\":\"et\",\"@id\":\"https:\/\/www.stair24.com\/et\/jarelmaks\/#primaryimage\",\"url\":\"https:\/\/www.stair24.ee\/Shared\/Content\/Images\/Logo\/estojarelmaks-logo.png\",\"contentUrl\":\"https:\/\/www.stair24.ee\/Shared\/Content\/Images\/Logo\/estojarelmaks-logo.png\"},{\"@type\":\"BreadcrumbList\",\"@id\":\"https:\/\/www.stair24.com\/et\/jarelmaks\/#breadcrumb\",\"itemListElement\":[{\"@type\":\"ListItem\",\"position\":1,\"name\":\"Home\",\"item\":\"https:\/\/www.stair24.com\/et\/\"},{\"@type\":\"ListItem\",\"position\":2,\"name\":\"J\u00e4relmaks\"}]},{\"@type\":\"WebSite\",\"@id\":\"https:\/\/www.stair24.com\/et\/#website\",\"url\":\"https:\/\/www.stair24.com\/et\/\",\"name\":\"STAIR 24 | Kvaliteetsed trepid\",\"description\":\"Valmistame treppe igas kujus ning suuruses. Trepid on meie kirg ning oleme \u00fcks suurimaid treppide tootja p\u00f5hjamaades. Proovige meie uut trepikalkulaatorit. Parima kvaliteediga trepid, kiire tarne ning soodne hind.\",\"publisher\":{\"@id\":\"https:\/\/www.stair24.com\/et\/#organization\"},\"potentialAction\":[{\"@type\":\"SearchAction\",\"target\":{\"@type\":\"EntryPoint\",\"urlTemplate\":\"https:\/\/www.stair24.com\/et\/?s={search_term_string}\"},\"query-input\":{\"@type\":\"PropertyValueSpecification\",\"valueRequired\":true,\"valueName\":\"search_term_string\"}}],\"inLanguage\":\"et\"},{\"@type\":\"Organization\",\"@id\":\"https:\/\/www.stair24.com\/et\/#organization\",\"name\":\"STAIR 24 | Kvaliteetsed trepid\",\"url\":\"https:\/\/www.stair24.com\/et\/\",\"logo\":{\"@type\":\"ImageObject\",\"inLanguage\":\"et\",\"@id\":\"https:\/\/www.stair24.com\/et\/#\/schema\/logo\/image\/\",\"url\":\"https:\/\/www.stair24.com\/wp-content\/uploads\/2022\/12\/trep-stair24_logo-1.png\",\"contentUrl\":\"https:\/\/www.stair24.com\/wp-content\/uploads\/2022\/12\/trep-stair24_logo-1.png\",\"width\":302,\"height\":85,\"caption\":\"STAIR 24 | Kvaliteetsed trepid\"},\"image\":{\"@id\":\"https:\/\/www.stair24.com\/et\/#\/schema\/logo\/image\/\"},\"sameAs\":[\"https:\/\/www.facebook.com\/AruGrupp\",\"https:\/\/www.instagram.com\/stair.24\/\",\"https:\/\/www.youtube.com\/@stair24com\"]}]}<\/script>\n<!-- \/ Yoast SEO plugin. -->","yoast_head_json":{"title":"Telli kvaliteetne trepp ja paigaldus j\u00e4relmaksuga | Stair24","description":"Meilt saad tellida kvaliteetse trepi j\u00e4relmaksuga. Vaata kohe v\u00f5imalusi ja pane ise kokku oma unistuste trepp meie moodsas tellimiskeskkonnas.","robots":{"index":"index","follow":"follow","max-snippet":"max-snippet:-1","max-image-preview":"max-image-preview:large","max-video-preview":"max-video-preview:-1"},"canonical":"https:\/\/www.stair24.com\/et\/jarelmaks\/","og_locale":"et_EE","og_type":"article","og_title":"Telli kvaliteetne trepp ja paigaldus j\u00e4relmaksuga | Stair24","og_description":"Meilt saad tellida kvaliteetse trepi j\u00e4relmaksuga. Vaata kohe v\u00f5imalusi ja pane ise kokku oma unistuste trepp meie moodsas tellimiskeskkonnas.","og_url":"https:\/\/www.stair24.com\/et\/jarelmaks\/","og_site_name":"STAIR24","article_publisher":"https:\/\/www.facebook.com\/AruGrupp","article_modified_time":"2023-03-30T13:56:17+00:00","og_image":[{"url":"https:\/\/www.stair24.ee\/Shared\/Content\/Images\/Logo\/estojarelmaks-logo.png","type":"","width":"","height":""}],"twitter_card":"summary_large_image","twitter_misc":{"Est. reading time":"2 minutit"},"schema":{"@context":"https:\/\/schema.org","@graph":[{"@type":"WebPage","@id":"https:\/\/www.stair24.com\/et\/jarelmaks\/","url":"https:\/\/www.stair24.com\/et\/jarelmaks\/","name":"Telli kvaliteetne trepp ja paigaldus j\u00e4relmaksuga | Stair24","isPartOf":{"@id":"https:\/\/www.stair24.com\/et\/#website"},"primaryImageOfPage":{"@id":"https:\/\/www.stair24.com\/et\/jarelmaks\/#primaryimage"},"image":{"@id":"https:\/\/www.stair24.com\/et\/jarelmaks\/#primaryimage"},"thumbnailUrl":"https:\/\/www.stair24.ee\/Shared\/Content\/Images\/Logo\/estojarelmaks-logo.png","datePublished":"2022-03-01T10:41:43+00:00","dateModified":"2023-03-30T13:56:17+00:00","description":"Meilt saad tellida kvaliteetse trepi j\u00e4relmaksuga. Vaata kohe v\u00f5imalusi ja pane ise kokku oma unistuste trepp meie moodsas tellimiskeskkonnas.","breadcrumb":{"@id":"https:\/\/www.stair24.com\/et\/jarelmaks\/#breadcrumb"},"inLanguage":"et","potentialAction":[{"@type":"ReadAction","target":["https:\/\/www.stair24.com\/et\/jarelmaks\/"]}]},{"@type":"ImageObject","inLanguage":"et","@id":"https:\/\/www.stair24.com\/et\/jarelmaks\/#primaryimage","url":"https:\/\/www.stair24.ee\/Shared\/Content\/Images\/Logo\/estojarelmaks-logo.png","contentUrl":"https:\/\/www.stair24.ee\/Shared\/Content\/Images\/Logo\/estojarelmaks-logo.png"},{"@type":"BreadcrumbList","@id":"https:\/\/www.stair24.com\/et\/jarelmaks\/#breadcrumb","itemListElement":[{"@type":"ListItem","position":1,"name":"Home","item":"https:\/\/www.stair24.com\/et\/"},{"@type":"ListItem","position":2,"name":"J\u00e4relmaks"}]},{"@type":"WebSite","@id":"https:\/\/www.stair24.com\/et\/#website","url":"https:\/\/www.stair24.com\/et\/","name":"STAIR 24 | Kvaliteetsed trepid","description":"Valmistame treppe igas kujus ning suuruses. Trepid on meie kirg ning oleme \u00fcks suurimaid treppide tootja p\u00f5hjamaades. Proovige meie uut trepikalkulaatorit. Parima kvaliteediga trepid, kiire tarne ning soodne hind.","publisher":{"@id":"https:\/\/www.stair24.com\/et\/#organization"},"potentialAction":[{"@type":"SearchAction","target":{"@type":"EntryPoint","urlTemplate":"https:\/\/www.stair24.com\/et\/?s={search_term_string}"},"query-input":{"@type":"PropertyValueSpecification","valueRequired":true,"valueName":"search_term_string"}}],"inLanguage":"et"},{"@type":"Organization","@id":"https:\/\/www.stair24.com\/et\/#organization","name":"STAIR 24 | Kvaliteetsed trepid","url":"https:\/\/www.stair24.com\/et\/","logo":{"@type":"ImageObject","inLanguage":"et","@id":"https:\/\/www.stair24.com\/et\/#\/schema\/logo\/image\/","url":"https:\/\/www.stair24.com\/wp-content\/uploads\/2022\/12\/trep-stair24_logo-1.png","contentUrl":"https:\/\/www.stair24.com\/wp-content\/uploads\/2022\/12\/trep-stair24_logo-1.png","width":302,"height":85,"caption":"STAIR 24 | Kvaliteetsed trepid"},"image":{"@id":"https:\/\/www.stair24.com\/et\/#\/schema\/logo\/image\/"},"sameAs":["https:\/\/www.facebook.com\/AruGrupp","https:\/\/www.instagram.com\/stair.24\/","https:\/\/www.youtube.com\/@stair24com"]}]}},"_links":{"self":[{"href":"https:\/\/www.stair24.com\/et\/wp-json\/wp\/v2\/pages\/3755","targetHints":{"allow":["GET"]}}],"collection":[{"href":"https:\/\/www.stair24.com\/et\/wp-json\/wp\/v2\/pages"}],"about":[{"href":"https:\/\/www.stair24.com\/et\/wp-json\/wp\/v2\/types\/page"}],"author":[{"embeddable":true,"href":"https:\/\/www.stair24.com\/et\/wp-json\/wp\/v2\/users\/1"}],"replies":[{"embeddable":true,"href":"https:\/\/www.stair24.com\/et\/wp-json\/wp\/v2\/comments?post=3755"}],"version-history":[{"count":3,"href":"https:\/\/www.stair24.com\/et\/wp-json\/wp\/v2\/pages\/3755\/revisions"}],"predecessor-version":[{"id":3758,"href":"https:\/\/www.stair24.com\/et\/wp-json\/wp\/v2\/pages\/3755\/revisions\/3758"}],"wp:attachment":[{"href":"https:\/\/www.stair24.com\/et\/wp-json\/wp\/v2\/media?parent=3755"}],"curies":[{"name":"wp","href":"https:\/\/api.w.org\/{rel}","templated":true}]}}