{"id":3888,"date":"2022-11-07T13:42:47","date_gmt":"2022-11-07T13:42:47","guid":{"rendered":"https:\/\/g5test.stair24.com\/?page_id=3888"},"modified":"2023-03-30T15:59:34","modified_gmt":"2023-03-30T13:59:34","slug":"eas","status":"publish","type":"page","link":"https:\/\/www.stair24.com\/et\/eas\/","title":{"rendered":"EAS"},"content":{"rendered":"\n<h2 class=\"wp-block-heading\">EAS TOETAB<\/h2>\n\n\n\n<h3 class=\"wp-block-heading\">Projekt EU 51887 Aru Grupp AS Arenguprogrammi projekti plaan<br>Ajavahemik 01.11.2017 \u2013 30.04.2022<\/h3>\n\n\n\n<figure class=\"wp-block-table\"><table><tbody><tr><td>\u2022 Projekti l\u00fchikirjeldus<br>K\u00e4esolev projekt on eesm\u00e4rgiga viia ettev\u00f5te kvalitatiivselt j\u00e4rgmisele tasemele l\u00e4bi toote- ja tarkvaralahenduste, tehnoloogia, m\u00fc\u00fcgiprotsesside ning juhtimismeetodite arenduse. Tegevused viiakse l\u00e4bi vahemikus november 2017 kuni aprill 2022.<br><br>\u2022 Projekti eesm\u00e4rk<br>Projekti eesm\u00e4rk on ellu viia Arenguplaani esimese osa tegevused, mis kindlustavad kogu 3 aastase ts\u00fckliga Arenguplaani \u00f5nnestumise vastavalt eesm\u00e4rgiks seatud numbrilistele tulemustele m\u00f5\u00f5detuna 2022.a.<br><br>Aru Grupp AS arenguplaani eesm\u00e4rk on ettev\u00f5tte pikaajalise j\u00e4tkusuutlikkuse kindlustamine:<br>&#8211; ettev\u00f5tte turuosa kasv (k\u00e4ive)<br>&#8211; ettev\u00f5tte sissetulekute suurenemine (puhaskasum)<br>&#8211; ettev\u00f5tte t\u00f6\u00f6tajate sissetulekute suurenemine (palk)<br><br>\u2022 Fondi nimetus: Euroopa Regionaalarengu Fond<br>\u2022 Toetuse summa: 484 951.49\u20ac<\/td><td><img decoding=\"async\" alt=\"\" src=\"https:\/\/media.voog.com\/0000\/0014\/7260\/photos\/EL_Regionaalarengu_Fond_vertikaalne_large.jpg\"><\/td><\/tr><\/tbody><\/table><\/figure>\n","protected":false},"excerpt":{"rendered":"EAS TOETAB Projekt EU 51887 Aru Grupp AS Arenguprogrammi projekti plaanAjavahemik 01.11.2017 \u2013 30.04.2022 \u2022 Projekti&#8230;","protected":false},"author":1,"featured_media":0,"parent":0,"menu_order":0,"comment_status":"closed","ping_status":"closed","template":"","meta":{"_acf_changed":false,"footnotes":""},"class_list":["post-3888","page","type-page","status-publish","hentry"],"acf":[],"yoast_head":"<!-- This site is optimized with the Yoast SEO plugin v27.2 - https:\/\/yoast.com\/product\/yoast-seo-wordpress\/ -->\n<title>Lihtne keskkond oma unistuste trepi loomiseks | EAS | STAIR24<\/title>\n<meta name=\"description\" content=\"STAIR24 on EAS-i poolt tunnustatud ja toetatud treppide tellimise keskkond. Vaata kohe v\u00f5imalusi ja pane ise kokku oma unistuste trepp.\" \/>\n<meta name=\"robots\" content=\"index, follow, max-snippet:-1, max-image-preview:large, max-video-preview:-1\" \/>\n<link rel=\"canonical\" href=\"https:\/\/www.stair24.com\/et\/eas\/\" \/>\n<meta property=\"og:locale\" content=\"et_EE\" \/>\n<meta property=\"og:type\" content=\"article\" \/>\n<meta property=\"og:title\" content=\"Lihtne keskkond oma unistuste trepi loomiseks | EAS | STAIR24\" \/>\n<meta property=\"og:description\" content=\"STAIR24 on EAS-i poolt tunnustatud ja toetatud treppide tellimise keskkond. Vaata kohe v\u00f5imalusi ja pane ise kokku oma unistuste trepp.\" \/>\n<meta property=\"og:url\" content=\"https:\/\/www.stair24.com\/et\/eas\/\" \/>\n<meta property=\"og:site_name\" content=\"STAIR24\" \/>\n<meta property=\"article:publisher\" content=\"https:\/\/www.facebook.com\/AruGrupp\" \/>\n<meta property=\"article:modified_time\" content=\"2023-03-30T13:59:34+00:00\" \/>\n<meta property=\"og:image\" content=\"https:\/\/media.voog.com\/0000\/0014\/7260\/photos\/EL_Regionaalarengu_Fond_vertikaalne_large.jpg\" \/>\n<meta name=\"twitter:card\" content=\"summary_large_image\" \/>\n<meta name=\"twitter:label1\" content=\"Est. reading time\" \/>\n\t<meta name=\"twitter:data1\" content=\"1 minut\" \/>\n<script type=\"application\/ld+json\" class=\"yoast-schema-graph\">{\"@context\":\"https:\/\/schema.org\",\"@graph\":[{\"@type\":\"WebPage\",\"@id\":\"https:\/\/www.stair24.com\/et\/eas\/\",\"url\":\"https:\/\/www.stair24.com\/et\/eas\/\",\"name\":\"Lihtne keskkond oma unistuste trepi loomiseks | EAS | STAIR24\",\"isPartOf\":{\"@id\":\"https:\/\/www.stair24.com\/et\/#website\"},\"primaryImageOfPage\":{\"@id\":\"https:\/\/www.stair24.com\/et\/eas\/#primaryimage\"},\"image\":{\"@id\":\"https:\/\/www.stair24.com\/et\/eas\/#primaryimage\"},\"thumbnailUrl\":\"https:\/\/media.voog.com\/0000\/0014\/7260\/photos\/EL_Regionaalarengu_Fond_vertikaalne_large.jpg\",\"datePublished\":\"2022-11-07T13:42:47+00:00\",\"dateModified\":\"2023-03-30T13:59:34+00:00\",\"description\":\"STAIR24 on EAS-i poolt tunnustatud ja toetatud treppide tellimise keskkond. Vaata kohe v\u00f5imalusi ja pane ise kokku oma unistuste trepp.\",\"breadcrumb\":{\"@id\":\"https:\/\/www.stair24.com\/et\/eas\/#breadcrumb\"},\"inLanguage\":\"et\",\"potentialAction\":[{\"@type\":\"ReadAction\",\"target\":[\"https:\/\/www.stair24.com\/et\/eas\/\"]}]},{\"@type\":\"ImageObject\",\"inLanguage\":\"et\",\"@id\":\"https:\/\/www.stair24.com\/et\/eas\/#primaryimage\",\"url\":\"https:\/\/media.voog.com\/0000\/0014\/7260\/photos\/EL_Regionaalarengu_Fond_vertikaalne_large.jpg\",\"contentUrl\":\"https:\/\/media.voog.com\/0000\/0014\/7260\/photos\/EL_Regionaalarengu_Fond_vertikaalne_large.jpg\"},{\"@type\":\"BreadcrumbList\",\"@id\":\"https:\/\/www.stair24.com\/et\/eas\/#breadcrumb\",\"itemListElement\":[{\"@type\":\"ListItem\",\"position\":1,\"name\":\"Home\",\"item\":\"https:\/\/www.stair24.com\/et\/\"},{\"@type\":\"ListItem\",\"position\":2,\"name\":\"EAS\"}]},{\"@type\":\"WebSite\",\"@id\":\"https:\/\/www.stair24.com\/et\/#website\",\"url\":\"https:\/\/www.stair24.com\/et\/\",\"name\":\"STAIR 24 | Kvaliteetsed trepid\",\"description\":\"Valmistame treppe igas kujus ning suuruses. Trepid on meie kirg ning oleme \u00fcks suurimaid treppide tootja p\u00f5hjamaades. Proovige meie uut trepikalkulaatorit. Parima kvaliteediga trepid, kiire tarne ning soodne hind.\",\"publisher\":{\"@id\":\"https:\/\/www.stair24.com\/et\/#organization\"},\"potentialAction\":[{\"@type\":\"SearchAction\",\"target\":{\"@type\":\"EntryPoint\",\"urlTemplate\":\"https:\/\/www.stair24.com\/et\/?s={search_term_string}\"},\"query-input\":{\"@type\":\"PropertyValueSpecification\",\"valueRequired\":true,\"valueName\":\"search_term_string\"}}],\"inLanguage\":\"et\"},{\"@type\":\"Organization\",\"@id\":\"https:\/\/www.stair24.com\/et\/#organization\",\"name\":\"STAIR 24 | Kvaliteetsed trepid\",\"url\":\"https:\/\/www.stair24.com\/et\/\",\"logo\":{\"@type\":\"ImageObject\",\"inLanguage\":\"et\",\"@id\":\"https:\/\/www.stair24.com\/et\/#\/schema\/logo\/image\/\",\"url\":\"https:\/\/www.stair24.com\/wp-content\/uploads\/2022\/12\/trep-stair24_logo-1.png\",\"contentUrl\":\"https:\/\/www.stair24.com\/wp-content\/uploads\/2022\/12\/trep-stair24_logo-1.png\",\"width\":302,\"height\":85,\"caption\":\"STAIR 24 | Kvaliteetsed trepid\"},\"image\":{\"@id\":\"https:\/\/www.stair24.com\/et\/#\/schema\/logo\/image\/\"},\"sameAs\":[\"https:\/\/www.facebook.com\/AruGrupp\",\"https:\/\/www.instagram.com\/stair.24\/\",\"https:\/\/www.youtube.com\/@stair24com\"]}]}<\/script>\n<!-- \/ Yoast SEO plugin. -->","yoast_head_json":{"title":"Lihtne keskkond oma unistuste trepi loomiseks | EAS | STAIR24","description":"STAIR24 on EAS-i poolt tunnustatud ja toetatud treppide tellimise keskkond. Vaata kohe v\u00f5imalusi ja pane ise kokku oma unistuste trepp.","robots":{"index":"index","follow":"follow","max-snippet":"max-snippet:-1","max-image-preview":"max-image-preview:large","max-video-preview":"max-video-preview:-1"},"canonical":"https:\/\/www.stair24.com\/et\/eas\/","og_locale":"et_EE","og_type":"article","og_title":"Lihtne keskkond oma unistuste trepi loomiseks | EAS | STAIR24","og_description":"STAIR24 on EAS-i poolt tunnustatud ja toetatud treppide tellimise keskkond. Vaata kohe v\u00f5imalusi ja pane ise kokku oma unistuste trepp.","og_url":"https:\/\/www.stair24.com\/et\/eas\/","og_site_name":"STAIR24","article_publisher":"https:\/\/www.facebook.com\/AruGrupp","article_modified_time":"2023-03-30T13:59:34+00:00","og_image":[{"url":"https:\/\/media.voog.com\/0000\/0014\/7260\/photos\/EL_Regionaalarengu_Fond_vertikaalne_large.jpg","type":"","width":"","height":""}],"twitter_card":"summary_large_image","twitter_misc":{"Est. reading time":"1 minut"},"schema":{"@context":"https:\/\/schema.org","@graph":[{"@type":"WebPage","@id":"https:\/\/www.stair24.com\/et\/eas\/","url":"https:\/\/www.stair24.com\/et\/eas\/","name":"Lihtne keskkond oma unistuste trepi loomiseks | EAS | STAIR24","isPartOf":{"@id":"https:\/\/www.stair24.com\/et\/#website"},"primaryImageOfPage":{"@id":"https:\/\/www.stair24.com\/et\/eas\/#primaryimage"},"image":{"@id":"https:\/\/www.stair24.com\/et\/eas\/#primaryimage"},"thumbnailUrl":"https:\/\/media.voog.com\/0000\/0014\/7260\/photos\/EL_Regionaalarengu_Fond_vertikaalne_large.jpg","datePublished":"2022-11-07T13:42:47+00:00","dateModified":"2023-03-30T13:59:34+00:00","description":"STAIR24 on EAS-i poolt tunnustatud ja toetatud treppide tellimise keskkond. Vaata kohe v\u00f5imalusi ja pane ise kokku oma unistuste trepp.","breadcrumb":{"@id":"https:\/\/www.stair24.com\/et\/eas\/#breadcrumb"},"inLanguage":"et","potentialAction":[{"@type":"ReadAction","target":["https:\/\/www.stair24.com\/et\/eas\/"]}]},{"@type":"ImageObject","inLanguage":"et","@id":"https:\/\/www.stair24.com\/et\/eas\/#primaryimage","url":"https:\/\/media.voog.com\/0000\/0014\/7260\/photos\/EL_Regionaalarengu_Fond_vertikaalne_large.jpg","contentUrl":"https:\/\/media.voog.com\/0000\/0014\/7260\/photos\/EL_Regionaalarengu_Fond_vertikaalne_large.jpg"},{"@type":"BreadcrumbList","@id":"https:\/\/www.stair24.com\/et\/eas\/#breadcrumb","itemListElement":[{"@type":"ListItem","position":1,"name":"Home","item":"https:\/\/www.stair24.com\/et\/"},{"@type":"ListItem","position":2,"name":"EAS"}]},{"@type":"WebSite","@id":"https:\/\/www.stair24.com\/et\/#website","url":"https:\/\/www.stair24.com\/et\/","name":"STAIR 24 | Kvaliteetsed trepid","description":"Valmistame treppe igas kujus ning suuruses. Trepid on meie kirg ning oleme \u00fcks suurimaid treppide tootja p\u00f5hjamaades. Proovige meie uut trepikalkulaatorit. Parima kvaliteediga trepid, kiire tarne ning soodne hind.","publisher":{"@id":"https:\/\/www.stair24.com\/et\/#organization"},"potentialAction":[{"@type":"SearchAction","target":{"@type":"EntryPoint","urlTemplate":"https:\/\/www.stair24.com\/et\/?s={search_term_string}"},"query-input":{"@type":"PropertyValueSpecification","valueRequired":true,"valueName":"search_term_string"}}],"inLanguage":"et"},{"@type":"Organization","@id":"https:\/\/www.stair24.com\/et\/#organization","name":"STAIR 24 | Kvaliteetsed trepid","url":"https:\/\/www.stair24.com\/et\/","logo":{"@type":"ImageObject","inLanguage":"et","@id":"https:\/\/www.stair24.com\/et\/#\/schema\/logo\/image\/","url":"https:\/\/www.stair24.com\/wp-content\/uploads\/2022\/12\/trep-stair24_logo-1.png","contentUrl":"https:\/\/www.stair24.com\/wp-content\/uploads\/2022\/12\/trep-stair24_logo-1.png","width":302,"height":85,"caption":"STAIR 24 | Kvaliteetsed trepid"},"image":{"@id":"https:\/\/www.stair24.com\/et\/#\/schema\/logo\/image\/"},"sameAs":["https:\/\/www.facebook.com\/AruGrupp","https:\/\/www.instagram.com\/stair.24\/","https:\/\/www.youtube.com\/@stair24com"]}]}},"_links":{"self":[{"href":"https:\/\/www.stair24.com\/et\/wp-json\/wp\/v2\/pages\/3888","targetHints":{"allow":["GET"]}}],"collection":[{"href":"https:\/\/www.stair24.com\/et\/wp-json\/wp\/v2\/pages"}],"about":[{"href":"https:\/\/www.stair24.com\/et\/wp-json\/wp\/v2\/types\/page"}],"author":[{"embeddable":true,"href":"https:\/\/www.stair24.com\/et\/wp-json\/wp\/v2\/users\/1"}],"replies":[{"embeddable":true,"href":"https:\/\/www.stair24.com\/et\/wp-json\/wp\/v2\/comments?post=3888"}],"version-history":[{"count":3,"href":"https:\/\/www.stair24.com\/et\/wp-json\/wp\/v2\/pages\/3888\/revisions"}],"predecessor-version":[{"id":3892,"href":"https:\/\/www.stair24.com\/et\/wp-json\/wp\/v2\/pages\/3888\/revisions\/3892"}],"wp:attachment":[{"href":"https:\/\/www.stair24.com\/et\/wp-json\/wp\/v2\/media?parent=3888"}],"curies":[{"name":"wp","href":"https:\/\/api.w.org\/{rel}","templated":true}]}}