{"id":8636,"date":"2023-12-13T17:15:38","date_gmt":"2023-12-13T15:15:38","guid":{"rendered":"https:\/\/www.stair24.com\/?page_id=8636"},"modified":"2024-11-21T10:37:18","modified_gmt":"2024-11-21T08:37:18","slug":"trepitootja-teenused","status":"publish","type":"page","link":"https:\/\/www.stair24.com\/et\/trepitootja-teenused\/","title":{"rendered":"Teenused"},"content":{"rendered":"\n    <div id=\"services-block-block_43c8d38f79e670d4f36a0448c7cfa749\" class=\"services-block\">\n        <div class=\"container\">\n                            <h2 class=\"block_title\">STAIR24 pakub j\u00e4rgmisi teenuseid:<\/h2>\n                                                        <div class=\"row align-items-center\">\n                    <div class=\"block_content col col-lg-6 col-12\">\n                        <div class=\"content d-flex flex-column align-items-start justify-content-start\">\n                            <h2 class=\"d-lg-block d-none\">Trepi m\u00f5\u00f5tmine<\/h2>                            <p><a href=\"https:\/\/www.stair24.com\/et\/#products\">Stair24<\/a> pakutavad trepid on m\u00f5eldud m\u00f5\u00f5distamiseks ja paigaldamiseks Stair24 esindajate poolt v\u00f5i tellija enda m\u00e4\u00e4ratud inimeste poolt, kel on professionaalse ehituspuusepat\u00f6\u00f6 oskused, teadmised objekti asukohas kehtivate treppe puudutavate normatiivide kohta ja vastavad t\u00f6\u00f6riistad. Seda tuleks silmas pidada ka trepi m\u00f5\u00f5tude v\u00f5tmisel ja edastamisel STAIR24 tellimuseks. Korrektne trepi m\u00f5\u00f5tude v\u00f5tmine on kvaliteetse trepi esimene eeldus. Tutvu meie trepi <a href=\"https:\/\/www.stair24.com\/et\/tellimistingimused\/\">Tellimistingimuste<\/a> ja m\u00f5\u00f5tmise videoga <a href=\"https:\/\/www.stair24.com\/et\/kui-moodad-treppi\/\">SIIN<\/a>.<\/p>\n<p>M\u00f5ned olulised aspektid, mida tasub trepi m\u00f5\u00f5tmisel silmas pidada:<\/p>\n<p>1. M\u00f5\u00f5du v\u00f5tmiseks taga ligip\u00e4\u00e4s ja ohutus<br \/>\n2. Kui trepiava ei ole 90 kraadiste nurkade ja paralleelsete k\u00fclgedega, siis trepp tuleb toota trepiava v\u00e4iksema m\u00f5\u00f5du j\u00e4rgi<br \/>\n3. M\u00f5\u00f5tmist on m\u00f5istlik teostada kui ruumi seinad, p\u00f5randad ja vahelaed on l\u00f5pliku ehitusliku m\u00f5\u00f5du saavutanud<br \/>\n4. Arvesta konstruktsioonidega seintes, mida saab kasutada trepi kinnitamiseks kruviliitega<br \/>\n5. Arvesta k\u00f5igi kommunikatsioonidega, mis j\u00e4\u00e4vad trepi paigaldustsooni ja mida v\u00f5ib trepi kinnitustega vigastada<br \/>\n6. Kontrolli k\u00f5ik m\u00f5\u00f5dud mitmekordselt \u00fcle \u2013 vastavalt esitatud m\u00f5\u00f5tudele kujuneb ka Sinu tellitud <a href=\"https:\/\/www.stair24.com\/et\/#products\">trepp<\/a><\/p>\n<h2>Kuidas arvutab STAIR24 m\u00f5\u00f5te?<\/h2>\n<p>Vastavalt valitud trepi mudelile ja ava kujule soovitame optimaalseid ava ja trepi m\u00f5\u00f5te. Ava m\u00f5\u00f5dud, samm (5) \u2013 sisestades uued ava m\u00f5\u00f5dud arvutatakse optimaalsed trepi m\u00f5\u00f5dud, mis vastavad ehituslikele normidele. Trepi m\u00f5\u00f5dud, samm (6) \u2013 sisestades uued trepi m\u00f5\u00f5dud, arvutatakse trepi vastavust ehituslikele normidele, probleemsed parameetrid kuvatakse punase tekstiga ning minnes kursoriga tekstile, anname info korrigeerimisv\u00f5imalustest.<\/p>\n                                                    <\/div>\n                    <\/div>\n                    <div class=\"image_wrap col col-lg-6 col-12\">\n                        <h2 class=\"d-lg-none d-block\">Trepi m\u00f5\u00f5tmine<\/h2>                        <div class=\"image_content\">\n                            <img loading=\"lazy\" decoding=\"async\" src=\"https:\/\/www.stair24.com\/wp-content\/uploads\/2023\/12\/trepp-rectangle-11-1000x622.jpg\" width=\"1000\" height=\"622\" alt=\"trepi-tootja-stair-3\" \/>\n                        <\/div>\n                    <\/div>\n                <\/div>\n                                            <div class=\"row align-items-center\">\n                    <div class=\"block_content col col-lg-6 col-12\">\n                        <div class=\"content d-flex flex-column align-items-start justify-content-start\">\n                            <h2 class=\"d-lg-block d-none\">Trepi transport<\/h2>                            <p>Stair24 pakub transporditeenust tehasest oma keskladudesse ( aadressid <a href=\"https:\/\/www.stair24.com\/et\/kontakt\/\">kontaktide<\/a> lehel). Vastav toote hind kesklaos kuvatakse meie veebipoes. Soovi korral on v\u00f5imalik tellida ka ukselt -uksele transport. Selleks tuleb avaldada meie veebilehel olevas valikus vastav soov ning meie poolt saadetakse teenuse hind ja tarneaeg. Tarnen\u00e4dala eelneva n\u00e4dala esmasp\u00e4eval saadab STAIR24 Sinu e-mailile info toodete valmimise ja tarne kohta.<\/p>\n<p>Trepid tarnitakse detailidena alusele pakituna. Kui tulete ise kesklattu kaubale j\u00e4rele, siis sobivaks transpordivahendiks on s\u00f5iduauto koos haagisega. Transpordi ajal ja &#8211; j\u00e4rel ( ka juhul kui on tellitud meie transport) tuleb tagada, et tooted ei saaks m\u00f5jutatud sademete ega v\u00e4ga tugeva p\u00e4ikesekiirguse poolt.<\/p>\n                                                    <\/div>\n                    <\/div>\n                    <div class=\"image_wrap col col-lg-6 col-12\">\n                        <h2 class=\"d-lg-none d-block\">Trepi transport<\/h2>                        <div class=\"image_content\">\n                            <img loading=\"lazy\" decoding=\"async\" src=\"https:\/\/www.stair24.com\/wp-content\/uploads\/2023\/12\/trepp-rectangle-41-1000x622.jpg\" width=\"1000\" height=\"622\" alt=\"trepi-tootja-stair-2\" \/>\n                        <\/div>\n                    <\/div>\n                <\/div>\n                                            <div class=\"row align-items-center\">\n                    <div class=\"block_content col col-lg-6 col-12\">\n                        <div class=\"content d-flex flex-column align-items-start justify-content-start\">\n                            <h2 class=\"d-lg-block d-none\">Trepi paigaldus<\/h2>                            <p>Stair24 pakutavad trepid on m\u00f5eldud paigaldamiseks Stair24 esindajate poolt v\u00f5i tellija enda m\u00e4\u00e4ratud inimeste poolt, kel on professionaalse ehituspuusepat\u00f6\u00f6 oskused, teadmised objekti asukohas kehtivate treppe puudutavate normatiivide kohta ja vastavad t\u00f6\u00f6riistad. Korrektne trepi paigaldus tagab Sinu trepi kvaliteedi ja kasutusmugavuse. Tutvu meie trepi <a href=\"https:\/\/www.stair24.com\/et\/tellimistingimused\/\">Tellimistingimuste<\/a> ja m\u00f5\u00f5tmise videoga <a href=\"https:\/\/www.stair24.com\/et\/kui-moodad-treppi\/\">SIIN<\/a>.<\/p>\n<p>M\u00f5ned olulised aspektid, mida tasub trepi paigaldamisel silmas pidada:<\/p>\n<p>1. Planeeri trepi paigaldamist ajale, mil valdavalt ehitust\u00f6\u00f6d hoones on tehtud. Trepp k\u00fcll tugev konstruktsioonilt, kuid samas \u00f5rn nagu muusikariist v\u00f5i m\u00f6\u00f6bliese, mis ei talu \u00f5huniiskuse ja temperatuuri suuri k\u00f5ikumisi ega mehhaanilisi vigastusi<br \/>\n2. Trepi paigaldamiseks taga ligip\u00e4\u00e4s trepiavale ja piisav ruum, trepidetailide lahti pakkimiseks<br \/>\n3. Kata kinni t\u00f6\u00f6alasse j\u00e4\u00e4v p\u00f5rand ning vajadusel seinanurgad<br \/>\n4. Ole valmis m\u00f5ningasteks seina v\u00e4rvi parandusteks, trepi detailid on rasked ja toodetud t\u00e4pselt, v\u00f5ib esineda v\u00e4iksemaid kriime hoone katmata j\u00e4\u00e4nud osadel<br \/>\n5. Kui tellid paigalduse, siis lepi t\u00e4pselt kokku, mida paigaldusteenus sisaldab (trepiava puhastamine, astmekatted, vahelae katteliistud, viimase astme ja p\u00f5randa \u00fchendusliist, valmis trepi katmine ja muud trepi paigaldusega otseselt mitte seotud t\u00f6\u00f6d \u2013 ei sisaldu standardpaketis)<br \/>\n6. J\u00e4lgi k\u00f5iki ohutusn\u00f5udeid<br \/>\n7. Arvesta, et trepi paigaldamisel j\u00e4etakse 3 mm trepi ja hoonekonstruktsiooni vahet, kui trepiava ei ole t\u00e4isnurkne v\u00f5i seinad on k\u00f5verad, siis v\u00f5ib see vahe erineda plaanitust<br \/>\n8. Kui trepp paigaldatud, siis vaata kohe \u00fcle, kas toode vastab kokkulepitud tingimustele<br \/>\n9. Kui paigalduse k\u00e4igus avastad tootel defekti, siis teavita sellest koheselt tootjat, saates selgituse ja foto defektist, hilisemaid pretensioone mehhaaniliste kahjustuste osas tootja kahjuks ei saa arvesse v\u00f5tta kui reklamatsioonijuhtumit<br \/>\n10. Hoia ruum k\u00f6etuna ja kaitse liigniiskuse eest, hoidu niiskust tekitavatest ehitust\u00f6\u00f6dest<\/p>\n                                                    <\/div>\n                    <\/div>\n                    <div class=\"image_wrap col col-lg-6 col-12\">\n                        <h2 class=\"d-lg-none d-block\">Trepi paigaldus<\/h2>                        <div class=\"image_content\">\n                            <img loading=\"lazy\" decoding=\"async\" src=\"https:\/\/www.stair24.com\/wp-content\/uploads\/2023\/12\/trepp-rectangle-42-1000x622.jpg\" width=\"1000\" height=\"622\" alt=\"trepi-tootja-stair-1\" \/>\n                        <\/div>\n                    <\/div>\n                <\/div>\n                                            <div class=\"row align-items-center\">\n                    <div class=\"block_content col col-lg-6 col-12\">\n                        <div class=\"content d-flex flex-column align-items-start justify-content-start\">\n                            <h2 class=\"d-lg-block d-none\">Trepi hooldus<\/h2>                            <p>Stair24 poolt pakutavad trepid on m\u00f5eldud kodutarbimiseks. Tuleb v\u00e4ltida v\u00e4li jalan\u00f5udega trepil liikumist ning koduloomade liikumist trepil v\u00e4listamaks trepi pinnaviimistluse kahjustamist. Trepp vajab puhastamist nagu iga teine ruumi osa, kuid pindade puhastamiseks ei ole lubatud kasutada keemilisi aineid.<\/p>\n<p>\u00d5litatud pinnad vajavad hooldus\u00f5litamist s\u00f5ltuvalt kasutuse intensiivsusest, kuid mitte harvem kui 1 kord aastas.<\/p>\n                                                    <\/div>\n                    <\/div>\n                    <div class=\"image_wrap col col-lg-6 col-12\">\n                        <h2 class=\"d-lg-none d-block\">Trepi hooldus<\/h2>                        <div class=\"image_content\">\n                            <img loading=\"lazy\" decoding=\"async\" src=\"https:\/\/www.stair24.com\/wp-content\/uploads\/2023\/12\/Rectangle-43-1000x596.jpg\" width=\"1000\" height=\"596\" alt=\"trepp-koos-paigaldusega-portfoolio-s7\" \/>\n                        <\/div>\n                    <\/div>\n                <\/div>\n                    <\/div>\n    <\/div>\n\n\n\n<div id=\"shop-links-block-block_f75f6fb4bab5c46e3a11794405e43ece\" class=\"shop-links-block\">\n    <div class=\"container\">\n        <div class=\"shop_navigation\">\n    <h2 class=\"blog_sidebar_title\">Alusta valimist siit:<\/h2>    <div class=\"navigation d-flex flex-column justify-content-start align-items-start\">\n                                <div class=\"category w100\">\n                <div class=\"category_inside_wrap w100 d-flex align-items-center\">\n                                                                    <div class=\"tooltipster\">\n                            <div class=\"tooltip_icon\">\n                                <span class=\"d-block\">i<\/span>\n                                <div class=\"tooltip_content\">\n                                    <img decoding=\"async\" src=\"https:\/\/www.stair24.com\/wp-content\/uploads\/2021\/11\/I-stair-300x300-1.png\" width=\"300\" height=\"300\" alt=\"l-trepp\" loading=\"lazy\" \/>\n                                <\/div>\n                            <\/div>\n                        <\/div>\n                    \n                                                                    <a class=\"cat_img\" href=\"https:\/\/www.stair24.com\/et\/i-kujulised-trepid\/\" aria-label=\"I-kujulised trepid\">\n                            <img decoding=\"async\" src=\"https:\/\/www.stair24.com\/wp-content\/uploads\/2021\/11\/Straight_flight_I-stairs_thumb.jpg\" alt=\"I-kujulised trepid Image\" width=\"143\" height=\"188\"  loading=\"lazy\" >\n                        <\/a>\n                    \n                    <div class=\"cat_desc\">\n                                                    <h3>I-kujulised trepid<\/h3>                                                <a class=\"btn\" href=\"https:\/\/www.stair24.com\/et\/i-kujulised-trepid\/\">Ava valikud<\/a>                    <\/div>\n                    \n                                                                                <\/div>\n            <\/div>\n                                <div class=\"category w100\">\n                <div class=\"category_inside_wrap w100 d-flex align-items-center\">\n                                                                    <div class=\"tooltipster\">\n                            <div class=\"tooltip_icon\">\n                                <span class=\"d-block\">i<\/span>\n                                <div class=\"tooltip_content\">\n                                    <img decoding=\"async\" src=\"https:\/\/www.stair24.com\/wp-content\/uploads\/2021\/11\/L-stair-300x300-1.png\" width=\"300\" height=\"300\" alt=\"L-trepp\" loading=\"lazy\" \/>\n                                <\/div>\n                            <\/div>\n                        <\/div>\n                    \n                                                                    <a class=\"cat_img\" href=\"https:\/\/www.stair24.com\/et\/l-kujulised-trepid\/\" aria-label=\"L-kujulised trepid\">\n                            <img decoding=\"async\" src=\"https:\/\/www.stair24.com\/wp-content\/uploads\/2021\/11\/Quarter_turn_L-stairs_thumb.jpg\" alt=\"L-kujulised trepid Image\" width=\"143\" height=\"188\"  loading=\"lazy\" >\n                        <\/a>\n                    \n                    <div class=\"cat_desc\">\n                                                    <h3>L-kujulised trepid<\/h3>                                                <a class=\"btn\" href=\"https:\/\/www.stair24.com\/et\/l-kujulised-trepid\/\">Ava valikud<\/a>                    <\/div>\n                    \n                                                                                <\/div>\n            <\/div>\n                                <div class=\"category w100\">\n                <div class=\"category_inside_wrap w100 d-flex align-items-center\">\n                                                                    <div class=\"tooltipster\">\n                            <div class=\"tooltip_icon\">\n                                <span class=\"d-block\">i<\/span>\n                                <div class=\"tooltip_content\">\n                                    <img decoding=\"async\" src=\"https:\/\/www.stair24.com\/wp-content\/uploads\/2021\/11\/U-stair-300x300-1.png\" width=\"300\" height=\"300\" alt=\"u-trepp\" loading=\"lazy\" \/>\n                                <\/div>\n                            <\/div>\n                        <\/div>\n                    \n                                                                    <a class=\"cat_img\" href=\"https:\/\/www.stair24.com\/et\/u-kujulised-trepid\/\" aria-label=\"U-kujulised trepid\">\n                            <img decoding=\"async\" src=\"https:\/\/www.stair24.com\/wp-content\/uploads\/2021\/11\/Half_turn_U-stairs_thumb.jpg\" alt=\"U-kujulised trepid Image\" width=\"143\" height=\"188\"  loading=\"lazy\" >\n                        <\/a>\n                    \n                    <div class=\"cat_desc\">\n                                                    <h3>U-kujulised trepid<\/h3>                                                <a class=\"btn\" href=\"https:\/\/www.stair24.com\/et\/u-kujulised-trepid\/\">Ava valikud<\/a>                    <\/div>\n                    \n                                                                                <\/div>\n            <\/div>\n                                <div class=\"category w100\">\n                <div class=\"category_inside_wrap w100 d-flex align-items-center\">\n                    \n                                                                    <a class=\"cat_img\" href=\"https:\/\/www.stair24.com\/et\/erilahendusega-trepid\/\" aria-label=\"Erilahendusega trepid\">\n                            <img decoding=\"async\" src=\"https:\/\/www.stair24.com\/wp-content\/uploads\/2023\/12\/trepp-chrome_mmubrthd65.jpg\" alt=\"Erilahendusega trepid Image\" width=\"143\" height=\"147\"  loading=\"lazy\" >\n                        <\/a>\n                    \n                    <div class=\"cat_desc\">\n                                                    <h3>Erilahendusega trepid<\/h3>                                                <a class=\"btn\" href=\"https:\/\/www.stair24.com\/et\/erilahendusega-trepid\/\">Ava valikud<\/a>                    <\/div>\n                    \n                                    <\/div>\n            <\/div>\n            <\/div>\n<\/div>    <\/div>\n<\/div>","protected":false},"excerpt":{"rendered":"","protected":false},"author":1,"featured_media":0,"parent":0,"menu_order":0,"comment_status":"closed","ping_status":"closed","template":"","meta":{"_acf_changed":false,"footnotes":""},"class_list":["post-8636","page","type-page","status-publish","hentry"],"acf":[],"yoast_head":"<!-- This site is optimized with the Yoast SEO plugin v27.5 - https:\/\/yoast.com\/product\/yoast-seo-wordpress\/ -->\n<title>Trepid koos paigaldusega | Disaini ise oma unistuste trepp | Stair24<\/title>\n<meta name=\"description\" content=\"Oleme tootnud tuhandeid kvaliteetseid treppe aastast 1993. Vaata meie tehtud t\u00f6id ja v\u00f5imalusi ning disaini ise oma unistuste trepp.\" \/>\n<meta name=\"robots\" content=\"index, follow, max-snippet:-1, max-image-preview:large, max-video-preview:-1\" \/>\n<link rel=\"canonical\" href=\"https:\/\/www.stair24.com\/et\/trepitootja-teenused\/\" \/>\n<meta property=\"og:locale\" content=\"et_EE\" \/>\n<meta property=\"og:type\" content=\"article\" \/>\n<meta property=\"og:title\" content=\"Trepid koos paigaldusega | Disaini ise oma unistuste trepp | Stair24\" \/>\n<meta property=\"og:description\" content=\"Oleme tootnud tuhandeid kvaliteetseid treppe aastast 1993. Vaata meie tehtud t\u00f6id ja v\u00f5imalusi ning disaini ise oma unistuste trepp.\" \/>\n<meta property=\"og:url\" content=\"https:\/\/www.stair24.com\/et\/trepitootja-teenused\/\" \/>\n<meta property=\"og:site_name\" content=\"STAIR24\" \/>\n<meta property=\"article:publisher\" content=\"https:\/\/www.facebook.com\/AruGrupp\" \/>\n<meta property=\"article:modified_time\" content=\"2024-11-21T08:37:18+00:00\" \/>\n<meta property=\"og:image\" content=\"https:\/\/www.stair24.com\/wp-content\/uploads\/2022\/12\/trepid-stair24_logo-2.png\" \/>\n\t<meta property=\"og:image:width\" content=\"711\" \/>\n\t<meta property=\"og:image:height\" content=\"200\" \/>\n\t<meta property=\"og:image:type\" content=\"image\/png\" \/>\n<meta name=\"twitter:card\" content=\"summary_large_image\" \/>\n<script type=\"application\/ld+json\" class=\"yoast-schema-graph\">{\"@context\":\"https:\\\/\\\/schema.org\",\"@graph\":[{\"@type\":\"WebPage\",\"@id\":\"https:\\\/\\\/www.stair24.com\\\/et\\\/trepitootja-teenused\\\/\",\"url\":\"https:\\\/\\\/www.stair24.com\\\/et\\\/trepitootja-teenused\\\/\",\"name\":\"Trepid koos paigaldusega | Disaini ise oma unistuste trepp | Stair24\",\"isPartOf\":{\"@id\":\"https:\\\/\\\/www.stair24.com\\\/et\\\/#website\"},\"datePublished\":\"2023-12-13T15:15:38+00:00\",\"dateModified\":\"2024-11-21T08:37:18+00:00\",\"description\":\"Oleme tootnud tuhandeid kvaliteetseid treppe aastast 1993. Vaata meie tehtud t\u00f6id ja v\u00f5imalusi ning disaini ise oma unistuste trepp.\",\"breadcrumb\":{\"@id\":\"https:\\\/\\\/www.stair24.com\\\/et\\\/trepitootja-teenused\\\/#breadcrumb\"},\"inLanguage\":\"et\",\"potentialAction\":[{\"@type\":\"ReadAction\",\"target\":[\"https:\\\/\\\/www.stair24.com\\\/et\\\/trepitootja-teenused\\\/\"]}]},{\"@type\":\"BreadcrumbList\",\"@id\":\"https:\\\/\\\/www.stair24.com\\\/et\\\/trepitootja-teenused\\\/#breadcrumb\",\"itemListElement\":[{\"@type\":\"ListItem\",\"position\":1,\"name\":\"Home\",\"item\":\"https:\\\/\\\/www.stair24.com\\\/et\\\/\"},{\"@type\":\"ListItem\",\"position\":2,\"name\":\"Teenused\"}]},{\"@type\":\"WebSite\",\"@id\":\"https:\\\/\\\/www.stair24.com\\\/et\\\/#website\",\"url\":\"https:\\\/\\\/www.stair24.com\\\/et\\\/\",\"name\":\"STAIR 24 | Kvaliteetsed trepid\",\"description\":\"Valmistame treppe igas kujus ning suuruses. Trepid on meie kirg ning oleme \u00fcks suurimaid treppide tootja p\u00f5hjamaades. Proovige meie uut trepikalkulaatorit. Parima kvaliteediga trepid, kiire tarne ning soodne hind.\",\"publisher\":{\"@id\":\"https:\\\/\\\/www.stair24.com\\\/et\\\/#organization\"},\"potentialAction\":[{\"@type\":\"SearchAction\",\"target\":{\"@type\":\"EntryPoint\",\"urlTemplate\":\"https:\\\/\\\/www.stair24.com\\\/et\\\/?s={search_term_string}\"},\"query-input\":{\"@type\":\"PropertyValueSpecification\",\"valueRequired\":true,\"valueName\":\"search_term_string\"}}],\"inLanguage\":\"et\"},{\"@type\":\"Organization\",\"@id\":\"https:\\\/\\\/www.stair24.com\\\/et\\\/#organization\",\"name\":\"STAIR 24 | Kvaliteetsed trepid\",\"url\":\"https:\\\/\\\/www.stair24.com\\\/et\\\/\",\"logo\":{\"@type\":\"ImageObject\",\"inLanguage\":\"et\",\"@id\":\"https:\\\/\\\/www.stair24.com\\\/et\\\/#\\\/schema\\\/logo\\\/image\\\/\",\"url\":\"https:\\\/\\\/www.stair24.com\\\/wp-content\\\/uploads\\\/2022\\\/12\\\/trep-stair24_logo-1.png\",\"contentUrl\":\"https:\\\/\\\/www.stair24.com\\\/wp-content\\\/uploads\\\/2022\\\/12\\\/trep-stair24_logo-1.png\",\"width\":302,\"height\":85,\"caption\":\"STAIR 24 | Kvaliteetsed trepid\"},\"image\":{\"@id\":\"https:\\\/\\\/www.stair24.com\\\/et\\\/#\\\/schema\\\/logo\\\/image\\\/\"},\"sameAs\":[\"https:\\\/\\\/www.facebook.com\\\/AruGrupp\",\"https:\\\/\\\/www.instagram.com\\\/stair.24\\\/\",\"https:\\\/\\\/www.youtube.com\\\/@stair24com\"]}]}<\/script>\n<!-- \/ Yoast SEO plugin. -->","yoast_head_json":{"title":"Trepid koos paigaldusega | Disaini ise oma unistuste trepp | Stair24","description":"Oleme tootnud tuhandeid kvaliteetseid treppe aastast 1993. Vaata meie tehtud t\u00f6id ja v\u00f5imalusi ning disaini ise oma unistuste trepp.","robots":{"index":"index","follow":"follow","max-snippet":"max-snippet:-1","max-image-preview":"max-image-preview:large","max-video-preview":"max-video-preview:-1"},"canonical":"https:\/\/www.stair24.com\/et\/trepitootja-teenused\/","og_locale":"et_EE","og_type":"article","og_title":"Trepid koos paigaldusega | Disaini ise oma unistuste trepp | Stair24","og_description":"Oleme tootnud tuhandeid kvaliteetseid treppe aastast 1993. Vaata meie tehtud t\u00f6id ja v\u00f5imalusi ning disaini ise oma unistuste trepp.","og_url":"https:\/\/www.stair24.com\/et\/trepitootja-teenused\/","og_site_name":"STAIR24","article_publisher":"https:\/\/www.facebook.com\/AruGrupp","article_modified_time":"2024-11-21T08:37:18+00:00","og_image":[{"width":711,"height":200,"url":"https:\/\/www.stair24.com\/wp-content\/uploads\/2022\/12\/trepid-stair24_logo-2.png","type":"image\/png"}],"twitter_card":"summary_large_image","schema":{"@context":"https:\/\/schema.org","@graph":[{"@type":"WebPage","@id":"https:\/\/www.stair24.com\/et\/trepitootja-teenused\/","url":"https:\/\/www.stair24.com\/et\/trepitootja-teenused\/","name":"Trepid koos paigaldusega | Disaini ise oma unistuste trepp | Stair24","isPartOf":{"@id":"https:\/\/www.stair24.com\/et\/#website"},"datePublished":"2023-12-13T15:15:38+00:00","dateModified":"2024-11-21T08:37:18+00:00","description":"Oleme tootnud tuhandeid kvaliteetseid treppe aastast 1993. Vaata meie tehtud t\u00f6id ja v\u00f5imalusi ning disaini ise oma unistuste trepp.","breadcrumb":{"@id":"https:\/\/www.stair24.com\/et\/trepitootja-teenused\/#breadcrumb"},"inLanguage":"et","potentialAction":[{"@type":"ReadAction","target":["https:\/\/www.stair24.com\/et\/trepitootja-teenused\/"]}]},{"@type":"BreadcrumbList","@id":"https:\/\/www.stair24.com\/et\/trepitootja-teenused\/#breadcrumb","itemListElement":[{"@type":"ListItem","position":1,"name":"Home","item":"https:\/\/www.stair24.com\/et\/"},{"@type":"ListItem","position":2,"name":"Teenused"}]},{"@type":"WebSite","@id":"https:\/\/www.stair24.com\/et\/#website","url":"https:\/\/www.stair24.com\/et\/","name":"STAIR 24 | Kvaliteetsed trepid","description":"Valmistame treppe igas kujus ning suuruses. Trepid on meie kirg ning oleme \u00fcks suurimaid treppide tootja p\u00f5hjamaades. Proovige meie uut trepikalkulaatorit. Parima kvaliteediga trepid, kiire tarne ning soodne hind.","publisher":{"@id":"https:\/\/www.stair24.com\/et\/#organization"},"potentialAction":[{"@type":"SearchAction","target":{"@type":"EntryPoint","urlTemplate":"https:\/\/www.stair24.com\/et\/?s={search_term_string}"},"query-input":{"@type":"PropertyValueSpecification","valueRequired":true,"valueName":"search_term_string"}}],"inLanguage":"et"},{"@type":"Organization","@id":"https:\/\/www.stair24.com\/et\/#organization","name":"STAIR 24 | Kvaliteetsed trepid","url":"https:\/\/www.stair24.com\/et\/","logo":{"@type":"ImageObject","inLanguage":"et","@id":"https:\/\/www.stair24.com\/et\/#\/schema\/logo\/image\/","url":"https:\/\/www.stair24.com\/wp-content\/uploads\/2022\/12\/trep-stair24_logo-1.png","contentUrl":"https:\/\/www.stair24.com\/wp-content\/uploads\/2022\/12\/trep-stair24_logo-1.png","width":302,"height":85,"caption":"STAIR 24 | Kvaliteetsed trepid"},"image":{"@id":"https:\/\/www.stair24.com\/et\/#\/schema\/logo\/image\/"},"sameAs":["https:\/\/www.facebook.com\/AruGrupp","https:\/\/www.instagram.com\/stair.24\/","https:\/\/www.youtube.com\/@stair24com"]}]}},"_links":{"self":[{"href":"https:\/\/www.stair24.com\/et\/wp-json\/wp\/v2\/pages\/8636","targetHints":{"allow":["GET"]}}],"collection":[{"href":"https:\/\/www.stair24.com\/et\/wp-json\/wp\/v2\/pages"}],"about":[{"href":"https:\/\/www.stair24.com\/et\/wp-json\/wp\/v2\/types\/page"}],"author":[{"embeddable":true,"href":"https:\/\/www.stair24.com\/et\/wp-json\/wp\/v2\/users\/1"}],"replies":[{"embeddable":true,"href":"https:\/\/www.stair24.com\/et\/wp-json\/wp\/v2\/comments?post=8636"}],"version-history":[{"count":15,"href":"https:\/\/www.stair24.com\/et\/wp-json\/wp\/v2\/pages\/8636\/revisions"}],"predecessor-version":[{"id":18564,"href":"https:\/\/www.stair24.com\/et\/wp-json\/wp\/v2\/pages\/8636\/revisions\/18564"}],"wp:attachment":[{"href":"https:\/\/www.stair24.com\/et\/wp-json\/wp\/v2\/media?parent=8636"}],"curies":[{"name":"wp","href":"https:\/\/api.w.org\/{rel}","templated":true}]}}