{"id":8747,"date":"2023-12-13T18:15:14","date_gmt":"2023-12-13T16:15:14","guid":{"rendered":"https:\/\/www.stair24.com\/?page_id=8747"},"modified":"2024-11-21T09:20:04","modified_gmt":"2024-11-21T07:20:04","slug":"5-nouannet-trepi-valimisel","status":"publish","type":"page","link":"https:\/\/www.stair24.com\/et\/kasulik-informatsioon\/5-nouannet-trepi-valimisel\/","title":{"rendered":"5 n\u00f5uannet trepi valimisel"},"content":{"rendered":"\n<h2 class=\"wp-block-heading\">Trepi valem 2H+B=63, mis see on?<\/h2>\n\n\n\n<p>Kuidas valida treppi? Kas teadsite, mida t\u00e4hendab sageli trepivalmistajate infomaterjalides leiduv valem 2H+B=63? Selle valemi abil on v\u00f5imalik leida\/kontrollida optimaalset astme k\u00f5rguse ja s\u00fcgavuse suhet. H=astme k\u00f5rgus ja B=astme s\u00fcgavus. N\u00e4ide: Teie <a href=\"https:\/\/www.stair24.com\/et\/\">trepp<\/a> peaks teid mugavalt viima \u00fchelt korruselt teisele, mille k\u00f5rguste vahe on 2450 mm. Oletame, et jagate selle k\u00f5rguse 14 astme vahel. Seega on k\u00f5igi astmete k\u00f5rguste vahe (astme k\u00f5rgus) 17,5 cm. Trepiastme s\u00fcgavuseks pakute 30,0 cm. Kontrollime valemi toimimist: 2*17,5+30=65<br>Kui valemist tulenev v\u00e4\u00e4rtus on ligil\u00e4hedane 63-le on tegemist mugava ja optimaalse trepiga.<\/p>\n\n\n\n<h2 class=\"wp-block-heading\">Trepi paigutus ruumis, arhitektuur<\/h2>\n\n\n\n<p>Trepile n\u00f6 \u00f5ige koha leidmine ruumis on \u00fcks suuremaid v\u00e4ljakutseid ka professionaalsetele arhitektidele ja muidugi v\u00f5iks see nende p\u00e4rusmaaks j\u00e4\u00e4dagi. Aga, et meil oleks kliendina erinevate variantide hindamisel veidi rohkem infot toon siin v\u00e4lja m\u00f5ned seigad, millele tasuks treppi kavandades m\u00f5elda.<\/p>\n\n\n\n<p>Selleks, et hinnata trepi sobivust oleks hea anda vastused j\u00e4rgmistele k\u00fcsimustele:<\/p>\n\n\n\n<p>1) Kas <a href=\"https:\/\/www.stair24.com\/et\/#products\">trepp<\/a> peaks olema interj\u00f6\u00f6ri disaini aktsent v\u00f5i pigem sulanduma muu kujundusega<br>2) Kui palju p\u00f5randapinda (ka ruumi osa) olete n\u00f5us loovutama trepik\u00e4ikudele<br>3) Kas trepile v\u00f5iks\/peaks langema ka loomulik valgus<br>4) Kas ja kui palju peaks trepp keerama<br>5) Kas p\u00f6\u00f6rangud on vormistatud mademega v\u00f5i p\u00f6\u00f6ravate astmetega (keerdastmed)<\/p>\n\n\n\n<p>Meeles peaks pidama, et platvormiga mademega trepp on kasutamiseks mugavam, ent v\u00f5tab alati rohkem ruumi kui keerdastmetega trepp.<\/p>\n\n\n\n<h2 class=\"wp-block-heading\">Trepi stiil ja eelarve<\/h2>\n\n\n\n<p>L\u00e4htuvalt vastustest, mida andsite eelnevatele k\u00fcsimustele hakkab kujunema teie trepi stiil. Kui valisite keskse asetusega paraadtrepi tuleks j\u00e4tkata n\u00fc\u00fcd ka materjalivalikuga, mis toetab esmast valikut. Mugavalt ja ratsionaalselt nurka peidetud trepile pole ju m\u00f5tet kavandada v\u00e4\u00e4rispuidust astmeid. Nii nagu moes ikka, on ka trepimoes omad hoovused ja allhoovused ja palju m\u00e4\u00e4rab muidugi kultuuriruum. Tasub sirvida veebik\u00fclgi ja ajakirju, et viimaste trendidega kursis olla ja loomulikult pidada n\u00f5u arhitekti ja sisekujundajaga. Trepi hinna m\u00e4\u00e4ravad peamiselt kaks tegurit <a href=\"https:\/\/www.stair24.com\/et\/kasulik-informatsioon\/trepi-materjal\/\">materjali hulk ja selle kvaliteediklass<\/a>. Seega mida napimate astmetega ja mida sirgem on <a href=\"https:\/\/www.stair24.com\/et\/\">trepp<\/a> seda odavam see on. Kes p\u00e4ris redelist igap\u00e4ev ronida ei taha saab m\u00f5\u00f5duka tasu eest lasta kujundada mugavad astmed ja funktsionaalsed k\u00e4sipuud.<\/p>\n\n\n\n<h2 class=\"wp-block-heading\">Trepi ohutus ja kasutamismugavus<\/h2>\n\n\n\n<p><a href=\"https:\/\/www.stair24.com\/et\/\">Trepp<\/a> \u00fchendab erinevaid tasandeid, millel elame ja nende vaheline liiklus on erinevatel elutappidel erinev. Planeerides treppi majja v\u00f5i korterisse, kus hetkel ei ela v\u00e4ikeseid lapsi v\u00f5iks m\u00f5elda ka sellele kui perre tulevad lapsed. Trepi kasutamise ohutus on t\u00e4htis lisaks lastele ka vanematele pere liikmetele. Treppi kavandades saame ise palju m\u00f5jutada selle edasise kasutamise ohutust. <a href=\"https:\/\/www.stair24.com\/et\/vead-mida-valtida-trepi-ehitamisel-ja-paigaldamisel\/\">Valides astmetele libisemist v\u00e4ltivaid katteid<\/a> ja <a href=\"https:\/\/www.stair24.com\/et\/vead-mida-valtida-trepi-ehitamisel-ja-paigaldamisel\/\">v\u00e4ltides kitsaid p\u00f6\u00f6ranguid<\/a> loome \u00fchendustee, mis kutsub end kasutama ja on turvaline ka aastak\u00fcmnete p\u00e4rast.<\/p>\n\n\n\n<h2 class=\"wp-block-heading\">Trepi kasutajad<\/h2>\n\n\n\n<p>Oluline info trepi projekteerijale on ka info selle kasutajate kohta. Vanapaarile sobib madala t\u00f5usuga <a href=\"https:\/\/www.stair24.com\/et\/products\">trepp<\/a>. \u00dcksik noor, aga unistab vaid seinale kinnituvatest astmetest, millel polegi k\u00e4sipuid. V\u00e4ikelapse ema sellist valikut heaks ei kiida. Seega on oluline treppi kavandades pidada ajateljel silmas pikemat perspektiivi. Unustada ei tasuks ka koduloomi. Nii neid takistades, kui ka nende liikumismugavusele m\u00f5eldes.<\/p>\n\n\n\n<p>Turvalisi ja stiilseid valikuid<strong>,<br><\/strong><a href=\"https:\/\/www.stair24.com\/et\/kontakt\/\">Stair24 meeskond<\/a><\/p>\n","protected":false},"excerpt":{"rendered":"Trepi valem 2H+B=63, mis see on? Kuidas valida treppi? Kas teadsite, mida t\u00e4hendab sageli trepivalmistajate infomaterjalides&#8230;","protected":false},"author":1,"featured_media":8748,"parent":7821,"menu_order":5,"comment_status":"closed","ping_status":"closed","template":"page-templates\/useful-information-single.php","meta":{"_acf_changed":false,"footnotes":""},"class_list":["post-8747","page","type-page","status-publish","has-post-thumbnail","hentry"],"acf":[],"yoast_head":"<!-- This site is optimized with the Yoast SEO plugin v27.5 - https:\/\/yoast.com\/product\/yoast-seo-wordpress\/ -->\n<title>5 n\u00f5uannet trepi valimisel - Trepp Stair24<\/title>\n<meta name=\"description\" content=\"Kuidas valida treppi? Trepp, mis sobib Teie kodu interj\u00f6\u00f6riga. Stair24 annab 5 n\u00f5uannet trepi valimisel. Trepi tellimiseks v\u00f5ta \u00fchendust Stair24.\" \/>\n<meta name=\"robots\" content=\"index, follow, max-snippet:-1, max-image-preview:large, max-video-preview:-1\" \/>\n<link rel=\"canonical\" href=\"https:\/\/www.stair24.com\/et\/kasulik-informatsioon\/5-nouannet-trepi-valimisel\/\" \/>\n<meta property=\"og:locale\" content=\"et_EE\" \/>\n<meta property=\"og:type\" content=\"article\" \/>\n<meta property=\"og:title\" content=\"5 n\u00f5uannet trepi valimisel - Trepp Stair24\" \/>\n<meta property=\"og:description\" content=\"Kuidas valida treppi? Trepp, mis sobib Teie kodu interj\u00f6\u00f6riga. Stair24 annab 5 n\u00f5uannet trepi valimisel. Trepi tellimiseks v\u00f5ta \u00fchendust Stair24.\" \/>\n<meta property=\"og:url\" content=\"https:\/\/www.stair24.com\/et\/kasulik-informatsioon\/5-nouannet-trepi-valimisel\/\" \/>\n<meta property=\"og:site_name\" content=\"STAIR24\" \/>\n<meta property=\"article:publisher\" content=\"https:\/\/www.facebook.com\/AruGrupp\" \/>\n<meta property=\"article:modified_time\" content=\"2024-11-21T07:20:04+00:00\" \/>\n<meta property=\"og:image\" content=\"https:\/\/www.stair24.com\/wp-content\/uploads\/2023\/12\/trepi-valmistamine-treppide-muuk-treppide-paigaldus-14.jpg\" \/>\n\t<meta property=\"og:image:width\" content=\"2560\" \/>\n\t<meta property=\"og:image:height\" content=\"2306\" \/>\n\t<meta property=\"og:image:type\" content=\"image\/jpeg\" \/>\n<meta name=\"twitter:card\" content=\"summary_large_image\" \/>\n<meta name=\"twitter:label1\" content=\"Est. reading time\" \/>\n\t<meta name=\"twitter:data1\" content=\"3 minutit\" \/>\n<script type=\"application\/ld+json\" class=\"yoast-schema-graph\">{\"@context\":\"https:\\\/\\\/schema.org\",\"@graph\":[{\"@type\":\"WebPage\",\"@id\":\"https:\\\/\\\/www.stair24.com\\\/et\\\/kasulik-informatsioon\\\/5-nouannet-trepi-valimisel\\\/\",\"url\":\"https:\\\/\\\/www.stair24.com\\\/et\\\/kasulik-informatsioon\\\/5-nouannet-trepi-valimisel\\\/\",\"name\":\"5 n\u00f5uannet trepi valimisel - Trepp Stair24\",\"isPartOf\":{\"@id\":\"https:\\\/\\\/www.stair24.com\\\/et\\\/#website\"},\"primaryImageOfPage\":{\"@id\":\"https:\\\/\\\/www.stair24.com\\\/et\\\/kasulik-informatsioon\\\/5-nouannet-trepi-valimisel\\\/#primaryimage\"},\"image\":{\"@id\":\"https:\\\/\\\/www.stair24.com\\\/et\\\/kasulik-informatsioon\\\/5-nouannet-trepi-valimisel\\\/#primaryimage\"},\"thumbnailUrl\":\"https:\\\/\\\/www.stair24.com\\\/wp-content\\\/uploads\\\/2023\\\/12\\\/trepi-valmistamine-treppide-muuk-treppide-paigaldus-14.jpg\",\"datePublished\":\"2023-12-13T16:15:14+00:00\",\"dateModified\":\"2024-11-21T07:20:04+00:00\",\"description\":\"Kuidas valida treppi? Trepp, mis sobib Teie kodu interj\u00f6\u00f6riga. Stair24 annab 5 n\u00f5uannet trepi valimisel. Trepi tellimiseks v\u00f5ta \u00fchendust Stair24.\",\"breadcrumb\":{\"@id\":\"https:\\\/\\\/www.stair24.com\\\/et\\\/kasulik-informatsioon\\\/5-nouannet-trepi-valimisel\\\/#breadcrumb\"},\"inLanguage\":\"et\",\"potentialAction\":[{\"@type\":\"ReadAction\",\"target\":[\"https:\\\/\\\/www.stair24.com\\\/et\\\/kasulik-informatsioon\\\/5-nouannet-trepi-valimisel\\\/\"]}]},{\"@type\":\"ImageObject\",\"inLanguage\":\"et\",\"@id\":\"https:\\\/\\\/www.stair24.com\\\/et\\\/kasulik-informatsioon\\\/5-nouannet-trepi-valimisel\\\/#primaryimage\",\"url\":\"https:\\\/\\\/www.stair24.com\\\/wp-content\\\/uploads\\\/2023\\\/12\\\/trepi-valmistamine-treppide-muuk-treppide-paigaldus-14.jpg\",\"contentUrl\":\"https:\\\/\\\/www.stair24.com\\\/wp-content\\\/uploads\\\/2023\\\/12\\\/trepi-valmistamine-treppide-muuk-treppide-paigaldus-14.jpg\",\"width\":2560,\"height\":2306,\"caption\":\"trepp-koos-paigaldusega-portfoolio-s5\"},{\"@type\":\"BreadcrumbList\",\"@id\":\"https:\\\/\\\/www.stair24.com\\\/et\\\/kasulik-informatsioon\\\/5-nouannet-trepi-valimisel\\\/#breadcrumb\",\"itemListElement\":[{\"@type\":\"ListItem\",\"position\":1,\"name\":\"Home\",\"item\":\"https:\\\/\\\/www.stair24.com\\\/et\\\/\"},{\"@type\":\"ListItem\",\"position\":2,\"name\":\"Kasulik informatsioon\",\"item\":\"https:\\\/\\\/www.stair24.com\\\/et\\\/kasulik-informatsioon\\\/\"},{\"@type\":\"ListItem\",\"position\":3,\"name\":\"5 n\u00f5uannet trepi valimisel\"}]},{\"@type\":\"WebSite\",\"@id\":\"https:\\\/\\\/www.stair24.com\\\/et\\\/#website\",\"url\":\"https:\\\/\\\/www.stair24.com\\\/et\\\/\",\"name\":\"STAIR 24 | Kvaliteetsed trepid\",\"description\":\"Valmistame treppe igas kujus ning suuruses. Trepid on meie kirg ning oleme \u00fcks suurimaid treppide tootja p\u00f5hjamaades. Proovige meie uut trepikalkulaatorit. Parima kvaliteediga trepid, kiire tarne ning soodne hind.\",\"publisher\":{\"@id\":\"https:\\\/\\\/www.stair24.com\\\/et\\\/#organization\"},\"potentialAction\":[{\"@type\":\"SearchAction\",\"target\":{\"@type\":\"EntryPoint\",\"urlTemplate\":\"https:\\\/\\\/www.stair24.com\\\/et\\\/?s={search_term_string}\"},\"query-input\":{\"@type\":\"PropertyValueSpecification\",\"valueRequired\":true,\"valueName\":\"search_term_string\"}}],\"inLanguage\":\"et\"},{\"@type\":\"Organization\",\"@id\":\"https:\\\/\\\/www.stair24.com\\\/et\\\/#organization\",\"name\":\"STAIR 24 | Kvaliteetsed trepid\",\"url\":\"https:\\\/\\\/www.stair24.com\\\/et\\\/\",\"logo\":{\"@type\":\"ImageObject\",\"inLanguage\":\"et\",\"@id\":\"https:\\\/\\\/www.stair24.com\\\/et\\\/#\\\/schema\\\/logo\\\/image\\\/\",\"url\":\"https:\\\/\\\/www.stair24.com\\\/wp-content\\\/uploads\\\/2022\\\/12\\\/trep-stair24_logo-1.png\",\"contentUrl\":\"https:\\\/\\\/www.stair24.com\\\/wp-content\\\/uploads\\\/2022\\\/12\\\/trep-stair24_logo-1.png\",\"width\":302,\"height\":85,\"caption\":\"STAIR 24 | Kvaliteetsed trepid\"},\"image\":{\"@id\":\"https:\\\/\\\/www.stair24.com\\\/et\\\/#\\\/schema\\\/logo\\\/image\\\/\"},\"sameAs\":[\"https:\\\/\\\/www.facebook.com\\\/AruGrupp\",\"https:\\\/\\\/www.instagram.com\\\/stair.24\\\/\",\"https:\\\/\\\/www.youtube.com\\\/@stair24com\"]}]}<\/script>\n<!-- \/ Yoast SEO plugin. -->","yoast_head_json":{"title":"5 n\u00f5uannet trepi valimisel - Trepp Stair24","description":"Kuidas valida treppi? Trepp, mis sobib Teie kodu interj\u00f6\u00f6riga. Stair24 annab 5 n\u00f5uannet trepi valimisel. Trepi tellimiseks v\u00f5ta \u00fchendust Stair24.","robots":{"index":"index","follow":"follow","max-snippet":"max-snippet:-1","max-image-preview":"max-image-preview:large","max-video-preview":"max-video-preview:-1"},"canonical":"https:\/\/www.stair24.com\/et\/kasulik-informatsioon\/5-nouannet-trepi-valimisel\/","og_locale":"et_EE","og_type":"article","og_title":"5 n\u00f5uannet trepi valimisel - Trepp Stair24","og_description":"Kuidas valida treppi? Trepp, mis sobib Teie kodu interj\u00f6\u00f6riga. Stair24 annab 5 n\u00f5uannet trepi valimisel. Trepi tellimiseks v\u00f5ta \u00fchendust Stair24.","og_url":"https:\/\/www.stair24.com\/et\/kasulik-informatsioon\/5-nouannet-trepi-valimisel\/","og_site_name":"STAIR24","article_publisher":"https:\/\/www.facebook.com\/AruGrupp","article_modified_time":"2024-11-21T07:20:04+00:00","og_image":[{"width":2560,"height":2306,"url":"https:\/\/www.stair24.com\/wp-content\/uploads\/2023\/12\/trepi-valmistamine-treppide-muuk-treppide-paigaldus-14.jpg","type":"image\/jpeg"}],"twitter_card":"summary_large_image","twitter_misc":{"Est. reading time":"3 minutit"},"schema":{"@context":"https:\/\/schema.org","@graph":[{"@type":"WebPage","@id":"https:\/\/www.stair24.com\/et\/kasulik-informatsioon\/5-nouannet-trepi-valimisel\/","url":"https:\/\/www.stair24.com\/et\/kasulik-informatsioon\/5-nouannet-trepi-valimisel\/","name":"5 n\u00f5uannet trepi valimisel - Trepp Stair24","isPartOf":{"@id":"https:\/\/www.stair24.com\/et\/#website"},"primaryImageOfPage":{"@id":"https:\/\/www.stair24.com\/et\/kasulik-informatsioon\/5-nouannet-trepi-valimisel\/#primaryimage"},"image":{"@id":"https:\/\/www.stair24.com\/et\/kasulik-informatsioon\/5-nouannet-trepi-valimisel\/#primaryimage"},"thumbnailUrl":"https:\/\/www.stair24.com\/wp-content\/uploads\/2023\/12\/trepi-valmistamine-treppide-muuk-treppide-paigaldus-14.jpg","datePublished":"2023-12-13T16:15:14+00:00","dateModified":"2024-11-21T07:20:04+00:00","description":"Kuidas valida treppi? Trepp, mis sobib Teie kodu interj\u00f6\u00f6riga. Stair24 annab 5 n\u00f5uannet trepi valimisel. Trepi tellimiseks v\u00f5ta \u00fchendust Stair24.","breadcrumb":{"@id":"https:\/\/www.stair24.com\/et\/kasulik-informatsioon\/5-nouannet-trepi-valimisel\/#breadcrumb"},"inLanguage":"et","potentialAction":[{"@type":"ReadAction","target":["https:\/\/www.stair24.com\/et\/kasulik-informatsioon\/5-nouannet-trepi-valimisel\/"]}]},{"@type":"ImageObject","inLanguage":"et","@id":"https:\/\/www.stair24.com\/et\/kasulik-informatsioon\/5-nouannet-trepi-valimisel\/#primaryimage","url":"https:\/\/www.stair24.com\/wp-content\/uploads\/2023\/12\/trepi-valmistamine-treppide-muuk-treppide-paigaldus-14.jpg","contentUrl":"https:\/\/www.stair24.com\/wp-content\/uploads\/2023\/12\/trepi-valmistamine-treppide-muuk-treppide-paigaldus-14.jpg","width":2560,"height":2306,"caption":"trepp-koos-paigaldusega-portfoolio-s5"},{"@type":"BreadcrumbList","@id":"https:\/\/www.stair24.com\/et\/kasulik-informatsioon\/5-nouannet-trepi-valimisel\/#breadcrumb","itemListElement":[{"@type":"ListItem","position":1,"name":"Home","item":"https:\/\/www.stair24.com\/et\/"},{"@type":"ListItem","position":2,"name":"Kasulik informatsioon","item":"https:\/\/www.stair24.com\/et\/kasulik-informatsioon\/"},{"@type":"ListItem","position":3,"name":"5 n\u00f5uannet trepi valimisel"}]},{"@type":"WebSite","@id":"https:\/\/www.stair24.com\/et\/#website","url":"https:\/\/www.stair24.com\/et\/","name":"STAIR 24 | Kvaliteetsed trepid","description":"Valmistame treppe igas kujus ning suuruses. Trepid on meie kirg ning oleme \u00fcks suurimaid treppide tootja p\u00f5hjamaades. Proovige meie uut trepikalkulaatorit. Parima kvaliteediga trepid, kiire tarne ning soodne hind.","publisher":{"@id":"https:\/\/www.stair24.com\/et\/#organization"},"potentialAction":[{"@type":"SearchAction","target":{"@type":"EntryPoint","urlTemplate":"https:\/\/www.stair24.com\/et\/?s={search_term_string}"},"query-input":{"@type":"PropertyValueSpecification","valueRequired":true,"valueName":"search_term_string"}}],"inLanguage":"et"},{"@type":"Organization","@id":"https:\/\/www.stair24.com\/et\/#organization","name":"STAIR 24 | Kvaliteetsed trepid","url":"https:\/\/www.stair24.com\/et\/","logo":{"@type":"ImageObject","inLanguage":"et","@id":"https:\/\/www.stair24.com\/et\/#\/schema\/logo\/image\/","url":"https:\/\/www.stair24.com\/wp-content\/uploads\/2022\/12\/trep-stair24_logo-1.png","contentUrl":"https:\/\/www.stair24.com\/wp-content\/uploads\/2022\/12\/trep-stair24_logo-1.png","width":302,"height":85,"caption":"STAIR 24 | Kvaliteetsed trepid"},"image":{"@id":"https:\/\/www.stair24.com\/et\/#\/schema\/logo\/image\/"},"sameAs":["https:\/\/www.facebook.com\/AruGrupp","https:\/\/www.instagram.com\/stair.24\/","https:\/\/www.youtube.com\/@stair24com"]}]}},"_links":{"self":[{"href":"https:\/\/www.stair24.com\/et\/wp-json\/wp\/v2\/pages\/8747","targetHints":{"allow":["GET"]}}],"collection":[{"href":"https:\/\/www.stair24.com\/et\/wp-json\/wp\/v2\/pages"}],"about":[{"href":"https:\/\/www.stair24.com\/et\/wp-json\/wp\/v2\/types\/page"}],"author":[{"embeddable":true,"href":"https:\/\/www.stair24.com\/et\/wp-json\/wp\/v2\/users\/1"}],"replies":[{"embeddable":true,"href":"https:\/\/www.stair24.com\/et\/wp-json\/wp\/v2\/comments?post=8747"}],"version-history":[{"count":4,"href":"https:\/\/www.stair24.com\/et\/wp-json\/wp\/v2\/pages\/8747\/revisions"}],"predecessor-version":[{"id":18555,"href":"https:\/\/www.stair24.com\/et\/wp-json\/wp\/v2\/pages\/8747\/revisions\/18555"}],"up":[{"embeddable":true,"href":"https:\/\/www.stair24.com\/et\/wp-json\/wp\/v2\/pages\/7821"}],"wp:featuredmedia":[{"embeddable":true,"href":"https:\/\/www.stair24.com\/et\/wp-json\/wp\/v2\/media\/8748"}],"wp:attachment":[{"href":"https:\/\/www.stair24.com\/et\/wp-json\/wp\/v2\/media?parent=8747"}],"curies":[{"name":"wp","href":"https:\/\/api.w.org\/{rel}","templated":true}]}}