{"id":9304,"date":"2023-12-15T10:42:00","date_gmt":"2023-12-15T08:42:00","guid":{"rendered":"https:\/\/www.stair24.com\/?page_id=9304"},"modified":"2025-03-14T13:03:49","modified_gmt":"2025-03-14T11:03:49","slug":"toetused","status":"publish","type":"page","link":"https:\/\/www.stair24.com\/et\/toetused\/","title":{"rendered":"Toetused"},"content":{"rendered":"<div id=\"two-column-block-block_af157f5b0b2512940664d0eca981e5a9\" class=\"two-column-block contribution\">\n    <div class=\"container\">\n        <div class=\"row align-items-center\">\n            <div class=\"col col-lg-6 col-12\">\n                <div class=\"left_content\">\n                    <h3>Projekt EU 51887 Aru Grupp AS Arenguprogrammi projekti plaan<\/h3>\n<p><strong>Periood 01.11.2017 \u2013 30.04.2022<\/strong><\/p>\n<p>Aru Grupp AS sai toetust meetmest &#8220;Ettev\u00f5tte arenguprogrammi toetusmeede&#8221;. Projekti eesm\u00e4rgiks on viia ettev\u00f5te kvalitatiivselt j\u00e4rgmisele tasemele l\u00e4bi toote- ja tarkvaralahenduste, tehnoloogia, m\u00fc\u00fcgiprotsesside ning juhtimismeetodite arenduse. Tegevused viiakse l\u00e4bi vahemikus november 2017 kuni aprill 2022.<\/p>\n<p>Projekti raames viiakse ellu Arenguplaani esimese osa tegevused, mis kindlustavad kogu 3 aastase ts\u00fckliga Arenguplaani \u00f5nnestumise vastavalt eesm\u00e4rgiks seatud numbrilistele tulemustele m\u00f5\u00f5detuna 2022.a.<\/p>\n<p>Aru Grupp AS arenguplaani eesm\u00e4rk on ettev\u00f5tte pikaajalise j\u00e4tkusuutlikkuse kindlustamine:<\/p>\n<ul>\n<li>ettev\u00f5tte turuosa kasv (k\u00e4ive)<\/li>\n<li>ettev\u00f5tte sissetulekute suurenemine (puhaskasum)<\/li>\n<li>ettev\u00f5tte t\u00f6\u00f6tajate sissetulekute suurenemine (palk)<\/li>\n<\/ul>\n<p>Fondi nimetus: Euroopa Regionaalarengu Fond.<\/p>\n<p><strong>Toetuse summa: 484 951.49 eurot<\/strong><\/p>\n                <\/div>\n            <\/div>\n                                                                        <div class=\"images col col-lg-4 col-12\">\n                        <div class=\"row justify-content-lg-start justify-content-center\">\n                                                                                            <div class=\"image_wrap col col-xl-6 col-6 d-flex align-items-center justify-content-center\">\n                                    <img loading=\"lazy\" decoding=\"async\" class=\"no-lazy\" src=\"https:\/\/www.stair24.com\/wp-content\/uploads\/2023\/12\/trepid-stair24-el_reg_v_block.png\" width=\"227\" height=\"428\" alt=\"eu-kvaliteet-1\">\n                                <\/div>\n                                                    <\/div>\n                    <\/div>\n                                    <\/div>\n            <\/div>\n<\/div>\n\n<div id=\"two-column-block-block_8a1d7bbeef9cc68fe040ae59d8ce27d0\" class=\"two-column-block contribution\">\n    <div class=\"container\">\n        <div class=\"row align-items-center\">\n            <div class=\"col col-lg-6 col-12\">\n                <div class=\"left_content\">\n                    <p><strong>Projekt DEP.1.01.23-0025 Aru Grupp AS k\u00fcberp\u00f6\u00f6rde teekaardi koostamine<\/strong><\/p>\n<p>Periood 12.06.2023 \u2013 11.10.2023<b><br \/>\n<\/b><\/p>\n<p>&nbsp;<\/p>\n<p>Aru Grupp AS sai toetust meetmest \u201cK\u00fcberturvalisuse taseme kaardistamise ja arendamise toetamise tingimused ja kord\u201d I tegevussuund.<\/p>\n<p>K\u00e4esoleva projekti eesm\u00e4rk on v\u00e4lise n\u00f5ustaja kaasabil hinnata ettev\u00f5tte infos\u00fcsteemide infoturbealast olukorda, koostatakse teekaart.<\/p>\n<p><b>Projekti toetab Euroopa K\u00fcberkompetentsikeskus oma liikmetega<\/b><\/p>\n<p><strong>Toetuse summa 3 300.- eurot<\/strong><\/p>\n                <\/div>\n            <\/div>\n                                                                        <div class=\"images col col-lg-4 col-12\">\n                        <div class=\"row justify-content-lg-start justify-content-center\">\n                                                                                            <div class=\"image_wrap col col-xl-6 col-6 d-flex align-items-center justify-content-center\">\n                                    <img loading=\"lazy\" decoding=\"async\" class=\"no-lazy\" src=\"https:\/\/www.stair24.com\/wp-content\/uploads\/2025\/03\/kaks-logo-est_vertical-blue_white-7-1.bmp\" width=\"700\" height=\"1500\" alt=\"Trepide tootmine - Euroopa Liit\">\n                                <\/div>\n                                                    <\/div>\n                    <\/div>\n                                    <\/div>\n            <\/div>\n<\/div>\n\n<div id=\"two-column-block-block_20def3366e5be78e94474435571a71b9\" class=\"two-column-block contribution\">\n    <div class=\"container\">\n        <div class=\"row align-items-center\">\n            <div class=\"col col-lg-6 col-12\">\n                <div class=\"left_content\">\n                    <p><strong>Aru Grupp AS sai toetust \u201cK\u00fcberturvalisuse taseme kaardistamise ja arendamise toetamise tingimused ja kord\u201d toetusmeetmest.<\/strong><\/p>\n<p><strong>Projekt nr. DEP.1.01.24-0144<\/strong><\/p>\n<p>Projekti nimi: Aru Grupp AS k\u00fcberturvalisuse teekaardi arendustegevuste elluviimine\u201d<\/p>\n<p><strong>Toetuse summa 38\u00a0766.25 eurot<\/strong><\/p>\n<p>Projekti eesm\u00e4rk: ettev\u00f5tte IT alaste tegevuste, seadmete turvalisuse t\u00f5stmine.<\/p>\n<p>Projekt viidi ellu perioodil 06.08.2024 \u2013 28.02.2025<\/p>\n<p>\u201cProjekti toetab Euroopa K\u00fcberkompetentsikeskus oma liikmetega\u201d.<\/p>\n<p>Oleme t\u00e4nulikud toetuste eest.<\/p>\n                <\/div>\n            <\/div>\n                                                                        <div class=\"images col col-lg-4 col-12\">\n                        <div class=\"row justify-content-lg-start justify-content-center\">\n                                                                                            <div class=\"image_wrap col col-xl-6 col-6 d-flex align-items-center justify-content-center\">\n                                    <img loading=\"lazy\" decoding=\"async\" class=\"no-lazy\" src=\"https:\/\/www.stair24.com\/wp-content\/uploads\/2025\/03\/kaks-logo-est_vertical-blue_white-7-1.bmp\" width=\"700\" height=\"1500\" alt=\"Trepide tootmine - Euroopa Liit\">\n                                <\/div>\n                                                    <\/div>\n                    <\/div>\n                                    <\/div>\n            <\/div>\n<\/div>\n\n\n\n\n<p><\/p>\n","protected":false},"excerpt":{"rendered":"","protected":false},"author":1,"featured_media":0,"parent":0,"menu_order":0,"comment_status":"closed","ping_status":"closed","template":"","meta":{"_acf_changed":false,"footnotes":""},"class_list":["post-9304","page","type-page","status-publish","hentry"],"acf":[],"yoast_head":"<!-- This site is optimized with the Yoast SEO plugin v27.5 - https:\/\/yoast.com\/product\/yoast-seo-wordpress\/ -->\n<title>Toetused - STAIR24<\/title>\n<meta name=\"robots\" content=\"index, follow, max-snippet:-1, max-image-preview:large, max-video-preview:-1\" \/>\n<link rel=\"canonical\" href=\"https:\/\/www.stair24.com\/et\/toetused\/\" \/>\n<meta property=\"og:locale\" content=\"et_EE\" \/>\n<meta property=\"og:type\" content=\"article\" \/>\n<meta property=\"og:title\" content=\"Toetused - STAIR24\" \/>\n<meta property=\"og:url\" content=\"https:\/\/www.stair24.com\/et\/toetused\/\" \/>\n<meta property=\"og:site_name\" content=\"STAIR24\" \/>\n<meta property=\"article:publisher\" content=\"https:\/\/www.facebook.com\/AruGrupp\" \/>\n<meta property=\"article:modified_time\" content=\"2025-03-14T11:03:49+00:00\" \/>\n<meta property=\"og:image\" content=\"https:\/\/www.stair24.com\/wp-content\/uploads\/2022\/12\/trepid-stair24_logo-2.png\" \/>\n\t<meta property=\"og:image:width\" content=\"711\" \/>\n\t<meta property=\"og:image:height\" content=\"200\" \/>\n\t<meta property=\"og:image:type\" content=\"image\/png\" \/>\n<meta name=\"twitter:card\" content=\"summary_large_image\" \/>\n<script type=\"application\/ld+json\" class=\"yoast-schema-graph\">{\"@context\":\"https:\\\/\\\/schema.org\",\"@graph\":[{\"@type\":\"WebPage\",\"@id\":\"https:\\\/\\\/www.stair24.com\\\/et\\\/toetused\\\/\",\"url\":\"https:\\\/\\\/www.stair24.com\\\/et\\\/toetused\\\/\",\"name\":\"Toetused - STAIR24\",\"isPartOf\":{\"@id\":\"https:\\\/\\\/www.stair24.com\\\/et\\\/#website\"},\"datePublished\":\"2023-12-15T08:42:00+00:00\",\"dateModified\":\"2025-03-14T11:03:49+00:00\",\"breadcrumb\":{\"@id\":\"https:\\\/\\\/www.stair24.com\\\/et\\\/toetused\\\/#breadcrumb\"},\"inLanguage\":\"et\",\"potentialAction\":[{\"@type\":\"ReadAction\",\"target\":[\"https:\\\/\\\/www.stair24.com\\\/et\\\/toetused\\\/\"]}]},{\"@type\":\"BreadcrumbList\",\"@id\":\"https:\\\/\\\/www.stair24.com\\\/et\\\/toetused\\\/#breadcrumb\",\"itemListElement\":[{\"@type\":\"ListItem\",\"position\":1,\"name\":\"Home\",\"item\":\"https:\\\/\\\/www.stair24.com\\\/et\\\/\"},{\"@type\":\"ListItem\",\"position\":2,\"name\":\"Toetused\"}]},{\"@type\":\"WebSite\",\"@id\":\"https:\\\/\\\/www.stair24.com\\\/et\\\/#website\",\"url\":\"https:\\\/\\\/www.stair24.com\\\/et\\\/\",\"name\":\"STAIR 24 | Kvaliteetsed trepid\",\"description\":\"Valmistame treppe igas kujus ning suuruses. Trepid on meie kirg ning oleme \u00fcks suurimaid treppide tootja p\u00f5hjamaades. Proovige meie uut trepikalkulaatorit. Parima kvaliteediga trepid, kiire tarne ning soodne hind.\",\"publisher\":{\"@id\":\"https:\\\/\\\/www.stair24.com\\\/et\\\/#organization\"},\"potentialAction\":[{\"@type\":\"SearchAction\",\"target\":{\"@type\":\"EntryPoint\",\"urlTemplate\":\"https:\\\/\\\/www.stair24.com\\\/et\\\/?s={search_term_string}\"},\"query-input\":{\"@type\":\"PropertyValueSpecification\",\"valueRequired\":true,\"valueName\":\"search_term_string\"}}],\"inLanguage\":\"et\"},{\"@type\":\"Organization\",\"@id\":\"https:\\\/\\\/www.stair24.com\\\/et\\\/#organization\",\"name\":\"STAIR 24 | Kvaliteetsed trepid\",\"url\":\"https:\\\/\\\/www.stair24.com\\\/et\\\/\",\"logo\":{\"@type\":\"ImageObject\",\"inLanguage\":\"et\",\"@id\":\"https:\\\/\\\/www.stair24.com\\\/et\\\/#\\\/schema\\\/logo\\\/image\\\/\",\"url\":\"https:\\\/\\\/www.stair24.com\\\/wp-content\\\/uploads\\\/2022\\\/12\\\/trep-stair24_logo-1.png\",\"contentUrl\":\"https:\\\/\\\/www.stair24.com\\\/wp-content\\\/uploads\\\/2022\\\/12\\\/trep-stair24_logo-1.png\",\"width\":302,\"height\":85,\"caption\":\"STAIR 24 | Kvaliteetsed trepid\"},\"image\":{\"@id\":\"https:\\\/\\\/www.stair24.com\\\/et\\\/#\\\/schema\\\/logo\\\/image\\\/\"},\"sameAs\":[\"https:\\\/\\\/www.facebook.com\\\/AruGrupp\",\"https:\\\/\\\/www.instagram.com\\\/stair.24\\\/\",\"https:\\\/\\\/www.youtube.com\\\/@stair24com\"]}]}<\/script>\n<!-- \/ Yoast SEO plugin. -->","yoast_head_json":{"title":"Toetused - STAIR24","robots":{"index":"index","follow":"follow","max-snippet":"max-snippet:-1","max-image-preview":"max-image-preview:large","max-video-preview":"max-video-preview:-1"},"canonical":"https:\/\/www.stair24.com\/et\/toetused\/","og_locale":"et_EE","og_type":"article","og_title":"Toetused - STAIR24","og_url":"https:\/\/www.stair24.com\/et\/toetused\/","og_site_name":"STAIR24","article_publisher":"https:\/\/www.facebook.com\/AruGrupp","article_modified_time":"2025-03-14T11:03:49+00:00","og_image":[{"width":711,"height":200,"url":"https:\/\/www.stair24.com\/wp-content\/uploads\/2022\/12\/trepid-stair24_logo-2.png","type":"image\/png"}],"twitter_card":"summary_large_image","schema":{"@context":"https:\/\/schema.org","@graph":[{"@type":"WebPage","@id":"https:\/\/www.stair24.com\/et\/toetused\/","url":"https:\/\/www.stair24.com\/et\/toetused\/","name":"Toetused - STAIR24","isPartOf":{"@id":"https:\/\/www.stair24.com\/et\/#website"},"datePublished":"2023-12-15T08:42:00+00:00","dateModified":"2025-03-14T11:03:49+00:00","breadcrumb":{"@id":"https:\/\/www.stair24.com\/et\/toetused\/#breadcrumb"},"inLanguage":"et","potentialAction":[{"@type":"ReadAction","target":["https:\/\/www.stair24.com\/et\/toetused\/"]}]},{"@type":"BreadcrumbList","@id":"https:\/\/www.stair24.com\/et\/toetused\/#breadcrumb","itemListElement":[{"@type":"ListItem","position":1,"name":"Home","item":"https:\/\/www.stair24.com\/et\/"},{"@type":"ListItem","position":2,"name":"Toetused"}]},{"@type":"WebSite","@id":"https:\/\/www.stair24.com\/et\/#website","url":"https:\/\/www.stair24.com\/et\/","name":"STAIR 24 | Kvaliteetsed trepid","description":"Valmistame treppe igas kujus ning suuruses. Trepid on meie kirg ning oleme \u00fcks suurimaid treppide tootja p\u00f5hjamaades. Proovige meie uut trepikalkulaatorit. Parima kvaliteediga trepid, kiire tarne ning soodne hind.","publisher":{"@id":"https:\/\/www.stair24.com\/et\/#organization"},"potentialAction":[{"@type":"SearchAction","target":{"@type":"EntryPoint","urlTemplate":"https:\/\/www.stair24.com\/et\/?s={search_term_string}"},"query-input":{"@type":"PropertyValueSpecification","valueRequired":true,"valueName":"search_term_string"}}],"inLanguage":"et"},{"@type":"Organization","@id":"https:\/\/www.stair24.com\/et\/#organization","name":"STAIR 24 | Kvaliteetsed trepid","url":"https:\/\/www.stair24.com\/et\/","logo":{"@type":"ImageObject","inLanguage":"et","@id":"https:\/\/www.stair24.com\/et\/#\/schema\/logo\/image\/","url":"https:\/\/www.stair24.com\/wp-content\/uploads\/2022\/12\/trep-stair24_logo-1.png","contentUrl":"https:\/\/www.stair24.com\/wp-content\/uploads\/2022\/12\/trep-stair24_logo-1.png","width":302,"height":85,"caption":"STAIR 24 | Kvaliteetsed trepid"},"image":{"@id":"https:\/\/www.stair24.com\/et\/#\/schema\/logo\/image\/"},"sameAs":["https:\/\/www.facebook.com\/AruGrupp","https:\/\/www.instagram.com\/stair.24\/","https:\/\/www.youtube.com\/@stair24com"]}]}},"_links":{"self":[{"href":"https:\/\/www.stair24.com\/et\/wp-json\/wp\/v2\/pages\/9304","targetHints":{"allow":["GET"]}}],"collection":[{"href":"https:\/\/www.stair24.com\/et\/wp-json\/wp\/v2\/pages"}],"about":[{"href":"https:\/\/www.stair24.com\/et\/wp-json\/wp\/v2\/types\/page"}],"author":[{"embeddable":true,"href":"https:\/\/www.stair24.com\/et\/wp-json\/wp\/v2\/users\/1"}],"replies":[{"embeddable":true,"href":"https:\/\/www.stair24.com\/et\/wp-json\/wp\/v2\/comments?post=9304"}],"version-history":[{"count":12,"href":"https:\/\/www.stair24.com\/et\/wp-json\/wp\/v2\/pages\/9304\/revisions"}],"predecessor-version":[{"id":19177,"href":"https:\/\/www.stair24.com\/et\/wp-json\/wp\/v2\/pages\/9304\/revisions\/19177"}],"wp:attachment":[{"href":"https:\/\/www.stair24.com\/et\/wp-json\/wp\/v2\/media?parent=9304"}],"curies":[{"name":"wp","href":"https:\/\/api.w.org\/{rel}","templated":true}]}}