{"id":9390,"date":"2023-12-15T15:10:45","date_gmt":"2023-12-15T13:10:45","guid":{"rendered":"https:\/\/www.stair24.com\/?page_id=9390"},"modified":"2024-11-21T10:30:12","modified_gmt":"2024-11-21T08:30:12","slug":"trepi-tarneaeg","status":"publish","type":"page","link":"https:\/\/www.stair24.com\/et\/trepi-tarneaeg\/","title":{"rendered":"Tarneaeg"},"content":{"rendered":"\n<p><a href=\"https:\/\/www.stair24.com\/et\/\">Stair24<\/a> teenindab oma kliente kiiresti ja mugavalt.<\/p>\n\n\n\n<p>Meie toodetud treppide v\u00e4ljastamise t\u00e4htaeg tehasest on tavap\u00e4raselt 3-5 n\u00e4dalat kliendipoolsest tellimuse kinnitamisest ja ettemaksu tasumisest.<\/p>\n\n\n\n<p>Kui tellitakse lisaks ka transpordi v\u00f5i paigaldusteenus, siis lisandub 1-2 n\u00e4dalat vastavalt t\u00f6\u00f6de ja transpordi graafikule.<\/p>\n\n\n\n<p>Konkreetsed kuup\u00e4evad fikseerime tellimuse kinnitamise k\u00e4igus.<\/p>\n\n\n\n<p>Meie tugevuseks on kokkulepitud treppide tarneaegadest kinni pidamine.<\/p>\n","protected":false},"excerpt":{"rendered":"Stair24 teenindab oma kliente kiiresti ja mugavalt. Meie toodetud treppide v\u00e4ljastamise t\u00e4htaeg tehasest on tavap\u00e4raselt 3-5&#8230;","protected":false},"author":1,"featured_media":9392,"parent":0,"menu_order":0,"comment_status":"closed","ping_status":"closed","template":"page-templates\/staircase-instructions.php","meta":{"_acf_changed":false,"footnotes":""},"class_list":["post-9390","page","type-page","status-publish","has-post-thumbnail","hentry"],"acf":[],"yoast_head":"<!-- This site is optimized with the Yoast SEO plugin v27.5 - https:\/\/yoast.com\/product\/yoast-seo-wordpress\/ -->\n<title>Trepi tarneaeg - telli kvaliteetne trepp Stair24<\/title>\n<meta name=\"description\" content=\"Stair24 teenindab oma kliente kiiresti ja mugavalt. Meie toodetud treppide v\u00e4ljastamise t\u00e4htaeg tehasest on tavap\u00e4raselt 3-5 n\u00e4dalat.\" \/>\n<meta name=\"robots\" content=\"index, follow, max-snippet:-1, max-image-preview:large, max-video-preview:-1\" \/>\n<link rel=\"canonical\" href=\"https:\/\/www.stair24.com\/et\/trepi-tarneaeg\/\" \/>\n<meta property=\"og:locale\" content=\"et_EE\" \/>\n<meta property=\"og:type\" content=\"article\" \/>\n<meta property=\"og:title\" content=\"Trepi tarneaeg - telli kvaliteetne trepp Stair24\" \/>\n<meta property=\"og:description\" content=\"Stair24 teenindab oma kliente kiiresti ja mugavalt. Meie toodetud treppide v\u00e4ljastamise t\u00e4htaeg tehasest on tavap\u00e4raselt 3-5 n\u00e4dalat.\" \/>\n<meta property=\"og:url\" content=\"https:\/\/www.stair24.com\/et\/trepi-tarneaeg\/\" \/>\n<meta property=\"og:site_name\" content=\"STAIR24\" \/>\n<meta property=\"article:publisher\" content=\"https:\/\/www.facebook.com\/AruGrupp\" \/>\n<meta property=\"article:modified_time\" content=\"2024-11-21T08:30:12+00:00\" \/>\n<meta property=\"og:image\" content=\"https:\/\/www.stair24.com\/wp-content\/uploads\/2023\/12\/trepi-valmistamine-treppide-muuk-treppide-paigaldus-9.jpg\" \/>\n\t<meta property=\"og:image:width\" content=\"1200\" \/>\n\t<meta property=\"og:image:height\" content=\"800\" \/>\n\t<meta property=\"og:image:type\" content=\"image\/jpeg\" \/>\n<meta name=\"twitter:card\" content=\"summary_large_image\" \/>\n<meta name=\"twitter:label1\" content=\"Est. reading time\" \/>\n\t<meta name=\"twitter:data1\" content=\"1 minut\" \/>\n<script type=\"application\/ld+json\" class=\"yoast-schema-graph\">{\"@context\":\"https:\\\/\\\/schema.org\",\"@graph\":[{\"@type\":\"WebPage\",\"@id\":\"https:\\\/\\\/www.stair24.com\\\/et\\\/trepi-tarneaeg\\\/\",\"url\":\"https:\\\/\\\/www.stair24.com\\\/et\\\/trepi-tarneaeg\\\/\",\"name\":\"Trepi tarneaeg - telli kvaliteetne trepp Stair24\",\"isPartOf\":{\"@id\":\"https:\\\/\\\/www.stair24.com\\\/et\\\/#website\"},\"primaryImageOfPage\":{\"@id\":\"https:\\\/\\\/www.stair24.com\\\/et\\\/trepi-tarneaeg\\\/#primaryimage\"},\"image\":{\"@id\":\"https:\\\/\\\/www.stair24.com\\\/et\\\/trepi-tarneaeg\\\/#primaryimage\"},\"thumbnailUrl\":\"https:\\\/\\\/www.stair24.com\\\/wp-content\\\/uploads\\\/2023\\\/12\\\/trepi-valmistamine-treppide-muuk-treppide-paigaldus-9.jpg\",\"datePublished\":\"2023-12-15T13:10:45+00:00\",\"dateModified\":\"2024-11-21T08:30:12+00:00\",\"description\":\"Stair24 teenindab oma kliente kiiresti ja mugavalt. Meie toodetud treppide v\u00e4ljastamise t\u00e4htaeg tehasest on tavap\u00e4raselt 3-5 n\u00e4dalat.\",\"breadcrumb\":{\"@id\":\"https:\\\/\\\/www.stair24.com\\\/et\\\/trepi-tarneaeg\\\/#breadcrumb\"},\"inLanguage\":\"et\",\"potentialAction\":[{\"@type\":\"ReadAction\",\"target\":[\"https:\\\/\\\/www.stair24.com\\\/et\\\/trepi-tarneaeg\\\/\"]}]},{\"@type\":\"ImageObject\",\"inLanguage\":\"et\",\"@id\":\"https:\\\/\\\/www.stair24.com\\\/et\\\/trepi-tarneaeg\\\/#primaryimage\",\"url\":\"https:\\\/\\\/www.stair24.com\\\/wp-content\\\/uploads\\\/2023\\\/12\\\/trepi-valmistamine-treppide-muuk-treppide-paigaldus-9.jpg\",\"contentUrl\":\"https:\\\/\\\/www.stair24.com\\\/wp-content\\\/uploads\\\/2023\\\/12\\\/trepi-valmistamine-treppide-muuk-treppide-paigaldus-9.jpg\",\"width\":1200,\"height\":800,\"caption\":\"trepid-trepi-paigaldamine-portfolio-sdd\"},{\"@type\":\"BreadcrumbList\",\"@id\":\"https:\\\/\\\/www.stair24.com\\\/et\\\/trepi-tarneaeg\\\/#breadcrumb\",\"itemListElement\":[{\"@type\":\"ListItem\",\"position\":1,\"name\":\"Home\",\"item\":\"https:\\\/\\\/www.stair24.com\\\/et\\\/\"},{\"@type\":\"ListItem\",\"position\":2,\"name\":\"Tarneaeg\"}]},{\"@type\":\"WebSite\",\"@id\":\"https:\\\/\\\/www.stair24.com\\\/et\\\/#website\",\"url\":\"https:\\\/\\\/www.stair24.com\\\/et\\\/\",\"name\":\"STAIR 24 | Kvaliteetsed trepid\",\"description\":\"Valmistame treppe igas kujus ning suuruses. Trepid on meie kirg ning oleme \u00fcks suurimaid treppide tootja p\u00f5hjamaades. Proovige meie uut trepikalkulaatorit. Parima kvaliteediga trepid, kiire tarne ning soodne hind.\",\"publisher\":{\"@id\":\"https:\\\/\\\/www.stair24.com\\\/et\\\/#organization\"},\"potentialAction\":[{\"@type\":\"SearchAction\",\"target\":{\"@type\":\"EntryPoint\",\"urlTemplate\":\"https:\\\/\\\/www.stair24.com\\\/et\\\/?s={search_term_string}\"},\"query-input\":{\"@type\":\"PropertyValueSpecification\",\"valueRequired\":true,\"valueName\":\"search_term_string\"}}],\"inLanguage\":\"et\"},{\"@type\":\"Organization\",\"@id\":\"https:\\\/\\\/www.stair24.com\\\/et\\\/#organization\",\"name\":\"STAIR 24 | Kvaliteetsed trepid\",\"url\":\"https:\\\/\\\/www.stair24.com\\\/et\\\/\",\"logo\":{\"@type\":\"ImageObject\",\"inLanguage\":\"et\",\"@id\":\"https:\\\/\\\/www.stair24.com\\\/et\\\/#\\\/schema\\\/logo\\\/image\\\/\",\"url\":\"https:\\\/\\\/www.stair24.com\\\/wp-content\\\/uploads\\\/2022\\\/12\\\/trep-stair24_logo-1.png\",\"contentUrl\":\"https:\\\/\\\/www.stair24.com\\\/wp-content\\\/uploads\\\/2022\\\/12\\\/trep-stair24_logo-1.png\",\"width\":302,\"height\":85,\"caption\":\"STAIR 24 | Kvaliteetsed trepid\"},\"image\":{\"@id\":\"https:\\\/\\\/www.stair24.com\\\/et\\\/#\\\/schema\\\/logo\\\/image\\\/\"},\"sameAs\":[\"https:\\\/\\\/www.facebook.com\\\/AruGrupp\",\"https:\\\/\\\/www.instagram.com\\\/stair.24\\\/\",\"https:\\\/\\\/www.youtube.com\\\/@stair24com\"]}]}<\/script>\n<!-- \/ Yoast SEO plugin. -->","yoast_head_json":{"title":"Trepi tarneaeg - telli kvaliteetne trepp Stair24","description":"Stair24 teenindab oma kliente kiiresti ja mugavalt. Meie toodetud treppide v\u00e4ljastamise t\u00e4htaeg tehasest on tavap\u00e4raselt 3-5 n\u00e4dalat.","robots":{"index":"index","follow":"follow","max-snippet":"max-snippet:-1","max-image-preview":"max-image-preview:large","max-video-preview":"max-video-preview:-1"},"canonical":"https:\/\/www.stair24.com\/et\/trepi-tarneaeg\/","og_locale":"et_EE","og_type":"article","og_title":"Trepi tarneaeg - telli kvaliteetne trepp Stair24","og_description":"Stair24 teenindab oma kliente kiiresti ja mugavalt. Meie toodetud treppide v\u00e4ljastamise t\u00e4htaeg tehasest on tavap\u00e4raselt 3-5 n\u00e4dalat.","og_url":"https:\/\/www.stair24.com\/et\/trepi-tarneaeg\/","og_site_name":"STAIR24","article_publisher":"https:\/\/www.facebook.com\/AruGrupp","article_modified_time":"2024-11-21T08:30:12+00:00","og_image":[{"width":1200,"height":800,"url":"https:\/\/www.stair24.com\/wp-content\/uploads\/2023\/12\/trepi-valmistamine-treppide-muuk-treppide-paigaldus-9.jpg","type":"image\/jpeg"}],"twitter_card":"summary_large_image","twitter_misc":{"Est. reading time":"1 minut"},"schema":{"@context":"https:\/\/schema.org","@graph":[{"@type":"WebPage","@id":"https:\/\/www.stair24.com\/et\/trepi-tarneaeg\/","url":"https:\/\/www.stair24.com\/et\/trepi-tarneaeg\/","name":"Trepi tarneaeg - telli kvaliteetne trepp Stair24","isPartOf":{"@id":"https:\/\/www.stair24.com\/et\/#website"},"primaryImageOfPage":{"@id":"https:\/\/www.stair24.com\/et\/trepi-tarneaeg\/#primaryimage"},"image":{"@id":"https:\/\/www.stair24.com\/et\/trepi-tarneaeg\/#primaryimage"},"thumbnailUrl":"https:\/\/www.stair24.com\/wp-content\/uploads\/2023\/12\/trepi-valmistamine-treppide-muuk-treppide-paigaldus-9.jpg","datePublished":"2023-12-15T13:10:45+00:00","dateModified":"2024-11-21T08:30:12+00:00","description":"Stair24 teenindab oma kliente kiiresti ja mugavalt. Meie toodetud treppide v\u00e4ljastamise t\u00e4htaeg tehasest on tavap\u00e4raselt 3-5 n\u00e4dalat.","breadcrumb":{"@id":"https:\/\/www.stair24.com\/et\/trepi-tarneaeg\/#breadcrumb"},"inLanguage":"et","potentialAction":[{"@type":"ReadAction","target":["https:\/\/www.stair24.com\/et\/trepi-tarneaeg\/"]}]},{"@type":"ImageObject","inLanguage":"et","@id":"https:\/\/www.stair24.com\/et\/trepi-tarneaeg\/#primaryimage","url":"https:\/\/www.stair24.com\/wp-content\/uploads\/2023\/12\/trepi-valmistamine-treppide-muuk-treppide-paigaldus-9.jpg","contentUrl":"https:\/\/www.stair24.com\/wp-content\/uploads\/2023\/12\/trepi-valmistamine-treppide-muuk-treppide-paigaldus-9.jpg","width":1200,"height":800,"caption":"trepid-trepi-paigaldamine-portfolio-sdd"},{"@type":"BreadcrumbList","@id":"https:\/\/www.stair24.com\/et\/trepi-tarneaeg\/#breadcrumb","itemListElement":[{"@type":"ListItem","position":1,"name":"Home","item":"https:\/\/www.stair24.com\/et\/"},{"@type":"ListItem","position":2,"name":"Tarneaeg"}]},{"@type":"WebSite","@id":"https:\/\/www.stair24.com\/et\/#website","url":"https:\/\/www.stair24.com\/et\/","name":"STAIR 24 | Kvaliteetsed trepid","description":"Valmistame treppe igas kujus ning suuruses. Trepid on meie kirg ning oleme \u00fcks suurimaid treppide tootja p\u00f5hjamaades. Proovige meie uut trepikalkulaatorit. Parima kvaliteediga trepid, kiire tarne ning soodne hind.","publisher":{"@id":"https:\/\/www.stair24.com\/et\/#organization"},"potentialAction":[{"@type":"SearchAction","target":{"@type":"EntryPoint","urlTemplate":"https:\/\/www.stair24.com\/et\/?s={search_term_string}"},"query-input":{"@type":"PropertyValueSpecification","valueRequired":true,"valueName":"search_term_string"}}],"inLanguage":"et"},{"@type":"Organization","@id":"https:\/\/www.stair24.com\/et\/#organization","name":"STAIR 24 | Kvaliteetsed trepid","url":"https:\/\/www.stair24.com\/et\/","logo":{"@type":"ImageObject","inLanguage":"et","@id":"https:\/\/www.stair24.com\/et\/#\/schema\/logo\/image\/","url":"https:\/\/www.stair24.com\/wp-content\/uploads\/2022\/12\/trep-stair24_logo-1.png","contentUrl":"https:\/\/www.stair24.com\/wp-content\/uploads\/2022\/12\/trep-stair24_logo-1.png","width":302,"height":85,"caption":"STAIR 24 | Kvaliteetsed trepid"},"image":{"@id":"https:\/\/www.stair24.com\/et\/#\/schema\/logo\/image\/"},"sameAs":["https:\/\/www.facebook.com\/AruGrupp","https:\/\/www.instagram.com\/stair.24\/","https:\/\/www.youtube.com\/@stair24com"]}]}},"_links":{"self":[{"href":"https:\/\/www.stair24.com\/et\/wp-json\/wp\/v2\/pages\/9390","targetHints":{"allow":["GET"]}}],"collection":[{"href":"https:\/\/www.stair24.com\/et\/wp-json\/wp\/v2\/pages"}],"about":[{"href":"https:\/\/www.stair24.com\/et\/wp-json\/wp\/v2\/types\/page"}],"author":[{"embeddable":true,"href":"https:\/\/www.stair24.com\/et\/wp-json\/wp\/v2\/users\/1"}],"replies":[{"embeddable":true,"href":"https:\/\/www.stair24.com\/et\/wp-json\/wp\/v2\/comments?post=9390"}],"version-history":[{"count":2,"href":"https:\/\/www.stair24.com\/et\/wp-json\/wp\/v2\/pages\/9390\/revisions"}],"predecessor-version":[{"id":18562,"href":"https:\/\/www.stair24.com\/et\/wp-json\/wp\/v2\/pages\/9390\/revisions\/18562"}],"wp:featuredmedia":[{"embeddable":true,"href":"https:\/\/www.stair24.com\/et\/wp-json\/wp\/v2\/media\/9392"}],"wp:attachment":[{"href":"https:\/\/www.stair24.com\/et\/wp-json\/wp\/v2\/media?parent=9390"}],"curies":[{"name":"wp","href":"https:\/\/api.w.org\/{rel}","templated":true}]}}