{"id":4343,"date":"2022-12-06T14:41:16","date_gmt":"2022-12-06T12:41:16","guid":{"rendered":"https:\/\/www.stair24.com\/ostotiedot\/"},"modified":"2023-10-16T15:16:02","modified_gmt":"2023-10-16T13:16:02","slug":"ostotiedot","status":"publish","type":"page","link":"https:\/\/www.stair24.com\/fi\/ostotiedot\/","title":{"rendered":"Ostotiedot"},"content":{"rendered":"\n<ol class=\"wp-block-list\">\n<li>Valitse maa.<\/li>\n\n\n\n<li>Tutustu sis\u00e4lt\u00f6\u00f6n, katso tietoa ja videoaineistoja.<\/li>\n\n\n\n<li>Valitse portaiden muoto.<\/li>\n\n\n\n<li>Valitse portaiden k\u00e4tisyys.<\/li>\n\n\n\n<li>Tutustu 8-vaiheiseen portaiden valintakaavioon.<\/li>\n\n\n\n<li>K\u00e4yt\u00e4 suodattimia itsellesi sopivan porrastyypin hakuun.<\/li>\n\n\n\n<li>K\u00e4yt\u00e4 vertailumahdollisuutta itsellesi sopivan porrastyypin hakuun.<\/li>\n\n\n\n<li>Katso tuotetta l\u00e4hemmin: suurenna ja k\u00e4yt\u00e4 3D:t\u00e4.<\/li>\n\n\n\n<li>Anna portaillesi projektinimi.<\/li>\n\n\n\n<li>Valitse portaittesi askelmien ja k\u00e4sijohteen puulaji, puun ryhm\u00e4 ja viimeistely.<\/li>\n\n\n\n<li>Valitse portaiden, kaiteiden ja taustalevyjen sopiva puulaji, puun ryhm\u00e4 ja viimeistely.<\/li>\n\n\n\n<li>Jos on lis\u00e4tietoa, kirjoita rohkeasti, jos kysymyksi\u00e4, kysy tietokeskukseltamme.<\/li>\n\n\n\n<li>Valitse rakennuksessasi olevan porrasaukon tyyppi.<\/li>\n\n\n\n<li>Kirjoitan porrasaukkosi mitat.<\/li>\n\n\n\n<li>Jos tilaat mittaamisen Stair24:lt\u00e4, kirjoittamasi mitat ovat alustavan hintalaskelman perustana. Lopulliset t\u00e4smennetyt mitat selvi\u00e4v\u00e4t Stair24:n edustajan mittaamisen j\u00e4lkeen.<\/li>\n\n\n\n<li>Tarjoamme porrasaukon mittojen mukaan suositeltavia porrasmittoja. Tarvittaessa oikaise rohkeasti.<\/li>\n\n\n\n<li>Tarkasta, ett\u00e4 strategiset parametrit ovat standardin mukaiset (vihre\u00e4t). Tarvittaessa noudata info-napin alla olevia suosituksia ja oikaise mittoja. Toisinaan tulee kohteen mittojen vuoksi hyv\u00e4ksy\u00e4 standardista poikkeavuuksia.<\/li>\n\n\n\n<li>Ota huomioon, ett\u00e4 n\u00e4ytett\u00e4v\u00e4 kaaviopiirros ja portaiden 3D-kuva eiv\u00e4t ole mittakaavassa. Sinun mittojesi mukaan luodaan mittakaavassa oikaistu piirros ja 3D-kuva ja STAIR24 l\u00e4hett\u00e4\u00e4 ne yhdess\u00e4 tilausvahvistuksen kanssa s\u00e4hk\u00f6postiisi.<\/li>\n\n\n\n<li>Valitse portaisiisi lis\u00e4t. Tilausvahvistuksen kanssa l\u00e4hetett\u00e4viss\u00e4 piirroksissa ja 3D-kuvassa esitet\u00e4\u00e4n valitsemasi lis\u00e4t.<\/li>\n\n\n\n<li>Aloita ostoskoriin lis\u00e4\u00e4minen ja tarkasta viel\u00e4 kerran, ett\u00e4 sait itsellesi parhaat portaat lisineen ja palvelupaketteineen (3D-piirros ei ole mittakaavassa). Jos haluat muuttaa jotakin, liiku rohkeasti takaisin p\u00e4in, tietosi s\u00e4ilytet\u00e4\u00e4n.<\/li>\n\n\n\n<li>Lis\u00e4\u00e4 tuote ostoskoriin.<\/li>\n\n\n\n<li>Jos on valittu enemm\u00e4n kuin 1 tuote, lis\u00e4\u00e4 m\u00e4\u00e4r\u00e4\u00e4.<\/li>\n\n\n\n<li>Jos haluat ostaa valittujen lis\u00e4ksi muita tuotteita, jatka ostelua.<\/li>\n\n\n\n<li>Valitse tarvittavat palvelut: toimitus, mittaus- ja asennuspalvelu.<\/li>\n\n\n\n<li>Valitse toimitusviikko, tarkasta myyntiehdot.<\/li>\n\n\n\n<li>Oston suorittamiseksi tulee olla tili. Jos tili on jo aiemmasta olemassa, kirjaudu sis\u00e4\u00e4n.<\/li>\n\n\n\n<li>Alennus koskee valittuja tuotteita. Se ei koske palveluita (mittaaminen, kuljetus, asennus).<\/li>\n\n\n\n<li>Jos ostan ensimm\u00e4ist\u00e4 kertaa, p\u00e4\u00e4t\u00e4 ostatko yksityisasiakkaana vai yritysasiakkaana.<\/li>\n\n\n\n<li>Kirjoita omat tietosi.<\/li>\n\n\n\n<li>Vahvista tiedot, joilla tilisi on luotu, niin olet automaattisesti kirjautunut sis\u00e4\u00e4n.<\/li>\n\n\n\n<li>Kirjoita toimitusosoite.<\/li>\n\n\n\n<li>Valitse maksutapa.<\/li>\n\n\n\n<li>Suorita ennakkomaksu 50 % (osamaksulla 0 %).<\/li>\n\n\n\n<li>STAIR24.com -verkkokaupan (jatkossa nimell\u00e4 verkkokauppa) omistaja on ARU GRUPP AS (jatkossa nimell\u00e4 Valmistaja) (rekisterikoodi 10108425), kotipaikka Rakvere tee 12, Hulja, Kadrina vald 45203, L\u00e4\u00e4ne-Virumaa, Viro, ja asiakas, joka laatii STAIR24.com-verkkokaupassa tilauksen ja tunnistautuu.<\/li>\n\n\n\n<li>24 h kuluessa (ty\u00f6viikolla) STAIR24 l\u00e4hett\u00e4\u00e4 tilausvahvistuksen.<\/li>\n\n\n\n<li>Seuraavien 24 h kuluessa STAIR24 odottaa vahvistamaasi tilausvahvistusta takaisin pysy\u00e4kseen luvatussa toimitusaikataulussa.<\/li>\n\n\n\n<li>Toimitusviikkoa edelt\u00e4v\u00e4n viikon maanantaina STAIR24 l\u00e4hett\u00e4\u00e4 s\u00e4hk\u00f6postiisi tietoa tuotteiden valmistumisesta ja toimituksesta.<\/li>\n\n\n\n<li>Suorita toisen osamaksun maksaminen yhteens\u00e4 100 % viimeist\u00e4\u00e4n toimitusviikkoa edelt\u00e4v\u00e4n\u00e4 tiistaina (osamaksun yhteydess\u00e4 osamaksuaikataulun mukaisesti).<\/li>\n\n\n\n<li>Asennuspalvelun tilaamisen yhteydess\u00e4 STAIR24 l\u00e4hett\u00e4\u00e4 toimitusviikkoa edelt\u00e4v\u00e4n\u00e4 torstaina s\u00e4hk\u00f6postiisi asennussuunnitelman.<\/li>\n\n\n\n<li>Seuraavien 24 h kuluessa STAIR24 odottaa vahvistamaasi tilausvahvistusta takaisin pysy\u00e4kseen luvatussa toimitusaikataulussa.<\/li>\n\n\n\n<li>1 ty\u00f6p\u00e4iv\u00e4 ennen tavaroiden luovuttamista STAIR24 ilmoittaa sinulle tavaroiden luovuttamisesta.<\/li>\n\n\n\n<li>Vastaanottaessasi tavarat tarkasta huolellisesti, ett\u00e4 toimituspakkaus on ehj\u00e4. Jos huomaat vaurioita, merkitse se kuljetuksen rahtikirjaan ja ota tilanteesta valokuva.<\/li>\n\n\n\n<li>Asennuspalvelun tilaamisen yhteydess\u00e4 allekirjoita asennust\u00f6iden p\u00f6yt\u00e4kirja v\u00e4litt\u00f6m\u00e4sti asennust\u00f6iden suorittamisen j\u00e4lkeen.<\/li>\n\n\n\n<li>Mik\u00e4li ilmenee kysymyksi\u00e4 tai ongelmia, ota rohkeasti asiakaspalveluumme yhteytt\u00e4.<\/li>\n<\/ol>\n","protected":false},"excerpt":{"rendered":"","protected":false},"author":1,"featured_media":0,"parent":0,"menu_order":0,"comment_status":"closed","ping_status":"closed","template":"","meta":{"_acf_changed":false,"footnotes":""},"class_list":["post-4343","page","type-page","status-publish","hentry"],"acf":[],"yoast_head":"<!-- This site is optimized with the Yoast SEO plugin v27.5 - https:\/\/yoast.com\/product\/yoast-seo-wordpress\/ -->\n<title>Ostotiedot - STAIR24<\/title>\n<meta name=\"robots\" content=\"index, follow, max-snippet:-1, max-image-preview:large, max-video-preview:-1\" \/>\n<link rel=\"canonical\" href=\"https:\/\/www.stair24.com\/fi\/ostotiedot\/\" \/>\n<meta property=\"og:locale\" content=\"fi_FI\" \/>\n<meta property=\"og:type\" content=\"article\" \/>\n<meta property=\"og:title\" content=\"Ostotiedot - STAIR24\" \/>\n<meta property=\"og:url\" content=\"https:\/\/www.stair24.com\/fi\/ostotiedot\/\" \/>\n<meta property=\"og:site_name\" content=\"STAIR24\" \/>\n<meta property=\"article:publisher\" content=\"https:\/\/www.facebook.com\/AruGrupp\" \/>\n<meta property=\"article:modified_time\" content=\"2023-10-16T13:16:02+00:00\" \/>\n<meta property=\"og:image\" content=\"https:\/\/www.stair24.com\/wp-content\/uploads\/2022\/12\/trepid-stair24_logo-2.png\" \/>\n\t<meta property=\"og:image:width\" content=\"711\" \/>\n\t<meta property=\"og:image:height\" content=\"200\" \/>\n\t<meta property=\"og:image:type\" content=\"image\/png\" \/>\n<meta name=\"twitter:card\" content=\"summary_large_image\" \/>\n<meta name=\"twitter:label1\" content=\"Arvioitu lukuaika\" \/>\n\t<meta name=\"twitter:data1\" content=\"3 minuuttia\" \/>\n<script type=\"application\/ld+json\" class=\"yoast-schema-graph\">{\"@context\":\"https:\\\/\\\/schema.org\",\"@graph\":[{\"@type\":\"WebPage\",\"@id\":\"https:\\\/\\\/www.stair24.com\\\/fi\\\/ostotiedot\\\/\",\"url\":\"https:\\\/\\\/www.stair24.com\\\/fi\\\/ostotiedot\\\/\",\"name\":\"Ostotiedot - STAIR24\",\"isPartOf\":{\"@id\":\"https:\\\/\\\/www.stair24.com\\\/fi\\\/#website\"},\"datePublished\":\"2022-12-06T12:41:16+00:00\",\"dateModified\":\"2023-10-16T13:16:02+00:00\",\"breadcrumb\":{\"@id\":\"https:\\\/\\\/www.stair24.com\\\/fi\\\/ostotiedot\\\/#breadcrumb\"},\"inLanguage\":\"fi\",\"potentialAction\":[{\"@type\":\"ReadAction\",\"target\":[\"https:\\\/\\\/www.stair24.com\\\/fi\\\/ostotiedot\\\/\"]}]},{\"@type\":\"BreadcrumbList\",\"@id\":\"https:\\\/\\\/www.stair24.com\\\/fi\\\/ostotiedot\\\/#breadcrumb\",\"itemListElement\":[{\"@type\":\"ListItem\",\"position\":1,\"name\":\"Home\",\"item\":\"https:\\\/\\\/www.stair24.com\\\/fi\\\/\"},{\"@type\":\"ListItem\",\"position\":2,\"name\":\"Ostotiedot\"}]},{\"@type\":\"WebSite\",\"@id\":\"https:\\\/\\\/www.stair24.com\\\/fi\\\/#website\",\"url\":\"https:\\\/\\\/www.stair24.com\\\/fi\\\/\",\"name\":\"STAIR 24 | Kvaliteetsed trepid\",\"description\":\"Valmistame treppe igas kujus ning suuruses. Trepid on meie kirg ning oleme \u00fcks suurimaid treppide tootja p\u00f5hjamaades. Proovige meie uut trepikalkulaatorit. Parima kvaliteediga trepid, kiire tarne ning soodne hind.\",\"publisher\":{\"@id\":\"https:\\\/\\\/www.stair24.com\\\/fi\\\/#organization\"},\"potentialAction\":[{\"@type\":\"SearchAction\",\"target\":{\"@type\":\"EntryPoint\",\"urlTemplate\":\"https:\\\/\\\/www.stair24.com\\\/fi\\\/?s={search_term_string}\"},\"query-input\":{\"@type\":\"PropertyValueSpecification\",\"valueRequired\":true,\"valueName\":\"search_term_string\"}}],\"inLanguage\":\"fi\"},{\"@type\":\"Organization\",\"@id\":\"https:\\\/\\\/www.stair24.com\\\/fi\\\/#organization\",\"name\":\"STAIR 24 | Kvaliteetsed trepid\",\"url\":\"https:\\\/\\\/www.stair24.com\\\/fi\\\/\",\"logo\":{\"@type\":\"ImageObject\",\"inLanguage\":\"fi\",\"@id\":\"https:\\\/\\\/www.stair24.com\\\/fi\\\/#\\\/schema\\\/logo\\\/image\\\/\",\"url\":\"https:\\\/\\\/www.stair24.com\\\/wp-content\\\/uploads\\\/2022\\\/12\\\/trep-stair24_logo-1.png\",\"contentUrl\":\"https:\\\/\\\/www.stair24.com\\\/wp-content\\\/uploads\\\/2022\\\/12\\\/trep-stair24_logo-1.png\",\"width\":302,\"height\":85,\"caption\":\"STAIR 24 | Kvaliteetsed trepid\"},\"image\":{\"@id\":\"https:\\\/\\\/www.stair24.com\\\/fi\\\/#\\\/schema\\\/logo\\\/image\\\/\"},\"sameAs\":[\"https:\\\/\\\/www.facebook.com\\\/AruGrupp\",\"https:\\\/\\\/www.instagram.com\\\/stair.24\\\/\",\"https:\\\/\\\/www.youtube.com\\\/@stair24com\"]}]}<\/script>\n<!-- \/ Yoast SEO plugin. -->","yoast_head_json":{"title":"Ostotiedot - STAIR24","robots":{"index":"index","follow":"follow","max-snippet":"max-snippet:-1","max-image-preview":"max-image-preview:large","max-video-preview":"max-video-preview:-1"},"canonical":"https:\/\/www.stair24.com\/fi\/ostotiedot\/","og_locale":"fi_FI","og_type":"article","og_title":"Ostotiedot - STAIR24","og_url":"https:\/\/www.stair24.com\/fi\/ostotiedot\/","og_site_name":"STAIR24","article_publisher":"https:\/\/www.facebook.com\/AruGrupp","article_modified_time":"2023-10-16T13:16:02+00:00","og_image":[{"width":711,"height":200,"url":"https:\/\/www.stair24.com\/wp-content\/uploads\/2022\/12\/trepid-stair24_logo-2.png","type":"image\/png"}],"twitter_card":"summary_large_image","twitter_misc":{"Arvioitu lukuaika":"3 minuuttia"},"schema":{"@context":"https:\/\/schema.org","@graph":[{"@type":"WebPage","@id":"https:\/\/www.stair24.com\/fi\/ostotiedot\/","url":"https:\/\/www.stair24.com\/fi\/ostotiedot\/","name":"Ostotiedot - STAIR24","isPartOf":{"@id":"https:\/\/www.stair24.com\/fi\/#website"},"datePublished":"2022-12-06T12:41:16+00:00","dateModified":"2023-10-16T13:16:02+00:00","breadcrumb":{"@id":"https:\/\/www.stair24.com\/fi\/ostotiedot\/#breadcrumb"},"inLanguage":"fi","potentialAction":[{"@type":"ReadAction","target":["https:\/\/www.stair24.com\/fi\/ostotiedot\/"]}]},{"@type":"BreadcrumbList","@id":"https:\/\/www.stair24.com\/fi\/ostotiedot\/#breadcrumb","itemListElement":[{"@type":"ListItem","position":1,"name":"Home","item":"https:\/\/www.stair24.com\/fi\/"},{"@type":"ListItem","position":2,"name":"Ostotiedot"}]},{"@type":"WebSite","@id":"https:\/\/www.stair24.com\/fi\/#website","url":"https:\/\/www.stair24.com\/fi\/","name":"STAIR 24 | Kvaliteetsed trepid","description":"Valmistame treppe igas kujus ning suuruses. Trepid on meie kirg ning oleme \u00fcks suurimaid treppide tootja p\u00f5hjamaades. Proovige meie uut trepikalkulaatorit. Parima kvaliteediga trepid, kiire tarne ning soodne hind.","publisher":{"@id":"https:\/\/www.stair24.com\/fi\/#organization"},"potentialAction":[{"@type":"SearchAction","target":{"@type":"EntryPoint","urlTemplate":"https:\/\/www.stair24.com\/fi\/?s={search_term_string}"},"query-input":{"@type":"PropertyValueSpecification","valueRequired":true,"valueName":"search_term_string"}}],"inLanguage":"fi"},{"@type":"Organization","@id":"https:\/\/www.stair24.com\/fi\/#organization","name":"STAIR 24 | Kvaliteetsed trepid","url":"https:\/\/www.stair24.com\/fi\/","logo":{"@type":"ImageObject","inLanguage":"fi","@id":"https:\/\/www.stair24.com\/fi\/#\/schema\/logo\/image\/","url":"https:\/\/www.stair24.com\/wp-content\/uploads\/2022\/12\/trep-stair24_logo-1.png","contentUrl":"https:\/\/www.stair24.com\/wp-content\/uploads\/2022\/12\/trep-stair24_logo-1.png","width":302,"height":85,"caption":"STAIR 24 | Kvaliteetsed trepid"},"image":{"@id":"https:\/\/www.stair24.com\/fi\/#\/schema\/logo\/image\/"},"sameAs":["https:\/\/www.facebook.com\/AruGrupp","https:\/\/www.instagram.com\/stair.24\/","https:\/\/www.youtube.com\/@stair24com"]}]}},"_links":{"self":[{"href":"https:\/\/www.stair24.com\/fi\/wp-json\/wp\/v2\/pages\/4343","targetHints":{"allow":["GET"]}}],"collection":[{"href":"https:\/\/www.stair24.com\/fi\/wp-json\/wp\/v2\/pages"}],"about":[{"href":"https:\/\/www.stair24.com\/fi\/wp-json\/wp\/v2\/types\/page"}],"author":[{"embeddable":true,"href":"https:\/\/www.stair24.com\/fi\/wp-json\/wp\/v2\/users\/1"}],"replies":[{"embeddable":true,"href":"https:\/\/www.stair24.com\/fi\/wp-json\/wp\/v2\/comments?post=4343"}],"version-history":[{"count":22,"href":"https:\/\/www.stair24.com\/fi\/wp-json\/wp\/v2\/pages\/4343\/revisions"}],"predecessor-version":[{"id":8428,"href":"https:\/\/www.stair24.com\/fi\/wp-json\/wp\/v2\/pages\/4343\/revisions\/8428"}],"wp:attachment":[{"href":"https:\/\/www.stair24.com\/fi\/wp-json\/wp\/v2\/media?parent=4343"}],"curies":[{"name":"wp","href":"https:\/\/api.w.org\/{rel}","templated":true}]}}