{"id":4351,"date":"2022-12-06T14:42:08","date_gmt":"2022-12-06T12:42:08","guid":{"rendered":"https:\/\/www.stair24.com\/osamaksu\/"},"modified":"2023-03-30T06:59:53","modified_gmt":"2023-03-30T04:59:53","slug":"osamaksu","status":"publish","type":"page","link":"https:\/\/www.stair24.com\/fi\/osamaksu\/","title":{"rendered":"Osamaksu"},"content":{"rendered":"\n<figure class=\"wp-block-image\"><img decoding=\"async\" src=\"https:\/\/www.stair24.ee\/Shared\/Content\/Images\/Logo\/estojarelmaks-logo.png\" alt=\"\"\/><\/figure>\n\n<p>K\u00e4yt\u00e4 tuotteista tai palveluista maksaessasi juuri ESTO-osamaksua \u2013 se on Viron edullisin, mukavin ja nopein osamaksulinkki!<\/p>\n\n<p>Lis\u00e4\u00e4 tuotteet ostoskoriin, vahvista tilauksesi ja valitse maksutavoista ESTO-osamaksulinkki. Maksuun valitse sopiva kausi, kuukausittaisen osamaksun m\u00e4\u00e4r\u00e4 ja allekirjoita s\u00e4hk\u00f6isesti mukavasti\u00a0<strong>ID-kortin, Smart-ID:n tai Mobiili-ID<\/strong><strong>:n<\/strong>\u00a0avulla.<\/p>\n\n<p>ESTO-osamaksu on huippunopea ja mukava maksuratkaisu, joka auttaa laatimaan sinulle itse valitsemasi kauden perusteella maksuaikataulun eli maksamisen osamaksuina. T\u00e4m\u00e4 maksuratkaisu tekee luottop\u00e4\u00e4t\u00f6ksen reaaliajassa ja auttaa suorittamaan oston alle 60 sekunnissa.<\/p>\n\n<p>HUOMIO! Jokainen osamaksu on rahoitusvelvoite. Ennen osamaksusopimuksen solmimista tutustu t\u00e4m\u00e4n palvelun ehtoihin ja konsultoi tarvittaessa asiantuntijan kanssa.<\/p>\n\n<p>ESTO-osamaksun tarjoaja on\u00a0<strong>ESTO AS<\/strong>\u00a0(rek. koodi 14180709).<\/p>\n\n<p>ESTO-osamaksun normaaliehdot ovat seuraavat:<\/p>\n\n<p>  \u2022 Korko 0 % \u2013 14,90 %<\/p>\n\n<p> \u2022 Sopimuspalkkio alkaen 0 eurosta<\/p>\n\n<p>\u2022 Maksukausi enint\u00e4\u00e4n 4 vuotta<\/p>\n\n<p>ESTO-osamaksua voivat hakea kaikki 18-70 -vuotiaat Viron tasavallan kansalaiset. ESTO-osamaksu on mahdollista laatia nopeasti ja mukavasti my\u00f6s oikeushenkil\u00f6lle.&#13;\n&#13;\nJokaiseen rahoitusp\u00e4\u00e4t\u00f6kseen liittyv\u00e4t riskit ja velvollisuudet, jonka vuoksi pyyd\u00e4mme harkitsemaan lainatuotteiden tarvetta huolellisesti. Esimerkiksi 1500 euron lainasumman osalta 12 kuukaudeksi kiinte\u00e4ll\u00e4 korolla 14,90 % vuodessa ja sopimuspalkkiolla 14,90 euroa on luottokustannusten m\u00e4\u00e4r\u00e4 34,74 %, kuukausimaksun m\u00e4\u00e4r\u00e4 146,37 euroa ja kuluttajan takaisin maksettava kokonaissumma 1.756,68 euroa. Osamaksu on rahoitusvelvoite ja tutustu ennen p\u00e4\u00e4t\u00f6ksen tekemist\u00e4 perusteellisesti sopimusehtoihin ja tarvittaessa kysy neuvoa ESTO AS:n ty\u00f6ntekij\u00e4n tai muun asiantuntijan kanssa.<\/p>\n","protected":false},"excerpt":{"rendered":"K\u00e4yt\u00e4 tuotteista tai palveluista maksaessasi juuri ESTO-osamaksua \u2013 se on Viron edullisin, mukavin ja nopein osamaksulinkki!&#8230;","protected":false},"author":1,"featured_media":0,"parent":0,"menu_order":0,"comment_status":"closed","ping_status":"closed","template":"","meta":{"_acf_changed":false,"footnotes":""},"class_list":["post-4351","page","type-page","status-publish","hentry"],"acf":[],"yoast_head":"<!-- This site is optimized with the Yoast SEO plugin v27.2 - https:\/\/yoast.com\/product\/yoast-seo-wordpress\/ -->\n<title>Osamaksu - STAIR24<\/title>\n<meta name=\"robots\" content=\"index, follow, max-snippet:-1, max-image-preview:large, max-video-preview:-1\" \/>\n<link rel=\"canonical\" href=\"https:\/\/www.stair24.com\/fi\/osamaksu\/\" \/>\n<meta property=\"og:locale\" content=\"fi_FI\" \/>\n<meta property=\"og:type\" content=\"article\" \/>\n<meta property=\"og:title\" content=\"Osamaksu - STAIR24\" \/>\n<meta property=\"og:description\" content=\"K\u00e4yt\u00e4 tuotteista tai palveluista maksaessasi juuri ESTO-osamaksua \u2013 se on Viron edullisin, mukavin ja nopein osamaksulinkki!...\" \/>\n<meta property=\"og:url\" content=\"https:\/\/www.stair24.com\/fi\/osamaksu\/\" \/>\n<meta property=\"og:site_name\" content=\"STAIR24\" \/>\n<meta property=\"article:publisher\" content=\"https:\/\/www.facebook.com\/AruGrupp\" \/>\n<meta property=\"article:modified_time\" content=\"2023-03-30T04:59:53+00:00\" \/>\n<meta property=\"og:image\" content=\"https:\/\/www.stair24.ee\/Shared\/Content\/Images\/Logo\/estojarelmaks-logo.png\" \/>\n<meta name=\"twitter:card\" content=\"summary_large_image\" \/>\n<meta name=\"twitter:label1\" content=\"Arvioitu lukuaika\" \/>\n\t<meta name=\"twitter:data1\" content=\"1 minuutti\" \/>\n<script type=\"application\/ld+json\" class=\"yoast-schema-graph\">{\"@context\":\"https:\/\/schema.org\",\"@graph\":[{\"@type\":\"WebPage\",\"@id\":\"https:\/\/www.stair24.com\/fi\/osamaksu\/\",\"url\":\"https:\/\/www.stair24.com\/fi\/osamaksu\/\",\"name\":\"Osamaksu - STAIR24\",\"isPartOf\":{\"@id\":\"https:\/\/www.stair24.com\/fi\/#website\"},\"primaryImageOfPage\":{\"@id\":\"https:\/\/www.stair24.com\/fi\/osamaksu\/#primaryimage\"},\"image\":{\"@id\":\"https:\/\/www.stair24.com\/fi\/osamaksu\/#primaryimage\"},\"thumbnailUrl\":\"https:\/\/www.stair24.ee\/Shared\/Content\/Images\/Logo\/estojarelmaks-logo.png\",\"datePublished\":\"2022-12-06T12:42:08+00:00\",\"dateModified\":\"2023-03-30T04:59:53+00:00\",\"breadcrumb\":{\"@id\":\"https:\/\/www.stair24.com\/fi\/osamaksu\/#breadcrumb\"},\"inLanguage\":\"fi\",\"potentialAction\":[{\"@type\":\"ReadAction\",\"target\":[\"https:\/\/www.stair24.com\/fi\/osamaksu\/\"]}]},{\"@type\":\"ImageObject\",\"inLanguage\":\"fi\",\"@id\":\"https:\/\/www.stair24.com\/fi\/osamaksu\/#primaryimage\",\"url\":\"https:\/\/www.stair24.ee\/Shared\/Content\/Images\/Logo\/estojarelmaks-logo.png\",\"contentUrl\":\"https:\/\/www.stair24.ee\/Shared\/Content\/Images\/Logo\/estojarelmaks-logo.png\"},{\"@type\":\"BreadcrumbList\",\"@id\":\"https:\/\/www.stair24.com\/fi\/osamaksu\/#breadcrumb\",\"itemListElement\":[{\"@type\":\"ListItem\",\"position\":1,\"name\":\"Home\",\"item\":\"https:\/\/www.stair24.com\/fi\/\"},{\"@type\":\"ListItem\",\"position\":2,\"name\":\"Osamaksu\"}]},{\"@type\":\"WebSite\",\"@id\":\"https:\/\/www.stair24.com\/fi\/#website\",\"url\":\"https:\/\/www.stair24.com\/fi\/\",\"name\":\"STAIR 24 | Kvaliteetsed trepid\",\"description\":\"Valmistame treppe igas kujus ning suuruses. Trepid on meie kirg ning oleme \u00fcks suurimaid treppide tootja p\u00f5hjamaades. Proovige meie uut trepikalkulaatorit. Parima kvaliteediga trepid, kiire tarne ning soodne hind.\",\"publisher\":{\"@id\":\"https:\/\/www.stair24.com\/fi\/#organization\"},\"potentialAction\":[{\"@type\":\"SearchAction\",\"target\":{\"@type\":\"EntryPoint\",\"urlTemplate\":\"https:\/\/www.stair24.com\/fi\/?s={search_term_string}\"},\"query-input\":{\"@type\":\"PropertyValueSpecification\",\"valueRequired\":true,\"valueName\":\"search_term_string\"}}],\"inLanguage\":\"fi\"},{\"@type\":\"Organization\",\"@id\":\"https:\/\/www.stair24.com\/fi\/#organization\",\"name\":\"STAIR 24 | Kvaliteetsed trepid\",\"url\":\"https:\/\/www.stair24.com\/fi\/\",\"logo\":{\"@type\":\"ImageObject\",\"inLanguage\":\"fi\",\"@id\":\"https:\/\/www.stair24.com\/fi\/#\/schema\/logo\/image\/\",\"url\":\"https:\/\/www.stair24.com\/wp-content\/uploads\/2022\/12\/trep-stair24_logo-1.png\",\"contentUrl\":\"https:\/\/www.stair24.com\/wp-content\/uploads\/2022\/12\/trep-stair24_logo-1.png\",\"width\":302,\"height\":85,\"caption\":\"STAIR 24 | Kvaliteetsed trepid\"},\"image\":{\"@id\":\"https:\/\/www.stair24.com\/fi\/#\/schema\/logo\/image\/\"},\"sameAs\":[\"https:\/\/www.facebook.com\/AruGrupp\",\"https:\/\/www.instagram.com\/stair.24\/\",\"https:\/\/www.youtube.com\/@stair24com\"]}]}<\/script>\n<!-- \/ Yoast SEO plugin. -->","yoast_head_json":{"title":"Osamaksu - STAIR24","robots":{"index":"index","follow":"follow","max-snippet":"max-snippet:-1","max-image-preview":"max-image-preview:large","max-video-preview":"max-video-preview:-1"},"canonical":"https:\/\/www.stair24.com\/fi\/osamaksu\/","og_locale":"fi_FI","og_type":"article","og_title":"Osamaksu - STAIR24","og_description":"K\u00e4yt\u00e4 tuotteista tai palveluista maksaessasi juuri ESTO-osamaksua \u2013 se on Viron edullisin, mukavin ja nopein osamaksulinkki!...","og_url":"https:\/\/www.stair24.com\/fi\/osamaksu\/","og_site_name":"STAIR24","article_publisher":"https:\/\/www.facebook.com\/AruGrupp","article_modified_time":"2023-03-30T04:59:53+00:00","og_image":[{"url":"https:\/\/www.stair24.ee\/Shared\/Content\/Images\/Logo\/estojarelmaks-logo.png","type":"","width":"","height":""}],"twitter_card":"summary_large_image","twitter_misc":{"Arvioitu lukuaika":"1 minuutti"},"schema":{"@context":"https:\/\/schema.org","@graph":[{"@type":"WebPage","@id":"https:\/\/www.stair24.com\/fi\/osamaksu\/","url":"https:\/\/www.stair24.com\/fi\/osamaksu\/","name":"Osamaksu - STAIR24","isPartOf":{"@id":"https:\/\/www.stair24.com\/fi\/#website"},"primaryImageOfPage":{"@id":"https:\/\/www.stair24.com\/fi\/osamaksu\/#primaryimage"},"image":{"@id":"https:\/\/www.stair24.com\/fi\/osamaksu\/#primaryimage"},"thumbnailUrl":"https:\/\/www.stair24.ee\/Shared\/Content\/Images\/Logo\/estojarelmaks-logo.png","datePublished":"2022-12-06T12:42:08+00:00","dateModified":"2023-03-30T04:59:53+00:00","breadcrumb":{"@id":"https:\/\/www.stair24.com\/fi\/osamaksu\/#breadcrumb"},"inLanguage":"fi","potentialAction":[{"@type":"ReadAction","target":["https:\/\/www.stair24.com\/fi\/osamaksu\/"]}]},{"@type":"ImageObject","inLanguage":"fi","@id":"https:\/\/www.stair24.com\/fi\/osamaksu\/#primaryimage","url":"https:\/\/www.stair24.ee\/Shared\/Content\/Images\/Logo\/estojarelmaks-logo.png","contentUrl":"https:\/\/www.stair24.ee\/Shared\/Content\/Images\/Logo\/estojarelmaks-logo.png"},{"@type":"BreadcrumbList","@id":"https:\/\/www.stair24.com\/fi\/osamaksu\/#breadcrumb","itemListElement":[{"@type":"ListItem","position":1,"name":"Home","item":"https:\/\/www.stair24.com\/fi\/"},{"@type":"ListItem","position":2,"name":"Osamaksu"}]},{"@type":"WebSite","@id":"https:\/\/www.stair24.com\/fi\/#website","url":"https:\/\/www.stair24.com\/fi\/","name":"STAIR 24 | Kvaliteetsed trepid","description":"Valmistame treppe igas kujus ning suuruses. Trepid on meie kirg ning oleme \u00fcks suurimaid treppide tootja p\u00f5hjamaades. Proovige meie uut trepikalkulaatorit. Parima kvaliteediga trepid, kiire tarne ning soodne hind.","publisher":{"@id":"https:\/\/www.stair24.com\/fi\/#organization"},"potentialAction":[{"@type":"SearchAction","target":{"@type":"EntryPoint","urlTemplate":"https:\/\/www.stair24.com\/fi\/?s={search_term_string}"},"query-input":{"@type":"PropertyValueSpecification","valueRequired":true,"valueName":"search_term_string"}}],"inLanguage":"fi"},{"@type":"Organization","@id":"https:\/\/www.stair24.com\/fi\/#organization","name":"STAIR 24 | Kvaliteetsed trepid","url":"https:\/\/www.stair24.com\/fi\/","logo":{"@type":"ImageObject","inLanguage":"fi","@id":"https:\/\/www.stair24.com\/fi\/#\/schema\/logo\/image\/","url":"https:\/\/www.stair24.com\/wp-content\/uploads\/2022\/12\/trep-stair24_logo-1.png","contentUrl":"https:\/\/www.stair24.com\/wp-content\/uploads\/2022\/12\/trep-stair24_logo-1.png","width":302,"height":85,"caption":"STAIR 24 | Kvaliteetsed trepid"},"image":{"@id":"https:\/\/www.stair24.com\/fi\/#\/schema\/logo\/image\/"},"sameAs":["https:\/\/www.facebook.com\/AruGrupp","https:\/\/www.instagram.com\/stair.24\/","https:\/\/www.youtube.com\/@stair24com"]}]}},"_links":{"self":[{"href":"https:\/\/www.stair24.com\/fi\/wp-json\/wp\/v2\/pages\/4351","targetHints":{"allow":["GET"]}}],"collection":[{"href":"https:\/\/www.stair24.com\/fi\/wp-json\/wp\/v2\/pages"}],"about":[{"href":"https:\/\/www.stair24.com\/fi\/wp-json\/wp\/v2\/types\/page"}],"author":[{"embeddable":true,"href":"https:\/\/www.stair24.com\/fi\/wp-json\/wp\/v2\/users\/1"}],"replies":[{"embeddable":true,"href":"https:\/\/www.stair24.com\/fi\/wp-json\/wp\/v2\/comments?post=4351"}],"version-history":[{"count":1,"href":"https:\/\/www.stair24.com\/fi\/wp-json\/wp\/v2\/pages\/4351\/revisions"}],"predecessor-version":[{"id":4352,"href":"https:\/\/www.stair24.com\/fi\/wp-json\/wp\/v2\/pages\/4351\/revisions\/4352"}],"wp:attachment":[{"href":"https:\/\/www.stair24.com\/fi\/wp-json\/wp\/v2\/media?parent=4351"}],"curies":[{"name":"wp","href":"https:\/\/api.w.org\/{rel}","templated":true}]}}