{"id":4391,"date":"2021-11-11T10:32:21","date_gmt":"2021-11-11T10:32:21","guid":{"rendered":"https:\/\/www.stair24.com\/erikoistilattavat-portaat\/"},"modified":"2026-02-05T16:31:29","modified_gmt":"2026-02-05T14:31:29","slug":"erikoistilattavat-portaat","status":"publish","type":"page","link":"https:\/\/www.stair24.com\/fi\/erikoistilattavat-portaat\/","title":{"rendered":"Erikoistilattavat portaat"},"content":{"rendered":"\n<div id=\"gallery-block-block_b5bd63e644ce3314e1d0d397ba7324d6\" class=\"gallery-block\">\n    <div class=\"container\">\n                    <div class=\"row\">\n                <div class=\"col-12\">\n                    <h1 class=\"lined\">Erikoistilattavat <span>portaat<\/span><\/h1>                <\/div>\n            <\/div>\n                            <div class=\"gallery row\">\n                                    <a class=\"col-lg-2 col-sm-4 col-6\" href=\"https:\/\/www.stair24.com\/wp-content\/uploads\/2021\/11\/stair-calculator-16.jpg\" data-fancybox=\"custom-stair-gallery-gallery-block-block_b5bd63e644ce3314e1d0d397ba7324d6\">\n                        <div class=\"bg-center\" style=\"background-image:url(https:\/\/www.stair24.com\/wp-content\/uploads\/2021\/11\/stair-calculator-16.jpg);\"><\/div>\n                    <\/a>\n                                    <a class=\"col-lg-2 col-sm-4 col-6\" href=\"https:\/\/www.stair24.com\/wp-content\/uploads\/2021\/11\/stair-calculator-17.jpg\" data-fancybox=\"custom-stair-gallery-gallery-block-block_b5bd63e644ce3314e1d0d397ba7324d6\">\n                        <div class=\"bg-center\" style=\"background-image:url(https:\/\/www.stair24.com\/wp-content\/uploads\/2021\/11\/stair-calculator-17.jpg);\"><\/div>\n                    <\/a>\n                                    <a class=\"col-lg-2 col-sm-4 col-6\" href=\"https:\/\/www.stair24.com\/wp-content\/uploads\/2021\/11\/stair-calculator-18.jpg\" data-fancybox=\"custom-stair-gallery-gallery-block-block_b5bd63e644ce3314e1d0d397ba7324d6\">\n                        <div class=\"bg-center\" style=\"background-image:url(https:\/\/www.stair24.com\/wp-content\/uploads\/2021\/11\/stair-calculator-18.jpg);\"><\/div>\n                    <\/a>\n                                    <a class=\"col-lg-2 col-sm-4 col-6\" href=\"https:\/\/www.stair24.com\/wp-content\/uploads\/2021\/11\/stair-calculator-01.jpg\" data-fancybox=\"custom-stair-gallery-gallery-block-block_b5bd63e644ce3314e1d0d397ba7324d6\">\n                        <div class=\"bg-center\" style=\"background-image:url(https:\/\/www.stair24.com\/wp-content\/uploads\/2021\/11\/stair-calculator-01.jpg);\"><\/div>\n                    <\/a>\n                                    <a class=\"col-lg-2 col-sm-4 col-6\" href=\"https:\/\/www.stair24.com\/wp-content\/uploads\/2021\/11\/staircases-03.jpg\" data-fancybox=\"custom-stair-gallery-gallery-block-block_b5bd63e644ce3314e1d0d397ba7324d6\">\n                        <div class=\"bg-center\" style=\"background-image:url(https:\/\/www.stair24.com\/wp-content\/uploads\/2021\/11\/staircases-03.jpg);\"><\/div>\n                    <\/a>\n                                    <a class=\"col-lg-2 col-sm-4 col-6\" href=\"https:\/\/www.stair24.com\/wp-content\/uploads\/2021\/11\/staircases-04.jpg\" data-fancybox=\"custom-stair-gallery-gallery-block-block_b5bd63e644ce3314e1d0d397ba7324d6\">\n                        <div class=\"bg-center\" style=\"background-image:url(https:\/\/www.stair24.com\/wp-content\/uploads\/2021\/11\/staircases-04.jpg);\"><\/div>\n                    <\/a>\n                                    <a class=\"col-lg-2 col-sm-4 col-6\" href=\"https:\/\/www.stair24.com\/wp-content\/uploads\/2021\/11\/staircases-05.jpg\" data-fancybox=\"custom-stair-gallery-gallery-block-block_b5bd63e644ce3314e1d0d397ba7324d6\">\n                        <div class=\"bg-center\" style=\"background-image:url(https:\/\/www.stair24.com\/wp-content\/uploads\/2021\/11\/staircases-05.jpg);\"><\/div>\n                    <\/a>\n                                    <a class=\"col-lg-2 col-sm-4 col-6\" href=\"https:\/\/www.stair24.com\/wp-content\/uploads\/2021\/11\/staircases-07.jpg\" data-fancybox=\"custom-stair-gallery-gallery-block-block_b5bd63e644ce3314e1d0d397ba7324d6\">\n                        <div class=\"bg-center\" style=\"background-image:url(https:\/\/www.stair24.com\/wp-content\/uploads\/2021\/11\/staircases-07.jpg);\"><\/div>\n                    <\/a>\n                                    <a class=\"col-lg-2 col-sm-4 col-6\" href=\"https:\/\/www.stair24.com\/wp-content\/uploads\/2021\/11\/staircases-08.jpg\" data-fancybox=\"custom-stair-gallery-gallery-block-block_b5bd63e644ce3314e1d0d397ba7324d6\">\n                        <div class=\"bg-center\" style=\"background-image:url(https:\/\/www.stair24.com\/wp-content\/uploads\/2021\/11\/staircases-08.jpg);\"><\/div>\n                    <\/a>\n                                    <a class=\"col-lg-2 col-sm-4 col-6\" href=\"https:\/\/www.stair24.com\/wp-content\/uploads\/2021\/11\/staircases-09.jpg\" data-fancybox=\"custom-stair-gallery-gallery-block-block_b5bd63e644ce3314e1d0d397ba7324d6\">\n                        <div class=\"bg-center\" style=\"background-image:url(https:\/\/www.stair24.com\/wp-content\/uploads\/2021\/11\/staircases-09.jpg);\"><\/div>\n                    <\/a>\n                                    <a class=\"col-lg-2 col-sm-4 col-6\" href=\"https:\/\/www.stair24.com\/wp-content\/uploads\/2021\/11\/staircases-10.jpg\" data-fancybox=\"custom-stair-gallery-gallery-block-block_b5bd63e644ce3314e1d0d397ba7324d6\">\n                        <div class=\"bg-center\" style=\"background-image:url(https:\/\/www.stair24.com\/wp-content\/uploads\/2021\/11\/staircases-10.jpg);\"><\/div>\n                    <\/a>\n                                    <a class=\"col-lg-2 col-sm-4 col-6\" href=\"https:\/\/www.stair24.com\/wp-content\/uploads\/2021\/11\/staircases-11.jpg\" data-fancybox=\"custom-stair-gallery-gallery-block-block_b5bd63e644ce3314e1d0d397ba7324d6\">\n                        <div class=\"bg-center\" style=\"background-image:url(https:\/\/www.stair24.com\/wp-content\/uploads\/2021\/11\/staircases-11.jpg);\"><\/div>\n                    <\/a>\n                                    <a class=\"col-lg-2 col-sm-4 col-6\" href=\"https:\/\/www.stair24.com\/wp-content\/uploads\/2021\/11\/staircases-12.jpg\" data-fancybox=\"custom-stair-gallery-gallery-block-block_b5bd63e644ce3314e1d0d397ba7324d6\">\n                        <div class=\"bg-center\" style=\"background-image:url(https:\/\/www.stair24.com\/wp-content\/uploads\/2021\/11\/staircases-12.jpg);\"><\/div>\n                    <\/a>\n                                    <a class=\"col-lg-2 col-sm-4 col-6\" href=\"https:\/\/www.stair24.com\/wp-content\/uploads\/2021\/11\/staircases-13.jpg\" data-fancybox=\"custom-stair-gallery-gallery-block-block_b5bd63e644ce3314e1d0d397ba7324d6\">\n                        <div class=\"bg-center\" style=\"background-image:url(https:\/\/www.stair24.com\/wp-content\/uploads\/2021\/11\/staircases-13.jpg);\"><\/div>\n                    <\/a>\n                                    <a class=\"col-lg-2 col-sm-4 col-6\" href=\"https:\/\/www.stair24.com\/wp-content\/uploads\/2021\/11\/staircases-14.jpg\" data-fancybox=\"custom-stair-gallery-gallery-block-block_b5bd63e644ce3314e1d0d397ba7324d6\">\n                        <div class=\"bg-center\" style=\"background-image:url(https:\/\/www.stair24.com\/wp-content\/uploads\/2021\/11\/staircases-14.jpg);\"><\/div>\n                    <\/a>\n                                    <a class=\"col-lg-2 col-sm-4 col-6\" href=\"https:\/\/www.stair24.com\/wp-content\/uploads\/2021\/11\/staircases-15.jpg\" data-fancybox=\"custom-stair-gallery-gallery-block-block_b5bd63e644ce3314e1d0d397ba7324d6\">\n                        <div class=\"bg-center\" style=\"background-image:url(https:\/\/www.stair24.com\/wp-content\/uploads\/2021\/11\/staircases-15.jpg);\"><\/div>\n                    <\/a>\n                            <\/div>\n                            <div class=\"gallery_description row\">\n                <div class=\"col-12\">\n                    <p class=\"custom-staircase-tip\">*Erikoismuotoisten portaiden hintapyynt\u00f6\u00e4 varten pyyd\u00e4mme antamaan haluttujen portaiden piirroksen tai kuvauksen.<\/p>\n<p class=\"custom-staircase-tip\">Mahdollisuuksien mukaan voi k\u00e4ytt\u00e4\u00e4 kuvagalleriassa olevia malleja.<\/p>\n<p class=\"custom-staircase-tip\">Pyyd\u00e4mme lis\u00e4\u00e4m\u00e4\u00e4n kohteen osoitteen ja tilaajan yhteystiedot<\/p>\n                <\/div>\n            <\/div>\n            <\/div>\n<\/div>\n\n    <div id=\"inquiry-block-block_9f048c58b64064707501d02b99ab86b6\" class=\"inquiry-block\">\n        <div class=\"container\">\n            <div class=\"row\">\n                <div class=\"col-12\">\n                    \n<div class=\"wpcf7 no-js\" id=\"wpcf7-f4817-o1\" lang=\"fi\" dir=\"ltr\" data-wpcf7-id=\"4817\">\n<div class=\"screen-reader-response\"><p role=\"status\" aria-live=\"polite\" aria-atomic=\"true\"><\/p> <ul><\/ul><\/div>\n<form action=\"\/fi\/wp-json\/wp\/v2\/pages\/4391#wpcf7-f4817-o1\" method=\"post\" class=\"wpcf7-form init\" aria-label=\"Yhteydenottolomake\" enctype=\"multipart\/form-data\" novalidate=\"novalidate\" data-status=\"init\">\n<fieldset class=\"hidden-fields-container\"><input type=\"hidden\" name=\"_wpcf7\" value=\"4817\" \/><input type=\"hidden\" name=\"_wpcf7_version\" value=\"6.1.5\" \/><input type=\"hidden\" name=\"_wpcf7_locale\" value=\"fi\" \/><input type=\"hidden\" name=\"_wpcf7_unit_tag\" value=\"wpcf7-f4817-o1\" \/><input type=\"hidden\" name=\"_wpcf7_container_post\" value=\"0\" \/><input type=\"hidden\" name=\"_wpcf7_posted_data_hash\" value=\"\" \/><input type=\"hidden\" name=\"_wpcf7_recaptcha_response\" value=\"\" \/>\n<\/fieldset>\n<div class=\"row\">\n        <div class=\"col-12\">\n            <h5>Portaiden kuvaus<div class=\"tooltipster relative required\"><div class=\"tooltip_icon\">*<div class=\"tooltip_content\">Pakollinen kentt\u00e4<\/div><\/div><\/div><\/h5>\n            <span class=\"wpcf7-form-control-wrap\" data-name=\"stair-description\"><textarea cols=\"40\" rows=\"10\" maxlength=\"2000\" class=\"wpcf7-form-control wpcf7-textarea wpcf7-validates-as-required\" aria-required=\"true\" aria-invalid=\"false\" name=\"stair-description\"><\/textarea><\/span>\n        <\/div>\n    <\/div>\n    <div class=\"row\">\n        <div class=\"col-12\">\n            <h5>Tiedoston lataus (talon piirros, pohjapiirros, valokuva tms.)<\/h5>\n            <p id=\"custom-file-name\"><\/p>\n            <span class=\"wpcf7-form-control-wrap\" data-name=\"file-309\"><input size=\"40\" class=\"wpcf7-form-control wpcf7-file\" id=\"custom-file-input\" accept=\"audio\/*,video\/*,image\/*\" aria-invalid=\"false\" type=\"file\" name=\"file-309\" \/><\/span>\n            <label style=\"opacity:1\" for=\"custom-file-input\" >\n             <div class=\"upload_btn\">\n               <div class=\"blue_btn\">\n                 Lataa tiedosto\n               <\/div>\n             <\/div>\n            <\/label>\n        <\/div>\n    <\/div>\n    <div class=\"row\">\n        <div class=\"col-12\">\n            <h5>Osoite<\/h5>\n            <div class=\"row\">\n                <div class=\"col-sm-6 col-12\">\n                    <label> Katu \/ talon numero<div class=\"tooltipster relative required\"><div class=\"tooltip_icon\">*<div class=\"tooltip_content\">Pakollinen kentt\u00e4<\/div><\/div><\/div>\n                        <span class=\"wpcf7-form-control-wrap\" data-name=\"street-house\"><input size=\"40\" maxlength=\"400\" class=\"wpcf7-form-control wpcf7-text wpcf7-validates-as-required\" aria-required=\"true\" aria-invalid=\"false\" value=\"\" type=\"text\" name=\"street-house\" \/><\/span> <\/label>\n                <\/div>\n                <div class=\"col-sm-6 col-12\">\n                    <label> Kaupunki \/ Asutuskeskus<div class=\"tooltipster relative required\"><div class=\"tooltip_icon\">*<div class=\"tooltip_content\">Pakollinen kentt\u00e4<\/div><\/div><\/div>\n                        <span class=\"wpcf7-form-control-wrap\" data-name=\"town-city\"><input size=\"40\" maxlength=\"400\" class=\"wpcf7-form-control wpcf7-text wpcf7-validates-as-required\" aria-required=\"true\" aria-invalid=\"false\" value=\"\" type=\"text\" name=\"town-city\" \/><\/span> <\/label>\n                <\/div>\n                <div class=\"col-sm-6 col-12\">\n                    <label> Postinumero<div class=\"tooltipster relative required\"><div class=\"tooltip_icon\">*<div class=\"tooltip_content\">Pakollinen kentt\u00e4<\/div><\/div><\/div>\n                        <span class=\"wpcf7-form-control-wrap\" data-name=\"postal-code\"><input size=\"40\" maxlength=\"400\" class=\"wpcf7-form-control wpcf7-text wpcf7-validates-as-required\" aria-required=\"true\" aria-invalid=\"false\" value=\"\" type=\"text\" name=\"postal-code\" \/><\/span> <\/label>\n                <\/div>\n                <div class=\"col-sm-6 col-12\">\n                    <label> Maa<div class=\"tooltipster relative required\"><div class=\"tooltip_icon\">*<div class=\"tooltip_content\">Pakollinen kentt\u00e4<\/div><\/div><\/div>\n                        <span class=\"wpcf7-form-control-wrap\" data-name=\"country\"><input size=\"40\" maxlength=\"400\" class=\"wpcf7-form-control wpcf7-text wpcf7-validates-as-required\" aria-required=\"true\" aria-invalid=\"false\" value=\"\" type=\"text\" name=\"country\" \/><\/span> <\/label>\n                <\/div>\n            <\/div>\n        <\/div>\n    <\/div>\n    <div class=\"row\">\n        <div class=\"col-12\">\n            <h5>Yhteystiedot<\/h5>\n            <div class=\"row\">\n                <div class=\"col-sm-6 col-12\">\n                    <label> Etunimi<div class=\"tooltipster relative required\"><div class=\"tooltip_icon\">*<div class=\"tooltip_content\">Pakollinen kentt\u00e4<\/div><\/div><\/div>\n                        <span class=\"wpcf7-form-control-wrap\" data-name=\"first-name\"><input size=\"40\" maxlength=\"400\" class=\"wpcf7-form-control wpcf7-text wpcf7-validates-as-required\" aria-required=\"true\" aria-invalid=\"false\" value=\"\" type=\"text\" name=\"first-name\" \/><\/span> <\/label>\n                <\/div>\n                <div class=\"col-sm-6 col-12\">\n                    <label> Sukunimi<div class=\"tooltipster relative required\"><div class=\"tooltip_icon\">*<div class=\"tooltip_content\">Pakollinen kentt\u00e4<\/div><\/div><\/div>\n                        <span class=\"wpcf7-form-control-wrap\" data-name=\"last-name\"><input size=\"40\" maxlength=\"400\" class=\"wpcf7-form-control wpcf7-text wpcf7-validates-as-required\" aria-required=\"true\" aria-invalid=\"false\" value=\"\" type=\"text\" name=\"last-name\" \/><\/span> <\/label>\n                <\/div>\n                <div class=\"col-sm-6 col-12\">\n                    <label> S\u00e4hk\u00f6postiosoite<div class=\"tooltipster relative required\"><div class=\"tooltip_icon\">*<div class=\"tooltip_content\">Pakollinen kentt\u00e4<\/div><\/div><\/div>\n                        <span class=\"wpcf7-form-control-wrap\" data-name=\"your-email\"><input size=\"40\" maxlength=\"400\" class=\"wpcf7-form-control wpcf7-email wpcf7-validates-as-required wpcf7-text wpcf7-validates-as-email\" aria-required=\"true\" aria-invalid=\"false\" value=\"\" type=\"email\" name=\"your-email\" \/><\/span> <\/label>\n                <\/div>\n                <div class=\"col-sm-6 col-12\">\n                    <label> Puhelinnumero<div class=\"tooltipster relative required\"><div class=\"tooltip_icon\">*<div class=\"tooltip_content\">Pakollinen kentt\u00e4<\/div><\/div><\/div>\n                        <span class=\"wpcf7-form-control-wrap\" data-name=\"your-phone\"><input size=\"40\" maxlength=\"400\" class=\"wpcf7-form-control wpcf7-text wpcf7-validates-as-required\" aria-required=\"true\" aria-invalid=\"false\" value=\"\" type=\"text\" name=\"your-phone\" \/><\/span> <\/label>\n                <\/div>\n            <\/div>\n        <\/div>\n    <\/div>\n    <div class=\"row\">\n        <div class=\"col-12\">\n            <input class=\"wpcf7-form-control wpcf7-submit has-spinner\" type=\"submit\" value=\"Jatka\" \/>\n        <\/div>\n    <\/div><div class=\"wpcf7-response-output\" aria-hidden=\"true\"><\/div>\n<\/form>\n<\/div>\n                                            <div class=\"contacts_form_custom_message\">\n                            <p><strong>Kiit\u00e4mme tiedustelusta.<\/strong><\/p>\n<p>Teihin otetaan yhteytt\u00e4 ensi tilassa, viimeist\u00e4\u00e4n kahden ty\u00f6p\u00e4iv\u00e4n kuluessa.<\/p>\n<p>ARU trepitehas<\/p>\n                        <\/div>\n                                    <\/div>\n            <\/div>\n        <\/div>\n    <\/div>\n","protected":false},"excerpt":{"rendered":"","protected":false},"author":1,"featured_media":0,"parent":0,"menu_order":0,"comment_status":"closed","ping_status":"closed","template":"","meta":{"_acf_changed":false,"footnotes":""},"class_list":["post-4391","page","type-page","status-publish","hentry"],"acf":[],"yoast_head":"<!-- This site is optimized with the Yoast SEO plugin v27.2 - https:\/\/yoast.com\/product\/yoast-seo-wordpress\/ -->\n<title>Erikoistilattavat portaat - STAIR24<\/title>\n<meta name=\"robots\" content=\"index, follow, max-snippet:-1, max-image-preview:large, max-video-preview:-1\" \/>\n<link rel=\"canonical\" href=\"https:\/\/www.stair24.com\/fi\/erikoistilattavat-portaat\/\" \/>\n<meta property=\"og:locale\" content=\"fi_FI\" \/>\n<meta property=\"og:type\" content=\"article\" \/>\n<meta property=\"og:title\" content=\"Erikoistilattavat portaat - STAIR24\" \/>\n<meta property=\"og:url\" content=\"https:\/\/www.stair24.com\/fi\/erikoistilattavat-portaat\/\" \/>\n<meta property=\"og:site_name\" content=\"STAIR24\" \/>\n<meta property=\"article:publisher\" content=\"https:\/\/www.facebook.com\/AruGrupp\" \/>\n<meta property=\"article:modified_time\" content=\"2026-02-05T14:31:29+00:00\" \/>\n<meta property=\"og:image\" content=\"https:\/\/www.stair24.com\/wp-content\/uploads\/2022\/12\/trepid-stair24_logo-2.png\" \/>\n\t<meta property=\"og:image:width\" content=\"711\" \/>\n\t<meta property=\"og:image:height\" content=\"200\" \/>\n\t<meta property=\"og:image:type\" content=\"image\/png\" \/>\n<meta name=\"twitter:card\" content=\"summary_large_image\" \/>\n<script type=\"application\/ld+json\" class=\"yoast-schema-graph\">{\"@context\":\"https:\/\/schema.org\",\"@graph\":[{\"@type\":\"WebPage\",\"@id\":\"https:\/\/www.stair24.com\/fi\/erikoistilattavat-portaat\/\",\"url\":\"https:\/\/www.stair24.com\/fi\/erikoistilattavat-portaat\/\",\"name\":\"Erikoistilattavat portaat - STAIR24\",\"isPartOf\":{\"@id\":\"https:\/\/www.stair24.com\/fi\/#website\"},\"datePublished\":\"2021-11-11T10:32:21+00:00\",\"dateModified\":\"2026-02-05T14:31:29+00:00\",\"breadcrumb\":{\"@id\":\"https:\/\/www.stair24.com\/fi\/erikoistilattavat-portaat\/#breadcrumb\"},\"inLanguage\":\"fi\",\"potentialAction\":[{\"@type\":\"ReadAction\",\"target\":[\"https:\/\/www.stair24.com\/fi\/erikoistilattavat-portaat\/\"]}]},{\"@type\":\"BreadcrumbList\",\"@id\":\"https:\/\/www.stair24.com\/fi\/erikoistilattavat-portaat\/#breadcrumb\",\"itemListElement\":[{\"@type\":\"ListItem\",\"position\":1,\"name\":\"Home\",\"item\":\"https:\/\/www.stair24.com\/fi\/\"},{\"@type\":\"ListItem\",\"position\":2,\"name\":\"Erikoistilattavat portaat\"}]},{\"@type\":\"WebSite\",\"@id\":\"https:\/\/www.stair24.com\/fi\/#website\",\"url\":\"https:\/\/www.stair24.com\/fi\/\",\"name\":\"STAIR 24 | Kvaliteetsed trepid\",\"description\":\"Valmistame treppe igas kujus ning suuruses. Trepid on meie kirg ning oleme \u00fcks suurimaid treppide tootja p\u00f5hjamaades. Proovige meie uut trepikalkulaatorit. Parima kvaliteediga trepid, kiire tarne ning soodne hind.\",\"publisher\":{\"@id\":\"https:\/\/www.stair24.com\/fi\/#organization\"},\"potentialAction\":[{\"@type\":\"SearchAction\",\"target\":{\"@type\":\"EntryPoint\",\"urlTemplate\":\"https:\/\/www.stair24.com\/fi\/?s={search_term_string}\"},\"query-input\":{\"@type\":\"PropertyValueSpecification\",\"valueRequired\":true,\"valueName\":\"search_term_string\"}}],\"inLanguage\":\"fi\"},{\"@type\":\"Organization\",\"@id\":\"https:\/\/www.stair24.com\/fi\/#organization\",\"name\":\"STAIR 24 | Kvaliteetsed trepid\",\"url\":\"https:\/\/www.stair24.com\/fi\/\",\"logo\":{\"@type\":\"ImageObject\",\"inLanguage\":\"fi\",\"@id\":\"https:\/\/www.stair24.com\/fi\/#\/schema\/logo\/image\/\",\"url\":\"https:\/\/www.stair24.com\/wp-content\/uploads\/2022\/12\/trep-stair24_logo-1.png\",\"contentUrl\":\"https:\/\/www.stair24.com\/wp-content\/uploads\/2022\/12\/trep-stair24_logo-1.png\",\"width\":302,\"height\":85,\"caption\":\"STAIR 24 | Kvaliteetsed trepid\"},\"image\":{\"@id\":\"https:\/\/www.stair24.com\/fi\/#\/schema\/logo\/image\/\"},\"sameAs\":[\"https:\/\/www.facebook.com\/AruGrupp\",\"https:\/\/www.instagram.com\/stair.24\/\",\"https:\/\/www.youtube.com\/@stair24com\"]}]}<\/script>\n<!-- \/ Yoast SEO plugin. -->","yoast_head_json":{"title":"Erikoistilattavat portaat - STAIR24","robots":{"index":"index","follow":"follow","max-snippet":"max-snippet:-1","max-image-preview":"max-image-preview:large","max-video-preview":"max-video-preview:-1"},"canonical":"https:\/\/www.stair24.com\/fi\/erikoistilattavat-portaat\/","og_locale":"fi_FI","og_type":"article","og_title":"Erikoistilattavat portaat - STAIR24","og_url":"https:\/\/www.stair24.com\/fi\/erikoistilattavat-portaat\/","og_site_name":"STAIR24","article_publisher":"https:\/\/www.facebook.com\/AruGrupp","article_modified_time":"2026-02-05T14:31:29+00:00","og_image":[{"width":711,"height":200,"url":"https:\/\/www.stair24.com\/wp-content\/uploads\/2022\/12\/trepid-stair24_logo-2.png","type":"image\/png"}],"twitter_card":"summary_large_image","schema":{"@context":"https:\/\/schema.org","@graph":[{"@type":"WebPage","@id":"https:\/\/www.stair24.com\/fi\/erikoistilattavat-portaat\/","url":"https:\/\/www.stair24.com\/fi\/erikoistilattavat-portaat\/","name":"Erikoistilattavat portaat - STAIR24","isPartOf":{"@id":"https:\/\/www.stair24.com\/fi\/#website"},"datePublished":"2021-11-11T10:32:21+00:00","dateModified":"2026-02-05T14:31:29+00:00","breadcrumb":{"@id":"https:\/\/www.stair24.com\/fi\/erikoistilattavat-portaat\/#breadcrumb"},"inLanguage":"fi","potentialAction":[{"@type":"ReadAction","target":["https:\/\/www.stair24.com\/fi\/erikoistilattavat-portaat\/"]}]},{"@type":"BreadcrumbList","@id":"https:\/\/www.stair24.com\/fi\/erikoistilattavat-portaat\/#breadcrumb","itemListElement":[{"@type":"ListItem","position":1,"name":"Home","item":"https:\/\/www.stair24.com\/fi\/"},{"@type":"ListItem","position":2,"name":"Erikoistilattavat portaat"}]},{"@type":"WebSite","@id":"https:\/\/www.stair24.com\/fi\/#website","url":"https:\/\/www.stair24.com\/fi\/","name":"STAIR 24 | Kvaliteetsed trepid","description":"Valmistame treppe igas kujus ning suuruses. Trepid on meie kirg ning oleme \u00fcks suurimaid treppide tootja p\u00f5hjamaades. Proovige meie uut trepikalkulaatorit. Parima kvaliteediga trepid, kiire tarne ning soodne hind.","publisher":{"@id":"https:\/\/www.stair24.com\/fi\/#organization"},"potentialAction":[{"@type":"SearchAction","target":{"@type":"EntryPoint","urlTemplate":"https:\/\/www.stair24.com\/fi\/?s={search_term_string}"},"query-input":{"@type":"PropertyValueSpecification","valueRequired":true,"valueName":"search_term_string"}}],"inLanguage":"fi"},{"@type":"Organization","@id":"https:\/\/www.stair24.com\/fi\/#organization","name":"STAIR 24 | Kvaliteetsed trepid","url":"https:\/\/www.stair24.com\/fi\/","logo":{"@type":"ImageObject","inLanguage":"fi","@id":"https:\/\/www.stair24.com\/fi\/#\/schema\/logo\/image\/","url":"https:\/\/www.stair24.com\/wp-content\/uploads\/2022\/12\/trep-stair24_logo-1.png","contentUrl":"https:\/\/www.stair24.com\/wp-content\/uploads\/2022\/12\/trep-stair24_logo-1.png","width":302,"height":85,"caption":"STAIR 24 | Kvaliteetsed trepid"},"image":{"@id":"https:\/\/www.stair24.com\/fi\/#\/schema\/logo\/image\/"},"sameAs":["https:\/\/www.facebook.com\/AruGrupp","https:\/\/www.instagram.com\/stair.24\/","https:\/\/www.youtube.com\/@stair24com"]}]}},"_links":{"self":[{"href":"https:\/\/www.stair24.com\/fi\/wp-json\/wp\/v2\/pages\/4391","targetHints":{"allow":["GET"]}}],"collection":[{"href":"https:\/\/www.stair24.com\/fi\/wp-json\/wp\/v2\/pages"}],"about":[{"href":"https:\/\/www.stair24.com\/fi\/wp-json\/wp\/v2\/types\/page"}],"author":[{"embeddable":true,"href":"https:\/\/www.stair24.com\/fi\/wp-json\/wp\/v2\/users\/1"}],"replies":[{"embeddable":true,"href":"https:\/\/www.stair24.com\/fi\/wp-json\/wp\/v2\/comments?post=4391"}],"version-history":[{"count":6,"href":"https:\/\/www.stair24.com\/fi\/wp-json\/wp\/v2\/pages\/4391\/revisions"}],"predecessor-version":[{"id":4902,"href":"https:\/\/www.stair24.com\/fi\/wp-json\/wp\/v2\/pages\/4391\/revisions\/4902"}],"wp:attachment":[{"href":"https:\/\/www.stair24.com\/fi\/wp-json\/wp\/v2\/media?parent=4391"}],"curies":[{"name":"wp","href":"https:\/\/api.w.org\/{rel}","templated":true}]}}