{"id":4401,"date":"2021-11-08T10:12:41","date_gmt":"2021-11-08T10:12:41","guid":{"rendered":"https:\/\/www.stair24.com\/kun-asennat-portaita\/"},"modified":"2025-11-18T09:22:01","modified_gmt":"2025-11-18T07:22:01","slug":"kun-asennat-portaita","status":"publish","type":"page","link":"https:\/\/www.stair24.com\/fi\/kun-asennat-portaita\/","title":{"rendered":"Kun asennat portaita"},"content":{"rendered":"    <div id=\"checkmark-list-block-block_6a0778d8380fdf81c1f3ca0d38bf0233\" class=\"checkmark-list-block\">\n                    <div class=\"row\">\n                <div class=\"list_title col-12\">\n                    <h6> STAIR24 suosittelee seuraavaa muistilistaa:<\/h6>\n                <\/div>\n            <\/div>\n                <div class=\"row\">\n            <div class=\"col-12\">\n                <ol class=\"checkbox_list\">\n                                                                        <li>Olen ottanut mukaan ammattimaisen portaiden asentajan.<\/li>\n                                                                                                <li>Tilat ovat kuivat ja l\u00e4mpim\u00e4t.<\/li>\n                                                                                                <li>Olen tarkastanut porraspakkaukset ja allekirjoittanut rahtikirjat, mik\u00e4li portaat saapuivat ennen asentajaa.<\/li>\n                                                                                                <li>Olen vahvistanut portaiden asentajan saapumisilmoituksen.<\/li>\n                                                                                                <li>Portaiden asentajan kuljetusv\u00e4lineelle on taattuna p\u00e4\u00e4sy kohteeseen.<\/li>\n                                                                                                <li>Minulla on riitt\u00e4v\u00e4sti tilaa, jotta portaiden osat ja asentajan ty\u00f6v\u00e4lineet mahtuvat.<\/li>\n                                                                                                <li>Minulla on peitettyin\u00e4 ne lattiat, jotka tarvitsevat suojaa portaiden asennustoiminnan aikana.<\/li>\n                                                                                                <li>Min\u00e4 tied\u00e4n, ett\u00e4 viimeistellyt sein\u00e4t saattavat v\u00e4h\u00e4isiss\u00e4 m\u00e4\u00e4rin vahingoittua ja olen ottanut huomioon sen, ett\u00e4 sit\u00e4 portaiden asentaja ei korjaa.<\/li>\n                                                                                                <li>Tied\u00e4n, ett\u00e4 portaiden p\u00e4\u00e4llyst\u00e4minen asennuksen j\u00e4lkeen ei kuulu tavanomaiseen palveluun.<\/li>\n                                                                                                <li>Tied\u00e4n, ett\u00e4 sis\u00e4katon reunan p\u00e4\u00e4llyst\u00e4minen, viimeisen askelman ja lattian liitoksen p\u00e4\u00e4llyst\u00e4minen tai muutkaan ty\u00f6t, joista ei ole sovittu, eiv\u00e4t kuulu tavanomaiseen palveluun.<\/li>\n                                                                                                <li>Tied\u00e4n, ett\u00e4 sein\u00e4n ja portaiden rakenteen v\u00e4liin j\u00e4\u00e4 n. 3 mm v\u00e4li ja jos sein\u00e4t eiv\u00e4t ole suorat, v\u00e4li voi olla suurempi.<\/li>\n                                                                                                <li>Tied\u00e4n, ett\u00e4 portaiden asentamisen j\u00e4lkeen pid\u00e4n tilat kuivina ja l\u00e4mmitettyin\u00e4.<\/li>\n                                                                                                <li>Tied\u00e4n, ett\u00e4 minun valmiudestani riippuu, tulevatko portaat asennetuiksi yhdell\u00e4 asennusk\u00e4ynnill\u00e4, jotta minulle ei syntyisi lis\u00e4kustannuksia.<\/li>\n                                                                                                <li>Tied\u00e4n, ett\u00e4 portaiden visuaalisen laadun arvioimme 2 metrin et\u00e4isyydelt\u00e4 normaalivalossa (60 W).<\/li>\n                                                                                                <li>Tied\u00e4n, ett\u00e4 portaiden laadun arvioinnissa otamme huomioon puun luonnolliset ominaispiirteet ja sallitut toleranssit rakenteen osissa.<\/li>\n                                                                                                <li>Tied\u00e4n, ett\u00e4 portaiden asennuksen yhteydess\u00e4 portaiden asentaja saattaa tehd\u00e4 portaisiin joitakin ty\u00f6st\u00f6j\u00e4 ja viimeistelykorjauksia.<\/li>\n                                                                                                <li>Tied\u00e4n, ett\u00e4 portaiden asennuksen p\u00e4\u00e4tt\u00e4mishetkell\u00e4 olen paikalla ja otan mestarilta ty\u00f6n vastaan.<\/li>\n                                                                                                <li>Tied\u00e4n, ett\u00e4 ongelman ilmetess\u00e4 saan apua STAIR24:n tiimilt\u00e4.<\/li>\n                                                            <\/ol>\n            <\/div>\n        <\/div>\n    <\/div>\n","protected":false},"excerpt":{"rendered":"","protected":false},"author":1,"featured_media":7531,"parent":0,"menu_order":0,"comment_status":"closed","ping_status":"closed","template":"page-templates\/staircase-instructions.php","meta":{"_acf_changed":false,"footnotes":""},"class_list":["post-4401","page","type-page","status-publish","has-post-thumbnail","hentry"],"acf":[],"yoast_head":"<!-- This site is optimized with the Yoast SEO plugin v27.5 - https:\/\/yoast.com\/product\/yoast-seo-wordpress\/ -->\n<title>Kun asennat portaita - STAIR24<\/title>\n<meta name=\"robots\" content=\"index, follow, max-snippet:-1, max-image-preview:large, max-video-preview:-1\" \/>\n<link rel=\"canonical\" href=\"https:\/\/www.stair24.com\/fi\/kun-asennat-portaita\/\" \/>\n<meta property=\"og:locale\" content=\"fi_FI\" \/>\n<meta property=\"og:type\" content=\"article\" \/>\n<meta property=\"og:title\" content=\"Kun asennat portaita - STAIR24\" \/>\n<meta property=\"og:url\" content=\"https:\/\/www.stair24.com\/fi\/kun-asennat-portaita\/\" \/>\n<meta property=\"og:site_name\" content=\"STAIR24\" \/>\n<meta property=\"article:publisher\" content=\"https:\/\/www.facebook.com\/AruGrupp\" \/>\n<meta property=\"article:modified_time\" content=\"2025-11-18T07:22:01+00:00\" \/>\n<meta property=\"og:image\" content=\"https:\/\/www.stair24.com\/wp-content\/uploads\/2023\/09\/kuidas-paigaldada-treppi.jpg\" \/>\n\t<meta property=\"og:image:width\" content=\"1200\" \/>\n\t<meta property=\"og:image:height\" content=\"1800\" \/>\n\t<meta property=\"og:image:type\" content=\"image\/jpeg\" \/>\n<meta name=\"twitter:card\" content=\"summary_large_image\" \/>\n<meta name=\"twitter:label1\" content=\"Arvioitu lukuaika\" \/>\n\t<meta name=\"twitter:data1\" content=\"1 minuutti\" \/>\n<script type=\"application\/ld+json\" class=\"yoast-schema-graph\">{\"@context\":\"https:\\\/\\\/schema.org\",\"@graph\":[{\"@type\":\"WebPage\",\"@id\":\"https:\\\/\\\/www.stair24.com\\\/fi\\\/kun-asennat-portaita\\\/\",\"url\":\"https:\\\/\\\/www.stair24.com\\\/fi\\\/kun-asennat-portaita\\\/\",\"name\":\"Kun asennat portaita - STAIR24\",\"isPartOf\":{\"@id\":\"https:\\\/\\\/www.stair24.com\\\/fi\\\/#website\"},\"primaryImageOfPage\":{\"@id\":\"https:\\\/\\\/www.stair24.com\\\/fi\\\/kun-asennat-portaita\\\/#primaryimage\"},\"image\":{\"@id\":\"https:\\\/\\\/www.stair24.com\\\/fi\\\/kun-asennat-portaita\\\/#primaryimage\"},\"thumbnailUrl\":\"https:\\\/\\\/www.stair24.com\\\/wp-content\\\/uploads\\\/2023\\\/09\\\/kuidas-paigaldada-treppi.jpg\",\"datePublished\":\"2021-11-08T10:12:41+00:00\",\"dateModified\":\"2025-11-18T07:22:01+00:00\",\"breadcrumb\":{\"@id\":\"https:\\\/\\\/www.stair24.com\\\/fi\\\/kun-asennat-portaita\\\/#breadcrumb\"},\"inLanguage\":\"fi\",\"potentialAction\":[{\"@type\":\"ReadAction\",\"target\":[\"https:\\\/\\\/www.stair24.com\\\/fi\\\/kun-asennat-portaita\\\/\"]}]},{\"@type\":\"ImageObject\",\"inLanguage\":\"fi\",\"@id\":\"https:\\\/\\\/www.stair24.com\\\/fi\\\/kun-asennat-portaita\\\/#primaryimage\",\"url\":\"https:\\\/\\\/www.stair24.com\\\/wp-content\\\/uploads\\\/2023\\\/09\\\/kuidas-paigaldada-treppi.jpg\",\"contentUrl\":\"https:\\\/\\\/www.stair24.com\\\/wp-content\\\/uploads\\\/2023\\\/09\\\/kuidas-paigaldada-treppi.jpg\",\"width\":1200,\"height\":1800},{\"@type\":\"BreadcrumbList\",\"@id\":\"https:\\\/\\\/www.stair24.com\\\/fi\\\/kun-asennat-portaita\\\/#breadcrumb\",\"itemListElement\":[{\"@type\":\"ListItem\",\"position\":1,\"name\":\"Home\",\"item\":\"https:\\\/\\\/www.stair24.com\\\/fi\\\/\"},{\"@type\":\"ListItem\",\"position\":2,\"name\":\"Kun asennat portaita\"}]},{\"@type\":\"WebSite\",\"@id\":\"https:\\\/\\\/www.stair24.com\\\/fi\\\/#website\",\"url\":\"https:\\\/\\\/www.stair24.com\\\/fi\\\/\",\"name\":\"STAIR 24 | Kvaliteetsed trepid\",\"description\":\"Valmistame treppe igas kujus ning suuruses. Trepid on meie kirg ning oleme \u00fcks suurimaid treppide tootja p\u00f5hjamaades. Proovige meie uut trepikalkulaatorit. Parima kvaliteediga trepid, kiire tarne ning soodne hind.\",\"publisher\":{\"@id\":\"https:\\\/\\\/www.stair24.com\\\/fi\\\/#organization\"},\"potentialAction\":[{\"@type\":\"SearchAction\",\"target\":{\"@type\":\"EntryPoint\",\"urlTemplate\":\"https:\\\/\\\/www.stair24.com\\\/fi\\\/?s={search_term_string}\"},\"query-input\":{\"@type\":\"PropertyValueSpecification\",\"valueRequired\":true,\"valueName\":\"search_term_string\"}}],\"inLanguage\":\"fi\"},{\"@type\":\"Organization\",\"@id\":\"https:\\\/\\\/www.stair24.com\\\/fi\\\/#organization\",\"name\":\"STAIR 24 | Kvaliteetsed trepid\",\"url\":\"https:\\\/\\\/www.stair24.com\\\/fi\\\/\",\"logo\":{\"@type\":\"ImageObject\",\"inLanguage\":\"fi\",\"@id\":\"https:\\\/\\\/www.stair24.com\\\/fi\\\/#\\\/schema\\\/logo\\\/image\\\/\",\"url\":\"https:\\\/\\\/www.stair24.com\\\/wp-content\\\/uploads\\\/2022\\\/12\\\/trep-stair24_logo-1.png\",\"contentUrl\":\"https:\\\/\\\/www.stair24.com\\\/wp-content\\\/uploads\\\/2022\\\/12\\\/trep-stair24_logo-1.png\",\"width\":302,\"height\":85,\"caption\":\"STAIR 24 | Kvaliteetsed trepid\"},\"image\":{\"@id\":\"https:\\\/\\\/www.stair24.com\\\/fi\\\/#\\\/schema\\\/logo\\\/image\\\/\"},\"sameAs\":[\"https:\\\/\\\/www.facebook.com\\\/AruGrupp\",\"https:\\\/\\\/www.instagram.com\\\/stair.24\\\/\",\"https:\\\/\\\/www.youtube.com\\\/@stair24com\"]}]}<\/script>\n<!-- \/ Yoast SEO plugin. -->","yoast_head_json":{"title":"Kun asennat portaita - STAIR24","robots":{"index":"index","follow":"follow","max-snippet":"max-snippet:-1","max-image-preview":"max-image-preview:large","max-video-preview":"max-video-preview:-1"},"canonical":"https:\/\/www.stair24.com\/fi\/kun-asennat-portaita\/","og_locale":"fi_FI","og_type":"article","og_title":"Kun asennat portaita - STAIR24","og_url":"https:\/\/www.stair24.com\/fi\/kun-asennat-portaita\/","og_site_name":"STAIR24","article_publisher":"https:\/\/www.facebook.com\/AruGrupp","article_modified_time":"2025-11-18T07:22:01+00:00","og_image":[{"width":1200,"height":1800,"url":"https:\/\/www.stair24.com\/wp-content\/uploads\/2023\/09\/kuidas-paigaldada-treppi.jpg","type":"image\/jpeg"}],"twitter_card":"summary_large_image","twitter_misc":{"Arvioitu lukuaika":"1 minuutti"},"schema":{"@context":"https:\/\/schema.org","@graph":[{"@type":"WebPage","@id":"https:\/\/www.stair24.com\/fi\/kun-asennat-portaita\/","url":"https:\/\/www.stair24.com\/fi\/kun-asennat-portaita\/","name":"Kun asennat portaita - STAIR24","isPartOf":{"@id":"https:\/\/www.stair24.com\/fi\/#website"},"primaryImageOfPage":{"@id":"https:\/\/www.stair24.com\/fi\/kun-asennat-portaita\/#primaryimage"},"image":{"@id":"https:\/\/www.stair24.com\/fi\/kun-asennat-portaita\/#primaryimage"},"thumbnailUrl":"https:\/\/www.stair24.com\/wp-content\/uploads\/2023\/09\/kuidas-paigaldada-treppi.jpg","datePublished":"2021-11-08T10:12:41+00:00","dateModified":"2025-11-18T07:22:01+00:00","breadcrumb":{"@id":"https:\/\/www.stair24.com\/fi\/kun-asennat-portaita\/#breadcrumb"},"inLanguage":"fi","potentialAction":[{"@type":"ReadAction","target":["https:\/\/www.stair24.com\/fi\/kun-asennat-portaita\/"]}]},{"@type":"ImageObject","inLanguage":"fi","@id":"https:\/\/www.stair24.com\/fi\/kun-asennat-portaita\/#primaryimage","url":"https:\/\/www.stair24.com\/wp-content\/uploads\/2023\/09\/kuidas-paigaldada-treppi.jpg","contentUrl":"https:\/\/www.stair24.com\/wp-content\/uploads\/2023\/09\/kuidas-paigaldada-treppi.jpg","width":1200,"height":1800},{"@type":"BreadcrumbList","@id":"https:\/\/www.stair24.com\/fi\/kun-asennat-portaita\/#breadcrumb","itemListElement":[{"@type":"ListItem","position":1,"name":"Home","item":"https:\/\/www.stair24.com\/fi\/"},{"@type":"ListItem","position":2,"name":"Kun asennat portaita"}]},{"@type":"WebSite","@id":"https:\/\/www.stair24.com\/fi\/#website","url":"https:\/\/www.stair24.com\/fi\/","name":"STAIR 24 | Kvaliteetsed trepid","description":"Valmistame treppe igas kujus ning suuruses. Trepid on meie kirg ning oleme \u00fcks suurimaid treppide tootja p\u00f5hjamaades. Proovige meie uut trepikalkulaatorit. Parima kvaliteediga trepid, kiire tarne ning soodne hind.","publisher":{"@id":"https:\/\/www.stair24.com\/fi\/#organization"},"potentialAction":[{"@type":"SearchAction","target":{"@type":"EntryPoint","urlTemplate":"https:\/\/www.stair24.com\/fi\/?s={search_term_string}"},"query-input":{"@type":"PropertyValueSpecification","valueRequired":true,"valueName":"search_term_string"}}],"inLanguage":"fi"},{"@type":"Organization","@id":"https:\/\/www.stair24.com\/fi\/#organization","name":"STAIR 24 | Kvaliteetsed trepid","url":"https:\/\/www.stair24.com\/fi\/","logo":{"@type":"ImageObject","inLanguage":"fi","@id":"https:\/\/www.stair24.com\/fi\/#\/schema\/logo\/image\/","url":"https:\/\/www.stair24.com\/wp-content\/uploads\/2022\/12\/trep-stair24_logo-1.png","contentUrl":"https:\/\/www.stair24.com\/wp-content\/uploads\/2022\/12\/trep-stair24_logo-1.png","width":302,"height":85,"caption":"STAIR 24 | Kvaliteetsed trepid"},"image":{"@id":"https:\/\/www.stair24.com\/fi\/#\/schema\/logo\/image\/"},"sameAs":["https:\/\/www.facebook.com\/AruGrupp","https:\/\/www.instagram.com\/stair.24\/","https:\/\/www.youtube.com\/@stair24com"]}]}},"_links":{"self":[{"href":"https:\/\/www.stair24.com\/fi\/wp-json\/wp\/v2\/pages\/4401","targetHints":{"allow":["GET"]}}],"collection":[{"href":"https:\/\/www.stair24.com\/fi\/wp-json\/wp\/v2\/pages"}],"about":[{"href":"https:\/\/www.stair24.com\/fi\/wp-json\/wp\/v2\/types\/page"}],"author":[{"embeddable":true,"href":"https:\/\/www.stair24.com\/fi\/wp-json\/wp\/v2\/users\/1"}],"replies":[{"embeddable":true,"href":"https:\/\/www.stair24.com\/fi\/wp-json\/wp\/v2\/comments?post=4401"}],"version-history":[{"count":6,"href":"https:\/\/www.stair24.com\/fi\/wp-json\/wp\/v2\/pages\/4401\/revisions"}],"predecessor-version":[{"id":22631,"href":"https:\/\/www.stair24.com\/fi\/wp-json\/wp\/v2\/pages\/4401\/revisions\/22631"}],"wp:featuredmedia":[{"embeddable":true,"href":"https:\/\/www.stair24.com\/fi\/wp-json\/wp\/v2\/media\/7531"}],"wp:attachment":[{"href":"https:\/\/www.stair24.com\/fi\/wp-json\/wp\/v2\/media?parent=4401"}],"curies":[{"name":"wp","href":"https:\/\/api.w.org\/{rel}","templated":true}]}}