{"id":4408,"date":"2021-11-08T10:12:08","date_gmt":"2021-11-08T10:12:08","guid":{"rendered":"https:\/\/www.stair24.com\/kun-mittaat-portaat\/"},"modified":"2025-11-18T09:21:56","modified_gmt":"2025-11-18T07:21:56","slug":"kun-mittaat-portaat","status":"publish","type":"page","link":"https:\/\/www.stair24.com\/fi\/kun-mittaat-portaat\/","title":{"rendered":"Kun mittaat portaat"},"content":{"rendered":"    <div id=\"checkmark-list-block-block_c15435e8f5f116dcf912423dbf3ade1d\" class=\"checkmark-list-block\">\n                    <div class=\"row\">\n                <div class=\"list_title col-12\">\n                    <h6> STAIR24 suosittelee seuraavaa muistilistaa:<\/h6>\n                <\/div>\n            <\/div>\n                <div class=\"row\">\n            <div class=\"col-12\">\n                <ol class=\"checkbox_list\">\n                                                                        <li>Olen ottanut mukaan ammattimaisen mittaajan.<\/li>\n                                                                                                <li>Porrasaukon sein\u00e4t ovat valmiit, suorassa ja nurkat ovat 90 astetta.<\/li>\n                                                                                                <li>Porrasaukon aluslattia on olemassa, suorassa.<\/li>\n                                                                                                <li>Tied\u00e4n viimeisteltyjen lattioiden suunnitellut lopulliset korkeudet.<\/li>\n                                                                                                <li>Tied\u00e4n, miss\u00e4 seiniss\u00e4 sijaitsevat rakenteet, joihin portaiden kiinnitysruuvit voi asentaa.<\/li>\n                                                                                                <li>Tied\u00e4n, miss\u00e4 porrask\u00e4yt\u00e4v\u00e4n osassa on kaapeleita, l\u00e4mmitys- tai vesiputkia.<\/li>\n                                                                                                <li>Porrasaukkoon on vapaa p\u00e4\u00e4sy mittaamista varten.<\/li>\n                                                                                                <li>Takaan mittaajalle turvallisen ty\u00f6vy\u00f6hykkeen.<\/li>\n                                                            <\/ol>\n            <\/div>\n        <\/div>\n    <\/div>\n\n\n\n<h2 class=\"wp-block-heading\">Portaiden mittausohje<\/h2>\n\n\n\n<p>Jotta voisimme tarjota Sinulle mahdollisimman tarkan portaiden hinnan, tarvitsemme portaiden mitat. Annamme t\u00e4ss\u00e4 joitakin ohjeita siit\u00e4, miten t\u00e4sm\u00e4llisempi tulos saavutetaan ja mit\u00e4 mitataan.<\/p>\n\n\n\n<ul class=\"wp-block-list\">\n<li>Mittaa tilan korkeus ensimm\u00e4isen kerroksen lattiasta toisen kerroksen lattiaan<\/li>\n\n\n\n<li>Portaiden suunnittelemiseksi tulee tiet\u00e4\u00e4 sek\u00e4 tilan korkeus ett\u00e4 v\u00e4lipohjan paksuus<\/li>\n\n\n\n<li>Ota huomioon, ett\u00e4 portaiden leveys ei voi olla porrasaukon leveytt\u00e4 suurempi<\/li>\n\n\n\n<li>Porrasaukon pituuden ja tilan korkeuden mukaan portaiden suunnittelija laskee portaiden pituuden siten, ett\u00e4 kulkutilaa j\u00e4\u00e4 riitt\u00e4v\u00e4sti<\/li>\n\n\n\n<li>Kulkutila on mitta askelman p\u00e4\u00e4lt\u00e4 ensimm\u00e4isen kerroksen kattoon (porrasaskelmia yhdist\u00e4v\u00e4n ajatuksellisen linjan ja v\u00e4lipohjan v\u00e4linen korkeusmitta)<\/li>\n\n\n\n<li>Toimita mitat millimetrein\u00e4<\/li>\n<\/ul>\n\n\n\n<p>Ole hyv\u00e4 ja kirjoita mitat sek\u00e4 portaiden tyyppi <a href=\"https:\/\/www.stair24.com\/fi\/hintapyynto\/\">hintatiedustelukaavakkeeseen tai l\u00e4het\u00e4<\/a> ne vapaamuotoisena tekstin\u00e4 osoitteeseen <a href=\"mailto:sales@stair24.com\">sales@stair24.com<\/a><\/p>\n","protected":false},"excerpt":{"rendered":"Portaiden mittausohje Jotta voisimme tarjota Sinulle mahdollisimman tarkan portaiden hinnan, tarvitsemme portaiden mitat. Annamme t\u00e4ss\u00e4 joitakin&#8230;","protected":false},"author":1,"featured_media":7542,"parent":0,"menu_order":0,"comment_status":"closed","ping_status":"closed","template":"page-templates\/staircase-instructions.php","meta":{"_acf_changed":false,"footnotes":""},"class_list":["post-4408","page","type-page","status-publish","has-post-thumbnail","hentry"],"acf":[],"yoast_head":"<!-- This site is optimized with the Yoast SEO plugin v27.5 - https:\/\/yoast.com\/product\/yoast-seo-wordpress\/ -->\n<title>Kun mittaat portaat - STAIR24<\/title>\n<meta name=\"robots\" content=\"index, follow, max-snippet:-1, max-image-preview:large, max-video-preview:-1\" \/>\n<link rel=\"canonical\" href=\"https:\/\/www.stair24.com\/fi\/kun-mittaat-portaat\/\" \/>\n<meta property=\"og:locale\" content=\"fi_FI\" \/>\n<meta property=\"og:type\" content=\"article\" \/>\n<meta property=\"og:title\" content=\"Kun mittaat portaat - STAIR24\" \/>\n<meta property=\"og:description\" content=\"Portaiden mittausohje Jotta voisimme tarjota Sinulle mahdollisimman tarkan portaiden hinnan, tarvitsemme portaiden mitat. Annamme t\u00e4ss\u00e4 joitakin...\" \/>\n<meta property=\"og:url\" content=\"https:\/\/www.stair24.com\/fi\/kun-mittaat-portaat\/\" \/>\n<meta property=\"og:site_name\" content=\"STAIR24\" \/>\n<meta property=\"article:publisher\" content=\"https:\/\/www.facebook.com\/AruGrupp\" \/>\n<meta property=\"article:modified_time\" content=\"2025-11-18T07:21:56+00:00\" \/>\n<meta property=\"og:image\" content=\"https:\/\/www.stair24.com\/wp-content\/uploads\/2023\/09\/kuidas-moota-treppi-1.jpg\" \/>\n\t<meta property=\"og:image:width\" content=\"1920\" \/>\n\t<meta property=\"og:image:height\" content=\"2560\" \/>\n\t<meta property=\"og:image:type\" content=\"image\/jpeg\" \/>\n<meta name=\"twitter:card\" content=\"summary_large_image\" \/>\n<meta name=\"twitter:label1\" content=\"Arvioitu lukuaika\" \/>\n\t<meta name=\"twitter:data1\" content=\"1 minuutti\" \/>\n<script type=\"application\/ld+json\" class=\"yoast-schema-graph\">{\"@context\":\"https:\\\/\\\/schema.org\",\"@graph\":[{\"@type\":\"WebPage\",\"@id\":\"https:\\\/\\\/www.stair24.com\\\/fi\\\/kun-mittaat-portaat\\\/\",\"url\":\"https:\\\/\\\/www.stair24.com\\\/fi\\\/kun-mittaat-portaat\\\/\",\"name\":\"Kun mittaat portaat - STAIR24\",\"isPartOf\":{\"@id\":\"https:\\\/\\\/www.stair24.com\\\/fi\\\/#website\"},\"primaryImageOfPage\":{\"@id\":\"https:\\\/\\\/www.stair24.com\\\/fi\\\/kun-mittaat-portaat\\\/#primaryimage\"},\"image\":{\"@id\":\"https:\\\/\\\/www.stair24.com\\\/fi\\\/kun-mittaat-portaat\\\/#primaryimage\"},\"thumbnailUrl\":\"https:\\\/\\\/www.stair24.com\\\/wp-content\\\/uploads\\\/2023\\\/09\\\/kuidas-moota-treppi-1.jpg\",\"datePublished\":\"2021-11-08T10:12:08+00:00\",\"dateModified\":\"2025-11-18T07:21:56+00:00\",\"breadcrumb\":{\"@id\":\"https:\\\/\\\/www.stair24.com\\\/fi\\\/kun-mittaat-portaat\\\/#breadcrumb\"},\"inLanguage\":\"fi\",\"potentialAction\":[{\"@type\":\"ReadAction\",\"target\":[\"https:\\\/\\\/www.stair24.com\\\/fi\\\/kun-mittaat-portaat\\\/\"]}]},{\"@type\":\"ImageObject\",\"inLanguage\":\"fi\",\"@id\":\"https:\\\/\\\/www.stair24.com\\\/fi\\\/kun-mittaat-portaat\\\/#primaryimage\",\"url\":\"https:\\\/\\\/www.stair24.com\\\/wp-content\\\/uploads\\\/2023\\\/09\\\/kuidas-moota-treppi-1.jpg\",\"contentUrl\":\"https:\\\/\\\/www.stair24.com\\\/wp-content\\\/uploads\\\/2023\\\/09\\\/kuidas-moota-treppi-1.jpg\",\"width\":1920,\"height\":2560},{\"@type\":\"BreadcrumbList\",\"@id\":\"https:\\\/\\\/www.stair24.com\\\/fi\\\/kun-mittaat-portaat\\\/#breadcrumb\",\"itemListElement\":[{\"@type\":\"ListItem\",\"position\":1,\"name\":\"Home\",\"item\":\"https:\\\/\\\/www.stair24.com\\\/fi\\\/\"},{\"@type\":\"ListItem\",\"position\":2,\"name\":\"Kun mittaat portaat\"}]},{\"@type\":\"WebSite\",\"@id\":\"https:\\\/\\\/www.stair24.com\\\/fi\\\/#website\",\"url\":\"https:\\\/\\\/www.stair24.com\\\/fi\\\/\",\"name\":\"STAIR 24 | Kvaliteetsed trepid\",\"description\":\"Valmistame treppe igas kujus ning suuruses. Trepid on meie kirg ning oleme \u00fcks suurimaid treppide tootja p\u00f5hjamaades. Proovige meie uut trepikalkulaatorit. Parima kvaliteediga trepid, kiire tarne ning soodne hind.\",\"publisher\":{\"@id\":\"https:\\\/\\\/www.stair24.com\\\/fi\\\/#organization\"},\"potentialAction\":[{\"@type\":\"SearchAction\",\"target\":{\"@type\":\"EntryPoint\",\"urlTemplate\":\"https:\\\/\\\/www.stair24.com\\\/fi\\\/?s={search_term_string}\"},\"query-input\":{\"@type\":\"PropertyValueSpecification\",\"valueRequired\":true,\"valueName\":\"search_term_string\"}}],\"inLanguage\":\"fi\"},{\"@type\":\"Organization\",\"@id\":\"https:\\\/\\\/www.stair24.com\\\/fi\\\/#organization\",\"name\":\"STAIR 24 | Kvaliteetsed trepid\",\"url\":\"https:\\\/\\\/www.stair24.com\\\/fi\\\/\",\"logo\":{\"@type\":\"ImageObject\",\"inLanguage\":\"fi\",\"@id\":\"https:\\\/\\\/www.stair24.com\\\/fi\\\/#\\\/schema\\\/logo\\\/image\\\/\",\"url\":\"https:\\\/\\\/www.stair24.com\\\/wp-content\\\/uploads\\\/2022\\\/12\\\/trep-stair24_logo-1.png\",\"contentUrl\":\"https:\\\/\\\/www.stair24.com\\\/wp-content\\\/uploads\\\/2022\\\/12\\\/trep-stair24_logo-1.png\",\"width\":302,\"height\":85,\"caption\":\"STAIR 24 | Kvaliteetsed trepid\"},\"image\":{\"@id\":\"https:\\\/\\\/www.stair24.com\\\/fi\\\/#\\\/schema\\\/logo\\\/image\\\/\"},\"sameAs\":[\"https:\\\/\\\/www.facebook.com\\\/AruGrupp\",\"https:\\\/\\\/www.instagram.com\\\/stair.24\\\/\",\"https:\\\/\\\/www.youtube.com\\\/@stair24com\"]}]}<\/script>\n<!-- \/ Yoast SEO plugin. -->","yoast_head_json":{"title":"Kun mittaat portaat - STAIR24","robots":{"index":"index","follow":"follow","max-snippet":"max-snippet:-1","max-image-preview":"max-image-preview:large","max-video-preview":"max-video-preview:-1"},"canonical":"https:\/\/www.stair24.com\/fi\/kun-mittaat-portaat\/","og_locale":"fi_FI","og_type":"article","og_title":"Kun mittaat portaat - STAIR24","og_description":"Portaiden mittausohje Jotta voisimme tarjota Sinulle mahdollisimman tarkan portaiden hinnan, tarvitsemme portaiden mitat. Annamme t\u00e4ss\u00e4 joitakin...","og_url":"https:\/\/www.stair24.com\/fi\/kun-mittaat-portaat\/","og_site_name":"STAIR24","article_publisher":"https:\/\/www.facebook.com\/AruGrupp","article_modified_time":"2025-11-18T07:21:56+00:00","og_image":[{"width":1920,"height":2560,"url":"https:\/\/www.stair24.com\/wp-content\/uploads\/2023\/09\/kuidas-moota-treppi-1.jpg","type":"image\/jpeg"}],"twitter_card":"summary_large_image","twitter_misc":{"Arvioitu lukuaika":"1 minuutti"},"schema":{"@context":"https:\/\/schema.org","@graph":[{"@type":"WebPage","@id":"https:\/\/www.stair24.com\/fi\/kun-mittaat-portaat\/","url":"https:\/\/www.stair24.com\/fi\/kun-mittaat-portaat\/","name":"Kun mittaat portaat - STAIR24","isPartOf":{"@id":"https:\/\/www.stair24.com\/fi\/#website"},"primaryImageOfPage":{"@id":"https:\/\/www.stair24.com\/fi\/kun-mittaat-portaat\/#primaryimage"},"image":{"@id":"https:\/\/www.stair24.com\/fi\/kun-mittaat-portaat\/#primaryimage"},"thumbnailUrl":"https:\/\/www.stair24.com\/wp-content\/uploads\/2023\/09\/kuidas-moota-treppi-1.jpg","datePublished":"2021-11-08T10:12:08+00:00","dateModified":"2025-11-18T07:21:56+00:00","breadcrumb":{"@id":"https:\/\/www.stair24.com\/fi\/kun-mittaat-portaat\/#breadcrumb"},"inLanguage":"fi","potentialAction":[{"@type":"ReadAction","target":["https:\/\/www.stair24.com\/fi\/kun-mittaat-portaat\/"]}]},{"@type":"ImageObject","inLanguage":"fi","@id":"https:\/\/www.stair24.com\/fi\/kun-mittaat-portaat\/#primaryimage","url":"https:\/\/www.stair24.com\/wp-content\/uploads\/2023\/09\/kuidas-moota-treppi-1.jpg","contentUrl":"https:\/\/www.stair24.com\/wp-content\/uploads\/2023\/09\/kuidas-moota-treppi-1.jpg","width":1920,"height":2560},{"@type":"BreadcrumbList","@id":"https:\/\/www.stair24.com\/fi\/kun-mittaat-portaat\/#breadcrumb","itemListElement":[{"@type":"ListItem","position":1,"name":"Home","item":"https:\/\/www.stair24.com\/fi\/"},{"@type":"ListItem","position":2,"name":"Kun mittaat portaat"}]},{"@type":"WebSite","@id":"https:\/\/www.stair24.com\/fi\/#website","url":"https:\/\/www.stair24.com\/fi\/","name":"STAIR 24 | Kvaliteetsed trepid","description":"Valmistame treppe igas kujus ning suuruses. Trepid on meie kirg ning oleme \u00fcks suurimaid treppide tootja p\u00f5hjamaades. Proovige meie uut trepikalkulaatorit. Parima kvaliteediga trepid, kiire tarne ning soodne hind.","publisher":{"@id":"https:\/\/www.stair24.com\/fi\/#organization"},"potentialAction":[{"@type":"SearchAction","target":{"@type":"EntryPoint","urlTemplate":"https:\/\/www.stair24.com\/fi\/?s={search_term_string}"},"query-input":{"@type":"PropertyValueSpecification","valueRequired":true,"valueName":"search_term_string"}}],"inLanguage":"fi"},{"@type":"Organization","@id":"https:\/\/www.stair24.com\/fi\/#organization","name":"STAIR 24 | Kvaliteetsed trepid","url":"https:\/\/www.stair24.com\/fi\/","logo":{"@type":"ImageObject","inLanguage":"fi","@id":"https:\/\/www.stair24.com\/fi\/#\/schema\/logo\/image\/","url":"https:\/\/www.stair24.com\/wp-content\/uploads\/2022\/12\/trep-stair24_logo-1.png","contentUrl":"https:\/\/www.stair24.com\/wp-content\/uploads\/2022\/12\/trep-stair24_logo-1.png","width":302,"height":85,"caption":"STAIR 24 | Kvaliteetsed trepid"},"image":{"@id":"https:\/\/www.stair24.com\/fi\/#\/schema\/logo\/image\/"},"sameAs":["https:\/\/www.facebook.com\/AruGrupp","https:\/\/www.instagram.com\/stair.24\/","https:\/\/www.youtube.com\/@stair24com"]}]}},"_links":{"self":[{"href":"https:\/\/www.stair24.com\/fi\/wp-json\/wp\/v2\/pages\/4408","targetHints":{"allow":["GET"]}}],"collection":[{"href":"https:\/\/www.stair24.com\/fi\/wp-json\/wp\/v2\/pages"}],"about":[{"href":"https:\/\/www.stair24.com\/fi\/wp-json\/wp\/v2\/types\/page"}],"author":[{"embeddable":true,"href":"https:\/\/www.stair24.com\/fi\/wp-json\/wp\/v2\/users\/1"}],"replies":[{"embeddable":true,"href":"https:\/\/www.stair24.com\/fi\/wp-json\/wp\/v2\/comments?post=4408"}],"version-history":[{"count":8,"href":"https:\/\/www.stair24.com\/fi\/wp-json\/wp\/v2\/pages\/4408\/revisions"}],"predecessor-version":[{"id":22630,"href":"https:\/\/www.stair24.com\/fi\/wp-json\/wp\/v2\/pages\/4408\/revisions\/22630"}],"wp:featuredmedia":[{"embeddable":true,"href":"https:\/\/www.stair24.com\/fi\/wp-json\/wp\/v2\/media\/7542"}],"wp:attachment":[{"href":"https:\/\/www.stair24.com\/fi\/wp-json\/wp\/v2\/media?parent=4408"}],"curies":[{"name":"wp","href":"https:\/\/api.w.org\/{rel}","templated":true}]}}