{"id":4425,"date":"2021-11-02T08:35:02","date_gmt":"2021-11-02T08:35:02","guid":{"rendered":"https:\/\/www.stair24.com\/tule-kumppaniksi\/"},"modified":"2023-01-30T14:26:07","modified_gmt":"2023-01-30T12:26:07","slug":"haluatko-ryhtya-yhteistyokumppaniksi","status":"publish","type":"page","link":"https:\/\/www.stair24.com\/fi\/haluatko-ryhtya-yhteistyokumppaniksi\/","title":{"rendered":"Haluatko ryhty\u00e4 yhteisty\u00f6kumppaniksi?"},"content":{"rendered":"\n<p>Stair24 on paras portaiden myyntiymp\u00e4rist\u00f6. Haemme alueille ammattitaitoisia kumppaneita, jotka huolehtivat mittauksesta, portaiden asennuksesta ja asiakaspalvelusta. Jos haluat liitty\u00e4 tiimiimme, ota meihin yhteytt\u00e4<\/p>\n","protected":false},"excerpt":{"rendered":"Stair24 on paras portaiden myyntiymp\u00e4rist\u00f6. Haemme alueille ammattitaitoisia kumppaneita, jotka huolehtivat mittauksesta, portaiden asennuksesta ja asiakaspalvelusta&#8230;.","protected":false},"author":1,"featured_media":0,"parent":0,"menu_order":0,"comment_status":"closed","ping_status":"closed","template":"page-templates\/want-to-be-a-partner.php","meta":{"_acf_changed":false,"footnotes":""},"class_list":["post-4425","page","type-page","status-publish","hentry"],"acf":[],"yoast_head":"<!-- This site is optimized with the Yoast SEO plugin v27.5 - https:\/\/yoast.com\/product\/yoast-seo-wordpress\/ -->\n<title>Haluatko ryhty\u00e4 yhteisty\u00f6kumppaniksi? - STAIR24<\/title>\n<meta name=\"robots\" content=\"index, follow, max-snippet:-1, max-image-preview:large, max-video-preview:-1\" \/>\n<link rel=\"canonical\" href=\"https:\/\/www.stair24.com\/fi\/haluatko-ryhtya-yhteistyokumppaniksi\/\" \/>\n<meta property=\"og:locale\" content=\"fi_FI\" \/>\n<meta property=\"og:type\" content=\"article\" \/>\n<meta property=\"og:title\" content=\"Haluatko ryhty\u00e4 yhteisty\u00f6kumppaniksi? - STAIR24\" \/>\n<meta property=\"og:description\" content=\"Stair24 on paras portaiden myyntiymp\u00e4rist\u00f6. Haemme alueille ammattitaitoisia kumppaneita, jotka huolehtivat mittauksesta, portaiden asennuksesta ja asiakaspalvelusta....\" \/>\n<meta property=\"og:url\" content=\"https:\/\/www.stair24.com\/fi\/haluatko-ryhtya-yhteistyokumppaniksi\/\" \/>\n<meta property=\"og:site_name\" content=\"STAIR24\" \/>\n<meta property=\"article:publisher\" content=\"https:\/\/www.facebook.com\/AruGrupp\" \/>\n<meta property=\"article:modified_time\" content=\"2023-01-30T12:26:07+00:00\" \/>\n<meta property=\"og:image\" content=\"https:\/\/www.stair24.com\/wp-content\/uploads\/2022\/12\/trepid-stair24_logo-2.png\" \/>\n\t<meta property=\"og:image:width\" content=\"711\" \/>\n\t<meta property=\"og:image:height\" content=\"200\" \/>\n\t<meta property=\"og:image:type\" content=\"image\/png\" \/>\n<meta name=\"twitter:card\" content=\"summary_large_image\" \/>\n<meta name=\"twitter:label1\" content=\"Arvioitu lukuaika\" \/>\n\t<meta name=\"twitter:data1\" content=\"1 minuutti\" \/>\n<script type=\"application\/ld+json\" class=\"yoast-schema-graph\">{\"@context\":\"https:\\\/\\\/schema.org\",\"@graph\":[{\"@type\":\"WebPage\",\"@id\":\"https:\\\/\\\/www.stair24.com\\\/fi\\\/haluatko-ryhtya-yhteistyokumppaniksi\\\/\",\"url\":\"https:\\\/\\\/www.stair24.com\\\/fi\\\/haluatko-ryhtya-yhteistyokumppaniksi\\\/\",\"name\":\"Haluatko ryhty\u00e4 yhteisty\u00f6kumppaniksi? - STAIR24\",\"isPartOf\":{\"@id\":\"https:\\\/\\\/www.stair24.com\\\/fi\\\/#website\"},\"datePublished\":\"2021-11-02T08:35:02+00:00\",\"dateModified\":\"2023-01-30T12:26:07+00:00\",\"breadcrumb\":{\"@id\":\"https:\\\/\\\/www.stair24.com\\\/fi\\\/haluatko-ryhtya-yhteistyokumppaniksi\\\/#breadcrumb\"},\"inLanguage\":\"fi\",\"potentialAction\":[{\"@type\":\"ReadAction\",\"target\":[\"https:\\\/\\\/www.stair24.com\\\/fi\\\/haluatko-ryhtya-yhteistyokumppaniksi\\\/\"]}]},{\"@type\":\"BreadcrumbList\",\"@id\":\"https:\\\/\\\/www.stair24.com\\\/fi\\\/haluatko-ryhtya-yhteistyokumppaniksi\\\/#breadcrumb\",\"itemListElement\":[{\"@type\":\"ListItem\",\"position\":1,\"name\":\"Home\",\"item\":\"https:\\\/\\\/www.stair24.com\\\/fi\\\/\"},{\"@type\":\"ListItem\",\"position\":2,\"name\":\"Haluatko ryhty\u00e4 yhteisty\u00f6kumppaniksi?\"}]},{\"@type\":\"WebSite\",\"@id\":\"https:\\\/\\\/www.stair24.com\\\/fi\\\/#website\",\"url\":\"https:\\\/\\\/www.stair24.com\\\/fi\\\/\",\"name\":\"STAIR 24 | Kvaliteetsed trepid\",\"description\":\"Valmistame treppe igas kujus ning suuruses. Trepid on meie kirg ning oleme \u00fcks suurimaid treppide tootja p\u00f5hjamaades. Proovige meie uut trepikalkulaatorit. Parima kvaliteediga trepid, kiire tarne ning soodne hind.\",\"publisher\":{\"@id\":\"https:\\\/\\\/www.stair24.com\\\/fi\\\/#organization\"},\"potentialAction\":[{\"@type\":\"SearchAction\",\"target\":{\"@type\":\"EntryPoint\",\"urlTemplate\":\"https:\\\/\\\/www.stair24.com\\\/fi\\\/?s={search_term_string}\"},\"query-input\":{\"@type\":\"PropertyValueSpecification\",\"valueRequired\":true,\"valueName\":\"search_term_string\"}}],\"inLanguage\":\"fi\"},{\"@type\":\"Organization\",\"@id\":\"https:\\\/\\\/www.stair24.com\\\/fi\\\/#organization\",\"name\":\"STAIR 24 | Kvaliteetsed trepid\",\"url\":\"https:\\\/\\\/www.stair24.com\\\/fi\\\/\",\"logo\":{\"@type\":\"ImageObject\",\"inLanguage\":\"fi\",\"@id\":\"https:\\\/\\\/www.stair24.com\\\/fi\\\/#\\\/schema\\\/logo\\\/image\\\/\",\"url\":\"https:\\\/\\\/www.stair24.com\\\/wp-content\\\/uploads\\\/2022\\\/12\\\/trep-stair24_logo-1.png\",\"contentUrl\":\"https:\\\/\\\/www.stair24.com\\\/wp-content\\\/uploads\\\/2022\\\/12\\\/trep-stair24_logo-1.png\",\"width\":302,\"height\":85,\"caption\":\"STAIR 24 | Kvaliteetsed trepid\"},\"image\":{\"@id\":\"https:\\\/\\\/www.stair24.com\\\/fi\\\/#\\\/schema\\\/logo\\\/image\\\/\"},\"sameAs\":[\"https:\\\/\\\/www.facebook.com\\\/AruGrupp\",\"https:\\\/\\\/www.instagram.com\\\/stair.24\\\/\",\"https:\\\/\\\/www.youtube.com\\\/@stair24com\"]}]}<\/script>\n<!-- \/ Yoast SEO plugin. -->","yoast_head_json":{"title":"Haluatko ryhty\u00e4 yhteisty\u00f6kumppaniksi? - STAIR24","robots":{"index":"index","follow":"follow","max-snippet":"max-snippet:-1","max-image-preview":"max-image-preview:large","max-video-preview":"max-video-preview:-1"},"canonical":"https:\/\/www.stair24.com\/fi\/haluatko-ryhtya-yhteistyokumppaniksi\/","og_locale":"fi_FI","og_type":"article","og_title":"Haluatko ryhty\u00e4 yhteisty\u00f6kumppaniksi? - STAIR24","og_description":"Stair24 on paras portaiden myyntiymp\u00e4rist\u00f6. Haemme alueille ammattitaitoisia kumppaneita, jotka huolehtivat mittauksesta, portaiden asennuksesta ja asiakaspalvelusta....","og_url":"https:\/\/www.stair24.com\/fi\/haluatko-ryhtya-yhteistyokumppaniksi\/","og_site_name":"STAIR24","article_publisher":"https:\/\/www.facebook.com\/AruGrupp","article_modified_time":"2023-01-30T12:26:07+00:00","og_image":[{"width":711,"height":200,"url":"https:\/\/www.stair24.com\/wp-content\/uploads\/2022\/12\/trepid-stair24_logo-2.png","type":"image\/png"}],"twitter_card":"summary_large_image","twitter_misc":{"Arvioitu lukuaika":"1 minuutti"},"schema":{"@context":"https:\/\/schema.org","@graph":[{"@type":"WebPage","@id":"https:\/\/www.stair24.com\/fi\/haluatko-ryhtya-yhteistyokumppaniksi\/","url":"https:\/\/www.stair24.com\/fi\/haluatko-ryhtya-yhteistyokumppaniksi\/","name":"Haluatko ryhty\u00e4 yhteisty\u00f6kumppaniksi? - STAIR24","isPartOf":{"@id":"https:\/\/www.stair24.com\/fi\/#website"},"datePublished":"2021-11-02T08:35:02+00:00","dateModified":"2023-01-30T12:26:07+00:00","breadcrumb":{"@id":"https:\/\/www.stair24.com\/fi\/haluatko-ryhtya-yhteistyokumppaniksi\/#breadcrumb"},"inLanguage":"fi","potentialAction":[{"@type":"ReadAction","target":["https:\/\/www.stair24.com\/fi\/haluatko-ryhtya-yhteistyokumppaniksi\/"]}]},{"@type":"BreadcrumbList","@id":"https:\/\/www.stair24.com\/fi\/haluatko-ryhtya-yhteistyokumppaniksi\/#breadcrumb","itemListElement":[{"@type":"ListItem","position":1,"name":"Home","item":"https:\/\/www.stair24.com\/fi\/"},{"@type":"ListItem","position":2,"name":"Haluatko ryhty\u00e4 yhteisty\u00f6kumppaniksi?"}]},{"@type":"WebSite","@id":"https:\/\/www.stair24.com\/fi\/#website","url":"https:\/\/www.stair24.com\/fi\/","name":"STAIR 24 | Kvaliteetsed trepid","description":"Valmistame treppe igas kujus ning suuruses. Trepid on meie kirg ning oleme \u00fcks suurimaid treppide tootja p\u00f5hjamaades. Proovige meie uut trepikalkulaatorit. Parima kvaliteediga trepid, kiire tarne ning soodne hind.","publisher":{"@id":"https:\/\/www.stair24.com\/fi\/#organization"},"potentialAction":[{"@type":"SearchAction","target":{"@type":"EntryPoint","urlTemplate":"https:\/\/www.stair24.com\/fi\/?s={search_term_string}"},"query-input":{"@type":"PropertyValueSpecification","valueRequired":true,"valueName":"search_term_string"}}],"inLanguage":"fi"},{"@type":"Organization","@id":"https:\/\/www.stair24.com\/fi\/#organization","name":"STAIR 24 | Kvaliteetsed trepid","url":"https:\/\/www.stair24.com\/fi\/","logo":{"@type":"ImageObject","inLanguage":"fi","@id":"https:\/\/www.stair24.com\/fi\/#\/schema\/logo\/image\/","url":"https:\/\/www.stair24.com\/wp-content\/uploads\/2022\/12\/trep-stair24_logo-1.png","contentUrl":"https:\/\/www.stair24.com\/wp-content\/uploads\/2022\/12\/trep-stair24_logo-1.png","width":302,"height":85,"caption":"STAIR 24 | Kvaliteetsed trepid"},"image":{"@id":"https:\/\/www.stair24.com\/fi\/#\/schema\/logo\/image\/"},"sameAs":["https:\/\/www.facebook.com\/AruGrupp","https:\/\/www.instagram.com\/stair.24\/","https:\/\/www.youtube.com\/@stair24com"]}]}},"_links":{"self":[{"href":"https:\/\/www.stair24.com\/fi\/wp-json\/wp\/v2\/pages\/4425","targetHints":{"allow":["GET"]}}],"collection":[{"href":"https:\/\/www.stair24.com\/fi\/wp-json\/wp\/v2\/pages"}],"about":[{"href":"https:\/\/www.stair24.com\/fi\/wp-json\/wp\/v2\/types\/page"}],"author":[{"embeddable":true,"href":"https:\/\/www.stair24.com\/fi\/wp-json\/wp\/v2\/users\/1"}],"replies":[{"embeddable":true,"href":"https:\/\/www.stair24.com\/fi\/wp-json\/wp\/v2\/comments?post=4425"}],"version-history":[{"count":10,"href":"https:\/\/www.stair24.com\/fi\/wp-json\/wp\/v2\/pages\/4425\/revisions"}],"predecessor-version":[{"id":5492,"href":"https:\/\/www.stair24.com\/fi\/wp-json\/wp\/v2\/pages\/4425\/revisions\/5492"}],"wp:attachment":[{"href":"https:\/\/www.stair24.com\/fi\/wp-json\/wp\/v2\/media?parent=4425"}],"curies":[{"name":"wp","href":"https:\/\/api.w.org\/{rel}","templated":true}]}}