{"id":4430,"date":"2022-12-07T11:16:05","date_gmt":"2022-12-07T09:16:05","guid":{"rendered":"https:\/\/www.stair24.com\/palvelut\/"},"modified":"2024-09-04T09:03:45","modified_gmt":"2024-09-04T07:03:45","slug":"palvelut","status":"publish","type":"page","link":"https:\/\/www.stair24.com\/fi\/palvelut\/","title":{"rendered":"Palvelut"},"content":{"rendered":"\n    <div id=\"services-block-block_520d8b2ceeb46406c2e5b49d6371a15d\" class=\"services-block\">\n        <div class=\"container\">\n                            <h2 class=\"block_title\">STAIR24 tarjoaa seuraavia palveluita:<\/h2>\n                                                        <div class=\"row align-items-center\">\n                    <div class=\"block_content col col-lg-6 col-12\">\n                        <div class=\"content d-flex flex-column align-items-start justify-content-start\">\n                            <h2 class=\"d-lg-block d-none\">Portaiden mittaaminen<\/h2>                            <p>Stair24:n tarjoamat portaat on tarkoitettu Stair24:n edustajien mitattaviksi ja asennettaviksi, mutta ty\u00f6n voivat suorittaa my\u00f6s tilaajan itsens\u00e4 m\u00e4\u00e4ritt\u00e4mien henkil\u00f6t, joilla on ammattitaitoisen rakennuspuusep\u00e4n taidot, tiedot kohteen sijaintipaikassa voimassa olevista portaita koskevista s\u00e4\u00e4d\u00f6ksist\u00e4 sek\u00e4 asianmukaiset ty\u00f6v\u00e4lineet. T\u00e4m\u00e4 tulisi ottaa huomioon my\u00f6s portaiden mittojen ottamisessa ja toimittamisessa STAIR24:lle tilaamista varten. Asianmukainen portaiden mittojen ottaminen on laadukkaiden portaiden ensimm\u00e4inen ehto. Tutustu portaiden <a href=\"https:\/\/www.stair24.com\/fi\/tilausehdot\/\">Tilausehtoihimme<\/a> ja mittausvideoon <a href=\"https:\/\/www.stair24.com\/fi\/hintapyynto\/\">T\u00c4SS\u00c4<\/a><\/p>\n<p>Joitakin t\u00e4rkeit\u00e4 n\u00e4k\u00f6kohtia, jotka kannattaa portaita mitattaessa ottaa huomioon:<\/p>\n<p>1. Mittojen ottamiseksi varmista luokse p\u00e4\u00e4sy ja turvallisuus<br \/>\n2. Mik\u00e4li porrasaukon kulmat eiv\u00e4t ole 90-asteiset ja sivut samansuuntaiset, portaat tulee valmistaa porrasaukon pienemm\u00e4n mitan mukaan<br \/>\n3. Mittaaminen on j\u00e4rkev\u00e4\u00e4 suorittaa, kun tilan sein\u00e4t, lattiat ja v\u00e4lipohjat ovat saavuttaneet lopullisen rakennuksellisen mittansa<br \/>\n4. Ota huomioon seinien rakenne, jota voi k\u00e4ytt\u00e4\u00e4 portaiden kiinnitt\u00e4miseen ruuviliitoksella<br \/>\n5. Ota huomioon kaikki yhteydet, jotka ovat portaiden asennusvy\u00f6hykkeell\u00e4 ja joita portaiden kiinnityksill\u00e4 voidaan vahingoittaa<br \/>\n6. Tarkasta kaikki mitat moneen kertaan \u2013 esitettyjen mittojen mukaisesti tilaamasi portaatkin muodostuvat<br \/>\nmeasurements provided by you<\/p>\n<h2>Miten STAIR24 laskee mitat?<\/h2>\n<p>Valitun porrasmallin ja aukon muodon mukaisesti suosittelemme aukon ja portaiden optimaalisia mittoja. Aukon mitat, vaihe (5) \u2013 annettaessa uudet aukon mitat lasketaan optimaaliset portaiden mitat, jotka vastaavat rakennusm\u00e4\u00e4r\u00e4yksi\u00e4. Portaiden mitat, vaihe (6) \u2013 annettaessa uudet portaiden mitat lasketaan portaiden rakennusm\u00e4\u00e4r\u00e4ysten mukaisuus, ongelmalliset parametrit kuvataan punaisella tekstill\u00e4 ja siirt\u00e4m\u00e4ll\u00e4 kursorin tekstille annamme tietoja korjausmahdollisuuksista.<\/p>\n                                                    <\/div>\n                    <\/div>\n                    <div class=\"image_wrap col col-lg-6 col-12\">\n                        <h2 class=\"d-lg-none d-block\">Portaiden mittaaminen<\/h2>                        <div class=\"image_content\">\n                            <img loading=\"lazy\" decoding=\"async\" src=\"https:\/\/www.stair24.com\/wp-content\/uploads\/2023\/12\/trepp-rectangle-11-1000x622.jpg\" width=\"1000\" height=\"622\" alt=\"trepi-tootja-stair-3\" \/>\n                        <\/div>\n                    <\/div>\n                <\/div>\n                                            <div class=\"row align-items-center\">\n                    <div class=\"block_content col col-lg-6 col-12\">\n                        <div class=\"content d-flex flex-column align-items-start justify-content-start\">\n                            <h2 class=\"d-lg-block d-none\">Portaiden kuljetus<\/h2>                            <p>Stair24 tarjoaa kuljetuspalvelua tehtaasta keskusvarastoihinsa (osoitteet yhteystietosivulla). Kyseinen tuotteen hinta keskusvarastossa n\u00e4ytet\u00e4\u00e4n verkkokaupassamme. Haluttaessa on mahdollista tilata my\u00f6s ovelta ovelle -kuljetus. T\u00e4t\u00e4 varten tulee verkkosivullamme olevassa valikossa ilmoittaa kyseinen toivomus ja me l\u00e4het\u00e4mme palvelun hinnan ja toimitusajan. Toimitusviikkoa edelt\u00e4v\u00e4n viikon maanantaina STAIR24 l\u00e4hett\u00e4\u00e4 s\u00e4hk\u00f6postiosoitteeseesi tiedon tuotteiden valmistumisesta ja toimituksesta.<\/p>\n<p>Portaat toimitetaan osina lavalle pakattuina. Mik\u00e4li tulet itse noutamaan tavaran keskusvarastosta, sopiva kuljetusv\u00e4line on henkil\u00f6auto ja per\u00e4vaunu. Kuljetuksen aikana ja sen j\u00e4lkeen (my\u00f6s siin\u00e4 tapauksessa, ett\u00e4 on tilattu meid\u00e4n kuljetuksemme) tulee varmistaa, ett\u00e4 sateet tai hyvin voimakas auringonpaiste eiv\u00e4t vaikuta tuotteisiin.<\/p>\n                                                    <\/div>\n                    <\/div>\n                    <div class=\"image_wrap col col-lg-6 col-12\">\n                        <h2 class=\"d-lg-none d-block\">Portaiden kuljetus<\/h2>                        <div class=\"image_content\">\n                            <img loading=\"lazy\" decoding=\"async\" src=\"https:\/\/www.stair24.com\/wp-content\/uploads\/2023\/12\/trepp-rectangle-41-1000x622.jpg\" width=\"1000\" height=\"622\" alt=\"trepi-tootja-stair-2\" \/>\n                        <\/div>\n                    <\/div>\n                <\/div>\n                                            <div class=\"row align-items-center\">\n                    <div class=\"block_content col col-lg-6 col-12\">\n                        <div class=\"content d-flex flex-column align-items-start justify-content-start\">\n                            <h2 class=\"d-lg-block d-none\">Portaiden asennus<\/h2>                            <p>Stair24:n tarjoamat portaat on tarkoitettu Stair24:n edustajien asennettaviksi tai sellaisten tilaajan itsens\u00e4 m\u00e4\u00e4ritt\u00e4mien henkil\u00f6iden asennettaviksi, joilla on ammattitaitoisen rakennuspuusep\u00e4n taidot, tiedot kohteen sijaintipaikassa voimassa olevista portaita koskevista s\u00e4\u00e4d\u00f6ksist\u00e4 sek\u00e4 asianmukaiset ty\u00f6v\u00e4lineet. Portaiden asianmukainen asennus varmistaa portaittesi laadun ja k\u00e4ytt\u00f6mukavuuden. Tutustu <a href=\"https:\/\/www.stair24.com\/fi\/tilausehdot\/\">Tilausehtoihimme<\/a> ja portaiden asennusvideoon <a href=\"https:\/\/www.stair24.com\/fi\/kun-asennat-portaita\/\">T\u00c4SS\u00c4<\/a>.<\/p>\n<p>Joitakin t\u00e4rkeit\u00e4 n\u00e4k\u00f6kohtia, jotka kannattaa portaiden asennuksessa ottaa huomioon:<\/p>\n<p>1. Suunnittele portaiden asennus sellaiseen aikaan, jolloin rakennusty\u00f6t ovat rakennuksessa p\u00e4\u00e4osin tehdyt. Portaat ovat luja rakenne, mutta samalla herk\u00e4t kuin soitin tai kaluste-esine, joka ei sied\u00e4 ilmankosteuden ja l\u00e4mp\u00f6tilan suuria vaihteluita tai mekaanisia vaurioita.<br \/>\n2. Varmista portaiden asennuksessa p\u00e4\u00e4sy porrasaukkoon ja riitt\u00e4v\u00e4 tila portaiden osien purkamiseen pakkauksistaan.<br \/>\n3. Peit\u00e4 ty\u00f6alueelle j\u00e4\u00e4v\u00e4 lattia ja tarvittaessa seinien kulmat<br \/>\n4. Ole valmiina joihinkin sein\u00e4n maalin korjauksiin, portaiden osat ovat raskaita ja valmistettu tarkasti, joten rakennuksen peitt\u00e4m\u00e4tt\u00e4 j\u00e4\u00e4neisiin osiin saattaa tulla pieni\u00e4 naarmuja.<br \/>\n5. Jos tilaat asennuksen, sovi tarkalleen siit\u00e4, mit\u00e4 asennuspalvelu sis\u00e4lt\u00e4\u00e4 (porrasaukon puhdistaminen, askelmien p\u00e4\u00e4llysteet, v\u00e4lipohjan katelistat, viimeisen askelman ja lattian liitoslistan, valmiiden portaiden kattamisen ja muut portaiden asennukseen suoranaisesti liittym\u00e4tt\u00f6m\u00e4t ty\u00f6t \u2013 eiv\u00e4t sis\u00e4lly vakiopakettiin).<br \/>\n6. Noudata kaikkia turvallisuusvaatimuksia.<br \/>\n7. Ota huomioon, ett\u00e4 portaiden asennuksessa j\u00e4tet\u00e4\u00e4n 3 mm portaiden ja rakennuksen rakenteen v\u00e4liin, jos porrasaukko ei ole suorakulmainen tai sein\u00e4t ovat kaarevia, t\u00e4m\u00e4 v\u00e4li voi poiketa suunnitellusta.<br \/>\n8. Kun portaat on asennettu, tarkasta heti, vastaako tuote sovittuja vaatimuksia.<br \/>\n9. Jos havaitset asennuksen yhteydess\u00e4 tuotteessa virheen, ilmoita siit\u00e4 heti valmistajalle l\u00e4hett\u00e4m\u00e4ll\u00e4 selvitys ja kuva virheest\u00e4, sill\u00e4 my\u00f6hempi\u00e4 valituksia mekaanisista vaurioista valmistaja ei valitettavasti voi hyv\u00e4ksy\u00e4 reklamaatiotapauksiksi.<br \/>\n10. Pid\u00e4 tila l\u00e4mmitettyn\u00e4 ja suojaa liialta kosteudelta, v\u00e4lt\u00e4 kosteutta aiheuttavia rakennust\u00f6it\u00e4.<\/p>\n                                                    <\/div>\n                    <\/div>\n                    <div class=\"image_wrap col col-lg-6 col-12\">\n                        <h2 class=\"d-lg-none d-block\">Portaiden asennus<\/h2>                        <div class=\"image_content\">\n                            <img loading=\"lazy\" decoding=\"async\" src=\"https:\/\/www.stair24.com\/wp-content\/uploads\/2023\/12\/trepp-rectangle-42-1000x622.jpg\" width=\"1000\" height=\"622\" alt=\"trepi-tootja-stair-1\" \/>\n                        <\/div>\n                    <\/div>\n                <\/div>\n                                            <div class=\"row align-items-center\">\n                    <div class=\"block_content col col-lg-6 col-12\">\n                        <div class=\"content d-flex flex-column align-items-start justify-content-start\">\n                            <h2 class=\"d-lg-block d-none\">Portaiden huolto<\/h2>                            <p>Stair24:n tarjoamat portaat on tarkoitettu kotik\u00e4ytt\u00f6\u00f6n. Pintaviimeistelyn vahingoittumisen est\u00e4miseksi tulee v\u00e4ltt\u00e4\u00e4 ulkojalkineissa kulkemista portaissa, samoin kotiel\u00e4inten kulkua. Portaat vaativat puhdistusta, kuten muutkin tilan osat, mutta sen pintojen puhdistamiseen ei saa k\u00e4ytt\u00e4\u00e4 kemiallisia aineita.<\/p>\n<p>\u00d6ljytyt pinnat vaativat huolto\u00f6ljy\u00e4mist\u00e4 k\u00e4yt\u00f6n intensiivisyydest\u00e4 riippuen, mutta joka tapauksessa v\u00e4hint\u00e4\u00e4n kerran vuodessa.<\/p>\n                                                    <\/div>\n                    <\/div>\n                    <div class=\"image_wrap col col-lg-6 col-12\">\n                        <h2 class=\"d-lg-none d-block\">Portaiden huolto<\/h2>                        <div class=\"image_content\">\n                            <img loading=\"lazy\" decoding=\"async\" src=\"https:\/\/www.stair24.com\/wp-content\/uploads\/2023\/12\/Rectangle-43-1000x596.jpg\" width=\"1000\" height=\"596\" alt=\"trepp-koos-paigaldusega-portfoolio-s7\" \/>\n                        <\/div>\n                    <\/div>\n                <\/div>\n                    <\/div>\n    <\/div>\n\n\n\n<div id=\"shop-links-block-block_ffa114363b38dc25fcb1a8d50b3ba328\" class=\"shop-links-block\">\n    <div class=\"container\">\n        <div class=\"shop_navigation\">\n    <h2 class=\"blog_sidebar_title\">Aloita valinta t\u00e4st\u00e4:<\/h2>    <div class=\"navigation d-flex flex-column justify-content-start align-items-start\">\n                                <div class=\"category w100\">\n                <div class=\"category_inside_wrap w100 d-flex align-items-center\">\n                                                                    <div class=\"tooltipster\">\n                            <div class=\"tooltip_icon\">\n                                <span class=\"d-block\">i<\/span>\n                                <div class=\"tooltip_content\">\n                                    <img decoding=\"async\" src=\"https:\/\/www.stair24.com\/wp-content\/uploads\/2021\/11\/I-stair-300x300-1.png\" width=\"300\" height=\"300\" alt=\"I-portaa\" loading=\"lazy\" \/>\n                                <\/div>\n                            <\/div>\n                        <\/div>\n                    \n                                                                    <a class=\"cat_img\" href=\"https:\/\/www.stair24.com\/fi\/i-muotoiset-eli-suorat-portaat\/\" aria-label=\"I-muotoiset portaat\">\n                            <img decoding=\"async\" src=\"https:\/\/www.stair24.com\/wp-content\/uploads\/2021\/11\/Straight_flight_I-stairs_thumb.jpg\" alt=\"I-muotoiset portaat Image\" width=\"143\" height=\"188\"  loading=\"lazy\" >\n                        <\/a>\n                    \n                    <div class=\"cat_desc\">\n                                                    <h3>I-muotoiset portaat<\/h3>                                                <a class=\"btn\" href=\"https:\/\/www.stair24.com\/fi\/i-muotoiset-eli-suorat-portaat\/\">Avaa valinnat<\/a>                    <\/div>\n                    \n                                                                                <\/div>\n            <\/div>\n                                <div class=\"category w100\">\n                <div class=\"category_inside_wrap w100 d-flex align-items-center\">\n                                                                    <div class=\"tooltipster\">\n                            <div class=\"tooltip_icon\">\n                                <span class=\"d-block\">i<\/span>\n                                <div class=\"tooltip_content\">\n                                    <img decoding=\"async\" src=\"https:\/\/www.stair24.com\/wp-content\/uploads\/2021\/11\/L-stair-300x300-1.png\" width=\"300\" height=\"300\" alt=\"L-portaa\" loading=\"lazy\" \/>\n                                <\/div>\n                            <\/div>\n                        <\/div>\n                    \n                                                                    <a class=\"cat_img\" href=\"https:\/\/www.stair24.com\/fi\/l-muotoiset-portaat\/\" aria-label=\"L-muotoiset portaat\">\n                            <img decoding=\"async\" src=\"https:\/\/www.stair24.com\/wp-content\/uploads\/2021\/11\/Quarter_turn_L-stairs_thumb.jpg\" alt=\"L-muotoiset portaat Image\" width=\"143\" height=\"188\"  loading=\"lazy\" >\n                        <\/a>\n                    \n                    <div class=\"cat_desc\">\n                                                    <h3>L-muotoiset portaat<\/h3>                                                <a class=\"btn\" href=\"https:\/\/www.stair24.com\/fi\/l-muotoiset-portaat\/\">Avaa valinnat<\/a>                    <\/div>\n                    \n                                                                                <\/div>\n            <\/div>\n                                <div class=\"category w100\">\n                <div class=\"category_inside_wrap w100 d-flex align-items-center\">\n                                                                    <div class=\"tooltipster\">\n                            <div class=\"tooltip_icon\">\n                                <span class=\"d-block\">i<\/span>\n                                <div class=\"tooltip_content\">\n                                    <img decoding=\"async\" src=\"https:\/\/www.stair24.com\/wp-content\/uploads\/2021\/11\/U-stair-300x300-1.png\" width=\"300\" height=\"300\" alt=\"U-portaa\" loading=\"lazy\" \/>\n                                <\/div>\n                            <\/div>\n                        <\/div>\n                    \n                                                                    <a class=\"cat_img\" href=\"https:\/\/www.stair24.com\/fi\/u-muotoiset-portaat-eli-portaat-180-asteen-kierteella\/\" aria-label=\"U-muotoiset portaat\">\n                            <img decoding=\"async\" src=\"https:\/\/www.stair24.com\/wp-content\/uploads\/2021\/11\/Half_turn_U-stairs_thumb.jpg\" alt=\"U-muotoiset portaat Image\" width=\"143\" height=\"188\"  loading=\"lazy\" >\n                        <\/a>\n                    \n                    <div class=\"cat_desc\">\n                                                    <h3>U-muotoiset portaat<\/h3>                                                <a class=\"btn\" href=\"https:\/\/www.stair24.com\/fi\/u-muotoiset-portaat-eli-portaat-180-asteen-kierteella\/\">Avaa valinnat<\/a>                    <\/div>\n                    \n                                                                                <\/div>\n            <\/div>\n                                <div class=\"category w100\">\n                <div class=\"category_inside_wrap w100 d-flex align-items-center\">\n                    \n                                                                    <a class=\"cat_img\" href=\"https:\/\/www.stair24.com\/fi\/erikoistilattavat-portaat\/\" aria-label=\"Erikoistilattavat portaat\">\n                            <img decoding=\"async\" src=\"https:\/\/www.stair24.com\/wp-content\/uploads\/2023\/12\/trepp-chrome_mmubrthd65.jpg\" alt=\"Erikoistilattavat portaat Image\" width=\"143\" height=\"147\"  loading=\"lazy\" >\n                        <\/a>\n                    \n                    <div class=\"cat_desc\">\n                                                    <h3>Erikoistilattavat portaat<\/h3>                                                <a class=\"btn\" href=\"https:\/\/www.stair24.com\/fi\/erikoistilattavat-portaat\/\">Avaa valinnat<\/a>                    <\/div>\n                    \n                                    <\/div>\n            <\/div>\n            <\/div>\n<\/div>    <\/div>\n<\/div>","protected":false},"excerpt":{"rendered":"","protected":false},"author":1,"featured_media":0,"parent":0,"menu_order":0,"comment_status":"closed","ping_status":"closed","template":"","meta":{"_acf_changed":false,"footnotes":""},"class_list":["post-4430","page","type-page","status-publish","hentry"],"acf":[],"yoast_head":"<!-- This site is optimized with the Yoast SEO plugin v27.2 - https:\/\/yoast.com\/product\/yoast-seo-wordpress\/ -->\n<title>Palvelut - STAIR24<\/title>\n<meta name=\"robots\" content=\"index, follow, max-snippet:-1, max-image-preview:large, max-video-preview:-1\" \/>\n<link rel=\"canonical\" href=\"https:\/\/www.stair24.com\/fi\/palvelut\/\" \/>\n<meta property=\"og:locale\" content=\"fi_FI\" \/>\n<meta property=\"og:type\" content=\"article\" \/>\n<meta property=\"og:title\" content=\"Palvelut - STAIR24\" \/>\n<meta property=\"og:url\" content=\"https:\/\/www.stair24.com\/fi\/palvelut\/\" \/>\n<meta property=\"og:site_name\" content=\"STAIR24\" \/>\n<meta property=\"article:publisher\" content=\"https:\/\/www.facebook.com\/AruGrupp\" \/>\n<meta property=\"article:modified_time\" content=\"2024-09-04T07:03:45+00:00\" \/>\n<meta property=\"og:image\" content=\"https:\/\/www.stair24.com\/wp-content\/uploads\/2022\/12\/trepid-stair24_logo-2.png\" \/>\n\t<meta property=\"og:image:width\" content=\"711\" \/>\n\t<meta property=\"og:image:height\" content=\"200\" \/>\n\t<meta property=\"og:image:type\" content=\"image\/png\" \/>\n<meta name=\"twitter:card\" content=\"summary_large_image\" \/>\n<script type=\"application\/ld+json\" class=\"yoast-schema-graph\">{\"@context\":\"https:\/\/schema.org\",\"@graph\":[{\"@type\":\"WebPage\",\"@id\":\"https:\/\/www.stair24.com\/fi\/palvelut\/\",\"url\":\"https:\/\/www.stair24.com\/fi\/palvelut\/\",\"name\":\"Palvelut - STAIR24\",\"isPartOf\":{\"@id\":\"https:\/\/www.stair24.com\/fi\/#website\"},\"datePublished\":\"2022-12-07T09:16:05+00:00\",\"dateModified\":\"2024-09-04T07:03:45+00:00\",\"breadcrumb\":{\"@id\":\"https:\/\/www.stair24.com\/fi\/palvelut\/#breadcrumb\"},\"inLanguage\":\"fi\",\"potentialAction\":[{\"@type\":\"ReadAction\",\"target\":[\"https:\/\/www.stair24.com\/fi\/palvelut\/\"]}]},{\"@type\":\"BreadcrumbList\",\"@id\":\"https:\/\/www.stair24.com\/fi\/palvelut\/#breadcrumb\",\"itemListElement\":[{\"@type\":\"ListItem\",\"position\":1,\"name\":\"Home\",\"item\":\"https:\/\/www.stair24.com\/fi\/\"},{\"@type\":\"ListItem\",\"position\":2,\"name\":\"Palvelut\"}]},{\"@type\":\"WebSite\",\"@id\":\"https:\/\/www.stair24.com\/fi\/#website\",\"url\":\"https:\/\/www.stair24.com\/fi\/\",\"name\":\"STAIR 24 | Kvaliteetsed trepid\",\"description\":\"Valmistame treppe igas kujus ning suuruses. Trepid on meie kirg ning oleme \u00fcks suurimaid treppide tootja p\u00f5hjamaades. Proovige meie uut trepikalkulaatorit. Parima kvaliteediga trepid, kiire tarne ning soodne hind.\",\"publisher\":{\"@id\":\"https:\/\/www.stair24.com\/fi\/#organization\"},\"potentialAction\":[{\"@type\":\"SearchAction\",\"target\":{\"@type\":\"EntryPoint\",\"urlTemplate\":\"https:\/\/www.stair24.com\/fi\/?s={search_term_string}\"},\"query-input\":{\"@type\":\"PropertyValueSpecification\",\"valueRequired\":true,\"valueName\":\"search_term_string\"}}],\"inLanguage\":\"fi\"},{\"@type\":\"Organization\",\"@id\":\"https:\/\/www.stair24.com\/fi\/#organization\",\"name\":\"STAIR 24 | Kvaliteetsed trepid\",\"url\":\"https:\/\/www.stair24.com\/fi\/\",\"logo\":{\"@type\":\"ImageObject\",\"inLanguage\":\"fi\",\"@id\":\"https:\/\/www.stair24.com\/fi\/#\/schema\/logo\/image\/\",\"url\":\"https:\/\/www.stair24.com\/wp-content\/uploads\/2022\/12\/trep-stair24_logo-1.png\",\"contentUrl\":\"https:\/\/www.stair24.com\/wp-content\/uploads\/2022\/12\/trep-stair24_logo-1.png\",\"width\":302,\"height\":85,\"caption\":\"STAIR 24 | Kvaliteetsed trepid\"},\"image\":{\"@id\":\"https:\/\/www.stair24.com\/fi\/#\/schema\/logo\/image\/\"},\"sameAs\":[\"https:\/\/www.facebook.com\/AruGrupp\",\"https:\/\/www.instagram.com\/stair.24\/\",\"https:\/\/www.youtube.com\/@stair24com\"]}]}<\/script>\n<!-- \/ Yoast SEO plugin. -->","yoast_head_json":{"title":"Palvelut - STAIR24","robots":{"index":"index","follow":"follow","max-snippet":"max-snippet:-1","max-image-preview":"max-image-preview:large","max-video-preview":"max-video-preview:-1"},"canonical":"https:\/\/www.stair24.com\/fi\/palvelut\/","og_locale":"fi_FI","og_type":"article","og_title":"Palvelut - STAIR24","og_url":"https:\/\/www.stair24.com\/fi\/palvelut\/","og_site_name":"STAIR24","article_publisher":"https:\/\/www.facebook.com\/AruGrupp","article_modified_time":"2024-09-04T07:03:45+00:00","og_image":[{"width":711,"height":200,"url":"https:\/\/www.stair24.com\/wp-content\/uploads\/2022\/12\/trepid-stair24_logo-2.png","type":"image\/png"}],"twitter_card":"summary_large_image","schema":{"@context":"https:\/\/schema.org","@graph":[{"@type":"WebPage","@id":"https:\/\/www.stair24.com\/fi\/palvelut\/","url":"https:\/\/www.stair24.com\/fi\/palvelut\/","name":"Palvelut - STAIR24","isPartOf":{"@id":"https:\/\/www.stair24.com\/fi\/#website"},"datePublished":"2022-12-07T09:16:05+00:00","dateModified":"2024-09-04T07:03:45+00:00","breadcrumb":{"@id":"https:\/\/www.stair24.com\/fi\/palvelut\/#breadcrumb"},"inLanguage":"fi","potentialAction":[{"@type":"ReadAction","target":["https:\/\/www.stair24.com\/fi\/palvelut\/"]}]},{"@type":"BreadcrumbList","@id":"https:\/\/www.stair24.com\/fi\/palvelut\/#breadcrumb","itemListElement":[{"@type":"ListItem","position":1,"name":"Home","item":"https:\/\/www.stair24.com\/fi\/"},{"@type":"ListItem","position":2,"name":"Palvelut"}]},{"@type":"WebSite","@id":"https:\/\/www.stair24.com\/fi\/#website","url":"https:\/\/www.stair24.com\/fi\/","name":"STAIR 24 | Kvaliteetsed trepid","description":"Valmistame treppe igas kujus ning suuruses. Trepid on meie kirg ning oleme \u00fcks suurimaid treppide tootja p\u00f5hjamaades. Proovige meie uut trepikalkulaatorit. Parima kvaliteediga trepid, kiire tarne ning soodne hind.","publisher":{"@id":"https:\/\/www.stair24.com\/fi\/#organization"},"potentialAction":[{"@type":"SearchAction","target":{"@type":"EntryPoint","urlTemplate":"https:\/\/www.stair24.com\/fi\/?s={search_term_string}"},"query-input":{"@type":"PropertyValueSpecification","valueRequired":true,"valueName":"search_term_string"}}],"inLanguage":"fi"},{"@type":"Organization","@id":"https:\/\/www.stair24.com\/fi\/#organization","name":"STAIR 24 | Kvaliteetsed trepid","url":"https:\/\/www.stair24.com\/fi\/","logo":{"@type":"ImageObject","inLanguage":"fi","@id":"https:\/\/www.stair24.com\/fi\/#\/schema\/logo\/image\/","url":"https:\/\/www.stair24.com\/wp-content\/uploads\/2022\/12\/trep-stair24_logo-1.png","contentUrl":"https:\/\/www.stair24.com\/wp-content\/uploads\/2022\/12\/trep-stair24_logo-1.png","width":302,"height":85,"caption":"STAIR 24 | Kvaliteetsed trepid"},"image":{"@id":"https:\/\/www.stair24.com\/fi\/#\/schema\/logo\/image\/"},"sameAs":["https:\/\/www.facebook.com\/AruGrupp","https:\/\/www.instagram.com\/stair.24\/","https:\/\/www.youtube.com\/@stair24com"]}]}},"_links":{"self":[{"href":"https:\/\/www.stair24.com\/fi\/wp-json\/wp\/v2\/pages\/4430","targetHints":{"allow":["GET"]}}],"collection":[{"href":"https:\/\/www.stair24.com\/fi\/wp-json\/wp\/v2\/pages"}],"about":[{"href":"https:\/\/www.stair24.com\/fi\/wp-json\/wp\/v2\/types\/page"}],"author":[{"embeddable":true,"href":"https:\/\/www.stair24.com\/fi\/wp-json\/wp\/v2\/users\/1"}],"replies":[{"embeddable":true,"href":"https:\/\/www.stair24.com\/fi\/wp-json\/wp\/v2\/comments?post=4430"}],"version-history":[{"count":5,"href":"https:\/\/www.stair24.com\/fi\/wp-json\/wp\/v2\/pages\/4430\/revisions"}],"predecessor-version":[{"id":9934,"href":"https:\/\/www.stair24.com\/fi\/wp-json\/wp\/v2\/pages\/4430\/revisions\/9934"}],"wp:attachment":[{"href":"https:\/\/www.stair24.com\/fi\/wp-json\/wp\/v2\/media?parent=4430"}],"curies":[{"name":"wp","href":"https:\/\/api.w.org\/{rel}","templated":true}]}}