{"id":9262,"date":"2023-12-14T17:24:17","date_gmt":"2023-12-14T15:24:17","guid":{"rendered":"https:\/\/www.stair24.com\/?page_id=9262"},"modified":"2023-12-18T15:08:04","modified_gmt":"2023-12-18T13:08:04","slug":"turvallisuusohjeet","status":"publish","type":"page","link":"https:\/\/www.stair24.com\/fi\/hyodyllista-tietoa\/turvallisuusohjeet\/","title":{"rendered":"Turvallisuusohjeet"},"content":{"rendered":"\n<p>Portaiden turvalliseksi k\u00e4yt\u00f6ksi:<\/p>\n\n\n\n<ul class=\"wp-block-list\">\n<li>Askelmat eiv\u00e4t saa olla liukkaat. Kumilista ja uritukset v\u00e4hent\u00e4v\u00e4t liukkautta.<\/li>\n\n\n\n<li>K\u00e4sipuu auttaa s\u00e4ilytt\u00e4m\u00e4\u00e4n tasapainon<\/li>\n\n\n\n<li>Avoportaissa on oltava turvalistat.<\/li>\n\n\n\n<li>Portaiden on oltava kunnolla valaistut. K\u00e4yt\u00e4 &nbsp;Kasuks tulevad veksell\u00fclitid.<\/li>\n\n\n\n<li>Kompastumisvaaran vuoksi portaissa ei saa olla ylim\u00e4\u00e4r\u00e4ist\u00e4 tavaraa<\/li>\n\n\n\n<li>Jos perheess\u00e4 on pikkulapsia, suosittelemme&nbsp;lapsiporttia, joka est\u00e4\u00e4 lapsen p\u00e4\u00e4syn portaikkoon.<\/li>\n<\/ul>\n","protected":false},"excerpt":{"rendered":"Portaiden turvalliseksi k\u00e4yt\u00f6ksi:","protected":false},"author":1,"featured_media":8737,"parent":8000,"menu_order":6,"comment_status":"closed","ping_status":"closed","template":"page-templates\/useful-information-single.php","meta":{"_acf_changed":false,"footnotes":""},"class_list":["post-9262","page","type-page","status-publish","has-post-thumbnail","hentry"],"acf":[],"yoast_head":"<!-- This site is optimized with the Yoast SEO plugin v27.5 - https:\/\/yoast.com\/product\/yoast-seo-wordpress\/ -->\n<title>Turvallisuusohjeet - STAIR24<\/title>\n<meta name=\"robots\" content=\"index, follow, max-snippet:-1, max-image-preview:large, max-video-preview:-1\" \/>\n<link rel=\"canonical\" href=\"https:\/\/www.stair24.com\/fi\/hyodyllista-tietoa\/turvallisuusohjeet\/\" \/>\n<meta property=\"og:locale\" content=\"fi_FI\" \/>\n<meta property=\"og:type\" content=\"article\" \/>\n<meta property=\"og:title\" content=\"Turvallisuusohjeet - STAIR24\" \/>\n<meta property=\"og:description\" content=\"Portaiden turvalliseksi k\u00e4yt\u00f6ksi:\" \/>\n<meta property=\"og:url\" content=\"https:\/\/www.stair24.com\/fi\/hyodyllista-tietoa\/turvallisuusohjeet\/\" \/>\n<meta property=\"og:site_name\" content=\"STAIR24\" \/>\n<meta property=\"article:publisher\" content=\"https:\/\/www.facebook.com\/AruGrupp\" \/>\n<meta property=\"article:modified_time\" content=\"2023-12-18T13:08:04+00:00\" \/>\n<meta property=\"og:image\" content=\"https:\/\/live.stair24.com\/wp-content\/uploads\/2023\/12\/IMG_20230717_181726-scaled-1.jpg\" \/>\n\t<meta property=\"og:image:width\" content=\"2072\" \/>\n\t<meta property=\"og:image:height\" content=\"2560\" \/>\n\t<meta property=\"og:image:type\" content=\"image\/jpeg\" \/>\n<meta name=\"twitter:card\" content=\"summary_large_image\" \/>\n<meta name=\"twitter:label1\" content=\"Arvioitu lukuaika\" \/>\n\t<meta name=\"twitter:data1\" content=\"1 minuutti\" \/>\n<script type=\"application\/ld+json\" class=\"yoast-schema-graph\">{\"@context\":\"https:\\\/\\\/schema.org\",\"@graph\":[{\"@type\":\"WebPage\",\"@id\":\"https:\\\/\\\/www.stair24.com\\\/fi\\\/hyodyllista-tietoa\\\/turvallisuusohjeet\\\/\",\"url\":\"https:\\\/\\\/www.stair24.com\\\/fi\\\/hyodyllista-tietoa\\\/turvallisuusohjeet\\\/\",\"name\":\"Turvallisuusohjeet - STAIR24\",\"isPartOf\":{\"@id\":\"https:\\\/\\\/www.stair24.com\\\/fi\\\/#website\"},\"primaryImageOfPage\":{\"@id\":\"https:\\\/\\\/www.stair24.com\\\/fi\\\/hyodyllista-tietoa\\\/turvallisuusohjeet\\\/#primaryimage\"},\"image\":{\"@id\":\"https:\\\/\\\/www.stair24.com\\\/fi\\\/hyodyllista-tietoa\\\/turvallisuusohjeet\\\/#primaryimage\"},\"thumbnailUrl\":\"https:\\\/\\\/www.stair24.com\\\/wp-content\\\/uploads\\\/2023\\\/12\\\/trepi-valmistamine-treppide-muuk-treppide-paigaldus-15.jpg\",\"datePublished\":\"2023-12-14T15:24:17+00:00\",\"dateModified\":\"2023-12-18T13:08:04+00:00\",\"breadcrumb\":{\"@id\":\"https:\\\/\\\/www.stair24.com\\\/fi\\\/hyodyllista-tietoa\\\/turvallisuusohjeet\\\/#breadcrumb\"},\"inLanguage\":\"fi\",\"potentialAction\":[{\"@type\":\"ReadAction\",\"target\":[\"https:\\\/\\\/www.stair24.com\\\/fi\\\/hyodyllista-tietoa\\\/turvallisuusohjeet\\\/\"]}]},{\"@type\":\"ImageObject\",\"inLanguage\":\"fi\",\"@id\":\"https:\\\/\\\/www.stair24.com\\\/fi\\\/hyodyllista-tietoa\\\/turvallisuusohjeet\\\/#primaryimage\",\"url\":\"https:\\\/\\\/www.stair24.com\\\/wp-content\\\/uploads\\\/2023\\\/12\\\/trepi-valmistamine-treppide-muuk-treppide-paigaldus-15.jpg\",\"contentUrl\":\"https:\\\/\\\/www.stair24.com\\\/wp-content\\\/uploads\\\/2023\\\/12\\\/trepi-valmistamine-treppide-muuk-treppide-paigaldus-15.jpg\",\"width\":2072,\"height\":2560},{\"@type\":\"BreadcrumbList\",\"@id\":\"https:\\\/\\\/www.stair24.com\\\/fi\\\/hyodyllista-tietoa\\\/turvallisuusohjeet\\\/#breadcrumb\",\"itemListElement\":[{\"@type\":\"ListItem\",\"position\":1,\"name\":\"Home\",\"item\":\"https:\\\/\\\/www.stair24.com\\\/fi\\\/\"},{\"@type\":\"ListItem\",\"position\":2,\"name\":\"Hy\u00f6dyllist\u00e4 tietoa\",\"item\":\"https:\\\/\\\/www.stair24.com\\\/fi\\\/hyodyllista-tietoa\\\/\"},{\"@type\":\"ListItem\",\"position\":3,\"name\":\"Turvallisuusohjeet\"}]},{\"@type\":\"WebSite\",\"@id\":\"https:\\\/\\\/www.stair24.com\\\/fi\\\/#website\",\"url\":\"https:\\\/\\\/www.stair24.com\\\/fi\\\/\",\"name\":\"STAIR 24 | Kvaliteetsed trepid\",\"description\":\"Valmistame treppe igas kujus ning suuruses. Trepid on meie kirg ning oleme \u00fcks suurimaid treppide tootja p\u00f5hjamaades. Proovige meie uut trepikalkulaatorit. Parima kvaliteediga trepid, kiire tarne ning soodne hind.\",\"publisher\":{\"@id\":\"https:\\\/\\\/www.stair24.com\\\/fi\\\/#organization\"},\"potentialAction\":[{\"@type\":\"SearchAction\",\"target\":{\"@type\":\"EntryPoint\",\"urlTemplate\":\"https:\\\/\\\/www.stair24.com\\\/fi\\\/?s={search_term_string}\"},\"query-input\":{\"@type\":\"PropertyValueSpecification\",\"valueRequired\":true,\"valueName\":\"search_term_string\"}}],\"inLanguage\":\"fi\"},{\"@type\":\"Organization\",\"@id\":\"https:\\\/\\\/www.stair24.com\\\/fi\\\/#organization\",\"name\":\"STAIR 24 | Kvaliteetsed trepid\",\"url\":\"https:\\\/\\\/www.stair24.com\\\/fi\\\/\",\"logo\":{\"@type\":\"ImageObject\",\"inLanguage\":\"fi\",\"@id\":\"https:\\\/\\\/www.stair24.com\\\/fi\\\/#\\\/schema\\\/logo\\\/image\\\/\",\"url\":\"https:\\\/\\\/www.stair24.com\\\/wp-content\\\/uploads\\\/2022\\\/12\\\/trep-stair24_logo-1.png\",\"contentUrl\":\"https:\\\/\\\/www.stair24.com\\\/wp-content\\\/uploads\\\/2022\\\/12\\\/trep-stair24_logo-1.png\",\"width\":302,\"height\":85,\"caption\":\"STAIR 24 | Kvaliteetsed trepid\"},\"image\":{\"@id\":\"https:\\\/\\\/www.stair24.com\\\/fi\\\/#\\\/schema\\\/logo\\\/image\\\/\"},\"sameAs\":[\"https:\\\/\\\/www.facebook.com\\\/AruGrupp\",\"https:\\\/\\\/www.instagram.com\\\/stair.24\\\/\",\"https:\\\/\\\/www.youtube.com\\\/@stair24com\"]}]}<\/script>\n<!-- \/ Yoast SEO plugin. -->","yoast_head_json":{"title":"Turvallisuusohjeet - STAIR24","robots":{"index":"index","follow":"follow","max-snippet":"max-snippet:-1","max-image-preview":"max-image-preview:large","max-video-preview":"max-video-preview:-1"},"canonical":"https:\/\/www.stair24.com\/fi\/hyodyllista-tietoa\/turvallisuusohjeet\/","og_locale":"fi_FI","og_type":"article","og_title":"Turvallisuusohjeet - STAIR24","og_description":"Portaiden turvalliseksi k\u00e4yt\u00f6ksi:","og_url":"https:\/\/www.stair24.com\/fi\/hyodyllista-tietoa\/turvallisuusohjeet\/","og_site_name":"STAIR24","article_publisher":"https:\/\/www.facebook.com\/AruGrupp","article_modified_time":"2023-12-18T13:08:04+00:00","og_image":[{"width":2072,"height":2560,"url":"https:\/\/live.stair24.com\/wp-content\/uploads\/2023\/12\/IMG_20230717_181726-scaled-1.jpg","type":"image\/jpeg"}],"twitter_card":"summary_large_image","twitter_misc":{"Arvioitu lukuaika":"1 minuutti"},"schema":{"@context":"https:\/\/schema.org","@graph":[{"@type":"WebPage","@id":"https:\/\/www.stair24.com\/fi\/hyodyllista-tietoa\/turvallisuusohjeet\/","url":"https:\/\/www.stair24.com\/fi\/hyodyllista-tietoa\/turvallisuusohjeet\/","name":"Turvallisuusohjeet - STAIR24","isPartOf":{"@id":"https:\/\/www.stair24.com\/fi\/#website"},"primaryImageOfPage":{"@id":"https:\/\/www.stair24.com\/fi\/hyodyllista-tietoa\/turvallisuusohjeet\/#primaryimage"},"image":{"@id":"https:\/\/www.stair24.com\/fi\/hyodyllista-tietoa\/turvallisuusohjeet\/#primaryimage"},"thumbnailUrl":"https:\/\/www.stair24.com\/wp-content\/uploads\/2023\/12\/trepi-valmistamine-treppide-muuk-treppide-paigaldus-15.jpg","datePublished":"2023-12-14T15:24:17+00:00","dateModified":"2023-12-18T13:08:04+00:00","breadcrumb":{"@id":"https:\/\/www.stair24.com\/fi\/hyodyllista-tietoa\/turvallisuusohjeet\/#breadcrumb"},"inLanguage":"fi","potentialAction":[{"@type":"ReadAction","target":["https:\/\/www.stair24.com\/fi\/hyodyllista-tietoa\/turvallisuusohjeet\/"]}]},{"@type":"ImageObject","inLanguage":"fi","@id":"https:\/\/www.stair24.com\/fi\/hyodyllista-tietoa\/turvallisuusohjeet\/#primaryimage","url":"https:\/\/www.stair24.com\/wp-content\/uploads\/2023\/12\/trepi-valmistamine-treppide-muuk-treppide-paigaldus-15.jpg","contentUrl":"https:\/\/www.stair24.com\/wp-content\/uploads\/2023\/12\/trepi-valmistamine-treppide-muuk-treppide-paigaldus-15.jpg","width":2072,"height":2560},{"@type":"BreadcrumbList","@id":"https:\/\/www.stair24.com\/fi\/hyodyllista-tietoa\/turvallisuusohjeet\/#breadcrumb","itemListElement":[{"@type":"ListItem","position":1,"name":"Home","item":"https:\/\/www.stair24.com\/fi\/"},{"@type":"ListItem","position":2,"name":"Hy\u00f6dyllist\u00e4 tietoa","item":"https:\/\/www.stair24.com\/fi\/hyodyllista-tietoa\/"},{"@type":"ListItem","position":3,"name":"Turvallisuusohjeet"}]},{"@type":"WebSite","@id":"https:\/\/www.stair24.com\/fi\/#website","url":"https:\/\/www.stair24.com\/fi\/","name":"STAIR 24 | Kvaliteetsed trepid","description":"Valmistame treppe igas kujus ning suuruses. Trepid on meie kirg ning oleme \u00fcks suurimaid treppide tootja p\u00f5hjamaades. Proovige meie uut trepikalkulaatorit. Parima kvaliteediga trepid, kiire tarne ning soodne hind.","publisher":{"@id":"https:\/\/www.stair24.com\/fi\/#organization"},"potentialAction":[{"@type":"SearchAction","target":{"@type":"EntryPoint","urlTemplate":"https:\/\/www.stair24.com\/fi\/?s={search_term_string}"},"query-input":{"@type":"PropertyValueSpecification","valueRequired":true,"valueName":"search_term_string"}}],"inLanguage":"fi"},{"@type":"Organization","@id":"https:\/\/www.stair24.com\/fi\/#organization","name":"STAIR 24 | Kvaliteetsed trepid","url":"https:\/\/www.stair24.com\/fi\/","logo":{"@type":"ImageObject","inLanguage":"fi","@id":"https:\/\/www.stair24.com\/fi\/#\/schema\/logo\/image\/","url":"https:\/\/www.stair24.com\/wp-content\/uploads\/2022\/12\/trep-stair24_logo-1.png","contentUrl":"https:\/\/www.stair24.com\/wp-content\/uploads\/2022\/12\/trep-stair24_logo-1.png","width":302,"height":85,"caption":"STAIR 24 | Kvaliteetsed trepid"},"image":{"@id":"https:\/\/www.stair24.com\/fi\/#\/schema\/logo\/image\/"},"sameAs":["https:\/\/www.facebook.com\/AruGrupp","https:\/\/www.instagram.com\/stair.24\/","https:\/\/www.youtube.com\/@stair24com"]}]}},"_links":{"self":[{"href":"https:\/\/www.stair24.com\/fi\/wp-json\/wp\/v2\/pages\/9262","targetHints":{"allow":["GET"]}}],"collection":[{"href":"https:\/\/www.stair24.com\/fi\/wp-json\/wp\/v2\/pages"}],"about":[{"href":"https:\/\/www.stair24.com\/fi\/wp-json\/wp\/v2\/types\/page"}],"author":[{"embeddable":true,"href":"https:\/\/www.stair24.com\/fi\/wp-json\/wp\/v2\/users\/1"}],"replies":[{"embeddable":true,"href":"https:\/\/www.stair24.com\/fi\/wp-json\/wp\/v2\/comments?post=9262"}],"version-history":[{"count":2,"href":"https:\/\/www.stair24.com\/fi\/wp-json\/wp\/v2\/pages\/9262\/revisions"}],"predecessor-version":[{"id":9264,"href":"https:\/\/www.stair24.com\/fi\/wp-json\/wp\/v2\/pages\/9262\/revisions\/9264"}],"up":[{"embeddable":true,"href":"https:\/\/www.stair24.com\/fi\/wp-json\/wp\/v2\/pages\/8000"}],"wp:featuredmedia":[{"embeddable":true,"href":"https:\/\/www.stair24.com\/fi\/wp-json\/wp\/v2\/media\/8737"}],"wp:attachment":[{"href":"https:\/\/www.stair24.com\/fi\/wp-json\/wp\/v2\/media?parent=9262"}],"curies":[{"name":"wp","href":"https:\/\/api.w.org\/{rel}","templated":true}]}}