{"id":9265,"date":"2023-12-14T17:25:12","date_gmt":"2023-12-14T15:25:12","guid":{"rendered":"https:\/\/www.stair24.com\/?page_id=9265"},"modified":"2023-12-18T15:07:22","modified_gmt":"2023-12-18T13:07:22","slug":"5-neuvoa-portaiden-valintaan","status":"publish","type":"page","link":"https:\/\/www.stair24.com\/fi\/hyodyllista-tietoa\/5-neuvoa-portaiden-valintaan\/","title":{"rendered":"5 neuvoa portaiden valintaan"},"content":{"rendered":"\n<p>Portaat ovat yksi rakennuksen t\u00e4rkeimpi\u00e4 elementtej\u00e4. Portaille sopivan muotoilun ja sijainnin l\u00f6yt\u00e4minen tilassa on todellinen haaste sek\u00e4 kodin omistajille ett\u00e4 arkkitehdeille.<\/p>\n\n\n\n<p>Porrasvalmistajan kokemukseen perustuen porrasratkaisun valinnan yhteydess\u00e4 olisi suositeltavaa vastata seuraaviin kysymyksiin:<\/p>\n\n\n\n<p>1) pit\u00e4isik\u00f6 portaiden korostaa sisustusta vai ennemmin sulautua muuhun muotoiluun?<br>2) Kuinka paljon lattiatilaa (my\u00f6s tilan osa) olet valmis luovuttamaan portaille?<br>3) Saisiko\/pit\u00e4isik\u00f6 portaisiin osua my\u00f6s luonnonvaloa?<br>4) Pit\u00e4isik\u00f6 portaiden kierty\u00e4 ja jos, niin kuinka paljon?<br>5) Onko portaiden k\u00e4\u00e4nn\u00f6kset ratkaistu tasanteella vai kierreaskelmilla?<\/p>\n\n\n\n<p>Kannattaa ottaa huomioon, ett\u00e4 tasanneportaat ovat mukavammat k\u00e4ytt\u00e4\u00e4, mutta viev\u00e4t aina enemm\u00e4n tilaa kuin kierreportaat.<\/p>\n\n\n\n<p>Portaiden tyyli ja budjetti<\/p>\n\n\n\n<p>Portaittesi tyyli alkaa muodostua vastausten perusteella. Jos valitsit paraatiportaat keskeisell\u00e4 sijainnilla, nyt tulisi jatkaa my\u00f6s materiaalivalinnalla, joka tukee ensimm\u00e4ist\u00e4 valintaa. Tilan taka-alalle vaatimattomammin sijoitettuna portaat voidaan puolestaan tilata yksinkertaisemmista ja edullisemmista materiaaleista. Kuten muodissa aina, my\u00f6s porrasmuodissa on omat trendins\u00e4. Jotta olisit perill\u00e4 viimeisist\u00e4 porrastrendeist\u00e4, kannattaa keskustella arkkitehtien ja sisustussuunnittelijoiden kanssa. Portaiden hinnan m\u00e4\u00e4ritt\u00e4v\u00e4t l\u00e4hinn\u00e4 ty\u00f6n vaikeusaste, materiaalin m\u00e4\u00e4r\u00e4 ja sen laatuluokka. Jos porraskomponenttien valikoimaan tulevat arvopuun lis\u00e4ksi lasi ja metalli, on varauduttava suurempaan porrasbudjettiin.<\/p>\n\n\n\n<p>Turvallisuus ja k\u00e4ytt\u00f6mukavuus<\/p>\n\n\n\n<p>Portaat yhdist\u00e4v\u00e4t erilaisia tasoja, joilla el\u00e4mme, ja niiden v\u00e4linen liikenne on erilainen erilaisissa el\u00e4m\u00e4nvaiheissa. Jos portaita suunnitellaan taloon tai asuntoon, jossa ei sill\u00e4 hetkell\u00e4 asu pieni\u00e4 lapsia, tulisi mietti\u00e4 my\u00f6s sit\u00e4, jos perheeseen tulee lapsia. Portaiden k\u00e4yt\u00f6n turvallisuus on lapsien lis\u00e4ksi t\u00e4rke\u00e4\u00e4 my\u00f6s vanhemmille perheenj\u00e4senille. Portaiden suunnittelussa voimme itse vaikuttaa paljon niiden tulevan k\u00e4yt\u00f6n turvallisuuteen. Kaiteettomat portaat saattavat tuntua minimalistisilta, mutta pitk\u00e4ss\u00e4 k\u00e4ytt\u00f6perspektiiviss\u00e4 niiss\u00e4 piilee ehdottomasti vaaroja. Kaiteita ei kannata pel\u00e4t\u00e4. Valitsemalla porrasaskelmiin luistamista ehk\u00e4isev\u00e4t p\u00e4\u00e4llysteet ja v\u00e4ltt\u00e4m\u00e4ll\u00e4 kapeita porraskaarteita luomme kulkuyhteyden, joka houkuttelee k\u00e4ytt\u00e4m\u00e4\u00e4n ja on turvallinen my\u00f6s vuosikymmenien kuluttua.<\/p>\n\n\n\n<p>Portaiden kaava 2H+B=63, mik\u00e4 se on?<\/p>\n\n\n\n<p>Tiesitk\u00f6, mit\u00e4 porrasvalmistajien tietomateriaaleissa usein mainittu kaava 2H+B=63 tarkoittaa? Kyseisen kaavan avulla on mahdollista l\u00f6yt\u00e4\u00e4\/tarkistaa optimaalinen askelman korkeuden ja syvyyden suhde. H = askelman korkeus ja B = askelman syvyys. Esimerkki: portaiden tulisi vied\u00e4 sinut k\u00e4tev\u00e4sti kerroksesta toiseen, korkeusero on 2450 mm. Oletetaan, ett\u00e4 jaat kyseisen korkeuden 14 askelman v\u00e4lill\u00e4. Siten kaikkien askelmien korkeusero (askelman korkeus) on 17,5 cm. Ehdotat porrasaskelman syvyydeksi 30,0 cm. Tarkistetaan kaavan toimiminen: 2 * 17,5 + 30 = 65<br>Jos kaavasta saatava arvo on l\u00e4hell\u00e4 63:a, kyseess\u00e4 ovat mukavat ja optimaaliset portaat.<\/p>\n\n\n\n<p>K\u00e4ytt\u00e4j\u00e4t<\/p>\n\n\n\n<p>Portaiden suunnittelijan on t\u00e4rke\u00e4\u00e4 tiet\u00e4\u00e4 my\u00f6s se, kuka portaita k\u00e4ytt\u00e4\u00e4. Vanhemmalle pariskunnalle sopivat matalanousuiset, pehme\u00e4ll\u00e4 matolla p\u00e4\u00e4llystetyt englantilaistyyppiset portaat. Yksin asuva nuori taas haaveilee pelkist\u00e4 sein\u00e4\u00e4n kiinnitetyist\u00e4 askelmista, joilla ei ole k\u00e4sijohteita lainkaan. Pikkulapsen \u00e4iti ei hyv\u00e4ksy sellaista valintaa. Siten portaita suunniteltaessa on t\u00e4rke\u00e4\u00e4 mietti\u00e4 my\u00f6s pitemp\u00e4\u00e4 perspektiivi\u00e4. Kotiel\u00e4imetkin kannattaa muistaa. Sek\u00e4 niiden est\u00e4misen ett\u00e4 liikkumismukavuuden kannalta.<\/p>\n\n\n\n<p>Turvallisia ja tyylikk\u00e4it\u00e4 valintoja,<br>Stair24<\/p>\n","protected":false},"excerpt":{"rendered":"Portaat ovat yksi rakennuksen t\u00e4rkeimpi\u00e4 elementtej\u00e4. Portaille sopivan muotoilun ja sijainnin l\u00f6yt\u00e4minen tilassa on todellinen haaste&#8230;","protected":false},"author":1,"featured_media":8751,"parent":8000,"menu_order":5,"comment_status":"closed","ping_status":"closed","template":"page-templates\/useful-information-single.php","meta":{"_acf_changed":false,"footnotes":""},"class_list":["post-9265","page","type-page","status-publish","has-post-thumbnail","hentry"],"acf":[],"yoast_head":"<!-- This site is optimized with the Yoast SEO plugin v27.5 - https:\/\/yoast.com\/product\/yoast-seo-wordpress\/ -->\n<title>5 neuvoa portaiden valintaan - STAIR24<\/title>\n<meta name=\"robots\" content=\"index, follow, max-snippet:-1, max-image-preview:large, max-video-preview:-1\" \/>\n<link rel=\"canonical\" href=\"https:\/\/www.stair24.com\/fi\/hyodyllista-tietoa\/5-neuvoa-portaiden-valintaan\/\" \/>\n<meta property=\"og:locale\" content=\"fi_FI\" \/>\n<meta property=\"og:type\" content=\"article\" \/>\n<meta property=\"og:title\" content=\"5 neuvoa portaiden valintaan - STAIR24\" \/>\n<meta property=\"og:description\" content=\"Portaat ovat yksi rakennuksen t\u00e4rkeimpi\u00e4 elementtej\u00e4. Portaille sopivan muotoilun ja sijainnin l\u00f6yt\u00e4minen tilassa on todellinen haaste...\" \/>\n<meta property=\"og:url\" content=\"https:\/\/www.stair24.com\/fi\/hyodyllista-tietoa\/5-neuvoa-portaiden-valintaan\/\" \/>\n<meta property=\"og:site_name\" content=\"STAIR24\" \/>\n<meta property=\"article:publisher\" content=\"https:\/\/www.facebook.com\/AruGrupp\" \/>\n<meta property=\"article:modified_time\" content=\"2023-12-18T13:07:22+00:00\" \/>\n<meta property=\"og:image\" content=\"https:\/\/live.stair24.com\/wp-content\/uploads\/2023\/12\/IMG_20230208_110512-scaled-1.jpg\" \/>\n\t<meta property=\"og:image:width\" content=\"2560\" \/>\n\t<meta property=\"og:image:height\" content=\"2306\" \/>\n\t<meta property=\"og:image:type\" content=\"image\/jpeg\" \/>\n<meta name=\"twitter:card\" content=\"summary_large_image\" \/>\n<meta name=\"twitter:label1\" content=\"Arvioitu lukuaika\" \/>\n\t<meta name=\"twitter:data1\" content=\"3 minuuttia\" \/>\n<script type=\"application\/ld+json\" class=\"yoast-schema-graph\">{\"@context\":\"https:\\\/\\\/schema.org\",\"@graph\":[{\"@type\":\"WebPage\",\"@id\":\"https:\\\/\\\/www.stair24.com\\\/fi\\\/hyodyllista-tietoa\\\/5-neuvoa-portaiden-valintaan\\\/\",\"url\":\"https:\\\/\\\/www.stair24.com\\\/fi\\\/hyodyllista-tietoa\\\/5-neuvoa-portaiden-valintaan\\\/\",\"name\":\"5 neuvoa portaiden valintaan - STAIR24\",\"isPartOf\":{\"@id\":\"https:\\\/\\\/www.stair24.com\\\/fi\\\/#website\"},\"primaryImageOfPage\":{\"@id\":\"https:\\\/\\\/www.stair24.com\\\/fi\\\/hyodyllista-tietoa\\\/5-neuvoa-portaiden-valintaan\\\/#primaryimage\"},\"image\":{\"@id\":\"https:\\\/\\\/www.stair24.com\\\/fi\\\/hyodyllista-tietoa\\\/5-neuvoa-portaiden-valintaan\\\/#primaryimage\"},\"thumbnailUrl\":\"https:\\\/\\\/www.stair24.com\\\/wp-content\\\/uploads\\\/2023\\\/12\\\/trepi-valmistamine-treppide-muuk-treppide-paigaldus-14.jpg\",\"datePublished\":\"2023-12-14T15:25:12+00:00\",\"dateModified\":\"2023-12-18T13:07:22+00:00\",\"breadcrumb\":{\"@id\":\"https:\\\/\\\/www.stair24.com\\\/fi\\\/hyodyllista-tietoa\\\/5-neuvoa-portaiden-valintaan\\\/#breadcrumb\"},\"inLanguage\":\"fi\",\"potentialAction\":[{\"@type\":\"ReadAction\",\"target\":[\"https:\\\/\\\/www.stair24.com\\\/fi\\\/hyodyllista-tietoa\\\/5-neuvoa-portaiden-valintaan\\\/\"]}]},{\"@type\":\"ImageObject\",\"inLanguage\":\"fi\",\"@id\":\"https:\\\/\\\/www.stair24.com\\\/fi\\\/hyodyllista-tietoa\\\/5-neuvoa-portaiden-valintaan\\\/#primaryimage\",\"url\":\"https:\\\/\\\/www.stair24.com\\\/wp-content\\\/uploads\\\/2023\\\/12\\\/trepi-valmistamine-treppide-muuk-treppide-paigaldus-14.jpg\",\"contentUrl\":\"https:\\\/\\\/www.stair24.com\\\/wp-content\\\/uploads\\\/2023\\\/12\\\/trepi-valmistamine-treppide-muuk-treppide-paigaldus-14.jpg\",\"width\":2560,\"height\":2306},{\"@type\":\"BreadcrumbList\",\"@id\":\"https:\\\/\\\/www.stair24.com\\\/fi\\\/hyodyllista-tietoa\\\/5-neuvoa-portaiden-valintaan\\\/#breadcrumb\",\"itemListElement\":[{\"@type\":\"ListItem\",\"position\":1,\"name\":\"Home\",\"item\":\"https:\\\/\\\/www.stair24.com\\\/fi\\\/\"},{\"@type\":\"ListItem\",\"position\":2,\"name\":\"Hy\u00f6dyllist\u00e4 tietoa\",\"item\":\"https:\\\/\\\/www.stair24.com\\\/fi\\\/hyodyllista-tietoa\\\/\"},{\"@type\":\"ListItem\",\"position\":3,\"name\":\"5 neuvoa portaiden valintaan\"}]},{\"@type\":\"WebSite\",\"@id\":\"https:\\\/\\\/www.stair24.com\\\/fi\\\/#website\",\"url\":\"https:\\\/\\\/www.stair24.com\\\/fi\\\/\",\"name\":\"STAIR 24 | Kvaliteetsed trepid\",\"description\":\"Valmistame treppe igas kujus ning suuruses. Trepid on meie kirg ning oleme \u00fcks suurimaid treppide tootja p\u00f5hjamaades. Proovige meie uut trepikalkulaatorit. Parima kvaliteediga trepid, kiire tarne ning soodne hind.\",\"publisher\":{\"@id\":\"https:\\\/\\\/www.stair24.com\\\/fi\\\/#organization\"},\"potentialAction\":[{\"@type\":\"SearchAction\",\"target\":{\"@type\":\"EntryPoint\",\"urlTemplate\":\"https:\\\/\\\/www.stair24.com\\\/fi\\\/?s={search_term_string}\"},\"query-input\":{\"@type\":\"PropertyValueSpecification\",\"valueRequired\":true,\"valueName\":\"search_term_string\"}}],\"inLanguage\":\"fi\"},{\"@type\":\"Organization\",\"@id\":\"https:\\\/\\\/www.stair24.com\\\/fi\\\/#organization\",\"name\":\"STAIR 24 | Kvaliteetsed trepid\",\"url\":\"https:\\\/\\\/www.stair24.com\\\/fi\\\/\",\"logo\":{\"@type\":\"ImageObject\",\"inLanguage\":\"fi\",\"@id\":\"https:\\\/\\\/www.stair24.com\\\/fi\\\/#\\\/schema\\\/logo\\\/image\\\/\",\"url\":\"https:\\\/\\\/www.stair24.com\\\/wp-content\\\/uploads\\\/2022\\\/12\\\/trep-stair24_logo-1.png\",\"contentUrl\":\"https:\\\/\\\/www.stair24.com\\\/wp-content\\\/uploads\\\/2022\\\/12\\\/trep-stair24_logo-1.png\",\"width\":302,\"height\":85,\"caption\":\"STAIR 24 | Kvaliteetsed trepid\"},\"image\":{\"@id\":\"https:\\\/\\\/www.stair24.com\\\/fi\\\/#\\\/schema\\\/logo\\\/image\\\/\"},\"sameAs\":[\"https:\\\/\\\/www.facebook.com\\\/AruGrupp\",\"https:\\\/\\\/www.instagram.com\\\/stair.24\\\/\",\"https:\\\/\\\/www.youtube.com\\\/@stair24com\"]}]}<\/script>\n<!-- \/ Yoast SEO plugin. -->","yoast_head_json":{"title":"5 neuvoa portaiden valintaan - STAIR24","robots":{"index":"index","follow":"follow","max-snippet":"max-snippet:-1","max-image-preview":"max-image-preview:large","max-video-preview":"max-video-preview:-1"},"canonical":"https:\/\/www.stair24.com\/fi\/hyodyllista-tietoa\/5-neuvoa-portaiden-valintaan\/","og_locale":"fi_FI","og_type":"article","og_title":"5 neuvoa portaiden valintaan - STAIR24","og_description":"Portaat ovat yksi rakennuksen t\u00e4rkeimpi\u00e4 elementtej\u00e4. Portaille sopivan muotoilun ja sijainnin l\u00f6yt\u00e4minen tilassa on todellinen haaste...","og_url":"https:\/\/www.stair24.com\/fi\/hyodyllista-tietoa\/5-neuvoa-portaiden-valintaan\/","og_site_name":"STAIR24","article_publisher":"https:\/\/www.facebook.com\/AruGrupp","article_modified_time":"2023-12-18T13:07:22+00:00","og_image":[{"width":2560,"height":2306,"url":"https:\/\/live.stair24.com\/wp-content\/uploads\/2023\/12\/IMG_20230208_110512-scaled-1.jpg","type":"image\/jpeg"}],"twitter_card":"summary_large_image","twitter_misc":{"Arvioitu lukuaika":"3 minuuttia"},"schema":{"@context":"https:\/\/schema.org","@graph":[{"@type":"WebPage","@id":"https:\/\/www.stair24.com\/fi\/hyodyllista-tietoa\/5-neuvoa-portaiden-valintaan\/","url":"https:\/\/www.stair24.com\/fi\/hyodyllista-tietoa\/5-neuvoa-portaiden-valintaan\/","name":"5 neuvoa portaiden valintaan - STAIR24","isPartOf":{"@id":"https:\/\/www.stair24.com\/fi\/#website"},"primaryImageOfPage":{"@id":"https:\/\/www.stair24.com\/fi\/hyodyllista-tietoa\/5-neuvoa-portaiden-valintaan\/#primaryimage"},"image":{"@id":"https:\/\/www.stair24.com\/fi\/hyodyllista-tietoa\/5-neuvoa-portaiden-valintaan\/#primaryimage"},"thumbnailUrl":"https:\/\/www.stair24.com\/wp-content\/uploads\/2023\/12\/trepi-valmistamine-treppide-muuk-treppide-paigaldus-14.jpg","datePublished":"2023-12-14T15:25:12+00:00","dateModified":"2023-12-18T13:07:22+00:00","breadcrumb":{"@id":"https:\/\/www.stair24.com\/fi\/hyodyllista-tietoa\/5-neuvoa-portaiden-valintaan\/#breadcrumb"},"inLanguage":"fi","potentialAction":[{"@type":"ReadAction","target":["https:\/\/www.stair24.com\/fi\/hyodyllista-tietoa\/5-neuvoa-portaiden-valintaan\/"]}]},{"@type":"ImageObject","inLanguage":"fi","@id":"https:\/\/www.stair24.com\/fi\/hyodyllista-tietoa\/5-neuvoa-portaiden-valintaan\/#primaryimage","url":"https:\/\/www.stair24.com\/wp-content\/uploads\/2023\/12\/trepi-valmistamine-treppide-muuk-treppide-paigaldus-14.jpg","contentUrl":"https:\/\/www.stair24.com\/wp-content\/uploads\/2023\/12\/trepi-valmistamine-treppide-muuk-treppide-paigaldus-14.jpg","width":2560,"height":2306},{"@type":"BreadcrumbList","@id":"https:\/\/www.stair24.com\/fi\/hyodyllista-tietoa\/5-neuvoa-portaiden-valintaan\/#breadcrumb","itemListElement":[{"@type":"ListItem","position":1,"name":"Home","item":"https:\/\/www.stair24.com\/fi\/"},{"@type":"ListItem","position":2,"name":"Hy\u00f6dyllist\u00e4 tietoa","item":"https:\/\/www.stair24.com\/fi\/hyodyllista-tietoa\/"},{"@type":"ListItem","position":3,"name":"5 neuvoa portaiden valintaan"}]},{"@type":"WebSite","@id":"https:\/\/www.stair24.com\/fi\/#website","url":"https:\/\/www.stair24.com\/fi\/","name":"STAIR 24 | Kvaliteetsed trepid","description":"Valmistame treppe igas kujus ning suuruses. Trepid on meie kirg ning oleme \u00fcks suurimaid treppide tootja p\u00f5hjamaades. Proovige meie uut trepikalkulaatorit. Parima kvaliteediga trepid, kiire tarne ning soodne hind.","publisher":{"@id":"https:\/\/www.stair24.com\/fi\/#organization"},"potentialAction":[{"@type":"SearchAction","target":{"@type":"EntryPoint","urlTemplate":"https:\/\/www.stair24.com\/fi\/?s={search_term_string}"},"query-input":{"@type":"PropertyValueSpecification","valueRequired":true,"valueName":"search_term_string"}}],"inLanguage":"fi"},{"@type":"Organization","@id":"https:\/\/www.stair24.com\/fi\/#organization","name":"STAIR 24 | Kvaliteetsed trepid","url":"https:\/\/www.stair24.com\/fi\/","logo":{"@type":"ImageObject","inLanguage":"fi","@id":"https:\/\/www.stair24.com\/fi\/#\/schema\/logo\/image\/","url":"https:\/\/www.stair24.com\/wp-content\/uploads\/2022\/12\/trep-stair24_logo-1.png","contentUrl":"https:\/\/www.stair24.com\/wp-content\/uploads\/2022\/12\/trep-stair24_logo-1.png","width":302,"height":85,"caption":"STAIR 24 | Kvaliteetsed trepid"},"image":{"@id":"https:\/\/www.stair24.com\/fi\/#\/schema\/logo\/image\/"},"sameAs":["https:\/\/www.facebook.com\/AruGrupp","https:\/\/www.instagram.com\/stair.24\/","https:\/\/www.youtube.com\/@stair24com"]}]}},"_links":{"self":[{"href":"https:\/\/www.stair24.com\/fi\/wp-json\/wp\/v2\/pages\/9265","targetHints":{"allow":["GET"]}}],"collection":[{"href":"https:\/\/www.stair24.com\/fi\/wp-json\/wp\/v2\/pages"}],"about":[{"href":"https:\/\/www.stair24.com\/fi\/wp-json\/wp\/v2\/types\/page"}],"author":[{"embeddable":true,"href":"https:\/\/www.stair24.com\/fi\/wp-json\/wp\/v2\/users\/1"}],"replies":[{"embeddable":true,"href":"https:\/\/www.stair24.com\/fi\/wp-json\/wp\/v2\/comments?post=9265"}],"version-history":[{"count":3,"href":"https:\/\/www.stair24.com\/fi\/wp-json\/wp\/v2\/pages\/9265\/revisions"}],"predecessor-version":[{"id":9268,"href":"https:\/\/www.stair24.com\/fi\/wp-json\/wp\/v2\/pages\/9265\/revisions\/9268"}],"up":[{"embeddable":true,"href":"https:\/\/www.stair24.com\/fi\/wp-json\/wp\/v2\/pages\/8000"}],"wp:featuredmedia":[{"embeddable":true,"href":"https:\/\/www.stair24.com\/fi\/wp-json\/wp\/v2\/media\/8751"}],"wp:attachment":[{"href":"https:\/\/www.stair24.com\/fi\/wp-json\/wp\/v2\/media?parent=9265"}],"curies":[{"name":"wp","href":"https:\/\/api.w.org\/{rel}","templated":true}]}}