{"id":1304,"date":"2021-10-27T07:47:51","date_gmt":"2021-10-27T07:47:51","guid":{"rendered":"http:\/\/g5test.stair24.com\/?product=helsinki-e-143"},"modified":"2024-06-17T04:01:41","modified_gmt":"2024-06-17T02:01:41","slug":"helsinki-e-143","status":"publish","type":"product","link":"https:\/\/www.stair24.com\/fi\/tuote\/helsinki-e-143\/","title":{"rendered":"Helsinki E 143"},"content":{"rendered":"","protected":false},"excerpt":{"rendered":"","protected":false},"featured_media":0,"comment_status":"open","ping_status":"closed","template":"","meta":{"_acf_changed":false},"product_brand":[],"product_cat":[55,54],"product_tag":[],"class_list":{"0":"post-1304","1":"product","2":"type-product","3":"status-publish","5":"product_cat-left-turn-u-stairs","6":"product_cat-u-stairs","8":"first","9":"instock","10":"taxable","11":"shipping-taxable","12":"purchasable","13":"product-type-simple"},"acf":[],"yoast_head":"<!-- This site is optimized with the Yoast SEO plugin v27.2 - https:\/\/yoast.com\/product\/yoast-seo-wordpress\/ -->\n<title>Portaat Helsinki E 143 | Portaiden tuotanto | STAIR24<\/title>\n<meta name=\"description\" content=\"Tilaa &quot;Portaat Helsinki E 143&quot; k\u00e4tev\u00e4sti verkkokaupasta. Laaja valikoima laadukkaita, moderneja portaita ja porrasratkaisuja. Kehit\u00e4 itsellesi sopiva ratkaisu.\" \/>\n<meta name=\"robots\" content=\"index, follow, max-snippet:-1, max-image-preview:large, max-video-preview:-1\" \/>\n<link rel=\"canonical\" href=\"https:\/\/www.stair24.com\/fi\/tuote\/helsinki-e-143\/\" \/>\n<meta property=\"og:locale\" content=\"fi_FI\" \/>\n<meta property=\"og:type\" content=\"article\" \/>\n<meta property=\"og:title\" content=\"Portaat Helsinki E 143 | Portaiden tuotanto | STAIR24\" \/>\n<meta property=\"og:description\" content=\"Tilaa &quot;Portaat Helsinki E 143&quot; k\u00e4tev\u00e4sti verkkokaupasta. Laaja valikoima laadukkaita, moderneja portaita ja porrasratkaisuja. Kehit\u00e4 itsellesi sopiva ratkaisu.\" \/>\n<meta property=\"og:url\" content=\"https:\/\/www.stair24.com\/fi\/tuote\/helsinki-e-143\/\" \/>\n<meta property=\"og:site_name\" content=\"STAIR24\" \/>\n<meta property=\"article:publisher\" content=\"https:\/\/www.facebook.com\/AruGrupp\" \/>\n<meta property=\"article:modified_time\" content=\"2024-06-17T02:01:41+00:00\" \/>\n<meta property=\"og:image\" content=\"https:\/\/www.stair24.com\/wp-content\/uploads\/2022\/12\/trepid-stair24_logo-2.png\" \/>\n\t<meta property=\"og:image:width\" content=\"711\" \/>\n\t<meta property=\"og:image:height\" content=\"200\" \/>\n\t<meta property=\"og:image:type\" content=\"image\/png\" \/>\n<meta name=\"twitter:card\" content=\"summary_large_image\" \/>\n<script type=\"application\/ld+json\" class=\"yoast-schema-graph\">{\"@context\":\"https:\/\/schema.org\",\"@graph\":[{\"@type\":\"WebPage\",\"@id\":\"https:\/\/www.stair24.com\/fi\/tuote\/helsinki-e-143\/\",\"url\":\"https:\/\/www.stair24.com\/fi\/tuote\/helsinki-e-143\/\",\"name\":\"Portaat Helsinki E 143 | Portaiden tuotanto | STAIR24\",\"isPartOf\":{\"@id\":\"https:\/\/www.stair24.com\/fi\/#website\"},\"datePublished\":\"2021-10-27T07:47:51+00:00\",\"dateModified\":\"2024-06-17T02:01:41+00:00\",\"description\":\"Tilaa \\\"Portaat Helsinki E 143\\\" k\u00e4tev\u00e4sti verkkokaupasta. Laaja valikoima laadukkaita, moderneja portaita ja porrasratkaisuja. Kehit\u00e4 itsellesi sopiva ratkaisu.\",\"breadcrumb\":{\"@id\":\"https:\/\/www.stair24.com\/fi\/tuote\/helsinki-e-143\/#breadcrumb\"},\"inLanguage\":\"fi\",\"potentialAction\":[{\"@type\":\"ReadAction\",\"target\":[\"https:\/\/www.stair24.com\/fi\/tuote\/helsinki-e-143\/\"]}]},{\"@type\":\"BreadcrumbList\",\"@id\":\"https:\/\/www.stair24.com\/fi\/tuote\/helsinki-e-143\/#breadcrumb\",\"itemListElement\":[{\"@type\":\"ListItem\",\"position\":1,\"name\":\"Home\",\"item\":\"https:\/\/www.stair24.com\/fi\/\"},{\"@type\":\"ListItem\",\"position\":2,\"name\":\"Avaa valinnat\",\"item\":\"https:\/\/www.stair24.com\/fi\/avaa-valinnat\/\"},{\"@type\":\"ListItem\",\"position\":3,\"name\":\"Helsinki E 143\"}]},{\"@type\":\"WebSite\",\"@id\":\"https:\/\/www.stair24.com\/fi\/#website\",\"url\":\"https:\/\/www.stair24.com\/fi\/\",\"name\":\"STAIR 24 | Kvaliteetsed trepid\",\"description\":\"Valmistame treppe igas kujus ning suuruses. Trepid on meie kirg ning oleme \u00fcks suurimaid treppide tootja p\u00f5hjamaades. Proovige meie uut trepikalkulaatorit. Parima kvaliteediga trepid, kiire tarne ning soodne hind.\",\"publisher\":{\"@id\":\"https:\/\/www.stair24.com\/fi\/#organization\"},\"potentialAction\":[{\"@type\":\"SearchAction\",\"target\":{\"@type\":\"EntryPoint\",\"urlTemplate\":\"https:\/\/www.stair24.com\/fi\/?s={search_term_string}\"},\"query-input\":{\"@type\":\"PropertyValueSpecification\",\"valueRequired\":true,\"valueName\":\"search_term_string\"}}],\"inLanguage\":\"fi\"},{\"@type\":\"Organization\",\"@id\":\"https:\/\/www.stair24.com\/fi\/#organization\",\"name\":\"STAIR 24 | Kvaliteetsed trepid\",\"url\":\"https:\/\/www.stair24.com\/fi\/\",\"logo\":{\"@type\":\"ImageObject\",\"inLanguage\":\"fi\",\"@id\":\"https:\/\/www.stair24.com\/fi\/#\/schema\/logo\/image\/\",\"url\":\"https:\/\/www.stair24.com\/wp-content\/uploads\/2022\/12\/trep-stair24_logo-1.png\",\"contentUrl\":\"https:\/\/www.stair24.com\/wp-content\/uploads\/2022\/12\/trep-stair24_logo-1.png\",\"width\":302,\"height\":85,\"caption\":\"STAIR 24 | Kvaliteetsed trepid\"},\"image\":{\"@id\":\"https:\/\/www.stair24.com\/fi\/#\/schema\/logo\/image\/\"},\"sameAs\":[\"https:\/\/www.facebook.com\/AruGrupp\",\"https:\/\/www.instagram.com\/stair.24\/\",\"https:\/\/www.youtube.com\/@stair24com\"]}]}<\/script>\n<!-- \/ Yoast SEO plugin. -->","yoast_head_json":{"title":"Portaat Helsinki E 143 | Portaiden tuotanto | STAIR24","description":"Tilaa \"Portaat Helsinki E 143\" k\u00e4tev\u00e4sti verkkokaupasta. Laaja valikoima laadukkaita, moderneja portaita ja porrasratkaisuja. Kehit\u00e4 itsellesi sopiva ratkaisu.","robots":{"index":"index","follow":"follow","max-snippet":"max-snippet:-1","max-image-preview":"max-image-preview:large","max-video-preview":"max-video-preview:-1"},"canonical":"https:\/\/www.stair24.com\/fi\/tuote\/helsinki-e-143\/","og_locale":"fi_FI","og_type":"article","og_title":"Portaat Helsinki E 143 | Portaiden tuotanto | STAIR24","og_description":"Tilaa \"Portaat Helsinki E 143\" k\u00e4tev\u00e4sti verkkokaupasta. Laaja valikoima laadukkaita, moderneja portaita ja porrasratkaisuja. Kehit\u00e4 itsellesi sopiva ratkaisu.","og_url":"https:\/\/www.stair24.com\/fi\/tuote\/helsinki-e-143\/","og_site_name":"STAIR24","article_publisher":"https:\/\/www.facebook.com\/AruGrupp","article_modified_time":"2024-06-17T02:01:41+00:00","og_image":[{"width":711,"height":200,"url":"https:\/\/www.stair24.com\/wp-content\/uploads\/2022\/12\/trepid-stair24_logo-2.png","type":"image\/png"}],"twitter_card":"summary_large_image","schema":{"@context":"https:\/\/schema.org","@graph":[{"@type":"WebPage","@id":"https:\/\/www.stair24.com\/fi\/tuote\/helsinki-e-143\/","url":"https:\/\/www.stair24.com\/fi\/tuote\/helsinki-e-143\/","name":"Portaat Helsinki E 143 | Portaiden tuotanto | STAIR24","isPartOf":{"@id":"https:\/\/www.stair24.com\/fi\/#website"},"datePublished":"2021-10-27T07:47:51+00:00","dateModified":"2024-06-17T02:01:41+00:00","description":"Tilaa \"Portaat Helsinki E 143\" k\u00e4tev\u00e4sti verkkokaupasta. Laaja valikoima laadukkaita, moderneja portaita ja porrasratkaisuja. Kehit\u00e4 itsellesi sopiva ratkaisu.","breadcrumb":{"@id":"https:\/\/www.stair24.com\/fi\/tuote\/helsinki-e-143\/#breadcrumb"},"inLanguage":"fi","potentialAction":[{"@type":"ReadAction","target":["https:\/\/www.stair24.com\/fi\/tuote\/helsinki-e-143\/"]}]},{"@type":"BreadcrumbList","@id":"https:\/\/www.stair24.com\/fi\/tuote\/helsinki-e-143\/#breadcrumb","itemListElement":[{"@type":"ListItem","position":1,"name":"Home","item":"https:\/\/www.stair24.com\/fi\/"},{"@type":"ListItem","position":2,"name":"Avaa valinnat","item":"https:\/\/www.stair24.com\/fi\/avaa-valinnat\/"},{"@type":"ListItem","position":3,"name":"Helsinki E 143"}]},{"@type":"WebSite","@id":"https:\/\/www.stair24.com\/fi\/#website","url":"https:\/\/www.stair24.com\/fi\/","name":"STAIR 24 | Kvaliteetsed trepid","description":"Valmistame treppe igas kujus ning suuruses. Trepid on meie kirg ning oleme \u00fcks suurimaid treppide tootja p\u00f5hjamaades. Proovige meie uut trepikalkulaatorit. Parima kvaliteediga trepid, kiire tarne ning soodne hind.","publisher":{"@id":"https:\/\/www.stair24.com\/fi\/#organization"},"potentialAction":[{"@type":"SearchAction","target":{"@type":"EntryPoint","urlTemplate":"https:\/\/www.stair24.com\/fi\/?s={search_term_string}"},"query-input":{"@type":"PropertyValueSpecification","valueRequired":true,"valueName":"search_term_string"}}],"inLanguage":"fi"},{"@type":"Organization","@id":"https:\/\/www.stair24.com\/fi\/#organization","name":"STAIR 24 | Kvaliteetsed trepid","url":"https:\/\/www.stair24.com\/fi\/","logo":{"@type":"ImageObject","inLanguage":"fi","@id":"https:\/\/www.stair24.com\/fi\/#\/schema\/logo\/image\/","url":"https:\/\/www.stair24.com\/wp-content\/uploads\/2022\/12\/trep-stair24_logo-1.png","contentUrl":"https:\/\/www.stair24.com\/wp-content\/uploads\/2022\/12\/trep-stair24_logo-1.png","width":302,"height":85,"caption":"STAIR 24 | Kvaliteetsed trepid"},"image":{"@id":"https:\/\/www.stair24.com\/fi\/#\/schema\/logo\/image\/"},"sameAs":["https:\/\/www.facebook.com\/AruGrupp","https:\/\/www.instagram.com\/stair.24\/","https:\/\/www.youtube.com\/@stair24com"]}]}},"_links":{"self":[{"href":"https:\/\/www.stair24.com\/fi\/wp-json\/wp\/v2\/product\/1304","targetHints":{"allow":["GET"]}}],"collection":[{"href":"https:\/\/www.stair24.com\/fi\/wp-json\/wp\/v2\/product"}],"about":[{"href":"https:\/\/www.stair24.com\/fi\/wp-json\/wp\/v2\/types\/product"}],"replies":[{"embeddable":true,"href":"https:\/\/www.stair24.com\/fi\/wp-json\/wp\/v2\/comments?post=1304"}],"wp:attachment":[{"href":"https:\/\/www.stair24.com\/fi\/wp-json\/wp\/v2\/media?parent=1304"}],"wp:term":[{"taxonomy":"product_brand","embeddable":true,"href":"https:\/\/www.stair24.com\/fi\/wp-json\/wp\/v2\/product_brand?post=1304"},{"taxonomy":"product_cat","embeddable":true,"href":"https:\/\/www.stair24.com\/fi\/wp-json\/wp\/v2\/product_cat?post=1304"},{"taxonomy":"product_tag","embeddable":true,"href":"https:\/\/www.stair24.com\/fi\/wp-json\/wp\/v2\/product_tag?post=1304"}],"curies":[{"name":"wp","href":"https:\/\/api.w.org\/{rel}","templated":true}]}}