{"id":4466,"date":"2022-03-01T10:40:18","date_gmt":"2022-03-01T10:40:18","guid":{"rendered":"https:\/\/www.stair24.com\/instalments\/"},"modified":"2023-05-18T10:08:12","modified_gmt":"2023-05-18T08:08:12","slug":"instalments","status":"publish","type":"page","link":"https:\/\/www.stair24.com\/no\/instalments\/","title":{"rendered":"Avdragsbetaling"},"content":{"rendered":"\n<p>Bruk&nbsp;<strong>ESTO avdragsbetaling<\/strong>&nbsp;for \u00e5 betale for produkter eller tjenester &#8211; den mest rimelige, praktiske og raskeste avdragsbetalingen i Estland!<\/p>\n\n\n\n<p>Legg til produkter i handlekurven, bekreft bestillingen din, og velg ESTO avdragsbetaling som din betalingsm\u00e5te. Ved betaling velg \u00f8nsket periode, m\u00e5nedlig avdragsbel\u00f8p og signer digitalt ved bruk av ID-kort, Smart-ID eller Mobil-ID.&nbsp;<\/p>\n\n\n\n<p>ESTO avdragsbetaling er en sv\u00e6rt rask og praktisk betalingsl\u00f8sning, som hjelper deg med \u00e5 utarbeide en betalingsplan i henhold til periode du har valgt, det vil si \u00e5 betale avdragsvis. Denne betalingsl\u00f8sningen treffer kredittbeslutningen i sanntid, p\u00e5 denne m\u00e5ten kan man foreta kj\u00f8pet p\u00e5 mindre enn 60 sekunder.<\/p>\n\n\n\n<p>OBS! Enhver avdragsavtale er en \u00f8konomisk forpliktelse. F\u00f8r du inng\u00e5r en avdragsavtale m\u00e5 du gj\u00f8re deg kjent med vilk\u00e5r og betingelser for den aktuelle tjenesten og gjerne r\u00e5df\u00f8re deg med en ekspert om n\u00f8dvendig.<\/p>\n\n\n\n<p>ESTO avdragsbetaling tilbys av&nbsp;<strong>ESTO AS<\/strong>&nbsp;(org. nr. 14180709).<\/p>\n\n\n\n<p>Standard vilk\u00e5r for ESTO avdragsbetaling er f\u00f8lgende:<\/p>\n\n\n\n<p>&nbsp; &nbsp; \u2022 Rente fra 0% til 14,90%<\/p>\n\n\n\n<p>&nbsp; &nbsp; \u2022 Avtalegebyr fra 0 euro<\/p>\n\n\n\n<p>&nbsp; &nbsp; \u2022 Periode opptil 4 \u00e5r<\/p>\n\n\n\n<p>ESTO avdragsbetaling kan s\u00f8kes av alle estiske statsborgere, som er 18-70 \u00e5r gamle. ESTO avdragsbetaling kan inng\u00e5s raskt og enkelt ogs\u00e5 til en juridisk enhet.<\/p>\n\n\n\n<p>Enhver \u00f8konomisk beslutning inneb\u00e6rer risikoer og forpliktelser, s\u00e5 vi ber deg om \u00e5 tenke n\u00f8ye gjennom behovet for \u00e5 konsumere l\u00e5neprodukter. For eksempel for et l\u00e5nebel\u00f8p p\u00e5 1.500 euro med en fast rente p\u00e5 14,90% per \u00e5r i 12 m\u00e5neder, og et avtalegebyr p\u00e5 14,90 euro, er kredittkostnaden 34,74%, den m\u00e5nedlige betalingen er 146,37 euro, samlet bel\u00f8p som tilbakebetales av forbrukeren er 1.756,68 euro. Avdragsbetaling er en \u00f8konomisk forpliktelse, og f\u00f8r du treffer en avgj\u00f8relse, les n\u00f8ye vilk\u00e5rene og betingelsene i kontrakten, samt r\u00e5df\u00f8r deg med en ansatt ved ESTO AS eller en annen ekspert, om n\u00f8dvendig.<\/p>\n","protected":false},"excerpt":{"rendered":"Bruk&nbsp;ESTO avdragsbetaling&nbsp;for \u00e5 betale for produkter eller tjenester &#8211; den mest rimelige, praktiske og raskeste avdragsbetalingen&#8230;","protected":false},"author":1,"featured_media":0,"parent":0,"menu_order":0,"comment_status":"closed","ping_status":"closed","template":"","meta":{"_acf_changed":false,"footnotes":""},"class_list":["post-4466","page","type-page","status-publish","hentry"],"acf":[],"yoast_head":"<!-- This site is optimized with the Yoast SEO plugin v27.2 - https:\/\/yoast.com\/product\/yoast-seo-wordpress\/ -->\n<title>Avdragsbetaling - STAIR24<\/title>\n<meta name=\"robots\" content=\"index, follow, max-snippet:-1, max-image-preview:large, max-video-preview:-1\" \/>\n<link rel=\"canonical\" href=\"https:\/\/www.stair24.com\/no\/instalments\/\" \/>\n<meta property=\"og:locale\" content=\"nb_NO\" \/>\n<meta property=\"og:type\" content=\"article\" \/>\n<meta property=\"og:title\" content=\"Avdragsbetaling - STAIR24\" \/>\n<meta property=\"og:description\" content=\"Bruk&nbsp;ESTO avdragsbetaling&nbsp;for \u00e5 betale for produkter eller tjenester &#8211; den mest rimelige, praktiske og raskeste avdragsbetalingen...\" \/>\n<meta property=\"og:url\" content=\"https:\/\/www.stair24.com\/no\/instalments\/\" \/>\n<meta property=\"og:site_name\" content=\"STAIR24\" \/>\n<meta property=\"article:publisher\" content=\"https:\/\/www.facebook.com\/AruGrupp\" \/>\n<meta property=\"article:modified_time\" content=\"2023-05-18T08:08:12+00:00\" \/>\n<meta property=\"og:image\" content=\"https:\/\/www.stair24.com\/wp-content\/uploads\/2022\/12\/trepid-stair24_logo-2.png\" \/>\n\t<meta property=\"og:image:width\" content=\"711\" \/>\n\t<meta property=\"og:image:height\" content=\"200\" \/>\n\t<meta property=\"og:image:type\" content=\"image\/png\" \/>\n<meta name=\"twitter:card\" content=\"summary_large_image\" \/>\n<meta name=\"twitter:label1\" content=\"Ansl. lesetid\" \/>\n\t<meta name=\"twitter:data1\" content=\"2 minutter\" \/>\n<script type=\"application\/ld+json\" class=\"yoast-schema-graph\">{\"@context\":\"https:\/\/schema.org\",\"@graph\":[{\"@type\":\"WebPage\",\"@id\":\"https:\/\/www.stair24.com\/no\/instalments\/\",\"url\":\"https:\/\/www.stair24.com\/no\/instalments\/\",\"name\":\"Avdragsbetaling - STAIR24\",\"isPartOf\":{\"@id\":\"https:\/\/www.stair24.com\/no\/#website\"},\"datePublished\":\"2022-03-01T10:40:18+00:00\",\"dateModified\":\"2023-05-18T08:08:12+00:00\",\"breadcrumb\":{\"@id\":\"https:\/\/www.stair24.com\/no\/instalments\/#breadcrumb\"},\"inLanguage\":\"nb-NO\",\"potentialAction\":[{\"@type\":\"ReadAction\",\"target\":[\"https:\/\/www.stair24.com\/no\/instalments\/\"]}]},{\"@type\":\"BreadcrumbList\",\"@id\":\"https:\/\/www.stair24.com\/no\/instalments\/#breadcrumb\",\"itemListElement\":[{\"@type\":\"ListItem\",\"position\":1,\"name\":\"Home\",\"item\":\"https:\/\/www.stair24.com\/no\/\"},{\"@type\":\"ListItem\",\"position\":2,\"name\":\"Avdragsbetaling\"}]},{\"@type\":\"WebSite\",\"@id\":\"https:\/\/www.stair24.com\/no\/#website\",\"url\":\"https:\/\/www.stair24.com\/no\/\",\"name\":\"STAIR 24 | Kvaliteetsed trepid\",\"description\":\"Valmistame treppe igas kujus ning suuruses. Trepid on meie kirg ning oleme \u00fcks suurimaid treppide tootja p\u00f5hjamaades. Proovige meie uut trepikalkulaatorit. Parima kvaliteediga trepid, kiire tarne ning soodne hind.\",\"publisher\":{\"@id\":\"https:\/\/www.stair24.com\/no\/#organization\"},\"potentialAction\":[{\"@type\":\"SearchAction\",\"target\":{\"@type\":\"EntryPoint\",\"urlTemplate\":\"https:\/\/www.stair24.com\/no\/?s={search_term_string}\"},\"query-input\":{\"@type\":\"PropertyValueSpecification\",\"valueRequired\":true,\"valueName\":\"search_term_string\"}}],\"inLanguage\":\"nb-NO\"},{\"@type\":\"Organization\",\"@id\":\"https:\/\/www.stair24.com\/no\/#organization\",\"name\":\"STAIR 24 | Kvaliteetsed trepid\",\"url\":\"https:\/\/www.stair24.com\/no\/\",\"logo\":{\"@type\":\"ImageObject\",\"inLanguage\":\"nb-NO\",\"@id\":\"https:\/\/www.stair24.com\/no\/#\/schema\/logo\/image\/\",\"url\":\"https:\/\/www.stair24.com\/wp-content\/uploads\/2022\/12\/trep-stair24_logo-1.png\",\"contentUrl\":\"https:\/\/www.stair24.com\/wp-content\/uploads\/2022\/12\/trep-stair24_logo-1.png\",\"width\":302,\"height\":85,\"caption\":\"STAIR 24 | Kvaliteetsed trepid\"},\"image\":{\"@id\":\"https:\/\/www.stair24.com\/no\/#\/schema\/logo\/image\/\"},\"sameAs\":[\"https:\/\/www.facebook.com\/AruGrupp\",\"https:\/\/www.instagram.com\/stair.24\/\",\"https:\/\/www.youtube.com\/@stair24com\"]}]}<\/script>\n<!-- \/ Yoast SEO plugin. -->","yoast_head_json":{"title":"Avdragsbetaling - STAIR24","robots":{"index":"index","follow":"follow","max-snippet":"max-snippet:-1","max-image-preview":"max-image-preview:large","max-video-preview":"max-video-preview:-1"},"canonical":"https:\/\/www.stair24.com\/no\/instalments\/","og_locale":"nb_NO","og_type":"article","og_title":"Avdragsbetaling - STAIR24","og_description":"Bruk&nbsp;ESTO avdragsbetaling&nbsp;for \u00e5 betale for produkter eller tjenester &#8211; den mest rimelige, praktiske og raskeste avdragsbetalingen...","og_url":"https:\/\/www.stair24.com\/no\/instalments\/","og_site_name":"STAIR24","article_publisher":"https:\/\/www.facebook.com\/AruGrupp","article_modified_time":"2023-05-18T08:08:12+00:00","og_image":[{"width":711,"height":200,"url":"https:\/\/www.stair24.com\/wp-content\/uploads\/2022\/12\/trepid-stair24_logo-2.png","type":"image\/png"}],"twitter_card":"summary_large_image","twitter_misc":{"Ansl. lesetid":"2 minutter"},"schema":{"@context":"https:\/\/schema.org","@graph":[{"@type":"WebPage","@id":"https:\/\/www.stair24.com\/no\/instalments\/","url":"https:\/\/www.stair24.com\/no\/instalments\/","name":"Avdragsbetaling - STAIR24","isPartOf":{"@id":"https:\/\/www.stair24.com\/no\/#website"},"datePublished":"2022-03-01T10:40:18+00:00","dateModified":"2023-05-18T08:08:12+00:00","breadcrumb":{"@id":"https:\/\/www.stair24.com\/no\/instalments\/#breadcrumb"},"inLanguage":"nb-NO","potentialAction":[{"@type":"ReadAction","target":["https:\/\/www.stair24.com\/no\/instalments\/"]}]},{"@type":"BreadcrumbList","@id":"https:\/\/www.stair24.com\/no\/instalments\/#breadcrumb","itemListElement":[{"@type":"ListItem","position":1,"name":"Home","item":"https:\/\/www.stair24.com\/no\/"},{"@type":"ListItem","position":2,"name":"Avdragsbetaling"}]},{"@type":"WebSite","@id":"https:\/\/www.stair24.com\/no\/#website","url":"https:\/\/www.stair24.com\/no\/","name":"STAIR 24 | Kvaliteetsed trepid","description":"Valmistame treppe igas kujus ning suuruses. Trepid on meie kirg ning oleme \u00fcks suurimaid treppide tootja p\u00f5hjamaades. Proovige meie uut trepikalkulaatorit. Parima kvaliteediga trepid, kiire tarne ning soodne hind.","publisher":{"@id":"https:\/\/www.stair24.com\/no\/#organization"},"potentialAction":[{"@type":"SearchAction","target":{"@type":"EntryPoint","urlTemplate":"https:\/\/www.stair24.com\/no\/?s={search_term_string}"},"query-input":{"@type":"PropertyValueSpecification","valueRequired":true,"valueName":"search_term_string"}}],"inLanguage":"nb-NO"},{"@type":"Organization","@id":"https:\/\/www.stair24.com\/no\/#organization","name":"STAIR 24 | Kvaliteetsed trepid","url":"https:\/\/www.stair24.com\/no\/","logo":{"@type":"ImageObject","inLanguage":"nb-NO","@id":"https:\/\/www.stair24.com\/no\/#\/schema\/logo\/image\/","url":"https:\/\/www.stair24.com\/wp-content\/uploads\/2022\/12\/trep-stair24_logo-1.png","contentUrl":"https:\/\/www.stair24.com\/wp-content\/uploads\/2022\/12\/trep-stair24_logo-1.png","width":302,"height":85,"caption":"STAIR 24 | Kvaliteetsed trepid"},"image":{"@id":"https:\/\/www.stair24.com\/no\/#\/schema\/logo\/image\/"},"sameAs":["https:\/\/www.facebook.com\/AruGrupp","https:\/\/www.instagram.com\/stair.24\/","https:\/\/www.youtube.com\/@stair24com"]}]}},"_links":{"self":[{"href":"https:\/\/www.stair24.com\/no\/wp-json\/wp\/v2\/pages\/4466","targetHints":{"allow":["GET"]}}],"collection":[{"href":"https:\/\/www.stair24.com\/no\/wp-json\/wp\/v2\/pages"}],"about":[{"href":"https:\/\/www.stair24.com\/no\/wp-json\/wp\/v2\/types\/page"}],"author":[{"embeddable":true,"href":"https:\/\/www.stair24.com\/no\/wp-json\/wp\/v2\/users\/1"}],"replies":[{"embeddable":true,"href":"https:\/\/www.stair24.com\/no\/wp-json\/wp\/v2\/comments?post=4466"}],"version-history":[{"count":1,"href":"https:\/\/www.stair24.com\/no\/wp-json\/wp\/v2\/pages\/4466\/revisions"}],"predecessor-version":[{"id":6947,"href":"https:\/\/www.stair24.com\/no\/wp-json\/wp\/v2\/pages\/4466\/revisions\/6947"}],"wp:attachment":[{"href":"https:\/\/www.stair24.com\/no\/wp-json\/wp\/v2\/media?parent=4466"}],"curies":[{"name":"wp","href":"https:\/\/api.w.org\/{rel}","templated":true}]}}