{"id":6004,"date":"2022-03-01T10:23:03","date_gmt":"2022-03-01T10:23:03","guid":{"rendered":"https:\/\/www.stair24.com\/shopping-info\/"},"modified":"2023-10-16T15:14:08","modified_gmt":"2023-10-16T13:14:08","slug":"kjopsinformasjon","status":"publish","type":"page","link":"https:\/\/www.stair24.com\/no\/kjopsinformasjon\/","title":{"rendered":"Kj\u00f8psinformasjon"},"content":{"rendered":"\n<ol class=\"wp-block-list\">\n<li>Velg land.<\/li>\n\n\n\n<li>Se gjennom innhold, se informasjon og videoer.<\/li>\n\n\n\n<li>Oppgi trappens form.<\/li>\n\n\n\n<li>Oppgi trappens svingeretning.<\/li>\n\n\n\n<li>Sjekk ut 8-trinns skjema for valg av trapp.<\/li>\n\n\n\n<li>Bruk filtre for \u00e5 finne en passende trappetype.<\/li>\n\n\n\n<li>Bruk sammenligning for \u00e5 finne en passende trappetype.<\/li>\n\n\n\n<li>Se produktet n\u00e6rmere: zoom inn og bruk 3D.<\/li>\n\n\n\n<li>Gi prosjektnavn til trappen din.<\/li>\n\n\n\n<li>Velg \u00f8nsket treslag for trappetrinn og h\u00e5ndl\u00f8pere, tregruppe og overflatebehandling.<\/li>\n\n\n\n<li>Velg \u00f8nsket treslag for sprosser, rekkverk og stusstrinn, tregruppe og overflatebehandling.<\/li>\n\n\n\n<li>Vennligst oppgi hvis du har tilleggsinformasjon, og i tilfelle sp\u00f8rsm\u00e5l, ta kontakt med v\u00e5r kundetjeneste.<\/li>\n\n\n\n<li>Velg hvilken type trappe\u00e5pning du har i bygningen din.<\/li>\n\n\n\n<li>Oppgi dimensjoner for trappe\u00e5pningen.<\/li>\n\n\n\n<li>Hvis du bestiller oppm\u00e5ling hos STAIR24, bruker vi dimensjoner du har oppgitt som grunnlag for opprinnelig prisberegning. Endelige spesifiserte dimensjoner blir avklart etter oppm\u00e5ling er fullf\u00f8rt av en STAIR24 representant.<\/li>\n\n\n\n<li>Vi tilbyr anbefalte trappedimensjoner i henhold til \u00e5pningens dimensjoner. Juster gjerne dersom det er n\u00f8dvendig.<\/li>\n\n\n\n<li>Kontroller om de strategiske parameterne er innenfor standarden (gr\u00f8nne). Sjekk gjerne anbefalingene under informasjonsknappen, og juster dimensjoner. Noen ganger er det n\u00f8dvendig \u00e5 godkjenne avvik fra standarden p\u00e5 grunn av aktuelle dimensjoner.<\/li>\n\n\n\n<li>V\u00e6r oppmerksom p\u00e5 at skjematisk tegning og 3D bilde av trappen ikke har endelig m\u00e5lestokk. Basert p\u00e5 aktuelle dimensjoner oppretter STAIR24 en korrigert tegning med riktig m\u00e5lestokk, og sender p\u00e5 din e-postadresse med ordrebekreftelse.<\/li>\n\n\n\n<li>Velg tilbeh\u00f8r for trappen din. P\u00e5 tegninger og 3D-bilder, som sendes med ordrebekreftelsen, ser du valgt tilbeh\u00f8r.<\/li>\n\n\n\n<li>Start med \u00e5 legge til i handlekurven og sjekk nok en gang om du fikk deg den beste trappen med kombinasjon av tilbeh\u00f8r og tjenester (3D-tegningen har ikke enn\u00e5 endelig m\u00e5lestokk). Hvis du vil endre noe, ikke n\u00f8l med \u00e5 g\u00e5 tilbake, dine opplysninger blir tatt vare p\u00e5.<\/li>\n\n\n\n<li>Legg produktet i handlekurven.<\/li>\n\n\n\n<li>Hvis du valgte mer enn 1 produkt, \u00f8k antallet.<\/li>\n\n\n\n<li>Hvis du \u00f8nsker \u00e5 kj\u00f8pe i tillegg andre produkter, kan du fortsette \u00e5 handle.<\/li>\n\n\n\n<li>Velg hvilke tjenester du har behov for: levering, oppm\u00e5ling og installasjon.<\/li>\n\n\n\n<li>Velg leveringsuke, se gjennom salgsbetingelser.<\/li>\n\n\n\n<li>Du m\u00e5 ha en konto for \u00e5 fullf\u00f8re kj\u00f8pet. Hvis du allerede har en konto, logg inn.<\/li>\n\n\n\n<li>Rabatten gjelder for utvalgte produkter. Gjelder ikke for tjenester (oppm\u00e5ling, transport, installasjon).<\/li>\n\n\n\n<li>N\u00e5r du foretar f\u00f8rste kj\u00f8p, m\u00e5 du bestemme om du kj\u00f8per som privatkunde eller firmakunde.<\/li>\n\n\n\n<li>Legg inn dine opplysninger.<\/li>\n\n\n\n<li>Bekreft data, som du brukte for \u00e5 opprette konto, og du blir logget inn automatisk.<\/li>\n\n\n\n<li>Legg inn leveringsadresse.<\/li>\n\n\n\n<li>Velg betalingsm\u00e5te.<\/li>\n\n\n\n<li>Foreta forskuddsbetaling 50% (0% ved avdragsbetaling).<\/li>\n\n\n\n<li>STAIR24 sender bekreftelse om godkjenning i bestillingssystemet, pluss en handlingsplan.<\/li>\n\n\n\n<li>STAIR 24 sender en ordrebekreftelse i l\u00f8pet av 24 timer (gjelder virkedager).<\/li>\n\n\n\n<li>I l\u00f8pet av neste 24 timer venter STAIR24 ditt svar p\u00e5 ordrebekreftelsen for \u00e5 kunne overholde den avtalte leveringsfristen.<\/li>\n\n\n\n<li>P\u00e5 mandag i uken f\u00f8r leveringsuken sender STAIR24 informasjon om fullf\u00f8ring av produkter og levering til din e-postadresse.<\/li>\n\n\n\n<li>Foreta betaling av det andre avdraget, totalt 100% senest p\u00e5 tirsdagen f\u00f8r leveringsuken (i tilfelle avdragsbetaling i henhold til avdragsplanen).<\/li>\n\n\n\n<li>Ved bestilling med installasjon sender STAIR24 p\u00e5 torsdagen f\u00f8r leveringsuken en installasjonsplan p\u00e5 din e-postadresse.<\/li>\n\n\n\n<li>I l\u00f8pet av neste 24 timer venter STAIR24 ditt svar p\u00e5 installasjonsplanen for \u00e5 kunne overholde den avtalte leveringsfristen.<\/li>\n\n\n\n<li>1 virkedag f\u00f8r overlevering av varer informerer STAIR24 deg om dette.<\/li>\n\n\n\n<li>N\u00e5r du mottar varene, sjekk n\u00f8ye at leveringsemballasjen er intakt, hvis du oppdager noen skader, oppgi det p\u00e5 fraktbrevet og ta et bilde av situasjonen.<\/li>\n\n\n\n<li>Hvis du har bestilt med installasjonstjeneste, m\u00e5 du signere installasjonsbekreftelsen umiddelbart etter fullf\u00f8ring av installasjon.<\/li>\n\n\n\n<li>Hvis du har sp\u00f8rsm\u00e5l eller problemer, ta gjerne kontakt med v\u00e5r kundeservice.<\/li>\n<\/ol>\n","protected":false},"excerpt":{"rendered":"","protected":false},"author":1,"featured_media":0,"parent":0,"menu_order":0,"comment_status":"closed","ping_status":"closed","template":"","meta":{"_acf_changed":false,"footnotes":""},"class_list":["post-6004","page","type-page","status-publish","hentry"],"acf":[],"yoast_head":"<!-- This site is optimized with the Yoast SEO plugin v27.5 - https:\/\/yoast.com\/product\/yoast-seo-wordpress\/ -->\n<title>Kj\u00f8psinformasjon - STAIR24<\/title>\n<meta name=\"robots\" content=\"index, follow, max-snippet:-1, max-image-preview:large, max-video-preview:-1\" \/>\n<link rel=\"canonical\" href=\"https:\/\/www.stair24.com\/no\/kjopsinformasjon\/\" \/>\n<meta property=\"og:locale\" content=\"nb_NO\" \/>\n<meta property=\"og:type\" content=\"article\" \/>\n<meta property=\"og:title\" content=\"Kj\u00f8psinformasjon - STAIR24\" \/>\n<meta property=\"og:url\" content=\"https:\/\/www.stair24.com\/no\/kjopsinformasjon\/\" \/>\n<meta property=\"og:site_name\" content=\"STAIR24\" \/>\n<meta property=\"article:publisher\" content=\"https:\/\/www.facebook.com\/AruGrupp\" \/>\n<meta property=\"article:modified_time\" content=\"2023-10-16T13:14:08+00:00\" \/>\n<meta property=\"og:image\" content=\"https:\/\/www.stair24.com\/wp-content\/uploads\/2022\/12\/trepid-stair24_logo-2.png\" \/>\n\t<meta property=\"og:image:width\" content=\"711\" \/>\n\t<meta property=\"og:image:height\" content=\"200\" \/>\n\t<meta property=\"og:image:type\" content=\"image\/png\" \/>\n<meta name=\"twitter:card\" content=\"summary_large_image\" \/>\n<meta name=\"twitter:label1\" content=\"Ansl. lesetid\" \/>\n\t<meta name=\"twitter:data1\" content=\"4 minutter\" \/>\n<script type=\"application\/ld+json\" class=\"yoast-schema-graph\">{\"@context\":\"https:\\\/\\\/schema.org\",\"@graph\":[{\"@type\":\"WebPage\",\"@id\":\"https:\\\/\\\/www.stair24.com\\\/no\\\/kjopsinformasjon\\\/\",\"url\":\"https:\\\/\\\/www.stair24.com\\\/no\\\/kjopsinformasjon\\\/\",\"name\":\"Kj\u00f8psinformasjon - STAIR24\",\"isPartOf\":{\"@id\":\"https:\\\/\\\/www.stair24.com\\\/no\\\/#website\"},\"datePublished\":\"2022-03-01T10:23:03+00:00\",\"dateModified\":\"2023-10-16T13:14:08+00:00\",\"breadcrumb\":{\"@id\":\"https:\\\/\\\/www.stair24.com\\\/no\\\/kjopsinformasjon\\\/#breadcrumb\"},\"inLanguage\":\"nb-NO\",\"potentialAction\":[{\"@type\":\"ReadAction\",\"target\":[\"https:\\\/\\\/www.stair24.com\\\/no\\\/kjopsinformasjon\\\/\"]}]},{\"@type\":\"BreadcrumbList\",\"@id\":\"https:\\\/\\\/www.stair24.com\\\/no\\\/kjopsinformasjon\\\/#breadcrumb\",\"itemListElement\":[{\"@type\":\"ListItem\",\"position\":1,\"name\":\"Home\",\"item\":\"https:\\\/\\\/www.stair24.com\\\/no\\\/\"},{\"@type\":\"ListItem\",\"position\":2,\"name\":\"Kj\u00f8psinformasjon\"}]},{\"@type\":\"WebSite\",\"@id\":\"https:\\\/\\\/www.stair24.com\\\/no\\\/#website\",\"url\":\"https:\\\/\\\/www.stair24.com\\\/no\\\/\",\"name\":\"STAIR 24 | Kvaliteetsed trepid\",\"description\":\"Valmistame treppe igas kujus ning suuruses. Trepid on meie kirg ning oleme \u00fcks suurimaid treppide tootja p\u00f5hjamaades. Proovige meie uut trepikalkulaatorit. Parima kvaliteediga trepid, kiire tarne ning soodne hind.\",\"publisher\":{\"@id\":\"https:\\\/\\\/www.stair24.com\\\/no\\\/#organization\"},\"potentialAction\":[{\"@type\":\"SearchAction\",\"target\":{\"@type\":\"EntryPoint\",\"urlTemplate\":\"https:\\\/\\\/www.stair24.com\\\/no\\\/?s={search_term_string}\"},\"query-input\":{\"@type\":\"PropertyValueSpecification\",\"valueRequired\":true,\"valueName\":\"search_term_string\"}}],\"inLanguage\":\"nb-NO\"},{\"@type\":\"Organization\",\"@id\":\"https:\\\/\\\/www.stair24.com\\\/no\\\/#organization\",\"name\":\"STAIR 24 | Kvaliteetsed trepid\",\"url\":\"https:\\\/\\\/www.stair24.com\\\/no\\\/\",\"logo\":{\"@type\":\"ImageObject\",\"inLanguage\":\"nb-NO\",\"@id\":\"https:\\\/\\\/www.stair24.com\\\/no\\\/#\\\/schema\\\/logo\\\/image\\\/\",\"url\":\"https:\\\/\\\/www.stair24.com\\\/wp-content\\\/uploads\\\/2022\\\/12\\\/trep-stair24_logo-1.png\",\"contentUrl\":\"https:\\\/\\\/www.stair24.com\\\/wp-content\\\/uploads\\\/2022\\\/12\\\/trep-stair24_logo-1.png\",\"width\":302,\"height\":85,\"caption\":\"STAIR 24 | Kvaliteetsed trepid\"},\"image\":{\"@id\":\"https:\\\/\\\/www.stair24.com\\\/no\\\/#\\\/schema\\\/logo\\\/image\\\/\"},\"sameAs\":[\"https:\\\/\\\/www.facebook.com\\\/AruGrupp\",\"https:\\\/\\\/www.instagram.com\\\/stair.24\\\/\",\"https:\\\/\\\/www.youtube.com\\\/@stair24com\"]}]}<\/script>\n<!-- \/ Yoast SEO plugin. -->","yoast_head_json":{"title":"Kj\u00f8psinformasjon - STAIR24","robots":{"index":"index","follow":"follow","max-snippet":"max-snippet:-1","max-image-preview":"max-image-preview:large","max-video-preview":"max-video-preview:-1"},"canonical":"https:\/\/www.stair24.com\/no\/kjopsinformasjon\/","og_locale":"nb_NO","og_type":"article","og_title":"Kj\u00f8psinformasjon - STAIR24","og_url":"https:\/\/www.stair24.com\/no\/kjopsinformasjon\/","og_site_name":"STAIR24","article_publisher":"https:\/\/www.facebook.com\/AruGrupp","article_modified_time":"2023-10-16T13:14:08+00:00","og_image":[{"width":711,"height":200,"url":"https:\/\/www.stair24.com\/wp-content\/uploads\/2022\/12\/trepid-stair24_logo-2.png","type":"image\/png"}],"twitter_card":"summary_large_image","twitter_misc":{"Ansl. lesetid":"4 minutter"},"schema":{"@context":"https:\/\/schema.org","@graph":[{"@type":"WebPage","@id":"https:\/\/www.stair24.com\/no\/kjopsinformasjon\/","url":"https:\/\/www.stair24.com\/no\/kjopsinformasjon\/","name":"Kj\u00f8psinformasjon - STAIR24","isPartOf":{"@id":"https:\/\/www.stair24.com\/no\/#website"},"datePublished":"2022-03-01T10:23:03+00:00","dateModified":"2023-10-16T13:14:08+00:00","breadcrumb":{"@id":"https:\/\/www.stair24.com\/no\/kjopsinformasjon\/#breadcrumb"},"inLanguage":"nb-NO","potentialAction":[{"@type":"ReadAction","target":["https:\/\/www.stair24.com\/no\/kjopsinformasjon\/"]}]},{"@type":"BreadcrumbList","@id":"https:\/\/www.stair24.com\/no\/kjopsinformasjon\/#breadcrumb","itemListElement":[{"@type":"ListItem","position":1,"name":"Home","item":"https:\/\/www.stair24.com\/no\/"},{"@type":"ListItem","position":2,"name":"Kj\u00f8psinformasjon"}]},{"@type":"WebSite","@id":"https:\/\/www.stair24.com\/no\/#website","url":"https:\/\/www.stair24.com\/no\/","name":"STAIR 24 | Kvaliteetsed trepid","description":"Valmistame treppe igas kujus ning suuruses. Trepid on meie kirg ning oleme \u00fcks suurimaid treppide tootja p\u00f5hjamaades. Proovige meie uut trepikalkulaatorit. Parima kvaliteediga trepid, kiire tarne ning soodne hind.","publisher":{"@id":"https:\/\/www.stair24.com\/no\/#organization"},"potentialAction":[{"@type":"SearchAction","target":{"@type":"EntryPoint","urlTemplate":"https:\/\/www.stair24.com\/no\/?s={search_term_string}"},"query-input":{"@type":"PropertyValueSpecification","valueRequired":true,"valueName":"search_term_string"}}],"inLanguage":"nb-NO"},{"@type":"Organization","@id":"https:\/\/www.stair24.com\/no\/#organization","name":"STAIR 24 | Kvaliteetsed trepid","url":"https:\/\/www.stair24.com\/no\/","logo":{"@type":"ImageObject","inLanguage":"nb-NO","@id":"https:\/\/www.stair24.com\/no\/#\/schema\/logo\/image\/","url":"https:\/\/www.stair24.com\/wp-content\/uploads\/2022\/12\/trep-stair24_logo-1.png","contentUrl":"https:\/\/www.stair24.com\/wp-content\/uploads\/2022\/12\/trep-stair24_logo-1.png","width":302,"height":85,"caption":"STAIR 24 | Kvaliteetsed trepid"},"image":{"@id":"https:\/\/www.stair24.com\/no\/#\/schema\/logo\/image\/"},"sameAs":["https:\/\/www.facebook.com\/AruGrupp","https:\/\/www.instagram.com\/stair.24\/","https:\/\/www.youtube.com\/@stair24com"]}]}},"_links":{"self":[{"href":"https:\/\/www.stair24.com\/no\/wp-json\/wp\/v2\/pages\/6004","targetHints":{"allow":["GET"]}}],"collection":[{"href":"https:\/\/www.stair24.com\/no\/wp-json\/wp\/v2\/pages"}],"about":[{"href":"https:\/\/www.stair24.com\/no\/wp-json\/wp\/v2\/types\/page"}],"author":[{"embeddable":true,"href":"https:\/\/www.stair24.com\/no\/wp-json\/wp\/v2\/users\/1"}],"replies":[{"embeddable":true,"href":"https:\/\/www.stair24.com\/no\/wp-json\/wp\/v2\/comments?post=6004"}],"version-history":[{"count":21,"href":"https:\/\/www.stair24.com\/no\/wp-json\/wp\/v2\/pages\/6004\/revisions"}],"predecessor-version":[{"id":8426,"href":"https:\/\/www.stair24.com\/no\/wp-json\/wp\/v2\/pages\/6004\/revisions\/8426"}],"wp:attachment":[{"href":"https:\/\/www.stair24.com\/no\/wp-json\/wp\/v2\/media?parent=6004"}],"curies":[{"name":"wp","href":"https:\/\/api.w.org\/{rel}","templated":true}]}}