{"id":6027,"date":"2021-11-08T10:12:08","date_gmt":"2021-11-08T10:12:08","guid":{"rendered":"https:\/\/www.stair24.com\/if-you-measure-a-staircase\/"},"modified":"2025-11-18T09:22:13","modified_gmt":"2025-11-18T07:22:13","slug":"maling-av-trapp","status":"publish","type":"page","link":"https:\/\/www.stair24.com\/no\/maling-av-trapp\/","title":{"rendered":"M\u00e5ling av trapp"},"content":{"rendered":"    <div id=\"checkmark-list-block-block_9227d04ddeb5cb1af40511eac4765725\" class=\"checkmark-list-block\">\n                    <div class=\"row\">\n                <div class=\"list_title col-12\">\n                    <h6>STAIR24 anbefaler f\u00f8lgende p\u00e5minnelser:<\/h6>\n                <\/div>\n            <\/div>\n                <div class=\"row\">\n            <div class=\"col-12\">\n                <ol class=\"checkbox_list\">\n                                                                        <li>Jeg har engasjert en profesjonell oppm\u00e5ler.<\/li>\n                                                                                                <li>Veggene til trapp\u00e5pningen er klare, i vater og hj\u00f8rner 90.<\/li>\n                                                                                                <li>Undergulvet i trapp\u00e5pningen er p\u00e5 plass, i vater.<\/li>\n                                                                                                <li>Jeg vet n\u00f8yaktig planlagte h\u00f8yder p\u00e5 ferdig gulv.<\/li>\n                                                                                                <li>Jeg vet hvor i vegger ligger konstruksjoner hvor man kan feste trappens festeskruer.<\/li>\n                                                                                                <li>Jeg vet hvor i trappeoppgangen ligger kabler, varme- eller vannr\u00f8r.<\/li>\n                                                                                                <li>Trapp\u00e5pningen har fri tilgang til oppm\u00e5ling.<\/li>\n                                                                                                <li>Jeg s\u00f8rger for en trygg arbeidsomr\u00e5de for oppm\u00e5leren.<\/li>\n                                                            <\/ol>\n            <\/div>\n        <\/div>\n    <\/div>\n\n\n\n<h2 class=\"wp-block-heading\">VEILEDNING FOR OPPM\u00c5LING TRAPPER<\/h2>\n\n\n\n<p>For \u00e5 kunne tilby deg mest n\u00f8yaktig pris p\u00e5 trappen trenger vi trappens dimensjoner. Her finner du en del instruksjoner om hvordan du oppn\u00e5r et mer n\u00f8yaktig resultat og hva du skal m\u00e5le.<\/p>\n\n\n\n<ul class=\"wp-block-list\">\n<li>M\u00e5l h\u00f8yden p\u00e5 rommet fra gulvet i f\u00f8rste etasje til gulvet i andre etasje<\/li>\n\n\n\n<li>For \u00e5 designe trappen er det n\u00f8dvendig \u00e5 vite b\u00e5de h\u00f8yden p\u00e5 rommet og tykkelsen p\u00e5 etasjeskilleren<\/li>\n\n\n\n<li>V\u00e6r oppmerksom p\u00e5 at bredden p\u00e5 trappen ikke kan v\u00e6re st\u00f8rre enn bredden p\u00e5 trappe\u00e5pningen<\/li>\n\n\n\n<li>I henhold til lengden p\u00e5 trappe\u00e5pningen og h\u00f8yden p\u00e5 rommet beregner trappedesigneren lengden p\u00e5 trappen slik at det er nok plass p\u00e5 trappen.<\/li>\n\n\n\n<li>Rom for passasje er m\u00e5let fra toppen av trinnet til himlingen i f\u00f8rste etasje (h\u00f8ydem\u00e5let mellom den imagin\u00e6re linjen som forbinder trinnene og etasjeskilleren)<\/li>\n\n\n\n<li>Vennligst oppgi dimensjonene i millimeter<\/li>\n<\/ul>\n\n\n\n<p>Vennligst legg inn dimensjoner med informasjon om trapptype i prisforesp\u00f8rselen, eller send en fritekst til <a href=\"mailto:sales@stair24.com\">sales@stair24.com<\/a><\/p>\n","protected":false},"excerpt":{"rendered":"VEILEDNING FOR OPPM\u00c5LING TRAPPER For \u00e5 kunne tilby deg mest n\u00f8yaktig pris p\u00e5 trappen trenger vi&#8230;","protected":false},"author":1,"featured_media":7546,"parent":0,"menu_order":0,"comment_status":"closed","ping_status":"closed","template":"page-templates\/staircase-instructions.php","meta":{"_acf_changed":false,"footnotes":""},"class_list":["post-6027","page","type-page","status-publish","has-post-thumbnail","hentry"],"acf":[],"yoast_head":"<!-- This site is optimized with the Yoast SEO plugin v27.5 - https:\/\/yoast.com\/product\/yoast-seo-wordpress\/ -->\n<title>M\u00e5ling av trapp - STAIR24<\/title>\n<meta name=\"robots\" content=\"index, follow, max-snippet:-1, max-image-preview:large, max-video-preview:-1\" \/>\n<link rel=\"canonical\" href=\"https:\/\/www.stair24.com\/no\/maling-av-trapp\/\" \/>\n<meta property=\"og:locale\" content=\"nb_NO\" \/>\n<meta property=\"og:type\" content=\"article\" \/>\n<meta property=\"og:title\" content=\"M\u00e5ling av trapp - STAIR24\" \/>\n<meta property=\"og:description\" content=\"VEILEDNING FOR OPPM\u00c5LING TRAPPER For \u00e5 kunne tilby deg mest n\u00f8yaktig pris p\u00e5 trappen trenger vi...\" \/>\n<meta property=\"og:url\" content=\"https:\/\/www.stair24.com\/no\/maling-av-trapp\/\" \/>\n<meta property=\"og:site_name\" content=\"STAIR24\" \/>\n<meta property=\"article:publisher\" content=\"https:\/\/www.facebook.com\/AruGrupp\" \/>\n<meta property=\"article:modified_time\" content=\"2025-11-18T07:22:13+00:00\" \/>\n<meta property=\"og:image\" content=\"https:\/\/www.stair24.com\/wp-content\/uploads\/2023\/09\/kuidas-moota-treppi-1.jpg\" \/>\n\t<meta property=\"og:image:width\" content=\"1920\" \/>\n\t<meta property=\"og:image:height\" content=\"2560\" \/>\n\t<meta property=\"og:image:type\" content=\"image\/jpeg\" \/>\n<meta name=\"twitter:card\" content=\"summary_large_image\" \/>\n<meta name=\"twitter:label1\" content=\"Ansl. lesetid\" \/>\n\t<meta name=\"twitter:data1\" content=\"2 minutter\" \/>\n<script type=\"application\/ld+json\" class=\"yoast-schema-graph\">{\"@context\":\"https:\\\/\\\/schema.org\",\"@graph\":[{\"@type\":\"WebPage\",\"@id\":\"https:\\\/\\\/www.stair24.com\\\/no\\\/maling-av-trapp\\\/\",\"url\":\"https:\\\/\\\/www.stair24.com\\\/no\\\/maling-av-trapp\\\/\",\"name\":\"M\u00e5ling av trapp - STAIR24\",\"isPartOf\":{\"@id\":\"https:\\\/\\\/www.stair24.com\\\/no\\\/#website\"},\"primaryImageOfPage\":{\"@id\":\"https:\\\/\\\/www.stair24.com\\\/no\\\/maling-av-trapp\\\/#primaryimage\"},\"image\":{\"@id\":\"https:\\\/\\\/www.stair24.com\\\/no\\\/maling-av-trapp\\\/#primaryimage\"},\"thumbnailUrl\":\"https:\\\/\\\/www.stair24.com\\\/wp-content\\\/uploads\\\/2023\\\/09\\\/kuidas-moota-treppi-1.jpg\",\"datePublished\":\"2021-11-08T10:12:08+00:00\",\"dateModified\":\"2025-11-18T07:22:13+00:00\",\"breadcrumb\":{\"@id\":\"https:\\\/\\\/www.stair24.com\\\/no\\\/maling-av-trapp\\\/#breadcrumb\"},\"inLanguage\":\"nb-NO\",\"potentialAction\":[{\"@type\":\"ReadAction\",\"target\":[\"https:\\\/\\\/www.stair24.com\\\/no\\\/maling-av-trapp\\\/\"]}]},{\"@type\":\"ImageObject\",\"inLanguage\":\"nb-NO\",\"@id\":\"https:\\\/\\\/www.stair24.com\\\/no\\\/maling-av-trapp\\\/#primaryimage\",\"url\":\"https:\\\/\\\/www.stair24.com\\\/wp-content\\\/uploads\\\/2023\\\/09\\\/kuidas-moota-treppi-1.jpg\",\"contentUrl\":\"https:\\\/\\\/www.stair24.com\\\/wp-content\\\/uploads\\\/2023\\\/09\\\/kuidas-moota-treppi-1.jpg\",\"width\":1920,\"height\":2560},{\"@type\":\"BreadcrumbList\",\"@id\":\"https:\\\/\\\/www.stair24.com\\\/no\\\/maling-av-trapp\\\/#breadcrumb\",\"itemListElement\":[{\"@type\":\"ListItem\",\"position\":1,\"name\":\"Home\",\"item\":\"https:\\\/\\\/www.stair24.com\\\/no\\\/\"},{\"@type\":\"ListItem\",\"position\":2,\"name\":\"M\u00e5ling av trapp\"}]},{\"@type\":\"WebSite\",\"@id\":\"https:\\\/\\\/www.stair24.com\\\/no\\\/#website\",\"url\":\"https:\\\/\\\/www.stair24.com\\\/no\\\/\",\"name\":\"STAIR 24 | Kvaliteetsed trepid\",\"description\":\"Valmistame treppe igas kujus ning suuruses. Trepid on meie kirg ning oleme \u00fcks suurimaid treppide tootja p\u00f5hjamaades. Proovige meie uut trepikalkulaatorit. Parima kvaliteediga trepid, kiire tarne ning soodne hind.\",\"publisher\":{\"@id\":\"https:\\\/\\\/www.stair24.com\\\/no\\\/#organization\"},\"potentialAction\":[{\"@type\":\"SearchAction\",\"target\":{\"@type\":\"EntryPoint\",\"urlTemplate\":\"https:\\\/\\\/www.stair24.com\\\/no\\\/?s={search_term_string}\"},\"query-input\":{\"@type\":\"PropertyValueSpecification\",\"valueRequired\":true,\"valueName\":\"search_term_string\"}}],\"inLanguage\":\"nb-NO\"},{\"@type\":\"Organization\",\"@id\":\"https:\\\/\\\/www.stair24.com\\\/no\\\/#organization\",\"name\":\"STAIR 24 | Kvaliteetsed trepid\",\"url\":\"https:\\\/\\\/www.stair24.com\\\/no\\\/\",\"logo\":{\"@type\":\"ImageObject\",\"inLanguage\":\"nb-NO\",\"@id\":\"https:\\\/\\\/www.stair24.com\\\/no\\\/#\\\/schema\\\/logo\\\/image\\\/\",\"url\":\"https:\\\/\\\/www.stair24.com\\\/wp-content\\\/uploads\\\/2022\\\/12\\\/trep-stair24_logo-1.png\",\"contentUrl\":\"https:\\\/\\\/www.stair24.com\\\/wp-content\\\/uploads\\\/2022\\\/12\\\/trep-stair24_logo-1.png\",\"width\":302,\"height\":85,\"caption\":\"STAIR 24 | Kvaliteetsed trepid\"},\"image\":{\"@id\":\"https:\\\/\\\/www.stair24.com\\\/no\\\/#\\\/schema\\\/logo\\\/image\\\/\"},\"sameAs\":[\"https:\\\/\\\/www.facebook.com\\\/AruGrupp\",\"https:\\\/\\\/www.instagram.com\\\/stair.24\\\/\",\"https:\\\/\\\/www.youtube.com\\\/@stair24com\"]}]}<\/script>\n<!-- \/ Yoast SEO plugin. -->","yoast_head_json":{"title":"M\u00e5ling av trapp - STAIR24","robots":{"index":"index","follow":"follow","max-snippet":"max-snippet:-1","max-image-preview":"max-image-preview:large","max-video-preview":"max-video-preview:-1"},"canonical":"https:\/\/www.stair24.com\/no\/maling-av-trapp\/","og_locale":"nb_NO","og_type":"article","og_title":"M\u00e5ling av trapp - STAIR24","og_description":"VEILEDNING FOR OPPM\u00c5LING TRAPPER For \u00e5 kunne tilby deg mest n\u00f8yaktig pris p\u00e5 trappen trenger vi...","og_url":"https:\/\/www.stair24.com\/no\/maling-av-trapp\/","og_site_name":"STAIR24","article_publisher":"https:\/\/www.facebook.com\/AruGrupp","article_modified_time":"2025-11-18T07:22:13+00:00","og_image":[{"width":1920,"height":2560,"url":"https:\/\/www.stair24.com\/wp-content\/uploads\/2023\/09\/kuidas-moota-treppi-1.jpg","type":"image\/jpeg"}],"twitter_card":"summary_large_image","twitter_misc":{"Ansl. lesetid":"2 minutter"},"schema":{"@context":"https:\/\/schema.org","@graph":[{"@type":"WebPage","@id":"https:\/\/www.stair24.com\/no\/maling-av-trapp\/","url":"https:\/\/www.stair24.com\/no\/maling-av-trapp\/","name":"M\u00e5ling av trapp - STAIR24","isPartOf":{"@id":"https:\/\/www.stair24.com\/no\/#website"},"primaryImageOfPage":{"@id":"https:\/\/www.stair24.com\/no\/maling-av-trapp\/#primaryimage"},"image":{"@id":"https:\/\/www.stair24.com\/no\/maling-av-trapp\/#primaryimage"},"thumbnailUrl":"https:\/\/www.stair24.com\/wp-content\/uploads\/2023\/09\/kuidas-moota-treppi-1.jpg","datePublished":"2021-11-08T10:12:08+00:00","dateModified":"2025-11-18T07:22:13+00:00","breadcrumb":{"@id":"https:\/\/www.stair24.com\/no\/maling-av-trapp\/#breadcrumb"},"inLanguage":"nb-NO","potentialAction":[{"@type":"ReadAction","target":["https:\/\/www.stair24.com\/no\/maling-av-trapp\/"]}]},{"@type":"ImageObject","inLanguage":"nb-NO","@id":"https:\/\/www.stair24.com\/no\/maling-av-trapp\/#primaryimage","url":"https:\/\/www.stair24.com\/wp-content\/uploads\/2023\/09\/kuidas-moota-treppi-1.jpg","contentUrl":"https:\/\/www.stair24.com\/wp-content\/uploads\/2023\/09\/kuidas-moota-treppi-1.jpg","width":1920,"height":2560},{"@type":"BreadcrumbList","@id":"https:\/\/www.stair24.com\/no\/maling-av-trapp\/#breadcrumb","itemListElement":[{"@type":"ListItem","position":1,"name":"Home","item":"https:\/\/www.stair24.com\/no\/"},{"@type":"ListItem","position":2,"name":"M\u00e5ling av trapp"}]},{"@type":"WebSite","@id":"https:\/\/www.stair24.com\/no\/#website","url":"https:\/\/www.stair24.com\/no\/","name":"STAIR 24 | Kvaliteetsed trepid","description":"Valmistame treppe igas kujus ning suuruses. Trepid on meie kirg ning oleme \u00fcks suurimaid treppide tootja p\u00f5hjamaades. Proovige meie uut trepikalkulaatorit. Parima kvaliteediga trepid, kiire tarne ning soodne hind.","publisher":{"@id":"https:\/\/www.stair24.com\/no\/#organization"},"potentialAction":[{"@type":"SearchAction","target":{"@type":"EntryPoint","urlTemplate":"https:\/\/www.stair24.com\/no\/?s={search_term_string}"},"query-input":{"@type":"PropertyValueSpecification","valueRequired":true,"valueName":"search_term_string"}}],"inLanguage":"nb-NO"},{"@type":"Organization","@id":"https:\/\/www.stair24.com\/no\/#organization","name":"STAIR 24 | Kvaliteetsed trepid","url":"https:\/\/www.stair24.com\/no\/","logo":{"@type":"ImageObject","inLanguage":"nb-NO","@id":"https:\/\/www.stair24.com\/no\/#\/schema\/logo\/image\/","url":"https:\/\/www.stair24.com\/wp-content\/uploads\/2022\/12\/trep-stair24_logo-1.png","contentUrl":"https:\/\/www.stair24.com\/wp-content\/uploads\/2022\/12\/trep-stair24_logo-1.png","width":302,"height":85,"caption":"STAIR 24 | Kvaliteetsed trepid"},"image":{"@id":"https:\/\/www.stair24.com\/no\/#\/schema\/logo\/image\/"},"sameAs":["https:\/\/www.facebook.com\/AruGrupp","https:\/\/www.instagram.com\/stair.24\/","https:\/\/www.youtube.com\/@stair24com"]}]}},"_links":{"self":[{"href":"https:\/\/www.stair24.com\/no\/wp-json\/wp\/v2\/pages\/6027","targetHints":{"allow":["GET"]}}],"collection":[{"href":"https:\/\/www.stair24.com\/no\/wp-json\/wp\/v2\/pages"}],"about":[{"href":"https:\/\/www.stair24.com\/no\/wp-json\/wp\/v2\/types\/page"}],"author":[{"embeddable":true,"href":"https:\/\/www.stair24.com\/no\/wp-json\/wp\/v2\/users\/1"}],"replies":[{"embeddable":true,"href":"https:\/\/www.stair24.com\/no\/wp-json\/wp\/v2\/comments?post=6027"}],"version-history":[{"count":6,"href":"https:\/\/www.stair24.com\/no\/wp-json\/wp\/v2\/pages\/6027\/revisions"}],"predecessor-version":[{"id":22632,"href":"https:\/\/www.stair24.com\/no\/wp-json\/wp\/v2\/pages\/6027\/revisions\/22632"}],"wp:featuredmedia":[{"embeddable":true,"href":"https:\/\/www.stair24.com\/no\/wp-json\/wp\/v2\/media\/7546"}],"wp:attachment":[{"href":"https:\/\/www.stair24.com\/no\/wp-json\/wp\/v2\/media?parent=6027"}],"curies":[{"name":"wp","href":"https:\/\/api.w.org\/{rel}","templated":true}]}}