{"id":6029,"date":"2021-11-08T10:11:44","date_gmt":"2021-11-08T10:11:44","guid":{"rendered":"https:\/\/www.stair24.com\/if-you-choose-a-staircase\/"},"modified":"2023-09-13T09:09:36","modified_gmt":"2023-09-13T07:09:36","slug":"valg-av-trapp","status":"publish","type":"page","link":"https:\/\/www.stair24.com\/no\/valg-av-trapp\/","title":{"rendered":"Valg av trapp"},"content":{"rendered":"    <div id=\"checkmark-list-block-block_0a0c9e1a8fc6053695037dad6cd987f6\" class=\"checkmark-list-block\">\n                    <div class=\"row\">\n                <div class=\"list_title col-12\">\n                    <h6>STAIR24 anbefaler \u00e5 tenke gjennom og finne svar p\u00e5 f\u00f8lgende sp\u00f8rsm\u00e5l.<\/h6>\n                <\/div>\n            <\/div>\n                <div class=\"row\">\n            <div class=\"col-12\">\n                <ol class=\"checkbox_list\">\n                                                                        <li>Hvordan tar man vare p\u00e5 sikkerhet?<\/li>\n                                                                                                <li>Hvem er brukere av trappen (familiemedlemmer, deres alder, kj\u00e6ledyr)?<\/li>\n                                                                                                <li>Hva er planlagt budsjett?<\/li>\n                                                                                                <li>Hva er den beste plasseringen av trappen i rommet, hvilke bevegelsesretninger?<\/li>\n                                                                                                <li>Finnes det d\u00f8rer\/vinduer i trappegangen?<\/li>\n                                                                                                <li>Hvilken form har trappen?<\/li>\n                                                                                                <li>Hva er den beste gangretningen for trappen?<\/li>\n                                                                                                <li>Hva er \u00f8nsket trappedesign?<\/li>\n                                                                                                <li>Har du en samarbeidspartner for oppm\u00e5ling?<\/li>\n                                                                                                <li>Har du en samarbeidspartner for installasjon?<\/li>\n                                                                                                <li>Hva er forventet tidsplan?<\/li>\n                                                            <\/ol>\n            <\/div>\n        <\/div>\n    <\/div>\n","protected":false},"excerpt":{"rendered":"","protected":false},"author":1,"featured_media":7521,"parent":0,"menu_order":0,"comment_status":"closed","ping_status":"closed","template":"page-templates\/staircase-instructions.php","meta":{"_acf_changed":false,"footnotes":""},"class_list":["post-6029","page","type-page","status-publish","has-post-thumbnail","hentry"],"acf":[],"yoast_head":"<!-- This site is optimized with the Yoast SEO plugin v27.5 - https:\/\/yoast.com\/product\/yoast-seo-wordpress\/ -->\n<title>Valg av trapp - STAIR24<\/title>\n<meta name=\"robots\" content=\"index, follow, max-snippet:-1, max-image-preview:large, max-video-preview:-1\" \/>\n<link rel=\"canonical\" href=\"https:\/\/www.stair24.com\/no\/valg-av-trapp\/\" \/>\n<meta property=\"og:locale\" content=\"nb_NO\" \/>\n<meta property=\"og:type\" content=\"article\" \/>\n<meta property=\"og:title\" content=\"Valg av trapp - STAIR24\" \/>\n<meta property=\"og:url\" content=\"https:\/\/www.stair24.com\/no\/valg-av-trapp\/\" \/>\n<meta property=\"og:site_name\" content=\"STAIR24\" \/>\n<meta property=\"article:publisher\" content=\"https:\/\/www.facebook.com\/AruGrupp\" \/>\n<meta property=\"article:modified_time\" content=\"2023-09-13T07:09:36+00:00\" \/>\n<meta property=\"og:image\" content=\"https:\/\/www.stair24.com\/wp-content\/uploads\/2023\/09\/2.-mida-peaks-jalgima-trepi-valimisel-1-1-scaled-1.jpg\" \/>\n\t<meta property=\"og:image:width\" content=\"1920\" \/>\n\t<meta property=\"og:image:height\" content=\"2560\" \/>\n\t<meta property=\"og:image:type\" content=\"image\/jpeg\" \/>\n<meta name=\"twitter:card\" content=\"summary_large_image\" \/>\n<script type=\"application\/ld+json\" class=\"yoast-schema-graph\">{\"@context\":\"https:\\\/\\\/schema.org\",\"@graph\":[{\"@type\":\"WebPage\",\"@id\":\"https:\\\/\\\/www.stair24.com\\\/no\\\/valg-av-trapp\\\/\",\"url\":\"https:\\\/\\\/www.stair24.com\\\/no\\\/valg-av-trapp\\\/\",\"name\":\"Valg av trapp - STAIR24\",\"isPartOf\":{\"@id\":\"https:\\\/\\\/www.stair24.com\\\/no\\\/#website\"},\"primaryImageOfPage\":{\"@id\":\"https:\\\/\\\/www.stair24.com\\\/no\\\/valg-av-trapp\\\/#primaryimage\"},\"image\":{\"@id\":\"https:\\\/\\\/www.stair24.com\\\/no\\\/valg-av-trapp\\\/#primaryimage\"},\"thumbnailUrl\":\"https:\\\/\\\/www.stair24.com\\\/wp-content\\\/uploads\\\/2023\\\/09\\\/mida-peaks-jalgima-trepi-valimisel-1.jpg\",\"datePublished\":\"2021-11-08T10:11:44+00:00\",\"dateModified\":\"2023-09-13T07:09:36+00:00\",\"breadcrumb\":{\"@id\":\"https:\\\/\\\/www.stair24.com\\\/no\\\/valg-av-trapp\\\/#breadcrumb\"},\"inLanguage\":\"nb-NO\",\"potentialAction\":[{\"@type\":\"ReadAction\",\"target\":[\"https:\\\/\\\/www.stair24.com\\\/no\\\/valg-av-trapp\\\/\"]}]},{\"@type\":\"ImageObject\",\"inLanguage\":\"nb-NO\",\"@id\":\"https:\\\/\\\/www.stair24.com\\\/no\\\/valg-av-trapp\\\/#primaryimage\",\"url\":\"https:\\\/\\\/www.stair24.com\\\/wp-content\\\/uploads\\\/2023\\\/09\\\/mida-peaks-jalgima-trepi-valimisel-1.jpg\",\"contentUrl\":\"https:\\\/\\\/www.stair24.com\\\/wp-content\\\/uploads\\\/2023\\\/09\\\/mida-peaks-jalgima-trepi-valimisel-1.jpg\",\"width\":1280,\"height\":1706},{\"@type\":\"BreadcrumbList\",\"@id\":\"https:\\\/\\\/www.stair24.com\\\/no\\\/valg-av-trapp\\\/#breadcrumb\",\"itemListElement\":[{\"@type\":\"ListItem\",\"position\":1,\"name\":\"Home\",\"item\":\"https:\\\/\\\/www.stair24.com\\\/no\\\/\"},{\"@type\":\"ListItem\",\"position\":2,\"name\":\"Valg av trapp\"}]},{\"@type\":\"WebSite\",\"@id\":\"https:\\\/\\\/www.stair24.com\\\/no\\\/#website\",\"url\":\"https:\\\/\\\/www.stair24.com\\\/no\\\/\",\"name\":\"STAIR 24 | Kvaliteetsed trepid\",\"description\":\"Valmistame treppe igas kujus ning suuruses. Trepid on meie kirg ning oleme \u00fcks suurimaid treppide tootja p\u00f5hjamaades. Proovige meie uut trepikalkulaatorit. Parima kvaliteediga trepid, kiire tarne ning soodne hind.\",\"publisher\":{\"@id\":\"https:\\\/\\\/www.stair24.com\\\/no\\\/#organization\"},\"potentialAction\":[{\"@type\":\"SearchAction\",\"target\":{\"@type\":\"EntryPoint\",\"urlTemplate\":\"https:\\\/\\\/www.stair24.com\\\/no\\\/?s={search_term_string}\"},\"query-input\":{\"@type\":\"PropertyValueSpecification\",\"valueRequired\":true,\"valueName\":\"search_term_string\"}}],\"inLanguage\":\"nb-NO\"},{\"@type\":\"Organization\",\"@id\":\"https:\\\/\\\/www.stair24.com\\\/no\\\/#organization\",\"name\":\"STAIR 24 | Kvaliteetsed trepid\",\"url\":\"https:\\\/\\\/www.stair24.com\\\/no\\\/\",\"logo\":{\"@type\":\"ImageObject\",\"inLanguage\":\"nb-NO\",\"@id\":\"https:\\\/\\\/www.stair24.com\\\/no\\\/#\\\/schema\\\/logo\\\/image\\\/\",\"url\":\"https:\\\/\\\/www.stair24.com\\\/wp-content\\\/uploads\\\/2022\\\/12\\\/trep-stair24_logo-1.png\",\"contentUrl\":\"https:\\\/\\\/www.stair24.com\\\/wp-content\\\/uploads\\\/2022\\\/12\\\/trep-stair24_logo-1.png\",\"width\":302,\"height\":85,\"caption\":\"STAIR 24 | Kvaliteetsed trepid\"},\"image\":{\"@id\":\"https:\\\/\\\/www.stair24.com\\\/no\\\/#\\\/schema\\\/logo\\\/image\\\/\"},\"sameAs\":[\"https:\\\/\\\/www.facebook.com\\\/AruGrupp\",\"https:\\\/\\\/www.instagram.com\\\/stair.24\\\/\",\"https:\\\/\\\/www.youtube.com\\\/@stair24com\"]}]}<\/script>\n<!-- \/ Yoast SEO plugin. -->","yoast_head_json":{"title":"Valg av trapp - STAIR24","robots":{"index":"index","follow":"follow","max-snippet":"max-snippet:-1","max-image-preview":"max-image-preview:large","max-video-preview":"max-video-preview:-1"},"canonical":"https:\/\/www.stair24.com\/no\/valg-av-trapp\/","og_locale":"nb_NO","og_type":"article","og_title":"Valg av trapp - STAIR24","og_url":"https:\/\/www.stair24.com\/no\/valg-av-trapp\/","og_site_name":"STAIR24","article_publisher":"https:\/\/www.facebook.com\/AruGrupp","article_modified_time":"2023-09-13T07:09:36+00:00","og_image":[{"width":1920,"height":2560,"url":"https:\/\/www.stair24.com\/wp-content\/uploads\/2023\/09\/2.-mida-peaks-jalgima-trepi-valimisel-1-1-scaled-1.jpg","type":"image\/jpeg"}],"twitter_card":"summary_large_image","schema":{"@context":"https:\/\/schema.org","@graph":[{"@type":"WebPage","@id":"https:\/\/www.stair24.com\/no\/valg-av-trapp\/","url":"https:\/\/www.stair24.com\/no\/valg-av-trapp\/","name":"Valg av trapp - STAIR24","isPartOf":{"@id":"https:\/\/www.stair24.com\/no\/#website"},"primaryImageOfPage":{"@id":"https:\/\/www.stair24.com\/no\/valg-av-trapp\/#primaryimage"},"image":{"@id":"https:\/\/www.stair24.com\/no\/valg-av-trapp\/#primaryimage"},"thumbnailUrl":"https:\/\/www.stair24.com\/wp-content\/uploads\/2023\/09\/mida-peaks-jalgima-trepi-valimisel-1.jpg","datePublished":"2021-11-08T10:11:44+00:00","dateModified":"2023-09-13T07:09:36+00:00","breadcrumb":{"@id":"https:\/\/www.stair24.com\/no\/valg-av-trapp\/#breadcrumb"},"inLanguage":"nb-NO","potentialAction":[{"@type":"ReadAction","target":["https:\/\/www.stair24.com\/no\/valg-av-trapp\/"]}]},{"@type":"ImageObject","inLanguage":"nb-NO","@id":"https:\/\/www.stair24.com\/no\/valg-av-trapp\/#primaryimage","url":"https:\/\/www.stair24.com\/wp-content\/uploads\/2023\/09\/mida-peaks-jalgima-trepi-valimisel-1.jpg","contentUrl":"https:\/\/www.stair24.com\/wp-content\/uploads\/2023\/09\/mida-peaks-jalgima-trepi-valimisel-1.jpg","width":1280,"height":1706},{"@type":"BreadcrumbList","@id":"https:\/\/www.stair24.com\/no\/valg-av-trapp\/#breadcrumb","itemListElement":[{"@type":"ListItem","position":1,"name":"Home","item":"https:\/\/www.stair24.com\/no\/"},{"@type":"ListItem","position":2,"name":"Valg av trapp"}]},{"@type":"WebSite","@id":"https:\/\/www.stair24.com\/no\/#website","url":"https:\/\/www.stair24.com\/no\/","name":"STAIR 24 | Kvaliteetsed trepid","description":"Valmistame treppe igas kujus ning suuruses. Trepid on meie kirg ning oleme \u00fcks suurimaid treppide tootja p\u00f5hjamaades. Proovige meie uut trepikalkulaatorit. Parima kvaliteediga trepid, kiire tarne ning soodne hind.","publisher":{"@id":"https:\/\/www.stair24.com\/no\/#organization"},"potentialAction":[{"@type":"SearchAction","target":{"@type":"EntryPoint","urlTemplate":"https:\/\/www.stair24.com\/no\/?s={search_term_string}"},"query-input":{"@type":"PropertyValueSpecification","valueRequired":true,"valueName":"search_term_string"}}],"inLanguage":"nb-NO"},{"@type":"Organization","@id":"https:\/\/www.stair24.com\/no\/#organization","name":"STAIR 24 | Kvaliteetsed trepid","url":"https:\/\/www.stair24.com\/no\/","logo":{"@type":"ImageObject","inLanguage":"nb-NO","@id":"https:\/\/www.stair24.com\/no\/#\/schema\/logo\/image\/","url":"https:\/\/www.stair24.com\/wp-content\/uploads\/2022\/12\/trep-stair24_logo-1.png","contentUrl":"https:\/\/www.stair24.com\/wp-content\/uploads\/2022\/12\/trep-stair24_logo-1.png","width":302,"height":85,"caption":"STAIR 24 | Kvaliteetsed trepid"},"image":{"@id":"https:\/\/www.stair24.com\/no\/#\/schema\/logo\/image\/"},"sameAs":["https:\/\/www.facebook.com\/AruGrupp","https:\/\/www.instagram.com\/stair.24\/","https:\/\/www.youtube.com\/@stair24com"]}]}},"_links":{"self":[{"href":"https:\/\/www.stair24.com\/no\/wp-json\/wp\/v2\/pages\/6029","targetHints":{"allow":["GET"]}}],"collection":[{"href":"https:\/\/www.stair24.com\/no\/wp-json\/wp\/v2\/pages"}],"about":[{"href":"https:\/\/www.stair24.com\/no\/wp-json\/wp\/v2\/types\/page"}],"author":[{"embeddable":true,"href":"https:\/\/www.stair24.com\/no\/wp-json\/wp\/v2\/users\/1"}],"replies":[{"embeddable":true,"href":"https:\/\/www.stair24.com\/no\/wp-json\/wp\/v2\/comments?post=6029"}],"version-history":[{"count":2,"href":"https:\/\/www.stair24.com\/no\/wp-json\/wp\/v2\/pages\/6029\/revisions"}],"predecessor-version":[{"id":7052,"href":"https:\/\/www.stair24.com\/no\/wp-json\/wp\/v2\/pages\/6029\/revisions\/7052"}],"wp:featuredmedia":[{"embeddable":true,"href":"https:\/\/www.stair24.com\/no\/wp-json\/wp\/v2\/media\/7521"}],"wp:attachment":[{"href":"https:\/\/www.stair24.com\/no\/wp-json\/wp\/v2\/media?parent=6029"}],"curies":[{"name":"wp","href":"https:\/\/api.w.org\/{rel}","templated":true}]}}