{"id":6037,"date":"2021-11-02T08:26:17","date_gmt":"2021-11-02T08:26:17","guid":{"rendered":"https:\/\/www.stair24.com\/services\/"},"modified":"2023-12-18T16:01:26","modified_gmt":"2023-12-18T14:01:26","slug":"tjenester","status":"publish","type":"page","link":"https:\/\/www.stair24.com\/no\/tjenester\/","title":{"rendered":"Tjenester"},"content":{"rendered":"\n    <div id=\"services-block-block_eeee96a736b005c1b3f67b5070659cef\" class=\"services-block\">\n        <div class=\"container\">\n                            <h2 class=\"block_title\">STAIR24 tilbyr f\u00f8lgende tjenester:<\/h2>\n                                                        <div class=\"row align-items-center\">\n                    <div class=\"block_content col col-lg-6 col-12\">\n                        <div class=\"content d-flex flex-column align-items-start justify-content-start\">\n                            <h2 class=\"d-lg-block d-none\">Oppm\u00e5ling av trapp<\/h2>                            <p>Trapper som tilbys av Stair24 er beregnet for \u00e5 bli oppm\u00e5lt og installert av Stair24 representanter, eller installat\u00f8rer utpekt av kunden, dersom de har erfaring med snekring p\u00e5 profesjonelt niv\u00e5, kunnskap om gjeldende standarder for trapper p\u00e5 installasjonsstedet, samt n\u00f8dvendig verkt\u00f8y. Dette b\u00f8r man ogs\u00e5 ta i betraktning ved oppm\u00e5ling, og videresending av trappens dimensjoner til STAIR24. Riktig oppm\u00e5ling er den f\u00f8rste forutsetningen for en trapp av h\u00f8y kvalitet. Sjekk ut v\u00e5re <a href=\"https:\/\/www.stair24.com\/no\/order-conditions\/\">bestillingsvilk\u00e5r<\/a> for trapper og video om oppm\u00e5ling <a href=\"https:\/\/www.stair24.com\/no\/maling-av-trapp\/\">HER<\/a><\/p>\n<p>Enkelte viktige aspekter du m\u00e5 huske n\u00e5r du oppm\u00e5ler trappen:<\/p>\n<p>1. S\u00f8rg for tilgang og sikkerhet n\u00e5r du skal oppm\u00e5le<br \/>\n2. Hvis trappe\u00e5pningen ikke har 90 graders vinkler og parallelle sider, m\u00e5 trappen produseres i henhold til trappe\u00e5pningens minste dimensjon<br \/>\n3. Det er rimelig \u00e5 utf\u00f8re oppm\u00e5ling n\u00e5r vegger, gulv og etasjeskillere har oppn\u00e5dd sin endelige dimensjoner<br \/>\n4. Tenk p\u00e5 konstruksjoner i vegger som kan brukes til \u00e5 feste trappen med skruer<br \/>\n5. Ta hensyn til all kommunikasjon som befinner seg i trappens installasjonsomr\u00e5de, og som kan bli skadet av trappens festemidler<br \/>\n6. Sjekk flere ganger alle dimensjoner \u2013 trappen du bestilte fremstilles i henhold til dimensjoner du innleverte<\/p>\n<h2>Hvordan beregner STAIR24 oppm\u00e5linger?<\/h2>\n<p>Vi anbefaler optimale dimensjoner for \u00e5pning og trapp basert p\u00e5 valgt trappemodell og form av \u00e5pning. \u00c5pningsdimensjoner, trinn (5) \u2014 legger man inn nye \u00e5pningsdimensjoner, blir det beregnet optimale trappedimensjoner, som er i samsvar med byggestandarder. Trappdimensjoner, trinn (6) \u2014 n\u00e5r du legger inn nye trappdimensjoner, blir beregnet trappens samsvar med byggestandarder, problematiske parametre vises i r\u00f8dt, og n\u00e5r du flytter mark\u00f8ren p\u00e5 teksten, f\u00e5r du informasjon om korreksjonsalternativene.<\/p>\n                                                    <\/div>\n                    <\/div>\n                    <div class=\"image_wrap col col-lg-6 col-12\">\n                        <h2 class=\"d-lg-none d-block\">Oppm\u00e5ling av trapp<\/h2>                        <div class=\"image_content\">\n                            <img loading=\"lazy\" decoding=\"async\" src=\"https:\/\/www.stair24.com\/wp-content\/uploads\/2023\/12\/trepp-rectangle-11-1000x622.jpg\" width=\"1000\" height=\"622\" alt=\"trepi-tootja-stair-3\" \/>\n                        <\/div>\n                    <\/div>\n                <\/div>\n                                            <div class=\"row align-items-center\">\n                    <div class=\"block_content col col-lg-6 col-12\">\n                        <div class=\"content d-flex flex-column align-items-start justify-content-start\">\n                            <h2 class=\"d-lg-block d-none\">Transport av trappen<\/h2>                            <p>Stair24 tilbyr transporttjeneste fra fabrikken til sentrallagre (adresser under <a href=\"https:\/\/www.stair24.com\/no\/kontakt\/\">kontaktopplysninger<\/a>). Produktets pris p\u00e5 sentrallager ser du i v\u00e5r nettbutikk. Om \u00f8nskelig kan du ogs\u00e5 bestille d\u00f8r-til-d\u00f8r transport. For \u00e5 gj\u00f8re dette m\u00e5 du sende en tilsvarende foresp\u00f8rsel p\u00e5 nettstedet v\u00e5rt, og vi tar kontakt med deg for \u00e5 avtale pris og leveringstid. P\u00e5 mandag i uken f\u00f8r leveringsuken sender STAIR24 informasjon om fullf\u00f8ring av produkter og levering til din e-postadresse.<\/p>\n<p>Trappene leveres i detaljer pakket p\u00e5 pall. Hvis du kommer til sentrallager for \u00e5 hente varene selv, b\u00f8r du ha en personbil med tilhenger, som er passende transportmiddel. Under og etter transport (selv om du bestilte transport fra oss) m\u00e5 det sikres at produktene ikke utsettes for nedb\u00f8r eller veldig sterk solstr\u00e5ling.<\/p>\n                                                    <\/div>\n                    <\/div>\n                    <div class=\"image_wrap col col-lg-6 col-12\">\n                        <h2 class=\"d-lg-none d-block\">Transport av trappen<\/h2>                        <div class=\"image_content\">\n                            <img loading=\"lazy\" decoding=\"async\" src=\"https:\/\/www.stair24.com\/wp-content\/uploads\/2023\/12\/trepp-rectangle-41-1000x622.jpg\" width=\"1000\" height=\"622\" alt=\"trepi-tootja-stair-2\" \/>\n                        <\/div>\n                    <\/div>\n                <\/div>\n                                            <div class=\"row align-items-center\">\n                    <div class=\"block_content col col-lg-6 col-12\">\n                        <div class=\"content d-flex flex-column align-items-start justify-content-start\">\n                            <h2 class=\"d-lg-block d-none\">Installasjon av trappen<\/h2>                            <p>Trapper som tilbys av Stair24 er beregnet for \u00e5 bli installert av Stair24 representanter, eller installat\u00f8rer utpekt av kunden, dersom de har erfaring med snekring p\u00e5 profesjonelt niv\u00e5, kunnskap om gjeldende standarder for trapper p\u00e5 installasjonsstedet, samt n\u00f8dvendig verkt\u00f8y. Riktig installasjon av trappene sikrer kvaliteten og brukervennligheten til trappen din. Sjekk ut v\u00e5re <a href=\"https:\/\/www.stair24.com\/no\/order-conditions\/\">bestillingsvilk\u00e5r<\/a> og video om installasjon av trappen <a href=\"https:\/\/www.stair24.com\/no\/installasjon-av-trapp\/\">HER<\/a><\/p>\n<p>Enkelte viktige aspekter du m\u00e5 huske ved installasjon av trappen:<\/p>\n<p>1. Planlegg installasjon av trappen p\u00e5 et tidspunkt n\u00e5r mesteparten av byggearbeid i bygget har blitt fullf\u00f8rt. Trapper har en sterk oppbygging, men er samtidig like f\u00f8lsomme som musikkinstrumenter eller m\u00f8bler, da de ikke t\u00e5ler store svingninger i fuktighet og temperatur, heller ikke mekaniske skader<br \/>\n2. For installasjon av trappen m\u00e5 du sikre tilgang til trappe\u00e5pningen og tilstrekkelig plass for \u00e5 pakke ut trappedetaljer<br \/>\n3. Dekk til gulvet i arbeidsomr\u00e5det og om n\u00f8dvendig hj\u00f8rnene p\u00e5 veggen<br \/>\n4. V\u00e6r forberedt p\u00e5 mindre reparasjoner av veggmaling da trappens detaljer er tunge, og produseres n\u00f8yaktig, noe som betyr at det kan oppst\u00e5 mindre riper p\u00e5 delene av bygningen som ikke ble tildekket<br \/>\n5. Hvis du bestiller installasjon, avtal n\u00f8yaktig hva inng\u00e5r i installasjon (rengj\u00f8ring av trappe\u00e5pningen, trinnbelegg, listverk for etasjeskiller, overgangslist mellom siste trinn og gulv, tildekking av ferdig trapp, og annet som ikke er direkte knyttet til installasjon av trappen \u2013 inng\u00e5r ikke i standardpakke)<br \/>\n6. F\u00f8lg alle sikkerhetsregler<br \/>\n7. Husk at ved installering av trapp blir det ca. 3 mm mellom trappen og bygningsstrukturen, og hvis trappe\u00e5pningen ikke er rettvinklet eller veggene ikke er rette, kan dette gapet avvike fra det planlagte<br \/>\n8. Hvis trappen er installert, m\u00e5 du kontrollere umiddelbart om produktet er slik det ble avtalt<br \/>\n9. Hvis du oppdager en feil hos produktet under installasjon, m\u00e5 du varsle produsenten umiddelbart ved \u00e5 sende en forklaring og et bilde av problemet, produsenten tar dessverre ikke i betraktning senere reklamasjoner om eventuelle mekaniske skader<br \/>\n10. Hold rommet oppvarmet og beskytt mot for stor luftfuktighet, unng\u00e5 byggearbeid som danner mye fuktighet<\/p>\n                                                    <\/div>\n                    <\/div>\n                    <div class=\"image_wrap col col-lg-6 col-12\">\n                        <h2 class=\"d-lg-none d-block\">Installasjon av trappen<\/h2>                        <div class=\"image_content\">\n                            <img loading=\"lazy\" decoding=\"async\" src=\"https:\/\/www.stair24.com\/wp-content\/uploads\/2023\/12\/trepp-rectangle-42-1000x622.jpg\" width=\"1000\" height=\"622\" alt=\"trepi-tootja-stair-1\" \/>\n                        <\/div>\n                    <\/div>\n                <\/div>\n                                            <div class=\"row align-items-center\">\n                    <div class=\"block_content col col-lg-6 col-12\">\n                        <div class=\"content d-flex flex-column align-items-start justify-content-start\">\n                            <h2 class=\"d-lg-block d-none\">Vedlikehold av trappen<\/h2>                            <p>Trapper som tilbys av Stair24 er beregnet for hjemmebruk. Det er n\u00f8dvendig \u00e5 unng\u00e5 \u00e5 g\u00e5 p\u00e5 trappen med utesko og la kj\u00e6ledyr bruke trappen for \u00e5 forhindre skader p\u00e5 trappens overflate. I likhet med alle andre deler av rommet krever ogs\u00e5 trappen rengj\u00f8ring, men det er ikke tillatt \u00e5 bruke kjemiske midler til \u00e5 rengj\u00f8re overflatene.<\/p>\n<p>Overflater som er behandler med olje krever vedlikehold avhengig av brukshyppighet, men ikke mindre enn 1 gang hvert \u00e5r.<\/p>\n                                                    <\/div>\n                    <\/div>\n                    <div class=\"image_wrap col col-lg-6 col-12\">\n                        <h2 class=\"d-lg-none d-block\">Vedlikehold av trappen<\/h2>                        <div class=\"image_content\">\n                            <img loading=\"lazy\" decoding=\"async\" src=\"https:\/\/www.stair24.com\/wp-content\/uploads\/2023\/12\/Rectangle-43-1000x596.jpg\" width=\"1000\" height=\"596\" alt=\"trepp-koos-paigaldusega-portfoolio-s7\" \/>\n                        <\/div>\n                    <\/div>\n                <\/div>\n                    <\/div>\n    <\/div>\n\n\n\n<div id=\"shop-links-block-block_1d0d3dad4e34666f2d5f354edddddfae\" class=\"shop-links-block\">\n    <div class=\"container\">\n        <div class=\"shop_navigation\">\n    <h2 class=\"blog_sidebar_title\">Start valget ditt her:<\/h2>    <div class=\"navigation d-flex flex-column justify-content-start align-items-start\">\n                                <div class=\"category w100\">\n                <div class=\"category_inside_wrap w100 d-flex align-items-center\">\n                                                                    <div class=\"tooltipster\">\n                            <div class=\"tooltip_icon\">\n                                <span class=\"d-block\">i<\/span>\n                                <div class=\"tooltip_content\">\n                                    <img decoding=\"async\" src=\"https:\/\/www.stair24.com\/wp-content\/uploads\/2021\/11\/I-stair-300x300-1.png\" width=\"300\" height=\"300\" alt=\"I-trapp\" loading=\"lazy\" \/>\n                                <\/div>\n                            <\/div>\n                        <\/div>\n                    \n                                                                    <a class=\"cat_img\" href=\"https:\/\/www.stair24.com\/no\/i-formede-trapper\/\" aria-label=\"I-formede trapper\">\n                            <img decoding=\"async\" src=\"https:\/\/www.stair24.com\/wp-content\/uploads\/2021\/11\/Straight_flight_I-stairs_thumb.jpg\" alt=\"I-formede trapper Image\" width=\"143\" height=\"188\"  loading=\"lazy\" >\n                        <\/a>\n                    \n                    <div class=\"cat_desc\">\n                                                    <h3>I-formede trapper<\/h3>                                                <a class=\"btn\" href=\"https:\/\/www.stair24.com\/no\/i-formede-trapper\/\">\u00c5pne alternativer<\/a>                    <\/div>\n                    \n                                                                                <\/div>\n            <\/div>\n                                <div class=\"category w100\">\n                <div class=\"category_inside_wrap w100 d-flex align-items-center\">\n                                                                    <div class=\"tooltipster\">\n                            <div class=\"tooltip_icon\">\n                                <span class=\"d-block\">i<\/span>\n                                <div class=\"tooltip_content\">\n                                    <img decoding=\"async\" src=\"https:\/\/www.stair24.com\/wp-content\/uploads\/2021\/11\/L-stair-300x300-1.png\" width=\"300\" height=\"300\" alt=\"L-trapp\" loading=\"lazy\" \/>\n                                <\/div>\n                            <\/div>\n                        <\/div>\n                    \n                                                                    <a class=\"cat_img\" href=\"https:\/\/www.stair24.com\/no\/l-formede-trapper\/\" aria-label=\"L-formede trapper\">\n                            <img decoding=\"async\" src=\"https:\/\/www.stair24.com\/wp-content\/uploads\/2021\/11\/Quarter_turn_L-stairs_thumb.jpg\" alt=\"L-formede trapper Image\" width=\"143\" height=\"188\"  loading=\"lazy\" >\n                        <\/a>\n                    \n                    <div class=\"cat_desc\">\n                                                    <h3>L-formede trapper<\/h3>                                                <a class=\"btn\" href=\"https:\/\/www.stair24.com\/no\/l-formede-trapper\/\">\u00c5pne alternativer<\/a>                    <\/div>\n                    \n                                                                                <\/div>\n            <\/div>\n                                <div class=\"category w100\">\n                <div class=\"category_inside_wrap w100 d-flex align-items-center\">\n                                                                    <div class=\"tooltipster\">\n                            <div class=\"tooltip_icon\">\n                                <span class=\"d-block\">i<\/span>\n                                <div class=\"tooltip_content\">\n                                    <img decoding=\"async\" src=\"https:\/\/www.stair24.com\/wp-content\/uploads\/2021\/11\/U-stair-300x300-1.png\" width=\"300\" height=\"300\" alt=\"U-trapp\" loading=\"lazy\" \/>\n                                <\/div>\n                            <\/div>\n                        <\/div>\n                    \n                                                                    <a class=\"cat_img\" href=\"https:\/\/www.stair24.com\/no\/u-formede-trapper\/\" aria-label=\"U-formede trapper\">\n                            <img decoding=\"async\" src=\"https:\/\/www.stair24.com\/wp-content\/uploads\/2021\/11\/Half_turn_U-stairs_thumb.jpg\" alt=\"U-formede trapper Image\" width=\"143\" height=\"188\"  loading=\"lazy\" >\n                        <\/a>\n                    \n                    <div class=\"cat_desc\">\n                                                    <h3>U-formede trapper<\/h3>                                                <a class=\"btn\" href=\"https:\/\/www.stair24.com\/no\/u-formede-trapper\/\">\u00c5pne alternativer<\/a>                    <\/div>\n                    \n                                                                                <\/div>\n            <\/div>\n                                <div class=\"category w100\">\n                <div class=\"category_inside_wrap w100 d-flex align-items-center\">\n                    \n                                                                    <a class=\"cat_img\" href=\"https:\/\/www.stair24.com\/no\/custom-designed-staircases\/\" aria-label=\"Skreddersydde trapper\">\n                            <img decoding=\"async\" src=\"https:\/\/www.stair24.com\/wp-content\/uploads\/2023\/12\/trepp-chrome_mmubrthd65.jpg\" alt=\"Skreddersydde trapper Image\" width=\"143\" height=\"147\"  loading=\"lazy\" >\n                        <\/a>\n                    \n                    <div class=\"cat_desc\">\n                                                    <h3>Skreddersydde trapper<\/h3>                                                <a class=\"btn\" href=\"https:\/\/www.stair24.com\/no\/custom-designed-staircases\/\">\u00c5pne alternativer<\/a>                    <\/div>\n                    \n                                    <\/div>\n            <\/div>\n            <\/div>\n<\/div>    <\/div>\n<\/div>","protected":false},"excerpt":{"rendered":"","protected":false},"author":1,"featured_media":0,"parent":0,"menu_order":0,"comment_status":"closed","ping_status":"closed","template":"","meta":{"_acf_changed":false,"footnotes":""},"class_list":["post-6037","page","type-page","status-publish","hentry"],"acf":[],"yoast_head":"<!-- This site is optimized with the Yoast SEO plugin v27.2 - https:\/\/yoast.com\/product\/yoast-seo-wordpress\/ -->\n<title>Tjenester - STAIR24<\/title>\n<meta name=\"robots\" content=\"index, follow, max-snippet:-1, max-image-preview:large, max-video-preview:-1\" \/>\n<link rel=\"canonical\" href=\"https:\/\/www.stair24.com\/no\/tjenester\/\" \/>\n<meta property=\"og:locale\" content=\"nb_NO\" \/>\n<meta property=\"og:type\" content=\"article\" \/>\n<meta property=\"og:title\" content=\"Tjenester - STAIR24\" \/>\n<meta property=\"og:url\" content=\"https:\/\/www.stair24.com\/no\/tjenester\/\" \/>\n<meta property=\"og:site_name\" content=\"STAIR24\" \/>\n<meta property=\"article:publisher\" content=\"https:\/\/www.facebook.com\/AruGrupp\" \/>\n<meta property=\"article:modified_time\" content=\"2023-12-18T14:01:26+00:00\" \/>\n<meta property=\"og:image\" content=\"https:\/\/www.stair24.com\/wp-content\/uploads\/2022\/12\/trepid-stair24_logo-2.png\" \/>\n\t<meta property=\"og:image:width\" content=\"711\" \/>\n\t<meta property=\"og:image:height\" content=\"200\" \/>\n\t<meta property=\"og:image:type\" content=\"image\/png\" \/>\n<meta name=\"twitter:card\" content=\"summary_large_image\" \/>\n<script type=\"application\/ld+json\" class=\"yoast-schema-graph\">{\"@context\":\"https:\/\/schema.org\",\"@graph\":[{\"@type\":\"WebPage\",\"@id\":\"https:\/\/www.stair24.com\/no\/tjenester\/\",\"url\":\"https:\/\/www.stair24.com\/no\/tjenester\/\",\"name\":\"Tjenester - STAIR24\",\"isPartOf\":{\"@id\":\"https:\/\/www.stair24.com\/no\/#website\"},\"datePublished\":\"2021-11-02T08:26:17+00:00\",\"dateModified\":\"2023-12-18T14:01:26+00:00\",\"breadcrumb\":{\"@id\":\"https:\/\/www.stair24.com\/no\/tjenester\/#breadcrumb\"},\"inLanguage\":\"nb-NO\",\"potentialAction\":[{\"@type\":\"ReadAction\",\"target\":[\"https:\/\/www.stair24.com\/no\/tjenester\/\"]}]},{\"@type\":\"BreadcrumbList\",\"@id\":\"https:\/\/www.stair24.com\/no\/tjenester\/#breadcrumb\",\"itemListElement\":[{\"@type\":\"ListItem\",\"position\":1,\"name\":\"Home\",\"item\":\"https:\/\/www.stair24.com\/no\/\"},{\"@type\":\"ListItem\",\"position\":2,\"name\":\"Tjenester\"}]},{\"@type\":\"WebSite\",\"@id\":\"https:\/\/www.stair24.com\/no\/#website\",\"url\":\"https:\/\/www.stair24.com\/no\/\",\"name\":\"STAIR 24 | Kvaliteetsed trepid\",\"description\":\"Valmistame treppe igas kujus ning suuruses. Trepid on meie kirg ning oleme \u00fcks suurimaid treppide tootja p\u00f5hjamaades. Proovige meie uut trepikalkulaatorit. Parima kvaliteediga trepid, kiire tarne ning soodne hind.\",\"publisher\":{\"@id\":\"https:\/\/www.stair24.com\/no\/#organization\"},\"potentialAction\":[{\"@type\":\"SearchAction\",\"target\":{\"@type\":\"EntryPoint\",\"urlTemplate\":\"https:\/\/www.stair24.com\/no\/?s={search_term_string}\"},\"query-input\":{\"@type\":\"PropertyValueSpecification\",\"valueRequired\":true,\"valueName\":\"search_term_string\"}}],\"inLanguage\":\"nb-NO\"},{\"@type\":\"Organization\",\"@id\":\"https:\/\/www.stair24.com\/no\/#organization\",\"name\":\"STAIR 24 | Kvaliteetsed trepid\",\"url\":\"https:\/\/www.stair24.com\/no\/\",\"logo\":{\"@type\":\"ImageObject\",\"inLanguage\":\"nb-NO\",\"@id\":\"https:\/\/www.stair24.com\/no\/#\/schema\/logo\/image\/\",\"url\":\"https:\/\/www.stair24.com\/wp-content\/uploads\/2022\/12\/trep-stair24_logo-1.png\",\"contentUrl\":\"https:\/\/www.stair24.com\/wp-content\/uploads\/2022\/12\/trep-stair24_logo-1.png\",\"width\":302,\"height\":85,\"caption\":\"STAIR 24 | Kvaliteetsed trepid\"},\"image\":{\"@id\":\"https:\/\/www.stair24.com\/no\/#\/schema\/logo\/image\/\"},\"sameAs\":[\"https:\/\/www.facebook.com\/AruGrupp\",\"https:\/\/www.instagram.com\/stair.24\/\",\"https:\/\/www.youtube.com\/@stair24com\"]}]}<\/script>\n<!-- \/ Yoast SEO plugin. -->","yoast_head_json":{"title":"Tjenester - STAIR24","robots":{"index":"index","follow":"follow","max-snippet":"max-snippet:-1","max-image-preview":"max-image-preview:large","max-video-preview":"max-video-preview:-1"},"canonical":"https:\/\/www.stair24.com\/no\/tjenester\/","og_locale":"nb_NO","og_type":"article","og_title":"Tjenester - STAIR24","og_url":"https:\/\/www.stair24.com\/no\/tjenester\/","og_site_name":"STAIR24","article_publisher":"https:\/\/www.facebook.com\/AruGrupp","article_modified_time":"2023-12-18T14:01:26+00:00","og_image":[{"width":711,"height":200,"url":"https:\/\/www.stair24.com\/wp-content\/uploads\/2022\/12\/trepid-stair24_logo-2.png","type":"image\/png"}],"twitter_card":"summary_large_image","schema":{"@context":"https:\/\/schema.org","@graph":[{"@type":"WebPage","@id":"https:\/\/www.stair24.com\/no\/tjenester\/","url":"https:\/\/www.stair24.com\/no\/tjenester\/","name":"Tjenester - STAIR24","isPartOf":{"@id":"https:\/\/www.stair24.com\/no\/#website"},"datePublished":"2021-11-02T08:26:17+00:00","dateModified":"2023-12-18T14:01:26+00:00","breadcrumb":{"@id":"https:\/\/www.stair24.com\/no\/tjenester\/#breadcrumb"},"inLanguage":"nb-NO","potentialAction":[{"@type":"ReadAction","target":["https:\/\/www.stair24.com\/no\/tjenester\/"]}]},{"@type":"BreadcrumbList","@id":"https:\/\/www.stair24.com\/no\/tjenester\/#breadcrumb","itemListElement":[{"@type":"ListItem","position":1,"name":"Home","item":"https:\/\/www.stair24.com\/no\/"},{"@type":"ListItem","position":2,"name":"Tjenester"}]},{"@type":"WebSite","@id":"https:\/\/www.stair24.com\/no\/#website","url":"https:\/\/www.stair24.com\/no\/","name":"STAIR 24 | Kvaliteetsed trepid","description":"Valmistame treppe igas kujus ning suuruses. Trepid on meie kirg ning oleme \u00fcks suurimaid treppide tootja p\u00f5hjamaades. Proovige meie uut trepikalkulaatorit. Parima kvaliteediga trepid, kiire tarne ning soodne hind.","publisher":{"@id":"https:\/\/www.stair24.com\/no\/#organization"},"potentialAction":[{"@type":"SearchAction","target":{"@type":"EntryPoint","urlTemplate":"https:\/\/www.stair24.com\/no\/?s={search_term_string}"},"query-input":{"@type":"PropertyValueSpecification","valueRequired":true,"valueName":"search_term_string"}}],"inLanguage":"nb-NO"},{"@type":"Organization","@id":"https:\/\/www.stair24.com\/no\/#organization","name":"STAIR 24 | Kvaliteetsed trepid","url":"https:\/\/www.stair24.com\/no\/","logo":{"@type":"ImageObject","inLanguage":"nb-NO","@id":"https:\/\/www.stair24.com\/no\/#\/schema\/logo\/image\/","url":"https:\/\/www.stair24.com\/wp-content\/uploads\/2022\/12\/trep-stair24_logo-1.png","contentUrl":"https:\/\/www.stair24.com\/wp-content\/uploads\/2022\/12\/trep-stair24_logo-1.png","width":302,"height":85,"caption":"STAIR 24 | Kvaliteetsed trepid"},"image":{"@id":"https:\/\/www.stair24.com\/no\/#\/schema\/logo\/image\/"},"sameAs":["https:\/\/www.facebook.com\/AruGrupp","https:\/\/www.instagram.com\/stair.24\/","https:\/\/www.youtube.com\/@stair24com"]}]}},"_links":{"self":[{"href":"https:\/\/www.stair24.com\/no\/wp-json\/wp\/v2\/pages\/6037","targetHints":{"allow":["GET"]}}],"collection":[{"href":"https:\/\/www.stair24.com\/no\/wp-json\/wp\/v2\/pages"}],"about":[{"href":"https:\/\/www.stair24.com\/no\/wp-json\/wp\/v2\/types\/page"}],"author":[{"embeddable":true,"href":"https:\/\/www.stair24.com\/no\/wp-json\/wp\/v2\/users\/1"}],"replies":[{"embeddable":true,"href":"https:\/\/www.stair24.com\/no\/wp-json\/wp\/v2\/comments?post=6037"}],"version-history":[{"count":9,"href":"https:\/\/www.stair24.com\/no\/wp-json\/wp\/v2\/pages\/6037\/revisions"}],"predecessor-version":[{"id":9930,"href":"https:\/\/www.stair24.com\/no\/wp-json\/wp\/v2\/pages\/6037\/revisions\/9930"}],"wp:attachment":[{"href":"https:\/\/www.stair24.com\/no\/wp-json\/wp\/v2\/media?parent=6037"}],"curies":[{"name":"wp","href":"https:\/\/api.w.org\/{rel}","templated":true}]}}