{"id":6054,"date":"2021-10-21T13:47:36","date_gmt":"2021-10-21T13:47:36","guid":{"rendered":"https:\/\/www.stair24.com\/privacy-policy\/"},"modified":"2023-09-04T14:44:26","modified_gmt":"2023-09-04T12:44:26","slug":"personvernpolitikk","status":"publish","type":"page","link":"https:\/\/www.stair24.com\/no\/personvernpolitikk\/","title":{"rendered":"Personvernpolitikk"},"content":{"rendered":"\n<p><strong>VILK\u00c5R FOR BEHANDLING AV PERSONOPPLYSNINGER TIL ARU GRUPP AS<\/strong><\/p>\n\n\n\n<p><strong>1. DEFINISJONER OG GENERELLE BESTEMMELSER<\/strong><br>1.1. Disse vilk\u00e5r for behandling av personopplysninger til Aru Grupp AS (heretter Vilk\u00e5r) fastsetter prosedyre for behandling av personopplysninger til brukeren, inkludert personopplysninger behandlet av Aru Grupp AS, grunnlag, prinsipper og form\u00e5l for behandling av personopplysninger av Aru Grupp AS, samt brukerens rettigheter og sikkerhetstiltak for \u00e5 beskytte personopplysninger.<br>1.2. Ansvarlig behandler av personopplysninger er Aru Grupp AS (heretter Aru Grupp AS), organisasjonsnummer 10108425, adresse Rakvere tee 12, Hulja, Kadrina kommune 45203, L\u00e4\u00e4ne-Virumaa fylke, e-postadresse: info@arugrupp.ee.<br>1.3. Brukeren er en fysisk person, inkludert en fysisk person, som representerer en juridisk person, hvis personopplysninger blir behandlet av Aru Grupp AS (heretter Bruker).<br>1.4. Personopplysninger er all informasjon som er identifisert eller kan identifiseres om brukeren (heretter personopplysninger).<br>1.5. Behandling av personopplysninger er enhver handling som foretas med personopplysninger til brukeren (inkludert innsamling, nedlasting, organisering, lagring, modifisering, deling, bruk, overf\u00f8ring, sletting, osv. av personopplysninger til brukeren).<br>1.6. Aru Grupp AS kan autorisere andre personer eller institusjoner (heretter den Autorisert behandler) til \u00e5 behandle brukerens personopplysninger, forutsatt at Aru Grupp AS har inng\u00e5tt en avtale med en slik autorisert behandler, som fastsetter at den autoriserte behandleren er forpliktet til \u00e5 ivareta konfidensialiteten til brukerens personopplysninger, samt sikre at den autoriserte behandleren oppfyller sine forpliktelser som f\u00f8lger av lovgivningen. Navn og kontaktopplysninger til de autoriserte databehandlere blir offentliggjort av Aru Grupp AS i henhold til foresp\u00f8rsel fra brukeren. P\u00e5 dette tidspunktet finner man oversikt over autoriserte databehandlere i vedlegg nr. 1 \u2013 Autoriserte behandlere av kundedata til Aru Grupp AS http:\/\/arugrupp.ee\/dokumendid.<br>1.7. I tilfelle endringer hos behandlere eller deres opplysninger, skal denne listen oppdateres innen rimelig tid, men ikke senere enn i l\u00f8pet av 30 dager etter endringen.<\/p>\n\n\n\n<p><strong><\/strong><strong>2. FORM\u00c5L OG RETTSLIG GRUNNLAG FOR BEHANDLING AV PERSONOPPLYSNINGER<\/strong><br>2.1. Aru Grupp AS behandler personopplysninger til brukeren til f\u00f8lgende form\u00e5l:<br>2.1.1. For \u00e5 inng\u00e5 avtale med brukeren (blant annet for \u00e5 levere et pristilbud);<br>2.1.2. For \u00e5 oppfylle avtale inng\u00e5tt med brukeren;<br>2.1.3. For \u00e5 levere varer og\/eller tjenester til brukeren;<br>2.1.4. For \u00e5 utferdige intern salgsstatistikk til Aru Grupp AS;<br>2.1.5. for \u00e5 gjennomf\u00f8re unders\u00f8kelser for markedsf\u00f8ring, om forbrukervaner og kundetilfredshet;<br>2.1.6. For \u00e5 administrere, oppdatere og forbedre nettstedet til Aru Grupp AS;<br>2.1.7. for \u00e5 oppn\u00e5 andre form\u00e5l knyttet til avtalen inng\u00e5tt mellom Aru Grupp AS og bruker, blant annet handlinger som er n\u00f8dvendige for utvikling og forbedring av kvalitet p\u00e5 varer og tjenester som tilbys av Aru Grupp AS;<br>2.1.8. For \u00e5 beskytte eiendeler til Aru Grupp AS;<br>2.1.9. for \u00e5 oppfylle sine lovp\u00e5lagte forpliktelser.<br>2.2. Grunnlag til behandling av brukerens personopplysninger av Aru Grupp AS:<br>2.2.1. avtale med Aru Grupp AS &#8211; f\u00f8rst og fremst behandling av personopplysninger for inng\u00e5else og utf\u00f8relse av avtale, blant annet for \u00e5 utf\u00f8re alle handlinger, som er n\u00f8dvendige for inng\u00e5else og utf\u00f8relse av avtale;<br>2.2.2. Samtykke fra brukeren \u2013 f\u00f8rst og fremst behandling av personopplysninger for markedsf\u00f8ringsform\u00e5l, samt unders\u00f8kelse av forbrukervaner og kundetilfredshet, i tillegg ogs\u00e5 behandling av personopplysninger for form\u00e5l, som ikke gjelder inng\u00e5tt avtale, forskrifter eller annen lovgivning;<br>2.2.3. Lover og forskrifter \u2013 behandling av personopplysninger for utf\u00f8relse av forpliktelser som f\u00f8lger av forskrifter og annen lovgivning til Aru Grupp AS;<br>2.2.4. Avtale med ansvarlig behandler \u2013 behandling av personopplysninger I en situasjon hvor ansvarlig behandler har autorisert Aru Grupp AS til \u00e5 behandle personopplysninger for form\u00e5l definert av ansvarlig behandler.<br>2.3. Aru Grupp AS gj\u00f8r alt for \u00e5 informere brukeren snarest mulig om all informasjon som er foreskrevet av lovgivningen om behandling av brukerens personopplysninger, blant annet om disse vilk\u00e5r, og driver fullstendig samarbeid med brukeren for effektiv beskyttelse av brukerens alle rettigheter og interesser. Brukeren forst\u00e5r samtidig at ved frivillig levering av personopplysninger til Aru Grupp AS (f.eks. per telefon eller e-post), gir brukeren samtykke til behandling av leverte personopplysninger.<\/p>\n\n\n\n<p><strong><\/strong><strong>3. OMFANG AV PERSONOPPLYSNINGER SOM BLIR BEHANDLET<\/strong><br>3.1. Aru Grupp AS behandler blant annet f\u00f8lgende personopplysninger om brukeren:<br>3.1.1. Opplysninger om brukeren (navn, f\u00f8dselsdato, kj\u00f8nn, nasjonalitet, kontonummer, osv.);<br>3.1.2. Kontaktopplysninger til brukeren (bl. a. adresse, e-postadresse, telefonnummer, faksnummer, osv.);<br>3.1.3. andre personopplysninger levert av brukeren til Aru Grupp AS, bl. a. opplysninger om personer knyttet til brukeren.<br>3.2. N\u00f8yaktig omfang av brukerens personopplysninger, som behandles av Aru Grupp AS er avhengig av hvilke personopplysninger brukeren har levert til Aru Grupp AS.<br>3.3. Brukeren er ikke forpliktet til \u00e5 levere til Aru Grupp AS personopplysninger, som brukeren ikke \u00f8nsker \u00e5 levere til Aru Grupp AS, men brukeren forst\u00e5r imidlertid at ved levering av ufullstendige eller ikke tilstrekkelige personopplysninger, kan Aru Grupp AS ikke v\u00e6re i stand til \u00e5 tilby varer og\/eller levere tjenester til brukeren.<\/p>\n\n\n\n<p><strong><\/strong><strong>4. NEDLASTING OG LAGRING AV PERSONOPPLYSNINGER<\/strong><br>4.1. Aru Grupp AS lagrer og tar vare p\u00e5 alle personopplysninger levert av brukeren i henhold til betingelser, som overholder prinsipper og krav som er fastsatt i disse vilk\u00e5r og relevant lovgivning.<br>4.2. Aru Grupp AS sikrer at alle ansatte til Aru Grupp AS, som p\u00e5 noen m\u00e5te kommer i kontakt med brukeren personopplysninger, har tilgang til brukerens personopplysninger for \u00e5 oppfylle form\u00e5l fastsatt av Aru Grupp AS og overholder taushetsplikten knyttet til personopplysninger.<br>4.3. Aru Grupp AS har ogs\u00e5 rett til \u00e5 lagre alle ordre gitt ved bruk av kommunikasjonsmiddelet (f.eks. telefon, e-post), samt andre handlinger utf\u00f8rt av brukeren, og bruke disse opptak ved behov til \u00e5 bevise og\/eller reprodusere ordre eller andre handlinger, samt til \u00e5 oppfylle andre form\u00e5l knyttet til behandling av personopplysninger fastsatt av disse vilk\u00e5r.<br>4.4. Aru Grupp AS lagrer brukerens personopplysninger i en periode, som er n\u00f8dvendig for \u00e5 levere brukeren varer og\/eller tjenester, og deretter dersom det er n\u00f8dvendig for \u00e5 beskytte rettigheter til Aru Grupp AS eller i henhold til loven.<br>4.5. Aru Grupp AS lagrer brukerens personopplysninger, som Aru Grupp AS behandler som en autorisert behandler i en periode som er avtalt med ansvarlig behandler.<\/p>\n\n\n\n<p><strong><\/strong><strong>5. OVERF\u00d8RING AV PERSONOPPLYSNINGER TIL TREDJEPARTER<\/strong><br>5.1. Aru Grupp AS kan overf\u00f8re personopplysninger til en tredjepart, inkludert tredjeparter i andre EU-medlemsland, hvis overf\u00f8ringen av personopplysninger er i samsvar med og n\u00f8dvendig for at Aru Grupp AS skal kunne levere varer og\/eller tjenester til brukeren, inkludert alle handlinger, som er n\u00f8dvendige for \u00e5 tilby varer og\/eller tjenester, eller for \u00e5 oppfylle andre form\u00e5l knyttet til behandling av personopplysninger spesifisert av Aru Grupp AS, eller \u00e5 oppfylle forpliktelser til Aru Grupp AS, som f\u00f8lger av lover og annen lovgivning.<br>5.2. Aru Grupp AS overf\u00f8rer personopplysninger til tredjeparter kun i et omfang, som er n\u00f8dvendig for \u00e5 oppfylle form\u00e5let med behandlingen av personopplysninger spesifisert av Aru Grupp AS. Aru Grupp AS krever at personer, som personopplysninger blir overf\u00f8rt eller offentliggjort til skal overholde sikkerhets- og fortrolighetsreglene fastsatt av Aru Grupp AS, og at de skal sikre et niv\u00e5 av databeskyttelse som tilsvarer databehandlingsaktiviteter.&nbsp;<br>5.3. Aru Grupp AS kan overf\u00f8re brukerens personopplysninger f\u00f8rst og fremst til f\u00f8lgende tredjeparter:<br>5.3.1. Forretnings- og samarbeidspartnere til Aru Grupp AS;<br>5.3.2. Advokater og andre r\u00e5dgivere, som er engasjert i virksomheten til Aru Grupp AS;<br>5.3.3 personer, som Aru Grupp AS har overlevert krav til;&nbsp;<br>5.3.4. personer, som Aru Grupp AS kan eller er p\u00e5lagt til \u00e5 overf\u00f8re brukerens personopplysninger for at Aru Grupp AS skal kunne oppfylle sine forpliktelser som f\u00f8lger av lovgivningen.<br>5.4. Aru Grupp AS har publisert en liste over autoriserte behandlere i samsvar med bestemmelsene i disse vilk\u00e5r, som blir oppdatert av Aru Grupp AS i samsvar med bestemmelsene i disse vilk\u00e5r. Etter brukerens anmodning gir Aru Grupp AS brukeren informasjon om hvilke personer Aru Grupp AS har overf\u00f8rt brukeren personopplysninger til.<\/p>\n\n\n\n<p><strong><\/strong><strong>6. BRUKERENS RETTIGHETER<\/strong><br>6.1. Brukeren har rett til \u00e5:<br>6.1.1. motta informasjon om brukerens personopplysninger, som Aru Grupp AS behandler, og om behandling av disse, bl. a. informasjon om tredjeparter, som Aru Grupp AS har overf\u00f8rt brukerens personopplysninger til;<br>6.1.2. kreve \u00f8yeblikkelig retting av uriktige personopplysninger om brukeren, bl. a. retting av ufullstendige personopplysninger;<br>6.1.3. kreve avslutning av behandling av brukerens personopplysninger og sletting av data i tilfeller, som er fastsatt av lovgivningen;<br>6.1.4. kreve begrensning av behandling av brukerens personopplysninger eller inngi innvendinger mot behandling av personopplysninger i tilfeller, som er fastsatt av lovgivningen;<br>6.1.5. motta brukerens personopplysninger, som brukeren har levert til Aru Grupp AS i et strukturert, bredt tilgjengelig format og i maskinlesbar form, og har rett til \u00e5 overf\u00f8re slike opplysninger til en annen ansvarlig behandler uten at Aru Grupp AS forhindrer dette;<br>6.1.6. forby n\u00e5r som helst behandling av brukerens personopplysninger for unders\u00f8kelse av forbrukervaner eller direkte markedsf\u00f8ring, samt forby overf\u00f8ring av personopplysninger til tredjeparter, som \u00f8nsker \u00e5 bruke disse til unders\u00f8kelse av forbrukervaner eller direkte markedsf\u00f8ring;<br>6.1.7. trekke tilbake sitt samtykke til behandling av personopplysninger n\u00e5r som helst, bl. a. har brukeren rett til \u00e5 trekke tilbake kun hans\/hennes samtykke til behandling av personopplysninger til markedsf\u00f8ringsform\u00e5l. Tilbaketrekking av samtykke p\u00e5virker ikke lovligheten av behandlingen av personopplysninger, som ble utf\u00f8rt p\u00e5 grunnlag av samtykke f\u00f8r tilbaketrekking, og tilbaketrekkingen av samtykke p\u00e5virker heller ikke behandlingen av brukerens personopplysninger i et omfang, som skjer p\u00e5 grunnlag av lovgivningen.<br>6.2. Aru Grupp AS forplikter seg til \u00e5 varsle umiddelbart tredjeparter, som personopplysningene ble mottatt fra eller som personopplysningene ble overf\u00f8rt til, hvis dette er teknisk mulig og ikke medf\u00f8rer uforholdsmessig h\u00f8ye kostnader, dersom brukeren retter, sletter eller begrenser behandlingen av personopplysninger.<br>6.3. Brukeren forplikter seg til \u00e5 innsende alle foresp\u00f8rsler og krav knyttet til personopplysninger elektronisk og digitalt signert til e-postadressen info@arugrupp.ee eller signert for h\u00e5nd til Rakvere tee 12, Hulja, Kadrina kommune 45203, L\u00e4\u00e4ne-Virumaa fylke.<\/p>\n\n\n\n<p><strong><\/strong><strong>7. FORPLIKTELSER TIL ARU GRUPP AS<\/strong><br>7.1. Aru Grupp AS er forpliktet til \u00e5 behandle personopplysninger, blant annet samle inn, overf\u00f8re og lagre personopplysninger i samsvar med disse vilk\u00e5r og betingelser og forskrifter til Aru Grupp AS, som er knyttet til behandling av personopplysninger, og i henhold til Europaparlamentets personvernlov og -forordning (EU) nr. 2016\/679, samt form\u00e5l og betingelser fastsatt av annen relevant lovgivning.&nbsp;<\/p>\n\n\n\n<p><strong><\/strong><strong>8. TILTAK FOR BESKYTTELSE AV PERSONOPPLYSNINGER<\/strong><br>8.1. I sine aktiviteter overholder Aru Grupp AS prinsippene for beskyttelse av personopplysninger og gj\u00f8r alt for \u00e5 sikre at behandlingen av personopplysninger, blant annet innsamling, overf\u00f8ring og lagring av personopplysninger skjer p\u00e5 en m\u00e5te, som tar vare p\u00e5 sikkerhet og konfidensialitet av personopplysninger i henhold til personopplysningenes art, herunder implementerer hensiktsmessige tekniske og organisatoriske tiltak for \u00e5 sikre trygg behandling av personopplysninger.<br>8.2. Hvis det oppst\u00e5r brudd knyttet til brukerens personopplysninger, som sannsynligvis kan utgj\u00f8re en alvorlig trussel for brukerens rettigheter og friheter, forplikter Aru Grupp AS seg til \u00e5 varsle brukeren om bruddet knyttet til personopplysninger uten un\u00f8dig forsinkelse, blant annet beskrive arten av bruddet, eventuelle konsekvenser og iverksatte tiltak, samt gi brukeren kontaktinformasjon til personen, som har relevant informasjon.<\/p>\n\n\n\n<p><strong><\/strong><strong>9. BESKYTTELSE AV BRUKERENS RETTIGHETER<\/strong><br>9.1. Dersom brukeren mener at Aru Grupp AS har krenket hans\/hennes rettigheter ved behandling av hans\/hennes personopplysninger, har brukeren rett til \u00e5 innlevere til Aru Grupp AS krav om avslutning av overtredelse.<br>9.2. I tillegg har brukeren til enhver tid rett til \u00e5 kontakte Datatilsynet i tilfelle brudd (adresse: Tatari 39, Tallinn 10134, telefon: 627 4135, e-postadresse: info@aki.ee) eller en kompetent domstol.<br>9.3. Brukeren har rett til \u00e5 kontakte Aru Grupp AS (organisasjonsnummer 10108425) om generelle sp\u00f8rsm\u00e5l knyttet til behandling av personopplysninger per telefon + 372 329 5640, via e-post info@arugrupp.ee eller adresse Rakvere tee 12, Hulja, Kadrina kommune 45203, L\u00e4\u00e4ne-Virumaa fylke.<\/p>\n\n\n\n<p><strong><\/strong><strong>10. SLUTTBESTEMMELSER<\/strong><br>Aru Grupp AS har rett til ensidig endring av disse vilk\u00e5r og betingelser ved \u00e5 varsle brukeren om endring av vilk\u00e5r minst 30 dager p\u00e5 forh\u00e5nd gjennom nettstedet til Aru Grupp AS http:\/\/arugrupp.ee\/dokumendid, med mindre vilk\u00e5r og betingelser endres kun p\u00e5 grunn av endringer i relevant lovgivning.&nbsp;<\/p>\n\n\n\n<p><\/p>\n\n\n\n<p><strong>POLITIK for informasjonskapsler<\/strong><br>Denne nettsiden bruker \u00f8ktinformasjonskapsler for Del-menyen. Tredjeparts informasjonskapsler fra Google kan ogs\u00e5 brukes til bes\u00f8ksstatistikkform\u00e5l i Google Analytics. Dette avhenger av konfigurasjonen av nettstedet. Vennligst kontakt oss for mer informasjon.<br>En \u00f8kt-informasjonskapsel opprettes n\u00e5r en bes\u00f8kende bes\u00f8ker en av v\u00e5re nettsider. Den vil da bli lagret midlertidig p\u00e5 den bes\u00f8kendes datamaskin. Sesjonsinformasjonskapselen vil bli fjernet n\u00e5r den bes\u00f8kende lukker nettleseren sin. Ingen personlig informasjon som e-postadresse eller navn vil bli lagret om den bes\u00f8kende.<br>I nettleseren din kan du konfigurere forskjellige innstillinger som p\u00e5virker hvordan og om informasjonskapsler blir lagret p\u00e5 datamaskinen din. Se hjelpen til nettleseren om hvordan du konfigurerer disse innstillingene. Hvis du velger \u00e5 ikke akseptere informasjonskapsler i det hele tatt, kan dette p\u00e5virke ytelsen til nettstedet i nettleseren din.<br>Google har utviklet en plugin for de mest brukte nettleserne, denne plugin gj\u00f8r det mulig \u00e5 hindre Google Analytics i \u00e5 logge og lagre bes\u00f8ksinformasjon p\u00e5 en nettside. Hvis du vil forhindre at Google Analytics f\u00e5r denne typen informasjon fra bes\u00f8ket ditt p\u00e5 monitor.se, kan du laste ned og installere dette pluginet ved \u00e5 bruke denne linken https:\/\/tools.google.com\/dlpage\/gaoptout?hl=no.<\/p>\n","protected":false},"excerpt":{"rendered":"VILK\u00c5R FOR BEHANDLING AV PERSONOPPLYSNINGER TIL ARU GRUPP AS 1. DEFINISJONER OG GENERELLE BESTEMMELSER1.1. Disse vilk\u00e5r&#8230;","protected":false},"author":1,"featured_media":0,"parent":0,"menu_order":0,"comment_status":"closed","ping_status":"closed","template":"","meta":{"_acf_changed":false,"footnotes":""},"class_list":["post-6054","page","type-page","status-publish","hentry"],"acf":[],"yoast_head":"<!-- This site is optimized with the Yoast SEO plugin v27.5 - https:\/\/yoast.com\/product\/yoast-seo-wordpress\/ -->\n<title>Personvernpolitikk - STAIR24<\/title>\n<meta name=\"robots\" content=\"index, follow, max-snippet:-1, max-image-preview:large, max-video-preview:-1\" \/>\n<link rel=\"canonical\" href=\"https:\/\/www.stair24.com\/no\/personvernpolitikk\/\" \/>\n<meta property=\"og:locale\" content=\"nb_NO\" \/>\n<meta property=\"og:type\" content=\"article\" \/>\n<meta property=\"og:title\" content=\"Personvernpolitikk - STAIR24\" \/>\n<meta property=\"og:description\" content=\"VILK\u00c5R FOR BEHANDLING AV PERSONOPPLYSNINGER TIL ARU GRUPP AS 1. DEFINISJONER OG GENERELLE BESTEMMELSER1.1. Disse vilk\u00e5r...\" \/>\n<meta property=\"og:url\" content=\"https:\/\/www.stair24.com\/no\/personvernpolitikk\/\" \/>\n<meta property=\"og:site_name\" content=\"STAIR24\" \/>\n<meta property=\"article:publisher\" content=\"https:\/\/www.facebook.com\/AruGrupp\" \/>\n<meta property=\"article:modified_time\" content=\"2023-09-04T12:44:26+00:00\" \/>\n<meta property=\"og:image\" content=\"https:\/\/www.stair24.com\/wp-content\/uploads\/2022\/12\/trepid-stair24_logo-2.png\" \/>\n\t<meta property=\"og:image:width\" content=\"711\" \/>\n\t<meta property=\"og:image:height\" content=\"200\" \/>\n\t<meta property=\"og:image:type\" content=\"image\/png\" \/>\n<meta name=\"twitter:card\" content=\"summary_large_image\" \/>\n<meta name=\"twitter:label1\" content=\"Ansl. lesetid\" \/>\n\t<meta name=\"twitter:data1\" content=\"12 minutter\" \/>\n<script type=\"application\/ld+json\" class=\"yoast-schema-graph\">{\"@context\":\"https:\\\/\\\/schema.org\",\"@graph\":[{\"@type\":\"WebPage\",\"@id\":\"https:\\\/\\\/www.stair24.com\\\/no\\\/personvernpolitikk\\\/\",\"url\":\"https:\\\/\\\/www.stair24.com\\\/no\\\/personvernpolitikk\\\/\",\"name\":\"Personvernpolitikk - STAIR24\",\"isPartOf\":{\"@id\":\"https:\\\/\\\/www.stair24.com\\\/no\\\/#website\"},\"datePublished\":\"2021-10-21T13:47:36+00:00\",\"dateModified\":\"2023-09-04T12:44:26+00:00\",\"breadcrumb\":{\"@id\":\"https:\\\/\\\/www.stair24.com\\\/no\\\/personvernpolitikk\\\/#breadcrumb\"},\"inLanguage\":\"nb-NO\",\"potentialAction\":[{\"@type\":\"ReadAction\",\"target\":[\"https:\\\/\\\/www.stair24.com\\\/no\\\/personvernpolitikk\\\/\"]}]},{\"@type\":\"BreadcrumbList\",\"@id\":\"https:\\\/\\\/www.stair24.com\\\/no\\\/personvernpolitikk\\\/#breadcrumb\",\"itemListElement\":[{\"@type\":\"ListItem\",\"position\":1,\"name\":\"Home\",\"item\":\"https:\\\/\\\/www.stair24.com\\\/no\\\/\"},{\"@type\":\"ListItem\",\"position\":2,\"name\":\"Personvernpolitikk\"}]},{\"@type\":\"WebSite\",\"@id\":\"https:\\\/\\\/www.stair24.com\\\/no\\\/#website\",\"url\":\"https:\\\/\\\/www.stair24.com\\\/no\\\/\",\"name\":\"STAIR 24 | Kvaliteetsed trepid\",\"description\":\"Valmistame treppe igas kujus ning suuruses. Trepid on meie kirg ning oleme \u00fcks suurimaid treppide tootja p\u00f5hjamaades. Proovige meie uut trepikalkulaatorit. Parima kvaliteediga trepid, kiire tarne ning soodne hind.\",\"publisher\":{\"@id\":\"https:\\\/\\\/www.stair24.com\\\/no\\\/#organization\"},\"potentialAction\":[{\"@type\":\"SearchAction\",\"target\":{\"@type\":\"EntryPoint\",\"urlTemplate\":\"https:\\\/\\\/www.stair24.com\\\/no\\\/?s={search_term_string}\"},\"query-input\":{\"@type\":\"PropertyValueSpecification\",\"valueRequired\":true,\"valueName\":\"search_term_string\"}}],\"inLanguage\":\"nb-NO\"},{\"@type\":\"Organization\",\"@id\":\"https:\\\/\\\/www.stair24.com\\\/no\\\/#organization\",\"name\":\"STAIR 24 | Kvaliteetsed trepid\",\"url\":\"https:\\\/\\\/www.stair24.com\\\/no\\\/\",\"logo\":{\"@type\":\"ImageObject\",\"inLanguage\":\"nb-NO\",\"@id\":\"https:\\\/\\\/www.stair24.com\\\/no\\\/#\\\/schema\\\/logo\\\/image\\\/\",\"url\":\"https:\\\/\\\/www.stair24.com\\\/wp-content\\\/uploads\\\/2022\\\/12\\\/trep-stair24_logo-1.png\",\"contentUrl\":\"https:\\\/\\\/www.stair24.com\\\/wp-content\\\/uploads\\\/2022\\\/12\\\/trep-stair24_logo-1.png\",\"width\":302,\"height\":85,\"caption\":\"STAIR 24 | Kvaliteetsed trepid\"},\"image\":{\"@id\":\"https:\\\/\\\/www.stair24.com\\\/no\\\/#\\\/schema\\\/logo\\\/image\\\/\"},\"sameAs\":[\"https:\\\/\\\/www.facebook.com\\\/AruGrupp\",\"https:\\\/\\\/www.instagram.com\\\/stair.24\\\/\",\"https:\\\/\\\/www.youtube.com\\\/@stair24com\"]}]}<\/script>\n<!-- \/ Yoast SEO plugin. -->","yoast_head_json":{"title":"Personvernpolitikk - STAIR24","robots":{"index":"index","follow":"follow","max-snippet":"max-snippet:-1","max-image-preview":"max-image-preview:large","max-video-preview":"max-video-preview:-1"},"canonical":"https:\/\/www.stair24.com\/no\/personvernpolitikk\/","og_locale":"nb_NO","og_type":"article","og_title":"Personvernpolitikk - STAIR24","og_description":"VILK\u00c5R FOR BEHANDLING AV PERSONOPPLYSNINGER TIL ARU GRUPP AS 1. DEFINISJONER OG GENERELLE BESTEMMELSER1.1. Disse vilk\u00e5r...","og_url":"https:\/\/www.stair24.com\/no\/personvernpolitikk\/","og_site_name":"STAIR24","article_publisher":"https:\/\/www.facebook.com\/AruGrupp","article_modified_time":"2023-09-04T12:44:26+00:00","og_image":[{"width":711,"height":200,"url":"https:\/\/www.stair24.com\/wp-content\/uploads\/2022\/12\/trepid-stair24_logo-2.png","type":"image\/png"}],"twitter_card":"summary_large_image","twitter_misc":{"Ansl. lesetid":"12 minutter"},"schema":{"@context":"https:\/\/schema.org","@graph":[{"@type":"WebPage","@id":"https:\/\/www.stair24.com\/no\/personvernpolitikk\/","url":"https:\/\/www.stair24.com\/no\/personvernpolitikk\/","name":"Personvernpolitikk - STAIR24","isPartOf":{"@id":"https:\/\/www.stair24.com\/no\/#website"},"datePublished":"2021-10-21T13:47:36+00:00","dateModified":"2023-09-04T12:44:26+00:00","breadcrumb":{"@id":"https:\/\/www.stair24.com\/no\/personvernpolitikk\/#breadcrumb"},"inLanguage":"nb-NO","potentialAction":[{"@type":"ReadAction","target":["https:\/\/www.stair24.com\/no\/personvernpolitikk\/"]}]},{"@type":"BreadcrumbList","@id":"https:\/\/www.stair24.com\/no\/personvernpolitikk\/#breadcrumb","itemListElement":[{"@type":"ListItem","position":1,"name":"Home","item":"https:\/\/www.stair24.com\/no\/"},{"@type":"ListItem","position":2,"name":"Personvernpolitikk"}]},{"@type":"WebSite","@id":"https:\/\/www.stair24.com\/no\/#website","url":"https:\/\/www.stair24.com\/no\/","name":"STAIR 24 | Kvaliteetsed trepid","description":"Valmistame treppe igas kujus ning suuruses. Trepid on meie kirg ning oleme \u00fcks suurimaid treppide tootja p\u00f5hjamaades. Proovige meie uut trepikalkulaatorit. Parima kvaliteediga trepid, kiire tarne ning soodne hind.","publisher":{"@id":"https:\/\/www.stair24.com\/no\/#organization"},"potentialAction":[{"@type":"SearchAction","target":{"@type":"EntryPoint","urlTemplate":"https:\/\/www.stair24.com\/no\/?s={search_term_string}"},"query-input":{"@type":"PropertyValueSpecification","valueRequired":true,"valueName":"search_term_string"}}],"inLanguage":"nb-NO"},{"@type":"Organization","@id":"https:\/\/www.stair24.com\/no\/#organization","name":"STAIR 24 | Kvaliteetsed trepid","url":"https:\/\/www.stair24.com\/no\/","logo":{"@type":"ImageObject","inLanguage":"nb-NO","@id":"https:\/\/www.stair24.com\/no\/#\/schema\/logo\/image\/","url":"https:\/\/www.stair24.com\/wp-content\/uploads\/2022\/12\/trep-stair24_logo-1.png","contentUrl":"https:\/\/www.stair24.com\/wp-content\/uploads\/2022\/12\/trep-stair24_logo-1.png","width":302,"height":85,"caption":"STAIR 24 | Kvaliteetsed trepid"},"image":{"@id":"https:\/\/www.stair24.com\/no\/#\/schema\/logo\/image\/"},"sameAs":["https:\/\/www.facebook.com\/AruGrupp","https:\/\/www.instagram.com\/stair.24\/","https:\/\/www.youtube.com\/@stair24com"]}]}},"_links":{"self":[{"href":"https:\/\/www.stair24.com\/no\/wp-json\/wp\/v2\/pages\/6054","targetHints":{"allow":["GET"]}}],"collection":[{"href":"https:\/\/www.stair24.com\/no\/wp-json\/wp\/v2\/pages"}],"about":[{"href":"https:\/\/www.stair24.com\/no\/wp-json\/wp\/v2\/types\/page"}],"author":[{"embeddable":true,"href":"https:\/\/www.stair24.com\/no\/wp-json\/wp\/v2\/users\/1"}],"replies":[{"embeddable":true,"href":"https:\/\/www.stair24.com\/no\/wp-json\/wp\/v2\/comments?post=6054"}],"version-history":[{"count":4,"href":"https:\/\/www.stair24.com\/no\/wp-json\/wp\/v2\/pages\/6054\/revisions"}],"predecessor-version":[{"id":7207,"href":"https:\/\/www.stair24.com\/no\/wp-json\/wp\/v2\/pages\/6054\/revisions\/7207"}],"wp:attachment":[{"href":"https:\/\/www.stair24.com\/no\/wp-json\/wp\/v2\/media?parent=6054"}],"curies":[{"name":"wp","href":"https:\/\/api.w.org\/{rel}","templated":true}]}}