{"id":9876,"date":"2023-12-18T15:00:09","date_gmt":"2023-12-18T13:00:09","guid":{"rendered":"https:\/\/www.stair24.com\/?page_id=9876"},"modified":"2023-12-18T15:05:47","modified_gmt":"2023-12-18T13:05:47","slug":"5-tips-for-valg-av-trapp","status":"publish","type":"page","link":"https:\/\/www.stair24.com\/no\/nyttig-informasjon\/5-tips-for-valg-av-trapp\/","title":{"rendered":"5 tips for valg av trapp"},"content":{"rendered":"\n<p>Trappen er en av de viktigste elementene i bygningen. \u00c5 finne en passende design og plassering for trappen i rommet er en alvorlig utfordring for b\u00e5de huseiere og arkitekter.<\/p>\n\n\n\n<p>Basert p\u00e5 erfaringen fra trappeprodusenten, ville det v\u00e6re \u00f8nskelig \u00e5 finne svar p\u00e5 f\u00f8lgende sp\u00f8rsm\u00e5l n\u00e5r man fors\u00f8ker \u00e5 finne en trappel\u00f8sning:<\/p>\n\n\n\n<p>1) Skal trappen gi en aksent til interi\u00f8rdesign, eller heller blande seg til annen innredning?<br>2) Hvor mye gulvplass (ogs\u00e5 en del av rommet) er du villig til \u00e5 gi til trappen?<br>3) Kan\/b\u00f8r naturlig lys ogs\u00e5 falle p\u00e5 trappen?<br>4) Skal trappen svinge, og eventuelt hvor mye?<br>5) Skal trappens svinger l\u00f8ses i form av repos eller vinkling?<\/p>\n\n\n\n<p>Det er verdt \u00e5 ta hensyn til at en trapp med plattform dvs. repos er mer praktisk \u00e5 bruke, men tar alltid mer plass enn en trappen med vinkling.<\/p>\n\n\n\n<p>Trappestil og budsjett<\/p>\n\n\n\n<p>P\u00e5 grunnlag av svarene starter trappens stil \u00e5 utforme seg. Hvis du velger en paradetrapp med sentral beliggenhet, b\u00f8r du ogs\u00e5 fortsette n\u00e5 med valg av materialer, som st\u00f8tter det f\u00f8rste valget. Men en trapp som har en mer beskjeden beliggenhet i rommet, kan trappen bestilles av enklere og rimeligere materialer. Akkurat som i mote, er det ogs\u00e5 trender knyttet til trapper. For \u00e5 holde tritt med de nyeste trappetrendene, er det verdt \u00e5 r\u00e5df\u00f8re seg med arkitekter og interi\u00f8rdesignere. Prisen p\u00e5 en trapp bestemmes hovedsakelig av arbeidets kompleksitet, materialemengde og kvalitetsklasse. Hvis trappekomponenter omfatter i tillegg til edeltre ogs\u00e5 glass og metall, b\u00f8r man regne med et st\u00f8rre trappbudsjett.<\/p>\n\n\n\n<p>Sikkerhet og brukervennlighet<\/p>\n\n\n\n<p>Trappen forbinder de forskjellige niv\u00e5ene hvor vi bor, og trafikken mellom disse varierer p\u00e5 ulike stadier av livet. N\u00e5r du planlegger en trapp til et hus eller en leilighet hvor det ikke bor sm\u00e5 barn for \u00f8yeblikket, b\u00f8r man ogs\u00e5 tenke p\u00e5 tiden n\u00e5r man f\u00e5r barn i familien. Sikkerhet ved bruk av trapper er viktig ikke bare for barn, men ogs\u00e5 for eldre familiemedlemmer. Ved \u00e5 designe en trapp, kan vi selv p\u00e5virke mye sikkerheten ved videre bruk. En trapp uten rekkverk kan virke minimalistisk, men i det lange l\u00f8p betyr det definitivt flere farer. Rekkverk er ikke noe man skal v\u00e6re redd av. Velger man sklisikkert belegg for trappetrinn og unng\u00e5 smale trappsvinger, skaper man en tilkoblingsvei, som inviterer \u00e5 bruke seg og er trygg \u00e5 bruke selv etter flere ti\u00e5r.<\/p>\n\n\n\n<p>Trappeformelen 2H+B=63, hva er det?<\/p>\n\n\n\n<p>Visste du hva betyr formelen 2H+B=63, som ofte finnes i trappeprodusentenes informasjonsmaterialer? Ved hjelp av denne formelen er det mulig \u00e5 finne\/kontrollere det optimale forholdet mellom trinnh\u00f8yde og -dybde. H=trinnh\u00f8yde og B=trinndybde. Eksempel: Trappen din skal f\u00f8re deg komfortabelt fra en etasje til en annen med en h\u00f8ydeforskjell p\u00e5 2450 mm. La oss si at du deler denne h\u00f8yden til 14 tripp. Dermed er h\u00f8ydeforskjellen p\u00e5 alle trinn (trinnh\u00f8yde) 17,5 cm. Du foresl\u00e5r trinndybde 30,0 cm. N\u00e5 kontrollerer vi om denne formelen fungerer: 2 * 17,5 + 30 = 65<\/p>\n\n\n\n<p>Hvis verdien er i f\u00f8lge formelen nesten 63, handler det om en praktisk og optimal trapp.<\/p>\n\n\n\n<p>Brukere<\/p>\n\n\n\n<p>For trappedesigneren er det ogs\u00e5 viktig \u00e5 f\u00e5 informasjon om brukere av trappen. En engelsk trapp belagt med mykt teppe passer for eldre. En enslig ung mann dr\u00f8mmer gjerne om trappetrinn som er festet til veggen, helt uten rekkverk. Sm\u00e5barnsmoren godkjenner aldri et slikt valg. Derfor er det viktig \u00e5 tenke langt perspektiv n\u00e5r man designer en trapp. Man b\u00f8r heller ikke glemme kj\u00e6ledyr. B\u00e5de n\u00e5r man trenger \u00e5 begrense deres tilgang og med tanke p\u00e5 deres bevegelsesfrihet.<\/p>\n\n\n\n<p>Vi \u00f8nsker deg trygge og stilige valg,<\/p>\n\n\n\n<p>Stair24<\/p>\n","protected":false},"excerpt":{"rendered":"Trappen er en av de viktigste elementene i bygningen. \u00c5 finne en passende design og plassering&#8230;","protected":false},"author":1,"featured_media":8755,"parent":8183,"menu_order":5,"comment_status":"closed","ping_status":"closed","template":"page-templates\/useful-information-single.php","meta":{"_acf_changed":false,"footnotes":""},"class_list":["post-9876","page","type-page","status-publish","has-post-thumbnail","hentry"],"acf":[],"yoast_head":"<!-- This site is optimized with the Yoast SEO plugin v27.5 - https:\/\/yoast.com\/product\/yoast-seo-wordpress\/ -->\n<title>5 tips for valg av trapp - STAIR24<\/title>\n<meta name=\"robots\" content=\"index, follow, max-snippet:-1, max-image-preview:large, max-video-preview:-1\" \/>\n<link rel=\"canonical\" href=\"https:\/\/www.stair24.com\/no\/nyttig-informasjon\/5-tips-for-valg-av-trapp\/\" \/>\n<meta property=\"og:locale\" content=\"nb_NO\" \/>\n<meta property=\"og:type\" content=\"article\" \/>\n<meta property=\"og:title\" content=\"5 tips for valg av trapp - STAIR24\" \/>\n<meta property=\"og:description\" content=\"Trappen er en av de viktigste elementene i bygningen. \u00c5 finne en passende design og plassering...\" \/>\n<meta property=\"og:url\" content=\"https:\/\/www.stair24.com\/no\/nyttig-informasjon\/5-tips-for-valg-av-trapp\/\" \/>\n<meta property=\"og:site_name\" content=\"STAIR24\" \/>\n<meta property=\"article:publisher\" content=\"https:\/\/www.facebook.com\/AruGrupp\" \/>\n<meta property=\"article:modified_time\" content=\"2023-12-18T13:05:47+00:00\" \/>\n<meta property=\"og:image\" content=\"https:\/\/live.stair24.com\/wp-content\/uploads\/2023\/12\/IMG_20230208_110512-scaled-1.jpg\" \/>\n\t<meta property=\"og:image:width\" content=\"2560\" \/>\n\t<meta property=\"og:image:height\" content=\"2306\" \/>\n\t<meta property=\"og:image:type\" content=\"image\/jpeg\" \/>\n<meta name=\"twitter:card\" content=\"summary_large_image\" \/>\n<meta name=\"twitter:label1\" content=\"Ansl. lesetid\" \/>\n\t<meta name=\"twitter:data1\" content=\"3 minutter\" \/>\n<script type=\"application\/ld+json\" class=\"yoast-schema-graph\">{\"@context\":\"https:\\\/\\\/schema.org\",\"@graph\":[{\"@type\":\"WebPage\",\"@id\":\"https:\\\/\\\/www.stair24.com\\\/no\\\/nyttig-informasjon\\\/5-tips-for-valg-av-trapp\\\/\",\"url\":\"https:\\\/\\\/www.stair24.com\\\/no\\\/nyttig-informasjon\\\/5-tips-for-valg-av-trapp\\\/\",\"name\":\"5 tips for valg av trapp - STAIR24\",\"isPartOf\":{\"@id\":\"https:\\\/\\\/www.stair24.com\\\/no\\\/#website\"},\"primaryImageOfPage\":{\"@id\":\"https:\\\/\\\/www.stair24.com\\\/no\\\/nyttig-informasjon\\\/5-tips-for-valg-av-trapp\\\/#primaryimage\"},\"image\":{\"@id\":\"https:\\\/\\\/www.stair24.com\\\/no\\\/nyttig-informasjon\\\/5-tips-for-valg-av-trapp\\\/#primaryimage\"},\"thumbnailUrl\":\"https:\\\/\\\/www.stair24.com\\\/wp-content\\\/uploads\\\/2023\\\/12\\\/trepi-valmistamine-treppide-muuk-treppide-paigaldus-14.jpg\",\"datePublished\":\"2023-12-18T13:00:09+00:00\",\"dateModified\":\"2023-12-18T13:05:47+00:00\",\"breadcrumb\":{\"@id\":\"https:\\\/\\\/www.stair24.com\\\/no\\\/nyttig-informasjon\\\/5-tips-for-valg-av-trapp\\\/#breadcrumb\"},\"inLanguage\":\"nb-NO\",\"potentialAction\":[{\"@type\":\"ReadAction\",\"target\":[\"https:\\\/\\\/www.stair24.com\\\/no\\\/nyttig-informasjon\\\/5-tips-for-valg-av-trapp\\\/\"]}]},{\"@type\":\"ImageObject\",\"inLanguage\":\"nb-NO\",\"@id\":\"https:\\\/\\\/www.stair24.com\\\/no\\\/nyttig-informasjon\\\/5-tips-for-valg-av-trapp\\\/#primaryimage\",\"url\":\"https:\\\/\\\/www.stair24.com\\\/wp-content\\\/uploads\\\/2023\\\/12\\\/trepi-valmistamine-treppide-muuk-treppide-paigaldus-14.jpg\",\"contentUrl\":\"https:\\\/\\\/www.stair24.com\\\/wp-content\\\/uploads\\\/2023\\\/12\\\/trepi-valmistamine-treppide-muuk-treppide-paigaldus-14.jpg\",\"width\":2560,\"height\":2306},{\"@type\":\"BreadcrumbList\",\"@id\":\"https:\\\/\\\/www.stair24.com\\\/no\\\/nyttig-informasjon\\\/5-tips-for-valg-av-trapp\\\/#breadcrumb\",\"itemListElement\":[{\"@type\":\"ListItem\",\"position\":1,\"name\":\"Home\",\"item\":\"https:\\\/\\\/www.stair24.com\\\/no\\\/\"},{\"@type\":\"ListItem\",\"position\":2,\"name\":\"Nyttig informasjon\",\"item\":\"https:\\\/\\\/www.stair24.com\\\/no\\\/nyttig-informasjon\\\/\"},{\"@type\":\"ListItem\",\"position\":3,\"name\":\"5 tips for valg av trapp\"}]},{\"@type\":\"WebSite\",\"@id\":\"https:\\\/\\\/www.stair24.com\\\/no\\\/#website\",\"url\":\"https:\\\/\\\/www.stair24.com\\\/no\\\/\",\"name\":\"STAIR 24 | Kvaliteetsed trepid\",\"description\":\"Valmistame treppe igas kujus ning suuruses. Trepid on meie kirg ning oleme \u00fcks suurimaid treppide tootja p\u00f5hjamaades. Proovige meie uut trepikalkulaatorit. Parima kvaliteediga trepid, kiire tarne ning soodne hind.\",\"publisher\":{\"@id\":\"https:\\\/\\\/www.stair24.com\\\/no\\\/#organization\"},\"potentialAction\":[{\"@type\":\"SearchAction\",\"target\":{\"@type\":\"EntryPoint\",\"urlTemplate\":\"https:\\\/\\\/www.stair24.com\\\/no\\\/?s={search_term_string}\"},\"query-input\":{\"@type\":\"PropertyValueSpecification\",\"valueRequired\":true,\"valueName\":\"search_term_string\"}}],\"inLanguage\":\"nb-NO\"},{\"@type\":\"Organization\",\"@id\":\"https:\\\/\\\/www.stair24.com\\\/no\\\/#organization\",\"name\":\"STAIR 24 | Kvaliteetsed trepid\",\"url\":\"https:\\\/\\\/www.stair24.com\\\/no\\\/\",\"logo\":{\"@type\":\"ImageObject\",\"inLanguage\":\"nb-NO\",\"@id\":\"https:\\\/\\\/www.stair24.com\\\/no\\\/#\\\/schema\\\/logo\\\/image\\\/\",\"url\":\"https:\\\/\\\/www.stair24.com\\\/wp-content\\\/uploads\\\/2022\\\/12\\\/trep-stair24_logo-1.png\",\"contentUrl\":\"https:\\\/\\\/www.stair24.com\\\/wp-content\\\/uploads\\\/2022\\\/12\\\/trep-stair24_logo-1.png\",\"width\":302,\"height\":85,\"caption\":\"STAIR 24 | Kvaliteetsed trepid\"},\"image\":{\"@id\":\"https:\\\/\\\/www.stair24.com\\\/no\\\/#\\\/schema\\\/logo\\\/image\\\/\"},\"sameAs\":[\"https:\\\/\\\/www.facebook.com\\\/AruGrupp\",\"https:\\\/\\\/www.instagram.com\\\/stair.24\\\/\",\"https:\\\/\\\/www.youtube.com\\\/@stair24com\"]}]}<\/script>\n<!-- \/ Yoast SEO plugin. -->","yoast_head_json":{"title":"5 tips for valg av trapp - STAIR24","robots":{"index":"index","follow":"follow","max-snippet":"max-snippet:-1","max-image-preview":"max-image-preview:large","max-video-preview":"max-video-preview:-1"},"canonical":"https:\/\/www.stair24.com\/no\/nyttig-informasjon\/5-tips-for-valg-av-trapp\/","og_locale":"nb_NO","og_type":"article","og_title":"5 tips for valg av trapp - STAIR24","og_description":"Trappen er en av de viktigste elementene i bygningen. \u00c5 finne en passende design og plassering...","og_url":"https:\/\/www.stair24.com\/no\/nyttig-informasjon\/5-tips-for-valg-av-trapp\/","og_site_name":"STAIR24","article_publisher":"https:\/\/www.facebook.com\/AruGrupp","article_modified_time":"2023-12-18T13:05:47+00:00","og_image":[{"width":2560,"height":2306,"url":"https:\/\/live.stair24.com\/wp-content\/uploads\/2023\/12\/IMG_20230208_110512-scaled-1.jpg","type":"image\/jpeg"}],"twitter_card":"summary_large_image","twitter_misc":{"Ansl. lesetid":"3 minutter"},"schema":{"@context":"https:\/\/schema.org","@graph":[{"@type":"WebPage","@id":"https:\/\/www.stair24.com\/no\/nyttig-informasjon\/5-tips-for-valg-av-trapp\/","url":"https:\/\/www.stair24.com\/no\/nyttig-informasjon\/5-tips-for-valg-av-trapp\/","name":"5 tips for valg av trapp - STAIR24","isPartOf":{"@id":"https:\/\/www.stair24.com\/no\/#website"},"primaryImageOfPage":{"@id":"https:\/\/www.stair24.com\/no\/nyttig-informasjon\/5-tips-for-valg-av-trapp\/#primaryimage"},"image":{"@id":"https:\/\/www.stair24.com\/no\/nyttig-informasjon\/5-tips-for-valg-av-trapp\/#primaryimage"},"thumbnailUrl":"https:\/\/www.stair24.com\/wp-content\/uploads\/2023\/12\/trepi-valmistamine-treppide-muuk-treppide-paigaldus-14.jpg","datePublished":"2023-12-18T13:00:09+00:00","dateModified":"2023-12-18T13:05:47+00:00","breadcrumb":{"@id":"https:\/\/www.stair24.com\/no\/nyttig-informasjon\/5-tips-for-valg-av-trapp\/#breadcrumb"},"inLanguage":"nb-NO","potentialAction":[{"@type":"ReadAction","target":["https:\/\/www.stair24.com\/no\/nyttig-informasjon\/5-tips-for-valg-av-trapp\/"]}]},{"@type":"ImageObject","inLanguage":"nb-NO","@id":"https:\/\/www.stair24.com\/no\/nyttig-informasjon\/5-tips-for-valg-av-trapp\/#primaryimage","url":"https:\/\/www.stair24.com\/wp-content\/uploads\/2023\/12\/trepi-valmistamine-treppide-muuk-treppide-paigaldus-14.jpg","contentUrl":"https:\/\/www.stair24.com\/wp-content\/uploads\/2023\/12\/trepi-valmistamine-treppide-muuk-treppide-paigaldus-14.jpg","width":2560,"height":2306},{"@type":"BreadcrumbList","@id":"https:\/\/www.stair24.com\/no\/nyttig-informasjon\/5-tips-for-valg-av-trapp\/#breadcrumb","itemListElement":[{"@type":"ListItem","position":1,"name":"Home","item":"https:\/\/www.stair24.com\/no\/"},{"@type":"ListItem","position":2,"name":"Nyttig informasjon","item":"https:\/\/www.stair24.com\/no\/nyttig-informasjon\/"},{"@type":"ListItem","position":3,"name":"5 tips for valg av trapp"}]},{"@type":"WebSite","@id":"https:\/\/www.stair24.com\/no\/#website","url":"https:\/\/www.stair24.com\/no\/","name":"STAIR 24 | Kvaliteetsed trepid","description":"Valmistame treppe igas kujus ning suuruses. Trepid on meie kirg ning oleme \u00fcks suurimaid treppide tootja p\u00f5hjamaades. Proovige meie uut trepikalkulaatorit. Parima kvaliteediga trepid, kiire tarne ning soodne hind.","publisher":{"@id":"https:\/\/www.stair24.com\/no\/#organization"},"potentialAction":[{"@type":"SearchAction","target":{"@type":"EntryPoint","urlTemplate":"https:\/\/www.stair24.com\/no\/?s={search_term_string}"},"query-input":{"@type":"PropertyValueSpecification","valueRequired":true,"valueName":"search_term_string"}}],"inLanguage":"nb-NO"},{"@type":"Organization","@id":"https:\/\/www.stair24.com\/no\/#organization","name":"STAIR 24 | Kvaliteetsed trepid","url":"https:\/\/www.stair24.com\/no\/","logo":{"@type":"ImageObject","inLanguage":"nb-NO","@id":"https:\/\/www.stair24.com\/no\/#\/schema\/logo\/image\/","url":"https:\/\/www.stair24.com\/wp-content\/uploads\/2022\/12\/trep-stair24_logo-1.png","contentUrl":"https:\/\/www.stair24.com\/wp-content\/uploads\/2022\/12\/trep-stair24_logo-1.png","width":302,"height":85,"caption":"STAIR 24 | Kvaliteetsed trepid"},"image":{"@id":"https:\/\/www.stair24.com\/no\/#\/schema\/logo\/image\/"},"sameAs":["https:\/\/www.facebook.com\/AruGrupp","https:\/\/www.instagram.com\/stair.24\/","https:\/\/www.youtube.com\/@stair24com"]}]}},"_links":{"self":[{"href":"https:\/\/www.stair24.com\/no\/wp-json\/wp\/v2\/pages\/9876","targetHints":{"allow":["GET"]}}],"collection":[{"href":"https:\/\/www.stair24.com\/no\/wp-json\/wp\/v2\/pages"}],"about":[{"href":"https:\/\/www.stair24.com\/no\/wp-json\/wp\/v2\/types\/page"}],"author":[{"embeddable":true,"href":"https:\/\/www.stair24.com\/no\/wp-json\/wp\/v2\/users\/1"}],"replies":[{"embeddable":true,"href":"https:\/\/www.stair24.com\/no\/wp-json\/wp\/v2\/comments?post=9876"}],"version-history":[{"count":2,"href":"https:\/\/www.stair24.com\/no\/wp-json\/wp\/v2\/pages\/9876\/revisions"}],"predecessor-version":[{"id":9886,"href":"https:\/\/www.stair24.com\/no\/wp-json\/wp\/v2\/pages\/9876\/revisions\/9886"}],"up":[{"embeddable":true,"href":"https:\/\/www.stair24.com\/no\/wp-json\/wp\/v2\/pages\/8183"}],"wp:featuredmedia":[{"embeddable":true,"href":"https:\/\/www.stair24.com\/no\/wp-json\/wp\/v2\/media\/8755"}],"wp:attachment":[{"href":"https:\/\/www.stair24.com\/no\/wp-json\/wp\/v2\/media?parent=9876"}],"curies":[{"name":"wp","href":"https:\/\/api.w.org\/{rel}","templated":true}]}}