{"id":9879,"date":"2023-12-18T15:01:18","date_gmt":"2023-12-18T13:01:18","guid":{"rendered":"https:\/\/www.stair24.com\/?page_id=9879"},"modified":"2023-12-18T15:05:34","modified_gmt":"2023-12-18T13:05:34","slug":"sikkerhetstips","status":"publish","type":"page","link":"https:\/\/www.stair24.com\/no\/nyttig-informasjon\/sikkerhetstips\/","title":{"rendered":"Sikkerhetstips"},"content":{"rendered":"\n<p>For \u00e5 gj\u00f8re trappen tryggere:<\/p>\n\n\n\n<ul class=\"wp-block-list\">\n<li>Trinnene b\u00f8r ikke v\u00e6re glatte. En gummistripe eller et spor i forkant av slitebanen kan bidra til \u00e5 gj\u00f8re trappen mindre glatt.<\/li>\n\n\n\n<li>H\u00e5ndl\u00f8peren bidrar til \u00e5 holde balansen.<\/li>\n\n\n\n<li>En \u00e5pen trappel\u00f8sning m\u00e5 ha barnesikring.<\/li>\n\n\n\n<li>S\u00f8rg for \u00e5 ha riktig belysning i trappen. En to-pols bryter er \u00e5 anbefale.<\/li>\n\n\n\n<li>S\u00f8rg for \u00e5 holde trappen ryddig, slik at det ikke er fare for \u00e5 snuble.<\/li>\n\n\n\n<li>Om det er sm\u00e5 barn tilstede, anbefaler vi \u00e5 montere&nbsp;barnegrind. Slik vil du unng\u00e5 at barnet klatrer i trappen uten tilsyn.<\/li>\n<\/ul>\n","protected":false},"excerpt":{"rendered":"For \u00e5 gj\u00f8re trappen tryggere:","protected":false},"author":1,"featured_media":8741,"parent":8183,"menu_order":6,"comment_status":"closed","ping_status":"closed","template":"page-templates\/useful-information-single.php","meta":{"_acf_changed":false,"footnotes":""},"class_list":["post-9879","page","type-page","status-publish","has-post-thumbnail","hentry"],"acf":[],"yoast_head":"<!-- This site is optimized with the Yoast SEO plugin v27.5 - https:\/\/yoast.com\/product\/yoast-seo-wordpress\/ -->\n<title>Sikkerhetstips - STAIR24<\/title>\n<meta name=\"robots\" content=\"index, follow, max-snippet:-1, max-image-preview:large, max-video-preview:-1\" \/>\n<link rel=\"canonical\" href=\"https:\/\/www.stair24.com\/no\/nyttig-informasjon\/sikkerhetstips\/\" \/>\n<meta property=\"og:locale\" content=\"nb_NO\" \/>\n<meta property=\"og:type\" content=\"article\" \/>\n<meta property=\"og:title\" content=\"Sikkerhetstips - STAIR24\" \/>\n<meta property=\"og:description\" content=\"For \u00e5 gj\u00f8re trappen tryggere:\" \/>\n<meta property=\"og:url\" content=\"https:\/\/www.stair24.com\/no\/nyttig-informasjon\/sikkerhetstips\/\" \/>\n<meta property=\"og:site_name\" content=\"STAIR24\" \/>\n<meta property=\"article:publisher\" content=\"https:\/\/www.facebook.com\/AruGrupp\" \/>\n<meta property=\"article:modified_time\" content=\"2023-12-18T13:05:34+00:00\" \/>\n<meta property=\"og:image\" content=\"https:\/\/live.stair24.com\/wp-content\/uploads\/2023\/12\/IMG_20230717_181726-scaled-1.jpg\" \/>\n\t<meta property=\"og:image:width\" content=\"2072\" \/>\n\t<meta property=\"og:image:height\" content=\"2560\" \/>\n\t<meta property=\"og:image:type\" content=\"image\/jpeg\" \/>\n<meta name=\"twitter:card\" content=\"summary_large_image\" \/>\n<meta name=\"twitter:label1\" content=\"Ansl. lesetid\" \/>\n\t<meta name=\"twitter:data1\" content=\"1 minutt\" \/>\n<script type=\"application\/ld+json\" class=\"yoast-schema-graph\">{\"@context\":\"https:\\\/\\\/schema.org\",\"@graph\":[{\"@type\":\"WebPage\",\"@id\":\"https:\\\/\\\/www.stair24.com\\\/no\\\/nyttig-informasjon\\\/sikkerhetstips\\\/\",\"url\":\"https:\\\/\\\/www.stair24.com\\\/no\\\/nyttig-informasjon\\\/sikkerhetstips\\\/\",\"name\":\"Sikkerhetstips - STAIR24\",\"isPartOf\":{\"@id\":\"https:\\\/\\\/www.stair24.com\\\/no\\\/#website\"},\"primaryImageOfPage\":{\"@id\":\"https:\\\/\\\/www.stair24.com\\\/no\\\/nyttig-informasjon\\\/sikkerhetstips\\\/#primaryimage\"},\"image\":{\"@id\":\"https:\\\/\\\/www.stair24.com\\\/no\\\/nyttig-informasjon\\\/sikkerhetstips\\\/#primaryimage\"},\"thumbnailUrl\":\"https:\\\/\\\/www.stair24.com\\\/wp-content\\\/uploads\\\/2023\\\/12\\\/trepi-valmistamine-treppide-muuk-treppide-paigaldus-15.jpg\",\"datePublished\":\"2023-12-18T13:01:18+00:00\",\"dateModified\":\"2023-12-18T13:05:34+00:00\",\"breadcrumb\":{\"@id\":\"https:\\\/\\\/www.stair24.com\\\/no\\\/nyttig-informasjon\\\/sikkerhetstips\\\/#breadcrumb\"},\"inLanguage\":\"nb-NO\",\"potentialAction\":[{\"@type\":\"ReadAction\",\"target\":[\"https:\\\/\\\/www.stair24.com\\\/no\\\/nyttig-informasjon\\\/sikkerhetstips\\\/\"]}]},{\"@type\":\"ImageObject\",\"inLanguage\":\"nb-NO\",\"@id\":\"https:\\\/\\\/www.stair24.com\\\/no\\\/nyttig-informasjon\\\/sikkerhetstips\\\/#primaryimage\",\"url\":\"https:\\\/\\\/www.stair24.com\\\/wp-content\\\/uploads\\\/2023\\\/12\\\/trepi-valmistamine-treppide-muuk-treppide-paigaldus-15.jpg\",\"contentUrl\":\"https:\\\/\\\/www.stair24.com\\\/wp-content\\\/uploads\\\/2023\\\/12\\\/trepi-valmistamine-treppide-muuk-treppide-paigaldus-15.jpg\",\"width\":2072,\"height\":2560},{\"@type\":\"BreadcrumbList\",\"@id\":\"https:\\\/\\\/www.stair24.com\\\/no\\\/nyttig-informasjon\\\/sikkerhetstips\\\/#breadcrumb\",\"itemListElement\":[{\"@type\":\"ListItem\",\"position\":1,\"name\":\"Home\",\"item\":\"https:\\\/\\\/www.stair24.com\\\/no\\\/\"},{\"@type\":\"ListItem\",\"position\":2,\"name\":\"Nyttig informasjon\",\"item\":\"https:\\\/\\\/www.stair24.com\\\/no\\\/nyttig-informasjon\\\/\"},{\"@type\":\"ListItem\",\"position\":3,\"name\":\"Sikkerhetstips\"}]},{\"@type\":\"WebSite\",\"@id\":\"https:\\\/\\\/www.stair24.com\\\/no\\\/#website\",\"url\":\"https:\\\/\\\/www.stair24.com\\\/no\\\/\",\"name\":\"STAIR 24 | Kvaliteetsed trepid\",\"description\":\"Valmistame treppe igas kujus ning suuruses. Trepid on meie kirg ning oleme \u00fcks suurimaid treppide tootja p\u00f5hjamaades. Proovige meie uut trepikalkulaatorit. Parima kvaliteediga trepid, kiire tarne ning soodne hind.\",\"publisher\":{\"@id\":\"https:\\\/\\\/www.stair24.com\\\/no\\\/#organization\"},\"potentialAction\":[{\"@type\":\"SearchAction\",\"target\":{\"@type\":\"EntryPoint\",\"urlTemplate\":\"https:\\\/\\\/www.stair24.com\\\/no\\\/?s={search_term_string}\"},\"query-input\":{\"@type\":\"PropertyValueSpecification\",\"valueRequired\":true,\"valueName\":\"search_term_string\"}}],\"inLanguage\":\"nb-NO\"},{\"@type\":\"Organization\",\"@id\":\"https:\\\/\\\/www.stair24.com\\\/no\\\/#organization\",\"name\":\"STAIR 24 | Kvaliteetsed trepid\",\"url\":\"https:\\\/\\\/www.stair24.com\\\/no\\\/\",\"logo\":{\"@type\":\"ImageObject\",\"inLanguage\":\"nb-NO\",\"@id\":\"https:\\\/\\\/www.stair24.com\\\/no\\\/#\\\/schema\\\/logo\\\/image\\\/\",\"url\":\"https:\\\/\\\/www.stair24.com\\\/wp-content\\\/uploads\\\/2022\\\/12\\\/trep-stair24_logo-1.png\",\"contentUrl\":\"https:\\\/\\\/www.stair24.com\\\/wp-content\\\/uploads\\\/2022\\\/12\\\/trep-stair24_logo-1.png\",\"width\":302,\"height\":85,\"caption\":\"STAIR 24 | Kvaliteetsed trepid\"},\"image\":{\"@id\":\"https:\\\/\\\/www.stair24.com\\\/no\\\/#\\\/schema\\\/logo\\\/image\\\/\"},\"sameAs\":[\"https:\\\/\\\/www.facebook.com\\\/AruGrupp\",\"https:\\\/\\\/www.instagram.com\\\/stair.24\\\/\",\"https:\\\/\\\/www.youtube.com\\\/@stair24com\"]}]}<\/script>\n<!-- \/ Yoast SEO plugin. -->","yoast_head_json":{"title":"Sikkerhetstips - STAIR24","robots":{"index":"index","follow":"follow","max-snippet":"max-snippet:-1","max-image-preview":"max-image-preview:large","max-video-preview":"max-video-preview:-1"},"canonical":"https:\/\/www.stair24.com\/no\/nyttig-informasjon\/sikkerhetstips\/","og_locale":"nb_NO","og_type":"article","og_title":"Sikkerhetstips - STAIR24","og_description":"For \u00e5 gj\u00f8re trappen tryggere:","og_url":"https:\/\/www.stair24.com\/no\/nyttig-informasjon\/sikkerhetstips\/","og_site_name":"STAIR24","article_publisher":"https:\/\/www.facebook.com\/AruGrupp","article_modified_time":"2023-12-18T13:05:34+00:00","og_image":[{"width":2072,"height":2560,"url":"https:\/\/live.stair24.com\/wp-content\/uploads\/2023\/12\/IMG_20230717_181726-scaled-1.jpg","type":"image\/jpeg"}],"twitter_card":"summary_large_image","twitter_misc":{"Ansl. lesetid":"1 minutt"},"schema":{"@context":"https:\/\/schema.org","@graph":[{"@type":"WebPage","@id":"https:\/\/www.stair24.com\/no\/nyttig-informasjon\/sikkerhetstips\/","url":"https:\/\/www.stair24.com\/no\/nyttig-informasjon\/sikkerhetstips\/","name":"Sikkerhetstips - STAIR24","isPartOf":{"@id":"https:\/\/www.stair24.com\/no\/#website"},"primaryImageOfPage":{"@id":"https:\/\/www.stair24.com\/no\/nyttig-informasjon\/sikkerhetstips\/#primaryimage"},"image":{"@id":"https:\/\/www.stair24.com\/no\/nyttig-informasjon\/sikkerhetstips\/#primaryimage"},"thumbnailUrl":"https:\/\/www.stair24.com\/wp-content\/uploads\/2023\/12\/trepi-valmistamine-treppide-muuk-treppide-paigaldus-15.jpg","datePublished":"2023-12-18T13:01:18+00:00","dateModified":"2023-12-18T13:05:34+00:00","breadcrumb":{"@id":"https:\/\/www.stair24.com\/no\/nyttig-informasjon\/sikkerhetstips\/#breadcrumb"},"inLanguage":"nb-NO","potentialAction":[{"@type":"ReadAction","target":["https:\/\/www.stair24.com\/no\/nyttig-informasjon\/sikkerhetstips\/"]}]},{"@type":"ImageObject","inLanguage":"nb-NO","@id":"https:\/\/www.stair24.com\/no\/nyttig-informasjon\/sikkerhetstips\/#primaryimage","url":"https:\/\/www.stair24.com\/wp-content\/uploads\/2023\/12\/trepi-valmistamine-treppide-muuk-treppide-paigaldus-15.jpg","contentUrl":"https:\/\/www.stair24.com\/wp-content\/uploads\/2023\/12\/trepi-valmistamine-treppide-muuk-treppide-paigaldus-15.jpg","width":2072,"height":2560},{"@type":"BreadcrumbList","@id":"https:\/\/www.stair24.com\/no\/nyttig-informasjon\/sikkerhetstips\/#breadcrumb","itemListElement":[{"@type":"ListItem","position":1,"name":"Home","item":"https:\/\/www.stair24.com\/no\/"},{"@type":"ListItem","position":2,"name":"Nyttig informasjon","item":"https:\/\/www.stair24.com\/no\/nyttig-informasjon\/"},{"@type":"ListItem","position":3,"name":"Sikkerhetstips"}]},{"@type":"WebSite","@id":"https:\/\/www.stair24.com\/no\/#website","url":"https:\/\/www.stair24.com\/no\/","name":"STAIR 24 | Kvaliteetsed trepid","description":"Valmistame treppe igas kujus ning suuruses. Trepid on meie kirg ning oleme \u00fcks suurimaid treppide tootja p\u00f5hjamaades. Proovige meie uut trepikalkulaatorit. Parima kvaliteediga trepid, kiire tarne ning soodne hind.","publisher":{"@id":"https:\/\/www.stair24.com\/no\/#organization"},"potentialAction":[{"@type":"SearchAction","target":{"@type":"EntryPoint","urlTemplate":"https:\/\/www.stair24.com\/no\/?s={search_term_string}"},"query-input":{"@type":"PropertyValueSpecification","valueRequired":true,"valueName":"search_term_string"}}],"inLanguage":"nb-NO"},{"@type":"Organization","@id":"https:\/\/www.stair24.com\/no\/#organization","name":"STAIR 24 | Kvaliteetsed trepid","url":"https:\/\/www.stair24.com\/no\/","logo":{"@type":"ImageObject","inLanguage":"nb-NO","@id":"https:\/\/www.stair24.com\/no\/#\/schema\/logo\/image\/","url":"https:\/\/www.stair24.com\/wp-content\/uploads\/2022\/12\/trep-stair24_logo-1.png","contentUrl":"https:\/\/www.stair24.com\/wp-content\/uploads\/2022\/12\/trep-stair24_logo-1.png","width":302,"height":85,"caption":"STAIR 24 | Kvaliteetsed trepid"},"image":{"@id":"https:\/\/www.stair24.com\/no\/#\/schema\/logo\/image\/"},"sameAs":["https:\/\/www.facebook.com\/AruGrupp","https:\/\/www.instagram.com\/stair.24\/","https:\/\/www.youtube.com\/@stair24com"]}]}},"_links":{"self":[{"href":"https:\/\/www.stair24.com\/no\/wp-json\/wp\/v2\/pages\/9879","targetHints":{"allow":["GET"]}}],"collection":[{"href":"https:\/\/www.stair24.com\/no\/wp-json\/wp\/v2\/pages"}],"about":[{"href":"https:\/\/www.stair24.com\/no\/wp-json\/wp\/v2\/types\/page"}],"author":[{"embeddable":true,"href":"https:\/\/www.stair24.com\/no\/wp-json\/wp\/v2\/users\/1"}],"replies":[{"embeddable":true,"href":"https:\/\/www.stair24.com\/no\/wp-json\/wp\/v2\/comments?post=9879"}],"version-history":[{"count":2,"href":"https:\/\/www.stair24.com\/no\/wp-json\/wp\/v2\/pages\/9879\/revisions"}],"predecessor-version":[{"id":9881,"href":"https:\/\/www.stair24.com\/no\/wp-json\/wp\/v2\/pages\/9879\/revisions\/9881"}],"up":[{"embeddable":true,"href":"https:\/\/www.stair24.com\/no\/wp-json\/wp\/v2\/pages\/8183"}],"wp:featuredmedia":[{"embeddable":true,"href":"https:\/\/www.stair24.com\/no\/wp-json\/wp\/v2\/media\/8741"}],"wp:attachment":[{"href":"https:\/\/www.stair24.com\/no\/wp-json\/wp\/v2\/media?parent=9879"}],"curies":[{"name":"wp","href":"https:\/\/api.w.org\/{rel}","templated":true}]}}