{"id":4468,"date":"2022-03-01T10:40:18","date_gmt":"2022-03-01T10:40:18","guid":{"rendered":"https:\/\/www.stair24.com\/instalments\/"},"modified":"2023-02-15T16:39:44","modified_gmt":"2023-02-15T14:39:44","slug":"avbetalning","status":"publish","type":"page","link":"https:\/\/www.stair24.com\/sv\/avbetalning\/","title":{"rendered":"Avbetalning"},"content":{"rendered":"\n<figure class=\"wp-block-image\"><img decoding=\"async\" src=\"https:\/\/www.stair24.ee\/Shared\/Content\/Images\/Logo\/estojarelmaks-logo.png\" alt=\"\"\/><\/figure>\n\n\n\n<p>Anv\u00e4nd ESTO-avbetalning vid betalning f\u00f6r produkter eller tj\u00e4nster \u2013 den f\u00f6rm\u00e5nligaste, den bekv\u00e4maste och den snabbaste avbetalningsl\u00e4nken i Estland!<\/p>\n\n\n\n<p>L\u00e4gg produkter i varukorgen, bekr\u00e4fta Din order och v\u00e4lj ESTO-avbetalning som betalningss\u00e4tt. Vid betalning kan Du v\u00e4lja en l\u00e4mplig period och beloppet f\u00f6r m\u00e5nadsbetalning, underteckna sedan digitalt med hj\u00e4lp av&nbsp;<strong>ID-kort, Smart-ID&nbsp;<\/strong>eller&nbsp;<strong>Mobiili-ID<\/strong>.&nbsp;<\/p>\n\n\n\n<p>ESTO-avbetalning \u00e4r en mycket snabb och bekv\u00e4m betalningsl\u00f6sning som hj\u00e4lper att uppr\u00e4tta ett betalningsschema f\u00f6r den valda perioden f\u00f6r amortering. Betalningsl\u00f6sningen fattar kreditbeslut i realtid och m\u00f6jligg\u00f6r att k\u00f6pa p\u00e5 mindre \u00e4n 60 sekunder.<\/p>\n\n\n\n<p>OBS! Varje avbetalning \u00e4r ett finansiellt \u00e5tagande. L\u00e4s igenom villkoren f\u00f6r tj\u00e4nsten och konsultera vid behov en specialist innan Du ing\u00e5r ett avbetalningsavtal.<\/p>\n\n\n\n<p>Leverant\u00f6ren f\u00f6r ESTO-avbetalning \u00e4r&nbsp;<strong>ESTO AS<\/strong>&nbsp;(organisationsnummer 14180709).<\/p>\n\n\n\n<p>Standardvillkoren f\u00f6r ESTO avbetalning \u00e4r f\u00f6ljande:<\/p>\n\n\n\n<p>&nbsp; &nbsp; \u2022 R\u00e4nta fr\u00e5n 0% upp till 14.90%<\/p>\n\n\n\n<p>&nbsp; &nbsp; \u2022 Avtalsavgift fr\u00e5n 0 euro<\/p>\n\n\n\n<p>&nbsp; &nbsp; \u2022 Period upp till 4 \u00e5r<\/p>\n\n\n\n<p>Avbetalningen av ESTO kan ans\u00f6kas av alla 18-70-\u00e5riga medborgare i Estland. ESTO-avbetalning kan \u00e4ven tecknas snabbt och bekv\u00e4mt f\u00f6r en juridisk person.<\/p>\n\n\n\n<p>Varje finansiellt beslut medf\u00f6r risker och skyldigheter, \u00f6verv\u00e4g behovet av l\u00e5nprodukter noga. T.ex. vid ett l\u00e5n p\u00e5 1500 euro f\u00f6r 12 m\u00e5nader med 14.90% fast \u00e5rlig r\u00e4nta och avtalsavgift p\u00e5 14.90 euro \u00e4r kreditkostnadsniv\u00e5n 34.74%, m\u00e5nadsbetalning 146.37 euro och det \u00e5terbetalade totalbeloppet 1756.68 euro. Avbetalning \u00e4r en finansiell skyldighet, l\u00e4s noga igenom avtalsvillkoren och r\u00e5dfr\u00e5ga vid behov ESTO AS\u2019 personal eller annan specialist.<\/p>\n","protected":false},"excerpt":{"rendered":"Anv\u00e4nd ESTO-avbetalning vid betalning f\u00f6r produkter eller tj\u00e4nster \u2013 den f\u00f6rm\u00e5nligaste, den bekv\u00e4maste och den snabbaste&#8230;","protected":false},"author":1,"featured_media":0,"parent":0,"menu_order":0,"comment_status":"closed","ping_status":"closed","template":"","meta":{"_acf_changed":false,"footnotes":""},"class_list":["post-4468","page","type-page","status-publish","hentry"],"acf":[],"yoast_head":"<!-- This site is optimized with the Yoast SEO plugin v27.2 - https:\/\/yoast.com\/product\/yoast-seo-wordpress\/ -->\n<title>Avbetalning - STAIR24<\/title>\n<meta name=\"robots\" content=\"index, follow, max-snippet:-1, max-image-preview:large, max-video-preview:-1\" \/>\n<link rel=\"canonical\" href=\"https:\/\/www.stair24.com\/sv\/avbetalning\/\" \/>\n<meta property=\"og:locale\" content=\"sv_SE\" \/>\n<meta property=\"og:type\" content=\"article\" \/>\n<meta property=\"og:title\" content=\"Avbetalning - STAIR24\" \/>\n<meta property=\"og:description\" content=\"Anv\u00e4nd ESTO-avbetalning vid betalning f\u00f6r produkter eller tj\u00e4nster \u2013 den f\u00f6rm\u00e5nligaste, den bekv\u00e4maste och den snabbaste...\" \/>\n<meta property=\"og:url\" content=\"https:\/\/www.stair24.com\/sv\/avbetalning\/\" \/>\n<meta property=\"og:site_name\" content=\"STAIR24\" \/>\n<meta property=\"article:publisher\" content=\"https:\/\/www.facebook.com\/AruGrupp\" \/>\n<meta property=\"article:modified_time\" content=\"2023-02-15T14:39:44+00:00\" \/>\n<meta property=\"og:image\" content=\"https:\/\/www.stair24.ee\/Shared\/Content\/Images\/Logo\/estojarelmaks-logo.png\" \/>\n<meta name=\"twitter:card\" content=\"summary_large_image\" \/>\n<meta name=\"twitter:label1\" content=\"Ber\u00e4knad l\u00e4stid\" \/>\n\t<meta name=\"twitter:data1\" content=\"2 minuter\" \/>\n<script type=\"application\/ld+json\" class=\"yoast-schema-graph\">{\"@context\":\"https:\/\/schema.org\",\"@graph\":[{\"@type\":\"WebPage\",\"@id\":\"https:\/\/www.stair24.com\/sv\/avbetalning\/\",\"url\":\"https:\/\/www.stair24.com\/sv\/avbetalning\/\",\"name\":\"Avbetalning - STAIR24\",\"isPartOf\":{\"@id\":\"https:\/\/www.stair24.com\/sv\/#website\"},\"primaryImageOfPage\":{\"@id\":\"https:\/\/www.stair24.com\/sv\/avbetalning\/#primaryimage\"},\"image\":{\"@id\":\"https:\/\/www.stair24.com\/sv\/avbetalning\/#primaryimage\"},\"thumbnailUrl\":\"https:\/\/www.stair24.ee\/Shared\/Content\/Images\/Logo\/estojarelmaks-logo.png\",\"datePublished\":\"2022-03-01T10:40:18+00:00\",\"dateModified\":\"2023-02-15T14:39:44+00:00\",\"breadcrumb\":{\"@id\":\"https:\/\/www.stair24.com\/sv\/avbetalning\/#breadcrumb\"},\"inLanguage\":\"sv-SE\",\"potentialAction\":[{\"@type\":\"ReadAction\",\"target\":[\"https:\/\/www.stair24.com\/sv\/avbetalning\/\"]}]},{\"@type\":\"ImageObject\",\"inLanguage\":\"sv-SE\",\"@id\":\"https:\/\/www.stair24.com\/sv\/avbetalning\/#primaryimage\",\"url\":\"https:\/\/www.stair24.ee\/Shared\/Content\/Images\/Logo\/estojarelmaks-logo.png\",\"contentUrl\":\"https:\/\/www.stair24.ee\/Shared\/Content\/Images\/Logo\/estojarelmaks-logo.png\"},{\"@type\":\"BreadcrumbList\",\"@id\":\"https:\/\/www.stair24.com\/sv\/avbetalning\/#breadcrumb\",\"itemListElement\":[{\"@type\":\"ListItem\",\"position\":1,\"name\":\"Home\",\"item\":\"https:\/\/www.stair24.com\/sv\/\"},{\"@type\":\"ListItem\",\"position\":2,\"name\":\"Avbetalning\"}]},{\"@type\":\"WebSite\",\"@id\":\"https:\/\/www.stair24.com\/sv\/#website\",\"url\":\"https:\/\/www.stair24.com\/sv\/\",\"name\":\"STAIR 24 | Kvaliteetsed trepid\",\"description\":\"Valmistame treppe igas kujus ning suuruses. Trepid on meie kirg ning oleme \u00fcks suurimaid treppide tootja p\u00f5hjamaades. Proovige meie uut trepikalkulaatorit. Parima kvaliteediga trepid, kiire tarne ning soodne hind.\",\"publisher\":{\"@id\":\"https:\/\/www.stair24.com\/sv\/#organization\"},\"potentialAction\":[{\"@type\":\"SearchAction\",\"target\":{\"@type\":\"EntryPoint\",\"urlTemplate\":\"https:\/\/www.stair24.com\/sv\/?s={search_term_string}\"},\"query-input\":{\"@type\":\"PropertyValueSpecification\",\"valueRequired\":true,\"valueName\":\"search_term_string\"}}],\"inLanguage\":\"sv-SE\"},{\"@type\":\"Organization\",\"@id\":\"https:\/\/www.stair24.com\/sv\/#organization\",\"name\":\"STAIR 24 | Kvaliteetsed trepid\",\"url\":\"https:\/\/www.stair24.com\/sv\/\",\"logo\":{\"@type\":\"ImageObject\",\"inLanguage\":\"sv-SE\",\"@id\":\"https:\/\/www.stair24.com\/sv\/#\/schema\/logo\/image\/\",\"url\":\"https:\/\/www.stair24.com\/wp-content\/uploads\/2022\/12\/trep-stair24_logo-1.png\",\"contentUrl\":\"https:\/\/www.stair24.com\/wp-content\/uploads\/2022\/12\/trep-stair24_logo-1.png\",\"width\":302,\"height\":85,\"caption\":\"STAIR 24 | Kvaliteetsed trepid\"},\"image\":{\"@id\":\"https:\/\/www.stair24.com\/sv\/#\/schema\/logo\/image\/\"},\"sameAs\":[\"https:\/\/www.facebook.com\/AruGrupp\",\"https:\/\/www.instagram.com\/stair.24\/\",\"https:\/\/www.youtube.com\/@stair24com\"]}]}<\/script>\n<!-- \/ Yoast SEO plugin. -->","yoast_head_json":{"title":"Avbetalning - STAIR24","robots":{"index":"index","follow":"follow","max-snippet":"max-snippet:-1","max-image-preview":"max-image-preview:large","max-video-preview":"max-video-preview:-1"},"canonical":"https:\/\/www.stair24.com\/sv\/avbetalning\/","og_locale":"sv_SE","og_type":"article","og_title":"Avbetalning - STAIR24","og_description":"Anv\u00e4nd ESTO-avbetalning vid betalning f\u00f6r produkter eller tj\u00e4nster \u2013 den f\u00f6rm\u00e5nligaste, den bekv\u00e4maste och den snabbaste...","og_url":"https:\/\/www.stair24.com\/sv\/avbetalning\/","og_site_name":"STAIR24","article_publisher":"https:\/\/www.facebook.com\/AruGrupp","article_modified_time":"2023-02-15T14:39:44+00:00","og_image":[{"url":"https:\/\/www.stair24.ee\/Shared\/Content\/Images\/Logo\/estojarelmaks-logo.png","type":"","width":"","height":""}],"twitter_card":"summary_large_image","twitter_misc":{"Ber\u00e4knad l\u00e4stid":"2 minuter"},"schema":{"@context":"https:\/\/schema.org","@graph":[{"@type":"WebPage","@id":"https:\/\/www.stair24.com\/sv\/avbetalning\/","url":"https:\/\/www.stair24.com\/sv\/avbetalning\/","name":"Avbetalning - STAIR24","isPartOf":{"@id":"https:\/\/www.stair24.com\/sv\/#website"},"primaryImageOfPage":{"@id":"https:\/\/www.stair24.com\/sv\/avbetalning\/#primaryimage"},"image":{"@id":"https:\/\/www.stair24.com\/sv\/avbetalning\/#primaryimage"},"thumbnailUrl":"https:\/\/www.stair24.ee\/Shared\/Content\/Images\/Logo\/estojarelmaks-logo.png","datePublished":"2022-03-01T10:40:18+00:00","dateModified":"2023-02-15T14:39:44+00:00","breadcrumb":{"@id":"https:\/\/www.stair24.com\/sv\/avbetalning\/#breadcrumb"},"inLanguage":"sv-SE","potentialAction":[{"@type":"ReadAction","target":["https:\/\/www.stair24.com\/sv\/avbetalning\/"]}]},{"@type":"ImageObject","inLanguage":"sv-SE","@id":"https:\/\/www.stair24.com\/sv\/avbetalning\/#primaryimage","url":"https:\/\/www.stair24.ee\/Shared\/Content\/Images\/Logo\/estojarelmaks-logo.png","contentUrl":"https:\/\/www.stair24.ee\/Shared\/Content\/Images\/Logo\/estojarelmaks-logo.png"},{"@type":"BreadcrumbList","@id":"https:\/\/www.stair24.com\/sv\/avbetalning\/#breadcrumb","itemListElement":[{"@type":"ListItem","position":1,"name":"Home","item":"https:\/\/www.stair24.com\/sv\/"},{"@type":"ListItem","position":2,"name":"Avbetalning"}]},{"@type":"WebSite","@id":"https:\/\/www.stair24.com\/sv\/#website","url":"https:\/\/www.stair24.com\/sv\/","name":"STAIR 24 | Kvaliteetsed trepid","description":"Valmistame treppe igas kujus ning suuruses. Trepid on meie kirg ning oleme \u00fcks suurimaid treppide tootja p\u00f5hjamaades. Proovige meie uut trepikalkulaatorit. Parima kvaliteediga trepid, kiire tarne ning soodne hind.","publisher":{"@id":"https:\/\/www.stair24.com\/sv\/#organization"},"potentialAction":[{"@type":"SearchAction","target":{"@type":"EntryPoint","urlTemplate":"https:\/\/www.stair24.com\/sv\/?s={search_term_string}"},"query-input":{"@type":"PropertyValueSpecification","valueRequired":true,"valueName":"search_term_string"}}],"inLanguage":"sv-SE"},{"@type":"Organization","@id":"https:\/\/www.stair24.com\/sv\/#organization","name":"STAIR 24 | Kvaliteetsed trepid","url":"https:\/\/www.stair24.com\/sv\/","logo":{"@type":"ImageObject","inLanguage":"sv-SE","@id":"https:\/\/www.stair24.com\/sv\/#\/schema\/logo\/image\/","url":"https:\/\/www.stair24.com\/wp-content\/uploads\/2022\/12\/trep-stair24_logo-1.png","contentUrl":"https:\/\/www.stair24.com\/wp-content\/uploads\/2022\/12\/trep-stair24_logo-1.png","width":302,"height":85,"caption":"STAIR 24 | Kvaliteetsed trepid"},"image":{"@id":"https:\/\/www.stair24.com\/sv\/#\/schema\/logo\/image\/"},"sameAs":["https:\/\/www.facebook.com\/AruGrupp","https:\/\/www.instagram.com\/stair.24\/","https:\/\/www.youtube.com\/@stair24com"]}]}},"_links":{"self":[{"href":"https:\/\/www.stair24.com\/sv\/wp-json\/wp\/v2\/pages\/4468","targetHints":{"allow":["GET"]}}],"collection":[{"href":"https:\/\/www.stair24.com\/sv\/wp-json\/wp\/v2\/pages"}],"about":[{"href":"https:\/\/www.stair24.com\/sv\/wp-json\/wp\/v2\/types\/page"}],"author":[{"embeddable":true,"href":"https:\/\/www.stair24.com\/sv\/wp-json\/wp\/v2\/users\/1"}],"replies":[{"embeddable":true,"href":"https:\/\/www.stair24.com\/sv\/wp-json\/wp\/v2\/comments?post=4468"}],"version-history":[{"count":5,"href":"https:\/\/www.stair24.com\/sv\/wp-json\/wp\/v2\/pages\/4468\/revisions"}],"predecessor-version":[{"id":5687,"href":"https:\/\/www.stair24.com\/sv\/wp-json\/wp\/v2\/pages\/4468\/revisions\/5687"}],"wp:attachment":[{"href":"https:\/\/www.stair24.com\/sv\/wp-json\/wp\/v2\/media?parent=4468"}],"curies":[{"name":"wp","href":"https:\/\/api.w.org\/{rel}","templated":true}]}}