{"id":4777,"date":"2022-03-01T10:23:03","date_gmt":"2022-03-01T10:23:03","guid":{"rendered":"https:\/\/www.stair24.com\/shopping-info\/"},"modified":"2023-10-16T15:15:09","modified_gmt":"2023-10-16T13:15:09","slug":"kopinformation","status":"publish","type":"page","link":"https:\/\/www.stair24.com\/sv\/kopinformation\/","title":{"rendered":"K\u00f6pinformation"},"content":{"rendered":"\n<ol class=\"wp-block-list\">\n<li>V\u00e4lj land.<\/li>\n\n\n\n<li>Se inneh\u00e5llet, se information och videomaterial.<\/li>\n\n\n\n<li>V\u00e4lj trappans form.<\/li>\n\n\n\n<li>V\u00e4lj trappans riktning.<\/li>\n\n\n\n<li>Se de 8 stegen f\u00f6r val av en trappa.<\/li>\n\n\n\n<li>Anv\u00e4nd filter f\u00f6r att hitta en l\u00e4mplig typ av trappa.<\/li>\n\n\n\n<li>Anv\u00e4nd j\u00e4mf\u00f6relse f\u00f6r att hitta en l\u00e4mplig typ av trappa.<\/li>\n\n\n\n<li>Se produkten n\u00e4rmare: zooma in och anv\u00e4nd 3D-vyn.<\/li>\n\n\n\n<li>Namnge projektet f\u00f6r Din trappa.<\/li>\n\n\n\n<li>V\u00e4lj tr\u00e4slag, tr\u00e4grupp och ytbehandling f\u00f6r trappstegen och handledarna f\u00f6r Din trappa.<\/li>\n\n\n\n<li>V\u00e4lj tr\u00e4slag, tr\u00e4grupp och ytbehandling f\u00f6r stolpar, r\u00e4cken och s\u00e4ttsteg f\u00f6r Din trappa.<\/li>\n\n\n\n<li>Om Du har ytterligare information, ange den g\u00e4rna; om Du har fr\u00e5gor, kontakta v\u00e5rt informationscenter.<\/li>\n\n\n\n<li>V\u00e4lj typen f\u00f6r trapp\u00f6ppningen i Ditt hus.<\/li>\n\n\n\n<li>Ange m\u00e5tten f\u00f6r Din trapp\u00f6ppning.<\/li>\n\n\n\n<li>Om Du best\u00e4ller m\u00e4tning fr\u00e5n Stair24 ber\u00e4knas den prelimin\u00e4ra kostnaden enligt angivna m\u00e5tt. Slutgiltiga preciserade m\u00e5tt fastst\u00e4lls efter m\u00e4tning utf\u00f6rd av representanten av Stair24.<\/li>\n\n\n\n<li>Vi f\u00f6resl\u00e5r rekommenderade m\u00e5tt f\u00f6r trappan utifr\u00e5n trapp\u00f6ppningens m\u00e5tt. Korrigera g\u00e4rna vid behov.<\/li>\n\n\n\n<li>Kontrollera om strategiska parametrar \u00e4r inom toleranser (gr\u00f6na). F\u00f6lj rekommendationer under informationsknappen vid behov och korrigera m\u00e5tten. Avvikelser fr\u00e5n standard m\u00e5ste ibland godtas p.g.a. objektets m\u00e5tt.<\/li>\n\n\n\n<li>Observera att den skiss som visas och 3D-bild p\u00e5 trappan inte \u00e4r i skala. En ritning i skala och en 3D-bild uppr\u00e4ttas enligt m\u00e5tten uppr\u00e4ttas och skickas av STAIR24 med orderbekr\u00e4ftelsen till Din e-post.<\/li>\n\n\n\n<li>V\u00e4lj tillval f\u00f6r Din trappa. Valda tillval visas p\u00e5 ritningar och 3D-bilden som skickas med orderbekr\u00e4ftelsen.<\/li>\n\n\n\n<li>Kontrollera innan Du l\u00e4gger produkten i varukorgen att trappan med tillval och tj\u00e4nster \u00e4r just s\u00e5dan Du ville ha&nbsp; (3D-ritningen \u00e4r inte \u00e4n i skala). G\u00e5 g\u00e4rna tillbaka om Du vill \u00e4ndra n\u00e5got, Dina uppgifter lagras.<\/li>\n\n\n\n<li>L\u00e4gg produkten i varukorgen.<\/li>\n\n\n\n<li>\u00d6ka antalet om Du vill v\u00e4lja fler \u00e4r en produkt.<\/li>\n\n\n\n<li>Forts\u00e4tt om Du vill k\u00f6pa fler produkter.<\/li>\n\n\n\n<li>V\u00e4lj n\u00f6dv\u00e4ndiga tj\u00e4nster: leverans, m\u00e4t- och monteringstj\u00e4nst.<\/li>\n\n\n\n<li>V\u00e4lj leveransvecka, l\u00e4s igenom f\u00f6rs\u00e4ljningsvillkoren.<\/li>\n\n\n\n<li>Du beh\u00f6ver ett konto f\u00f6r att kunna k\u00f6pa. Om Du redan har ett konto, logga in.<\/li>\n\n\n\n<li>Rabatten g\u00e4ller f\u00f6r utvalda produkter. Rabatten omfattar inte tj\u00e4nster (m\u00e4tning, transport, montering).<\/li>\n\n\n\n<li>Om det \u00e4r Ditt f\u00f6rsta k\u00f6p, v\u00e4lj om Du k\u00f6per som privat kund eller som f\u00f6retagskund.<\/li>\n\n\n\n<li>Ange Dina uppgifter.<\/li>\n\n\n\n<li>Bekr\u00e4fta kontots uppgifter och s\u00e5 \u00e4r Du automatiskt inloggad.<\/li>\n\n\n\n<li>Ange leveransadress.<\/li>\n\n\n\n<li>V\u00e4lj betalningss\u00e4tt.<\/li>\n\n\n\n<li>Betala 50% i f\u00f6rskott (0% vid avbetalning).<\/li>\n\n\n\n<li>STAIR24 kommer att skicka en bekr\u00e4ftelse om hantering av ordern och aktivitetsplanen.<\/li>\n\n\n\n<li>Inom 24 h (p\u00e5 en arbetsvecka) skickar STAIR 24 en orderbekr\u00e4ftelse.<\/li>\n\n\n\n<li>Vi f\u00f6rv\u00e4ntar Dig att skicka tillbaka den av Dig bekr\u00e4ftade orderbekr\u00e4ftelsen inom ytterligare 24 h f\u00f6r att STAIR24 ska kunna f\u00f6lja leveransschemat.<\/li>\n\n\n\n<li>P\u00e5 m\u00e5ndagen i veckan f\u00f6re leveransveckan skickar STAIR24 information om f\u00e4rdigst\u00e4llandet och leveransen av produkterna till Din e-postadress.<\/li>\n\n\n\n<li>Betala den andra delbetalningen (totalt 100%) senast p\u00e5 tisdagen i veckan f\u00f6re leveransveckan (vid avbetalning i enlighet med avbetalningsschemat).<\/li>\n\n\n\n<li>Vid best\u00e4llning inklusive monteringstj\u00e4nst kommer STAIR24&nbsp; att skicka en monteringsplan till Din e-post p\u00e5 tisdagen i veckan f\u00f6re leveransveckan.<\/li>\n\n\n\n<li>Vi f\u00f6rv\u00e4ntar Dig att skicka tillbaka den av Dig bekr\u00e4ftade monteringsplanen inom ytterligare 24 h f\u00f6r att STAIR24 ska kunna f\u00f6lja leveransschemat.<\/li>\n\n\n\n<li>1 arbetsdag f\u00f6re leveransen av varorna underr\u00e4ttar STAIR24 Dig om \u00f6verl\u00e4mnandet.<\/li>\n\n\n\n<li>Kontrollera vid mottagning av varorna att leveransf\u00f6rpackningen \u00e4r oskadad; om Du uppt\u00e4cker n\u00e5gon skada, anteckna detta p\u00e5 leveranssedeln och ta ett foto p\u00e5 situationen.<\/li>\n\n\n\n<li>Vid best\u00e4llning inklusive montering underteckna monteringshandlingen direkt efter avslutade monteringsarbeten.<\/li>\n\n\n\n<li>Om Du har n\u00e5gra fr\u00e5gor eller problem, tveka inte att kontakta v\u00e5r kundservice.<\/li>\n<\/ol>\n","protected":false},"excerpt":{"rendered":"","protected":false},"author":1,"featured_media":0,"parent":0,"menu_order":0,"comment_status":"closed","ping_status":"closed","template":"","meta":{"_acf_changed":false,"footnotes":""},"class_list":["post-4777","page","type-page","status-publish","hentry"],"acf":[],"yoast_head":"<!-- This site is optimized with the Yoast SEO plugin v27.5 - https:\/\/yoast.com\/product\/yoast-seo-wordpress\/ -->\n<title>K\u00f6pinformation - STAIR24<\/title>\n<meta name=\"robots\" content=\"index, follow, max-snippet:-1, max-image-preview:large, max-video-preview:-1\" \/>\n<link rel=\"canonical\" href=\"https:\/\/www.stair24.com\/sv\/kopinformation\/\" \/>\n<meta property=\"og:locale\" content=\"sv_SE\" \/>\n<meta property=\"og:type\" content=\"article\" \/>\n<meta property=\"og:title\" content=\"K\u00f6pinformation - STAIR24\" \/>\n<meta property=\"og:url\" content=\"https:\/\/www.stair24.com\/sv\/kopinformation\/\" \/>\n<meta property=\"og:site_name\" content=\"STAIR24\" \/>\n<meta property=\"article:publisher\" content=\"https:\/\/www.facebook.com\/AruGrupp\" \/>\n<meta property=\"article:modified_time\" content=\"2023-10-16T13:15:09+00:00\" \/>\n<meta property=\"og:image\" content=\"https:\/\/www.stair24.com\/wp-content\/uploads\/2022\/12\/trepid-stair24_logo-2.png\" \/>\n\t<meta property=\"og:image:width\" content=\"711\" \/>\n\t<meta property=\"og:image:height\" content=\"200\" \/>\n\t<meta property=\"og:image:type\" content=\"image\/png\" \/>\n<meta name=\"twitter:card\" content=\"summary_large_image\" \/>\n<meta name=\"twitter:label1\" content=\"Ber\u00e4knad l\u00e4stid\" \/>\n\t<meta name=\"twitter:data1\" content=\"3 minuter\" \/>\n<script type=\"application\/ld+json\" class=\"yoast-schema-graph\">{\"@context\":\"https:\\\/\\\/schema.org\",\"@graph\":[{\"@type\":\"WebPage\",\"@id\":\"https:\\\/\\\/www.stair24.com\\\/sv\\\/kopinformation\\\/\",\"url\":\"https:\\\/\\\/www.stair24.com\\\/sv\\\/kopinformation\\\/\",\"name\":\"K\u00f6pinformation - STAIR24\",\"isPartOf\":{\"@id\":\"https:\\\/\\\/www.stair24.com\\\/sv\\\/#website\"},\"datePublished\":\"2022-03-01T10:23:03+00:00\",\"dateModified\":\"2023-10-16T13:15:09+00:00\",\"breadcrumb\":{\"@id\":\"https:\\\/\\\/www.stair24.com\\\/sv\\\/kopinformation\\\/#breadcrumb\"},\"inLanguage\":\"sv-SE\",\"potentialAction\":[{\"@type\":\"ReadAction\",\"target\":[\"https:\\\/\\\/www.stair24.com\\\/sv\\\/kopinformation\\\/\"]}]},{\"@type\":\"BreadcrumbList\",\"@id\":\"https:\\\/\\\/www.stair24.com\\\/sv\\\/kopinformation\\\/#breadcrumb\",\"itemListElement\":[{\"@type\":\"ListItem\",\"position\":1,\"name\":\"Home\",\"item\":\"https:\\\/\\\/www.stair24.com\\\/sv\\\/\"},{\"@type\":\"ListItem\",\"position\":2,\"name\":\"K\u00f6pinformation\"}]},{\"@type\":\"WebSite\",\"@id\":\"https:\\\/\\\/www.stair24.com\\\/sv\\\/#website\",\"url\":\"https:\\\/\\\/www.stair24.com\\\/sv\\\/\",\"name\":\"STAIR 24 | Kvaliteetsed trepid\",\"description\":\"Valmistame treppe igas kujus ning suuruses. Trepid on meie kirg ning oleme \u00fcks suurimaid treppide tootja p\u00f5hjamaades. Proovige meie uut trepikalkulaatorit. Parima kvaliteediga trepid, kiire tarne ning soodne hind.\",\"publisher\":{\"@id\":\"https:\\\/\\\/www.stair24.com\\\/sv\\\/#organization\"},\"potentialAction\":[{\"@type\":\"SearchAction\",\"target\":{\"@type\":\"EntryPoint\",\"urlTemplate\":\"https:\\\/\\\/www.stair24.com\\\/sv\\\/?s={search_term_string}\"},\"query-input\":{\"@type\":\"PropertyValueSpecification\",\"valueRequired\":true,\"valueName\":\"search_term_string\"}}],\"inLanguage\":\"sv-SE\"},{\"@type\":\"Organization\",\"@id\":\"https:\\\/\\\/www.stair24.com\\\/sv\\\/#organization\",\"name\":\"STAIR 24 | Kvaliteetsed trepid\",\"url\":\"https:\\\/\\\/www.stair24.com\\\/sv\\\/\",\"logo\":{\"@type\":\"ImageObject\",\"inLanguage\":\"sv-SE\",\"@id\":\"https:\\\/\\\/www.stair24.com\\\/sv\\\/#\\\/schema\\\/logo\\\/image\\\/\",\"url\":\"https:\\\/\\\/www.stair24.com\\\/wp-content\\\/uploads\\\/2022\\\/12\\\/trep-stair24_logo-1.png\",\"contentUrl\":\"https:\\\/\\\/www.stair24.com\\\/wp-content\\\/uploads\\\/2022\\\/12\\\/trep-stair24_logo-1.png\",\"width\":302,\"height\":85,\"caption\":\"STAIR 24 | Kvaliteetsed trepid\"},\"image\":{\"@id\":\"https:\\\/\\\/www.stair24.com\\\/sv\\\/#\\\/schema\\\/logo\\\/image\\\/\"},\"sameAs\":[\"https:\\\/\\\/www.facebook.com\\\/AruGrupp\",\"https:\\\/\\\/www.instagram.com\\\/stair.24\\\/\",\"https:\\\/\\\/www.youtube.com\\\/@stair24com\"]}]}<\/script>\n<!-- \/ Yoast SEO plugin. -->","yoast_head_json":{"title":"K\u00f6pinformation - STAIR24","robots":{"index":"index","follow":"follow","max-snippet":"max-snippet:-1","max-image-preview":"max-image-preview:large","max-video-preview":"max-video-preview:-1"},"canonical":"https:\/\/www.stair24.com\/sv\/kopinformation\/","og_locale":"sv_SE","og_type":"article","og_title":"K\u00f6pinformation - STAIR24","og_url":"https:\/\/www.stair24.com\/sv\/kopinformation\/","og_site_name":"STAIR24","article_publisher":"https:\/\/www.facebook.com\/AruGrupp","article_modified_time":"2023-10-16T13:15:09+00:00","og_image":[{"width":711,"height":200,"url":"https:\/\/www.stair24.com\/wp-content\/uploads\/2022\/12\/trepid-stair24_logo-2.png","type":"image\/png"}],"twitter_card":"summary_large_image","twitter_misc":{"Ber\u00e4knad l\u00e4stid":"3 minuter"},"schema":{"@context":"https:\/\/schema.org","@graph":[{"@type":"WebPage","@id":"https:\/\/www.stair24.com\/sv\/kopinformation\/","url":"https:\/\/www.stair24.com\/sv\/kopinformation\/","name":"K\u00f6pinformation - STAIR24","isPartOf":{"@id":"https:\/\/www.stair24.com\/sv\/#website"},"datePublished":"2022-03-01T10:23:03+00:00","dateModified":"2023-10-16T13:15:09+00:00","breadcrumb":{"@id":"https:\/\/www.stair24.com\/sv\/kopinformation\/#breadcrumb"},"inLanguage":"sv-SE","potentialAction":[{"@type":"ReadAction","target":["https:\/\/www.stair24.com\/sv\/kopinformation\/"]}]},{"@type":"BreadcrumbList","@id":"https:\/\/www.stair24.com\/sv\/kopinformation\/#breadcrumb","itemListElement":[{"@type":"ListItem","position":1,"name":"Home","item":"https:\/\/www.stair24.com\/sv\/"},{"@type":"ListItem","position":2,"name":"K\u00f6pinformation"}]},{"@type":"WebSite","@id":"https:\/\/www.stair24.com\/sv\/#website","url":"https:\/\/www.stair24.com\/sv\/","name":"STAIR 24 | Kvaliteetsed trepid","description":"Valmistame treppe igas kujus ning suuruses. Trepid on meie kirg ning oleme \u00fcks suurimaid treppide tootja p\u00f5hjamaades. Proovige meie uut trepikalkulaatorit. Parima kvaliteediga trepid, kiire tarne ning soodne hind.","publisher":{"@id":"https:\/\/www.stair24.com\/sv\/#organization"},"potentialAction":[{"@type":"SearchAction","target":{"@type":"EntryPoint","urlTemplate":"https:\/\/www.stair24.com\/sv\/?s={search_term_string}"},"query-input":{"@type":"PropertyValueSpecification","valueRequired":true,"valueName":"search_term_string"}}],"inLanguage":"sv-SE"},{"@type":"Organization","@id":"https:\/\/www.stair24.com\/sv\/#organization","name":"STAIR 24 | Kvaliteetsed trepid","url":"https:\/\/www.stair24.com\/sv\/","logo":{"@type":"ImageObject","inLanguage":"sv-SE","@id":"https:\/\/www.stair24.com\/sv\/#\/schema\/logo\/image\/","url":"https:\/\/www.stair24.com\/wp-content\/uploads\/2022\/12\/trep-stair24_logo-1.png","contentUrl":"https:\/\/www.stair24.com\/wp-content\/uploads\/2022\/12\/trep-stair24_logo-1.png","width":302,"height":85,"caption":"STAIR 24 | Kvaliteetsed trepid"},"image":{"@id":"https:\/\/www.stair24.com\/sv\/#\/schema\/logo\/image\/"},"sameAs":["https:\/\/www.facebook.com\/AruGrupp","https:\/\/www.instagram.com\/stair.24\/","https:\/\/www.youtube.com\/@stair24com"]}]}},"_links":{"self":[{"href":"https:\/\/www.stair24.com\/sv\/wp-json\/wp\/v2\/pages\/4777","targetHints":{"allow":["GET"]}}],"collection":[{"href":"https:\/\/www.stair24.com\/sv\/wp-json\/wp\/v2\/pages"}],"about":[{"href":"https:\/\/www.stair24.com\/sv\/wp-json\/wp\/v2\/types\/page"}],"author":[{"embeddable":true,"href":"https:\/\/www.stair24.com\/sv\/wp-json\/wp\/v2\/users\/1"}],"replies":[{"embeddable":true,"href":"https:\/\/www.stair24.com\/sv\/wp-json\/wp\/v2\/comments?post=4777"}],"version-history":[{"count":19,"href":"https:\/\/www.stair24.com\/sv\/wp-json\/wp\/v2\/pages\/4777\/revisions"}],"predecessor-version":[{"id":8427,"href":"https:\/\/www.stair24.com\/sv\/wp-json\/wp\/v2\/pages\/4777\/revisions\/8427"}],"wp:attachment":[{"href":"https:\/\/www.stair24.com\/sv\/wp-json\/wp\/v2\/media?parent=4777"}],"curies":[{"name":"wp","href":"https:\/\/api.w.org\/{rel}","templated":true}]}}