{"id":4785,"date":"2021-11-11T10:32:21","date_gmt":"2021-11-11T10:32:21","guid":{"rendered":"https:\/\/www.stair24.com\/custom-designed-staircases\/"},"modified":"2026-02-05T16:31:02","modified_gmt":"2026-02-05T14:31:02","slug":"specialbestallda-trappor","status":"publish","type":"page","link":"https:\/\/www.stair24.com\/sv\/specialbestallda-trappor\/","title":{"rendered":"Specialbest\u00e4llda trappor"},"content":{"rendered":"\n<div id=\"gallery-block-block_3c84689e797bb2ba3183f805f4af74b1\" class=\"gallery-block\">\n    <div class=\"container\">\n                    <div class=\"row\">\n                <div class=\"col-12\">\n                    <h1 class=\"lined\">Specialbest\u00e4llda <span>trappor<\/span><\/h1>                <\/div>\n            <\/div>\n                            <div class=\"gallery row\">\n                                    <a class=\"col-lg-2 col-sm-4 col-6\" href=\"https:\/\/www.stair24.com\/wp-content\/uploads\/2021\/11\/stair-calculator-16.jpg\" data-fancybox=\"custom-stair-gallery-gallery-block-block_3c84689e797bb2ba3183f805f4af74b1\">\n                        <div class=\"bg-center\" style=\"background-image:url(https:\/\/www.stair24.com\/wp-content\/uploads\/2021\/11\/stair-calculator-16.jpg);\"><\/div>\n                    <\/a>\n                                    <a class=\"col-lg-2 col-sm-4 col-6\" href=\"https:\/\/www.stair24.com\/wp-content\/uploads\/2021\/11\/stair-calculator-17.jpg\" data-fancybox=\"custom-stair-gallery-gallery-block-block_3c84689e797bb2ba3183f805f4af74b1\">\n                        <div class=\"bg-center\" style=\"background-image:url(https:\/\/www.stair24.com\/wp-content\/uploads\/2021\/11\/stair-calculator-17.jpg);\"><\/div>\n                    <\/a>\n                                    <a class=\"col-lg-2 col-sm-4 col-6\" href=\"https:\/\/www.stair24.com\/wp-content\/uploads\/2021\/11\/stair-calculator-18.jpg\" data-fancybox=\"custom-stair-gallery-gallery-block-block_3c84689e797bb2ba3183f805f4af74b1\">\n                        <div class=\"bg-center\" style=\"background-image:url(https:\/\/www.stair24.com\/wp-content\/uploads\/2021\/11\/stair-calculator-18.jpg);\"><\/div>\n                    <\/a>\n                                    <a class=\"col-lg-2 col-sm-4 col-6\" href=\"https:\/\/www.stair24.com\/wp-content\/uploads\/2021\/11\/stair-calculator-01.jpg\" data-fancybox=\"custom-stair-gallery-gallery-block-block_3c84689e797bb2ba3183f805f4af74b1\">\n                        <div class=\"bg-center\" style=\"background-image:url(https:\/\/www.stair24.com\/wp-content\/uploads\/2021\/11\/stair-calculator-01.jpg);\"><\/div>\n                    <\/a>\n                                    <a class=\"col-lg-2 col-sm-4 col-6\" href=\"https:\/\/www.stair24.com\/wp-content\/uploads\/2021\/11\/staircases-03.jpg\" data-fancybox=\"custom-stair-gallery-gallery-block-block_3c84689e797bb2ba3183f805f4af74b1\">\n                        <div class=\"bg-center\" style=\"background-image:url(https:\/\/www.stair24.com\/wp-content\/uploads\/2021\/11\/staircases-03.jpg);\"><\/div>\n                    <\/a>\n                                    <a class=\"col-lg-2 col-sm-4 col-6\" href=\"https:\/\/www.stair24.com\/wp-content\/uploads\/2021\/11\/staircases-04.jpg\" data-fancybox=\"custom-stair-gallery-gallery-block-block_3c84689e797bb2ba3183f805f4af74b1\">\n                        <div class=\"bg-center\" style=\"background-image:url(https:\/\/www.stair24.com\/wp-content\/uploads\/2021\/11\/staircases-04.jpg);\"><\/div>\n                    <\/a>\n                                    <a class=\"col-lg-2 col-sm-4 col-6\" href=\"https:\/\/www.stair24.com\/wp-content\/uploads\/2021\/11\/staircases-05.jpg\" data-fancybox=\"custom-stair-gallery-gallery-block-block_3c84689e797bb2ba3183f805f4af74b1\">\n                        <div class=\"bg-center\" style=\"background-image:url(https:\/\/www.stair24.com\/wp-content\/uploads\/2021\/11\/staircases-05.jpg);\"><\/div>\n                    <\/a>\n                                    <a class=\"col-lg-2 col-sm-4 col-6\" href=\"https:\/\/www.stair24.com\/wp-content\/uploads\/2021\/11\/staircases-07.jpg\" data-fancybox=\"custom-stair-gallery-gallery-block-block_3c84689e797bb2ba3183f805f4af74b1\">\n                        <div class=\"bg-center\" style=\"background-image:url(https:\/\/www.stair24.com\/wp-content\/uploads\/2021\/11\/staircases-07.jpg);\"><\/div>\n                    <\/a>\n                                    <a class=\"col-lg-2 col-sm-4 col-6\" href=\"https:\/\/www.stair24.com\/wp-content\/uploads\/2021\/11\/staircases-08.jpg\" data-fancybox=\"custom-stair-gallery-gallery-block-block_3c84689e797bb2ba3183f805f4af74b1\">\n                        <div class=\"bg-center\" style=\"background-image:url(https:\/\/www.stair24.com\/wp-content\/uploads\/2021\/11\/staircases-08.jpg);\"><\/div>\n                    <\/a>\n                                    <a class=\"col-lg-2 col-sm-4 col-6\" href=\"https:\/\/www.stair24.com\/wp-content\/uploads\/2021\/11\/staircases-09.jpg\" data-fancybox=\"custom-stair-gallery-gallery-block-block_3c84689e797bb2ba3183f805f4af74b1\">\n                        <div class=\"bg-center\" style=\"background-image:url(https:\/\/www.stair24.com\/wp-content\/uploads\/2021\/11\/staircases-09.jpg);\"><\/div>\n                    <\/a>\n                                    <a class=\"col-lg-2 col-sm-4 col-6\" href=\"https:\/\/www.stair24.com\/wp-content\/uploads\/2021\/11\/staircases-10.jpg\" data-fancybox=\"custom-stair-gallery-gallery-block-block_3c84689e797bb2ba3183f805f4af74b1\">\n                        <div class=\"bg-center\" style=\"background-image:url(https:\/\/www.stair24.com\/wp-content\/uploads\/2021\/11\/staircases-10.jpg);\"><\/div>\n                    <\/a>\n                                    <a class=\"col-lg-2 col-sm-4 col-6\" href=\"https:\/\/www.stair24.com\/wp-content\/uploads\/2021\/11\/staircases-11.jpg\" data-fancybox=\"custom-stair-gallery-gallery-block-block_3c84689e797bb2ba3183f805f4af74b1\">\n                        <div class=\"bg-center\" style=\"background-image:url(https:\/\/www.stair24.com\/wp-content\/uploads\/2021\/11\/staircases-11.jpg);\"><\/div>\n                    <\/a>\n                                    <a class=\"col-lg-2 col-sm-4 col-6\" href=\"https:\/\/www.stair24.com\/wp-content\/uploads\/2021\/11\/staircases-12.jpg\" data-fancybox=\"custom-stair-gallery-gallery-block-block_3c84689e797bb2ba3183f805f4af74b1\">\n                        <div class=\"bg-center\" style=\"background-image:url(https:\/\/www.stair24.com\/wp-content\/uploads\/2021\/11\/staircases-12.jpg);\"><\/div>\n                    <\/a>\n                                    <a class=\"col-lg-2 col-sm-4 col-6\" href=\"https:\/\/www.stair24.com\/wp-content\/uploads\/2021\/11\/staircases-13.jpg\" data-fancybox=\"custom-stair-gallery-gallery-block-block_3c84689e797bb2ba3183f805f4af74b1\">\n                        <div class=\"bg-center\" style=\"background-image:url(https:\/\/www.stair24.com\/wp-content\/uploads\/2021\/11\/staircases-13.jpg);\"><\/div>\n                    <\/a>\n                                    <a class=\"col-lg-2 col-sm-4 col-6\" href=\"https:\/\/www.stair24.com\/wp-content\/uploads\/2021\/11\/staircases-14.jpg\" data-fancybox=\"custom-stair-gallery-gallery-block-block_3c84689e797bb2ba3183f805f4af74b1\">\n                        <div class=\"bg-center\" style=\"background-image:url(https:\/\/www.stair24.com\/wp-content\/uploads\/2021\/11\/staircases-14.jpg);\"><\/div>\n                    <\/a>\n                                    <a class=\"col-lg-2 col-sm-4 col-6\" href=\"https:\/\/www.stair24.com\/wp-content\/uploads\/2021\/11\/staircases-15.jpg\" data-fancybox=\"custom-stair-gallery-gallery-block-block_3c84689e797bb2ba3183f805f4af74b1\">\n                        <div class=\"bg-center\" style=\"background-image:url(https:\/\/www.stair24.com\/wp-content\/uploads\/2021\/11\/staircases-15.jpg);\"><\/div>\n                    <\/a>\n                            <\/div>\n                            <div class=\"gallery_description row\">\n                <div class=\"col-12\">\n                    <p class=\"custom-staircase-tip\">*F\u00f6r prisf\u00f6rfr\u00e5gningar p\u00e5 speciella trappkonstruktioner ber vi om att bifoga ritning eller beskrivning av \u00f6nskad trappa.<\/p>\n<p class=\"custom-staircase-tip\">Du kan anv\u00e4nda modeller tillg\u00e4ngliga i galleriet, om det \u00e4r till\u00e4mpligt.<\/p>\n<p class=\"custom-staircase-tip\">Vi ber om att l\u00e4gga till objektets adress och kundkontaktinformation<\/p>\n                <\/div>\n            <\/div>\n            <\/div>\n<\/div>\n\n    <div id=\"inquiry-block-block_61642526b76842a37cd83d21562cb4ae\" class=\"inquiry-block\">\n        <div class=\"container\">\n            <div class=\"row\">\n                <div class=\"col-12\">\n                    \n<div class=\"wpcf7 no-js\" id=\"wpcf7-f4815-o1\" lang=\"sv-SE\" dir=\"ltr\" data-wpcf7-id=\"4815\">\n<div class=\"screen-reader-response\"><p role=\"status\" aria-live=\"polite\" aria-atomic=\"true\"><\/p> <ul><\/ul><\/div>\n<form action=\"\/sv\/wp-json\/wp\/v2\/pages\/4785#wpcf7-f4815-o1\" method=\"post\" class=\"wpcf7-form init\" aria-label=\"Kontaktformul\u00e4r\" enctype=\"multipart\/form-data\" novalidate=\"novalidate\" data-status=\"init\">\n<fieldset class=\"hidden-fields-container\"><input type=\"hidden\" name=\"_wpcf7\" value=\"4815\" \/><input type=\"hidden\" name=\"_wpcf7_version\" value=\"6.1.5\" \/><input type=\"hidden\" name=\"_wpcf7_locale\" value=\"sv_SE\" \/><input type=\"hidden\" name=\"_wpcf7_unit_tag\" value=\"wpcf7-f4815-o1\" \/><input type=\"hidden\" name=\"_wpcf7_container_post\" value=\"0\" \/><input type=\"hidden\" name=\"_wpcf7_posted_data_hash\" value=\"\" \/><input type=\"hidden\" name=\"_wpcf7_recaptcha_response\" value=\"\" \/>\n<\/fieldset>\n<div class=\"row\">\n        <div class=\"col-12\">\n            <h5>Beskrivning \u00f6ver trappan<div class=\"tooltipster relative required\"><div class=\"tooltip_icon\">*<div class=\"tooltip_content\">Kr\u00e4vs<\/div><\/div><\/div><\/h5>\n            <span class=\"wpcf7-form-control-wrap\" data-name=\"stair-description\"><textarea cols=\"40\" rows=\"10\" maxlength=\"2000\" class=\"wpcf7-form-control wpcf7-textarea wpcf7-validates-as-required\" aria-required=\"true\" aria-invalid=\"false\" name=\"stair-description\"><\/textarea><\/span>\n        <\/div>\n    <\/div>\n    <div class=\"row\">\n        <div class=\"col-12\">\n            <h5>Uppladdning av fil (husprojekt, plan, foto eller dylikt)<\/h5>\n            <p id=\"custom-file-name\"><\/p>\n            <span class=\"wpcf7-form-control-wrap\" data-name=\"file-309\"><input size=\"40\" class=\"wpcf7-form-control wpcf7-file\" id=\"custom-file-input\" accept=\"audio\/*,video\/*,image\/*\" aria-invalid=\"false\" type=\"file\" name=\"file-309\" \/><\/span>\n            <label style=\"opacity:1\" for=\"custom-file-input\" >\n             <div class=\"upload_btn\">\n               <div class=\"blue_btn\">\n                  Ladda upp fil\n               <\/div>\n             <\/div>\n            <\/label>\n        <\/div>\n    <\/div>\n    <div class=\"row\">\n        <div class=\"col-12\">\n            <h5>Adress<\/h5>\n            <div class=\"row\">\n                <div class=\"col-sm-6 col-12\">\n                    <label> Gata \/ husnummer<div class=\"tooltipster relative required\"><div class=\"tooltip_icon\">*<div class=\"tooltip_content\">Kr\u00e4vs<\/div><\/div><\/div>\n                        <span class=\"wpcf7-form-control-wrap\" data-name=\"street-house\"><input size=\"40\" maxlength=\"400\" class=\"wpcf7-form-control wpcf7-text wpcf7-validates-as-required\" aria-required=\"true\" aria-invalid=\"false\" value=\"\" type=\"text\" name=\"street-house\" \/><\/span> <\/label>\n                <\/div>\n                <div class=\"col-sm-6 col-12\">\n                    <label> Stad \/ ort<div class=\"tooltipster relative required\"><div class=\"tooltip_icon\">*<div class=\"tooltip_content\">Kr\u00e4vs<\/div><\/div><\/div>\n                        <span class=\"wpcf7-form-control-wrap\" data-name=\"town-city\"><input size=\"40\" maxlength=\"400\" class=\"wpcf7-form-control wpcf7-text wpcf7-validates-as-required\" aria-required=\"true\" aria-invalid=\"false\" value=\"\" type=\"text\" name=\"town-city\" \/><\/span> <\/label>\n                <\/div>\n                <div class=\"col-sm-6 col-12\">\n                    <label> Postnummer<div class=\"tooltipster relative required\"><div class=\"tooltip_icon\">*<div class=\"tooltip_content\">Kr\u00e4vs<\/div><\/div><\/div>\n                        <span class=\"wpcf7-form-control-wrap\" data-name=\"postal-code\"><input size=\"40\" maxlength=\"400\" class=\"wpcf7-form-control wpcf7-text wpcf7-validates-as-required\" aria-required=\"true\" aria-invalid=\"false\" value=\"\" type=\"text\" name=\"postal-code\" \/><\/span> <\/label>\n                <\/div>\n                <div class=\"col-sm-6 col-12\">\n                    <label> Land<div class=\"tooltipster relative required\"><div class=\"tooltip_icon\">*<div class=\"tooltip_content\">Kr\u00e4vs<\/div><\/div><\/div>\n                        <span class=\"wpcf7-form-control-wrap\" data-name=\"country\"><input size=\"40\" maxlength=\"400\" class=\"wpcf7-form-control wpcf7-text wpcf7-validates-as-required\" aria-required=\"true\" aria-invalid=\"false\" value=\"\" type=\"text\" name=\"country\" \/><\/span> <\/label>\n                <\/div>\n            <\/div>\n        <\/div>\n    <\/div>\n    <div class=\"row\">\n        <div class=\"col-12\">\n            <h5>Kontaktuppgifter<\/h5>\n            <div class=\"row\">\n                <div class=\"col-sm-6 col-12\">\n                    <label> F\u00f6rnamn<div class=\"tooltipster relative required\"><div class=\"tooltip_icon\">*<div class=\"tooltip_content\">Kr\u00e4vs<\/div><\/div><\/div>\n                        <span class=\"wpcf7-form-control-wrap\" data-name=\"first-name\"><input size=\"40\" maxlength=\"400\" class=\"wpcf7-form-control wpcf7-text wpcf7-validates-as-required\" aria-required=\"true\" aria-invalid=\"false\" value=\"\" type=\"text\" name=\"first-name\" \/><\/span> <\/label>\n                <\/div>\n                <div class=\"col-sm-6 col-12\">\n                    <label> Efternamn<div class=\"tooltipster relative required\"><div class=\"tooltip_icon\">*<div class=\"tooltip_content\">Kr\u00e4vs<\/div><\/div><\/div>\n                        <span class=\"wpcf7-form-control-wrap\" data-name=\"last-name\"><input size=\"40\" maxlength=\"400\" class=\"wpcf7-form-control wpcf7-text wpcf7-validates-as-required\" aria-required=\"true\" aria-invalid=\"false\" value=\"\" type=\"text\" name=\"last-name\" \/><\/span> <\/label>\n                <\/div>\n                <div class=\"col-sm-6 col-12\">\n                    <label> E-post<div class=\"tooltipster relative required\"><div class=\"tooltip_icon\">*<div class=\"tooltip_content\">Kr\u00e4vs<\/div><\/div><\/div>\n                        <span class=\"wpcf7-form-control-wrap\" data-name=\"your-email\"><input size=\"40\" maxlength=\"400\" class=\"wpcf7-form-control wpcf7-email wpcf7-validates-as-required wpcf7-text wpcf7-validates-as-email\" aria-required=\"true\" aria-invalid=\"false\" value=\"\" type=\"email\" name=\"your-email\" \/><\/span> <\/label>\n                <\/div>\n                <div class=\"col-sm-6 col-12\">\n                    <label> Telefonnummer<div class=\"tooltipster relative required\"><div class=\"tooltip_icon\">*<div class=\"tooltip_content\">Kr\u00e4vs<\/div><\/div><\/div>\n                        <span class=\"wpcf7-form-control-wrap\" data-name=\"your-phone\"><input size=\"40\" maxlength=\"400\" class=\"wpcf7-form-control wpcf7-text wpcf7-validates-as-required\" aria-required=\"true\" aria-invalid=\"false\" value=\"\" type=\"text\" name=\"your-phone\" \/><\/span> <\/label>\n                <\/div>\n            <\/div>\n        <\/div>\n    <\/div>\n    <div class=\"row\">\n        <div class=\"col-12\">\n            <input class=\"wpcf7-form-control wpcf7-submit has-spinner\" type=\"submit\" value=\"Forts\u00e4tt\" \/>\n        <\/div>\n    <\/div><div class=\"wpcf7-response-output\" aria-hidden=\"true\"><\/div>\n<\/form>\n<\/div>\n                                            <div class=\"contacts_form_custom_message\">\n                            <p><strong>Tack f\u00f6r din f\u00f6rfr\u00e5gan.<\/strong><\/p>\n<p>Vi kommer att kontakta dig s\u00e5 snart som m\u00f6jligt, senast inom tv\u00e5 arbetsdagar.<\/p>\n<p>ARU trappfabrik<\/p>\n                        <\/div>\n                                    <\/div>\n            <\/div>\n        <\/div>\n    <\/div>\n","protected":false},"excerpt":{"rendered":"","protected":false},"author":1,"featured_media":0,"parent":0,"menu_order":0,"comment_status":"closed","ping_status":"closed","template":"","meta":{"_acf_changed":false,"footnotes":""},"class_list":["post-4785","page","type-page","status-publish","hentry"],"acf":[],"yoast_head":"<!-- This site is optimized with the Yoast SEO plugin v27.5 - https:\/\/yoast.com\/product\/yoast-seo-wordpress\/ -->\n<title>Specialbest\u00e4llda trappor - STAIR24<\/title>\n<meta name=\"robots\" content=\"index, follow, max-snippet:-1, max-image-preview:large, max-video-preview:-1\" \/>\n<link rel=\"canonical\" href=\"https:\/\/www.stair24.com\/sv\/specialbestallda-trappor\/\" \/>\n<meta property=\"og:locale\" content=\"sv_SE\" \/>\n<meta property=\"og:type\" content=\"article\" \/>\n<meta property=\"og:title\" content=\"Specialbest\u00e4llda trappor - STAIR24\" \/>\n<meta property=\"og:url\" content=\"https:\/\/www.stair24.com\/sv\/specialbestallda-trappor\/\" \/>\n<meta property=\"og:site_name\" content=\"STAIR24\" \/>\n<meta property=\"article:publisher\" content=\"https:\/\/www.facebook.com\/AruGrupp\" \/>\n<meta property=\"article:modified_time\" content=\"2026-02-05T14:31:02+00:00\" \/>\n<meta property=\"og:image\" content=\"https:\/\/www.stair24.com\/wp-content\/uploads\/2022\/12\/trepid-stair24_logo-2.png\" \/>\n\t<meta property=\"og:image:width\" content=\"711\" \/>\n\t<meta property=\"og:image:height\" content=\"200\" \/>\n\t<meta property=\"og:image:type\" content=\"image\/png\" \/>\n<meta name=\"twitter:card\" content=\"summary_large_image\" \/>\n<script type=\"application\/ld+json\" class=\"yoast-schema-graph\">{\"@context\":\"https:\\\/\\\/schema.org\",\"@graph\":[{\"@type\":\"WebPage\",\"@id\":\"https:\\\/\\\/www.stair24.com\\\/sv\\\/specialbestallda-trappor\\\/\",\"url\":\"https:\\\/\\\/www.stair24.com\\\/sv\\\/specialbestallda-trappor\\\/\",\"name\":\"Specialbest\u00e4llda trappor - STAIR24\",\"isPartOf\":{\"@id\":\"https:\\\/\\\/www.stair24.com\\\/sv\\\/#website\"},\"datePublished\":\"2021-11-11T10:32:21+00:00\",\"dateModified\":\"2026-02-05T14:31:02+00:00\",\"breadcrumb\":{\"@id\":\"https:\\\/\\\/www.stair24.com\\\/sv\\\/specialbestallda-trappor\\\/#breadcrumb\"},\"inLanguage\":\"sv-SE\",\"potentialAction\":[{\"@type\":\"ReadAction\",\"target\":[\"https:\\\/\\\/www.stair24.com\\\/sv\\\/specialbestallda-trappor\\\/\"]}]},{\"@type\":\"BreadcrumbList\",\"@id\":\"https:\\\/\\\/www.stair24.com\\\/sv\\\/specialbestallda-trappor\\\/#breadcrumb\",\"itemListElement\":[{\"@type\":\"ListItem\",\"position\":1,\"name\":\"Home\",\"item\":\"https:\\\/\\\/www.stair24.com\\\/sv\\\/\"},{\"@type\":\"ListItem\",\"position\":2,\"name\":\"Specialbest\u00e4llda trappor\"}]},{\"@type\":\"WebSite\",\"@id\":\"https:\\\/\\\/www.stair24.com\\\/sv\\\/#website\",\"url\":\"https:\\\/\\\/www.stair24.com\\\/sv\\\/\",\"name\":\"STAIR 24 | Kvaliteetsed trepid\",\"description\":\"Valmistame treppe igas kujus ning suuruses. Trepid on meie kirg ning oleme \u00fcks suurimaid treppide tootja p\u00f5hjamaades. Proovige meie uut trepikalkulaatorit. Parima kvaliteediga trepid, kiire tarne ning soodne hind.\",\"publisher\":{\"@id\":\"https:\\\/\\\/www.stair24.com\\\/sv\\\/#organization\"},\"potentialAction\":[{\"@type\":\"SearchAction\",\"target\":{\"@type\":\"EntryPoint\",\"urlTemplate\":\"https:\\\/\\\/www.stair24.com\\\/sv\\\/?s={search_term_string}\"},\"query-input\":{\"@type\":\"PropertyValueSpecification\",\"valueRequired\":true,\"valueName\":\"search_term_string\"}}],\"inLanguage\":\"sv-SE\"},{\"@type\":\"Organization\",\"@id\":\"https:\\\/\\\/www.stair24.com\\\/sv\\\/#organization\",\"name\":\"STAIR 24 | Kvaliteetsed trepid\",\"url\":\"https:\\\/\\\/www.stair24.com\\\/sv\\\/\",\"logo\":{\"@type\":\"ImageObject\",\"inLanguage\":\"sv-SE\",\"@id\":\"https:\\\/\\\/www.stair24.com\\\/sv\\\/#\\\/schema\\\/logo\\\/image\\\/\",\"url\":\"https:\\\/\\\/www.stair24.com\\\/wp-content\\\/uploads\\\/2022\\\/12\\\/trep-stair24_logo-1.png\",\"contentUrl\":\"https:\\\/\\\/www.stair24.com\\\/wp-content\\\/uploads\\\/2022\\\/12\\\/trep-stair24_logo-1.png\",\"width\":302,\"height\":85,\"caption\":\"STAIR 24 | Kvaliteetsed trepid\"},\"image\":{\"@id\":\"https:\\\/\\\/www.stair24.com\\\/sv\\\/#\\\/schema\\\/logo\\\/image\\\/\"},\"sameAs\":[\"https:\\\/\\\/www.facebook.com\\\/AruGrupp\",\"https:\\\/\\\/www.instagram.com\\\/stair.24\\\/\",\"https:\\\/\\\/www.youtube.com\\\/@stair24com\"]}]}<\/script>\n<!-- \/ Yoast SEO plugin. -->","yoast_head_json":{"title":"Specialbest\u00e4llda trappor - STAIR24","robots":{"index":"index","follow":"follow","max-snippet":"max-snippet:-1","max-image-preview":"max-image-preview:large","max-video-preview":"max-video-preview:-1"},"canonical":"https:\/\/www.stair24.com\/sv\/specialbestallda-trappor\/","og_locale":"sv_SE","og_type":"article","og_title":"Specialbest\u00e4llda trappor - STAIR24","og_url":"https:\/\/www.stair24.com\/sv\/specialbestallda-trappor\/","og_site_name":"STAIR24","article_publisher":"https:\/\/www.facebook.com\/AruGrupp","article_modified_time":"2026-02-05T14:31:02+00:00","og_image":[{"width":711,"height":200,"url":"https:\/\/www.stair24.com\/wp-content\/uploads\/2022\/12\/trepid-stair24_logo-2.png","type":"image\/png"}],"twitter_card":"summary_large_image","schema":{"@context":"https:\/\/schema.org","@graph":[{"@type":"WebPage","@id":"https:\/\/www.stair24.com\/sv\/specialbestallda-trappor\/","url":"https:\/\/www.stair24.com\/sv\/specialbestallda-trappor\/","name":"Specialbest\u00e4llda trappor - STAIR24","isPartOf":{"@id":"https:\/\/www.stair24.com\/sv\/#website"},"datePublished":"2021-11-11T10:32:21+00:00","dateModified":"2026-02-05T14:31:02+00:00","breadcrumb":{"@id":"https:\/\/www.stair24.com\/sv\/specialbestallda-trappor\/#breadcrumb"},"inLanguage":"sv-SE","potentialAction":[{"@type":"ReadAction","target":["https:\/\/www.stair24.com\/sv\/specialbestallda-trappor\/"]}]},{"@type":"BreadcrumbList","@id":"https:\/\/www.stair24.com\/sv\/specialbestallda-trappor\/#breadcrumb","itemListElement":[{"@type":"ListItem","position":1,"name":"Home","item":"https:\/\/www.stair24.com\/sv\/"},{"@type":"ListItem","position":2,"name":"Specialbest\u00e4llda trappor"}]},{"@type":"WebSite","@id":"https:\/\/www.stair24.com\/sv\/#website","url":"https:\/\/www.stair24.com\/sv\/","name":"STAIR 24 | Kvaliteetsed trepid","description":"Valmistame treppe igas kujus ning suuruses. Trepid on meie kirg ning oleme \u00fcks suurimaid treppide tootja p\u00f5hjamaades. Proovige meie uut trepikalkulaatorit. Parima kvaliteediga trepid, kiire tarne ning soodne hind.","publisher":{"@id":"https:\/\/www.stair24.com\/sv\/#organization"},"potentialAction":[{"@type":"SearchAction","target":{"@type":"EntryPoint","urlTemplate":"https:\/\/www.stair24.com\/sv\/?s={search_term_string}"},"query-input":{"@type":"PropertyValueSpecification","valueRequired":true,"valueName":"search_term_string"}}],"inLanguage":"sv-SE"},{"@type":"Organization","@id":"https:\/\/www.stair24.com\/sv\/#organization","name":"STAIR 24 | Kvaliteetsed trepid","url":"https:\/\/www.stair24.com\/sv\/","logo":{"@type":"ImageObject","inLanguage":"sv-SE","@id":"https:\/\/www.stair24.com\/sv\/#\/schema\/logo\/image\/","url":"https:\/\/www.stair24.com\/wp-content\/uploads\/2022\/12\/trep-stair24_logo-1.png","contentUrl":"https:\/\/www.stair24.com\/wp-content\/uploads\/2022\/12\/trep-stair24_logo-1.png","width":302,"height":85,"caption":"STAIR 24 | Kvaliteetsed trepid"},"image":{"@id":"https:\/\/www.stair24.com\/sv\/#\/schema\/logo\/image\/"},"sameAs":["https:\/\/www.facebook.com\/AruGrupp","https:\/\/www.instagram.com\/stair.24\/","https:\/\/www.youtube.com\/@stair24com"]}]}},"_links":{"self":[{"href":"https:\/\/www.stair24.com\/sv\/wp-json\/wp\/v2\/pages\/4785","targetHints":{"allow":["GET"]}}],"collection":[{"href":"https:\/\/www.stair24.com\/sv\/wp-json\/wp\/v2\/pages"}],"about":[{"href":"https:\/\/www.stair24.com\/sv\/wp-json\/wp\/v2\/types\/page"}],"author":[{"embeddable":true,"href":"https:\/\/www.stair24.com\/sv\/wp-json\/wp\/v2\/users\/1"}],"replies":[{"embeddable":true,"href":"https:\/\/www.stair24.com\/sv\/wp-json\/wp\/v2\/comments?post=4785"}],"version-history":[{"count":3,"href":"https:\/\/www.stair24.com\/sv\/wp-json\/wp\/v2\/pages\/4785\/revisions"}],"predecessor-version":[{"id":5599,"href":"https:\/\/www.stair24.com\/sv\/wp-json\/wp\/v2\/pages\/4785\/revisions\/5599"}],"wp:attachment":[{"href":"https:\/\/www.stair24.com\/sv\/wp-json\/wp\/v2\/media?parent=4785"}],"curies":[{"name":"wp","href":"https:\/\/api.w.org\/{rel}","templated":true}]}}