{"id":4789,"date":"2021-11-08T10:12:41","date_gmt":"2021-11-08T10:12:41","guid":{"rendered":"https:\/\/www.stair24.com\/if-you-install-a-staircase\/"},"modified":"2025-11-18T09:22:35","modified_gmt":"2025-11-18T07:22:35","slug":"vid-trappmontering","status":"publish","type":"page","link":"https:\/\/www.stair24.com\/sv\/vid-trappmontering\/","title":{"rendered":"Vid trappmontering"},"content":{"rendered":"    <div id=\"checkmark-list-block-block_1601a71700ed81d3d96a2847edf50755\" class=\"checkmark-list-block\">\n                    <div class=\"row\">\n                <div class=\"list_title col-12\">\n                    <h6>STAIR24 rekommenderar att anlita en kvalificerad snickare f\u00f6r montering av trappan.<\/h6>\n                <\/div>\n            <\/div>\n                <div class=\"row\">\n            <div class=\"col-12\">\n                <ol class=\"checkbox_list\">\n                                                                        <li>Jag har anlitat en professionell trappmont\u00f6r.<\/li>\n                                                                                                <li>Utrymmena \u00e4r torra och varma.<\/li>\n                                                                                                <li>Jag har granskat trappans f\u00f6rpackning och undertecknat leveranshandlingarna om trappan levererades f\u00f6re mont\u00f6rens ankomst.<\/li>\n                                                                                                <li>Jag har bekr\u00e4ftat meddelandet om tidpunkten f\u00f6r mont\u00f6rens ankomst.<\/li>\n                                                                                                <li>Trappmont\u00f6rens fordon har \u00e5tkomst till objektet.<\/li>\n                                                                                                <li>Tillr\u00e4ckligt med plats finns f\u00f6r trappdetaljer och mont\u00f6rens verktyg.<\/li>\n                                                                                                <li>De golv som kr\u00e4ver skydd vid trappmontering \u00e4r skyddst\u00e4ckta.<\/li>\n                                                                                                <li>Jag \u00e4r medveten om att mindre skador p\u00e5 f\u00e4rdiga v\u00e4ggar kan uppst\u00e5 och om att dessa inte ska \u00e5tg\u00e4rdas av trappmont\u00f6ren.<\/li>\n                                                                                                <li>Jag \u00e4r medveten om att skyddst\u00e4ckning av trappan efter montering inte ing\u00e5r i standardtj\u00e4nsten.<\/li>\n                                                                                                <li>Jag \u00e4r medveten om att \u00f6vert\u00e4ckning av bj\u00e4lklagskanten, skarven mellan sista steget och  golvet eller andra ej \u00f6verenskomna arbeten inte ing\u00e5r i standardtj\u00e4nsten.<\/li>\n                                                                                                <li>Jag \u00e4r medveten om att en ca 3 mm spalt f\u00f6rblir mellan v\u00e4ggen och trappkonstruktionen och att spalten kan bli bredare om v\u00e4ggar inte \u00e4r raka.<\/li>\n                                                                                                <li>Jag \u00e4r medveten om att rummen ska vara torra och uppv\u00e4rmda efter trappmontering.<\/li>\n                                                                                                <li>Jag \u00e4r medveten om att mina f\u00f6rberedelser avg\u00f6r om trappan kan monteras med ett bes\u00f6k f\u00f6r att undvika extrakostnader.<\/li>\n                                                                                                <li>Jag \u00e4r medveten om att trappans visuella kvalitet granskas p\u00e5 2 m avst\u00e5nd vid normal belysning (60 W).<\/li>\n                                                                                                <li>Jag \u00e4r medveten om att bed\u00f6mning av trappans kvalitet tar h\u00e4nsyn till tr\u00e4ets s\u00e4rdrag och till\u00e5tna toleranser f\u00f6r konstruktionen.<\/li>\n                                                                                                <li>Jag \u00e4r medveten om att mont\u00f6ren kan g\u00f6ra vissa behandlingar och ytreparationer vid trappmontering.<\/li>\n                                                                                                <li>Jag \u00e5tar mig att vara p\u00e5 plats och ta emot arbetena fr\u00e5n mont\u00f6renvid avslutad trappmontering.<\/li>\n                                                                                                <li>Jag \u00e4r medveten om att teamet STAIR24 hj\u00e4lper mig vid problem.<\/li>\n                                                            <\/ol>\n            <\/div>\n        <\/div>\n    <\/div>\n","protected":false},"excerpt":{"rendered":"","protected":false},"author":1,"featured_media":7537,"parent":0,"menu_order":0,"comment_status":"closed","ping_status":"closed","template":"page-templates\/staircase-instructions.php","meta":{"_acf_changed":false,"footnotes":""},"class_list":["post-4789","page","type-page","status-publish","has-post-thumbnail","hentry"],"acf":[],"yoast_head":"<!-- This site is optimized with the Yoast SEO plugin v27.5 - https:\/\/yoast.com\/product\/yoast-seo-wordpress\/ -->\n<title>Vid trappmontering - STAIR24<\/title>\n<meta name=\"robots\" content=\"index, follow, max-snippet:-1, max-image-preview:large, max-video-preview:-1\" \/>\n<link rel=\"canonical\" href=\"https:\/\/www.stair24.com\/sv\/vid-trappmontering\/\" \/>\n<meta property=\"og:locale\" content=\"sv_SE\" \/>\n<meta property=\"og:type\" content=\"article\" \/>\n<meta property=\"og:title\" content=\"Vid trappmontering - STAIR24\" \/>\n<meta property=\"og:url\" content=\"https:\/\/www.stair24.com\/sv\/vid-trappmontering\/\" \/>\n<meta property=\"og:site_name\" content=\"STAIR24\" \/>\n<meta property=\"article:publisher\" content=\"https:\/\/www.facebook.com\/AruGrupp\" \/>\n<meta property=\"article:modified_time\" content=\"2025-11-18T07:22:35+00:00\" \/>\n<meta property=\"og:image\" content=\"https:\/\/www.stair24.com\/wp-content\/uploads\/2023\/09\/kuidas-paigaldada-treppi.jpg\" \/>\n\t<meta property=\"og:image:width\" content=\"1200\" \/>\n\t<meta property=\"og:image:height\" content=\"1800\" \/>\n\t<meta property=\"og:image:type\" content=\"image\/jpeg\" \/>\n<meta name=\"twitter:card\" content=\"summary_large_image\" \/>\n<meta name=\"twitter:label1\" content=\"Ber\u00e4knad l\u00e4stid\" \/>\n\t<meta name=\"twitter:data1\" content=\"1 minut\" \/>\n<script type=\"application\/ld+json\" class=\"yoast-schema-graph\">{\"@context\":\"https:\\\/\\\/schema.org\",\"@graph\":[{\"@type\":\"WebPage\",\"@id\":\"https:\\\/\\\/www.stair24.com\\\/sv\\\/vid-trappmontering\\\/\",\"url\":\"https:\\\/\\\/www.stair24.com\\\/sv\\\/vid-trappmontering\\\/\",\"name\":\"Vid trappmontering - STAIR24\",\"isPartOf\":{\"@id\":\"https:\\\/\\\/www.stair24.com\\\/sv\\\/#website\"},\"primaryImageOfPage\":{\"@id\":\"https:\\\/\\\/www.stair24.com\\\/sv\\\/vid-trappmontering\\\/#primaryimage\"},\"image\":{\"@id\":\"https:\\\/\\\/www.stair24.com\\\/sv\\\/vid-trappmontering\\\/#primaryimage\"},\"thumbnailUrl\":\"https:\\\/\\\/www.stair24.com\\\/wp-content\\\/uploads\\\/2023\\\/09\\\/kuidas-paigaldada-treppi.jpg\",\"datePublished\":\"2021-11-08T10:12:41+00:00\",\"dateModified\":\"2025-11-18T07:22:35+00:00\",\"breadcrumb\":{\"@id\":\"https:\\\/\\\/www.stair24.com\\\/sv\\\/vid-trappmontering\\\/#breadcrumb\"},\"inLanguage\":\"sv-SE\",\"potentialAction\":[{\"@type\":\"ReadAction\",\"target\":[\"https:\\\/\\\/www.stair24.com\\\/sv\\\/vid-trappmontering\\\/\"]}]},{\"@type\":\"ImageObject\",\"inLanguage\":\"sv-SE\",\"@id\":\"https:\\\/\\\/www.stair24.com\\\/sv\\\/vid-trappmontering\\\/#primaryimage\",\"url\":\"https:\\\/\\\/www.stair24.com\\\/wp-content\\\/uploads\\\/2023\\\/09\\\/kuidas-paigaldada-treppi.jpg\",\"contentUrl\":\"https:\\\/\\\/www.stair24.com\\\/wp-content\\\/uploads\\\/2023\\\/09\\\/kuidas-paigaldada-treppi.jpg\",\"width\":1200,\"height\":1800},{\"@type\":\"BreadcrumbList\",\"@id\":\"https:\\\/\\\/www.stair24.com\\\/sv\\\/vid-trappmontering\\\/#breadcrumb\",\"itemListElement\":[{\"@type\":\"ListItem\",\"position\":1,\"name\":\"Home\",\"item\":\"https:\\\/\\\/www.stair24.com\\\/sv\\\/\"},{\"@type\":\"ListItem\",\"position\":2,\"name\":\"Vid trappmontering\"}]},{\"@type\":\"WebSite\",\"@id\":\"https:\\\/\\\/www.stair24.com\\\/sv\\\/#website\",\"url\":\"https:\\\/\\\/www.stair24.com\\\/sv\\\/\",\"name\":\"STAIR 24 | Kvaliteetsed trepid\",\"description\":\"Valmistame treppe igas kujus ning suuruses. Trepid on meie kirg ning oleme \u00fcks suurimaid treppide tootja p\u00f5hjamaades. Proovige meie uut trepikalkulaatorit. Parima kvaliteediga trepid, kiire tarne ning soodne hind.\",\"publisher\":{\"@id\":\"https:\\\/\\\/www.stair24.com\\\/sv\\\/#organization\"},\"potentialAction\":[{\"@type\":\"SearchAction\",\"target\":{\"@type\":\"EntryPoint\",\"urlTemplate\":\"https:\\\/\\\/www.stair24.com\\\/sv\\\/?s={search_term_string}\"},\"query-input\":{\"@type\":\"PropertyValueSpecification\",\"valueRequired\":true,\"valueName\":\"search_term_string\"}}],\"inLanguage\":\"sv-SE\"},{\"@type\":\"Organization\",\"@id\":\"https:\\\/\\\/www.stair24.com\\\/sv\\\/#organization\",\"name\":\"STAIR 24 | Kvaliteetsed trepid\",\"url\":\"https:\\\/\\\/www.stair24.com\\\/sv\\\/\",\"logo\":{\"@type\":\"ImageObject\",\"inLanguage\":\"sv-SE\",\"@id\":\"https:\\\/\\\/www.stair24.com\\\/sv\\\/#\\\/schema\\\/logo\\\/image\\\/\",\"url\":\"https:\\\/\\\/www.stair24.com\\\/wp-content\\\/uploads\\\/2022\\\/12\\\/trep-stair24_logo-1.png\",\"contentUrl\":\"https:\\\/\\\/www.stair24.com\\\/wp-content\\\/uploads\\\/2022\\\/12\\\/trep-stair24_logo-1.png\",\"width\":302,\"height\":85,\"caption\":\"STAIR 24 | Kvaliteetsed trepid\"},\"image\":{\"@id\":\"https:\\\/\\\/www.stair24.com\\\/sv\\\/#\\\/schema\\\/logo\\\/image\\\/\"},\"sameAs\":[\"https:\\\/\\\/www.facebook.com\\\/AruGrupp\",\"https:\\\/\\\/www.instagram.com\\\/stair.24\\\/\",\"https:\\\/\\\/www.youtube.com\\\/@stair24com\"]}]}<\/script>\n<!-- \/ Yoast SEO plugin. -->","yoast_head_json":{"title":"Vid trappmontering - STAIR24","robots":{"index":"index","follow":"follow","max-snippet":"max-snippet:-1","max-image-preview":"max-image-preview:large","max-video-preview":"max-video-preview:-1"},"canonical":"https:\/\/www.stair24.com\/sv\/vid-trappmontering\/","og_locale":"sv_SE","og_type":"article","og_title":"Vid trappmontering - STAIR24","og_url":"https:\/\/www.stair24.com\/sv\/vid-trappmontering\/","og_site_name":"STAIR24","article_publisher":"https:\/\/www.facebook.com\/AruGrupp","article_modified_time":"2025-11-18T07:22:35+00:00","og_image":[{"width":1200,"height":1800,"url":"https:\/\/www.stair24.com\/wp-content\/uploads\/2023\/09\/kuidas-paigaldada-treppi.jpg","type":"image\/jpeg"}],"twitter_card":"summary_large_image","twitter_misc":{"Ber\u00e4knad l\u00e4stid":"1 minut"},"schema":{"@context":"https:\/\/schema.org","@graph":[{"@type":"WebPage","@id":"https:\/\/www.stair24.com\/sv\/vid-trappmontering\/","url":"https:\/\/www.stair24.com\/sv\/vid-trappmontering\/","name":"Vid trappmontering - STAIR24","isPartOf":{"@id":"https:\/\/www.stair24.com\/sv\/#website"},"primaryImageOfPage":{"@id":"https:\/\/www.stair24.com\/sv\/vid-trappmontering\/#primaryimage"},"image":{"@id":"https:\/\/www.stair24.com\/sv\/vid-trappmontering\/#primaryimage"},"thumbnailUrl":"https:\/\/www.stair24.com\/wp-content\/uploads\/2023\/09\/kuidas-paigaldada-treppi.jpg","datePublished":"2021-11-08T10:12:41+00:00","dateModified":"2025-11-18T07:22:35+00:00","breadcrumb":{"@id":"https:\/\/www.stair24.com\/sv\/vid-trappmontering\/#breadcrumb"},"inLanguage":"sv-SE","potentialAction":[{"@type":"ReadAction","target":["https:\/\/www.stair24.com\/sv\/vid-trappmontering\/"]}]},{"@type":"ImageObject","inLanguage":"sv-SE","@id":"https:\/\/www.stair24.com\/sv\/vid-trappmontering\/#primaryimage","url":"https:\/\/www.stair24.com\/wp-content\/uploads\/2023\/09\/kuidas-paigaldada-treppi.jpg","contentUrl":"https:\/\/www.stair24.com\/wp-content\/uploads\/2023\/09\/kuidas-paigaldada-treppi.jpg","width":1200,"height":1800},{"@type":"BreadcrumbList","@id":"https:\/\/www.stair24.com\/sv\/vid-trappmontering\/#breadcrumb","itemListElement":[{"@type":"ListItem","position":1,"name":"Home","item":"https:\/\/www.stair24.com\/sv\/"},{"@type":"ListItem","position":2,"name":"Vid trappmontering"}]},{"@type":"WebSite","@id":"https:\/\/www.stair24.com\/sv\/#website","url":"https:\/\/www.stair24.com\/sv\/","name":"STAIR 24 | Kvaliteetsed trepid","description":"Valmistame treppe igas kujus ning suuruses. Trepid on meie kirg ning oleme \u00fcks suurimaid treppide tootja p\u00f5hjamaades. Proovige meie uut trepikalkulaatorit. Parima kvaliteediga trepid, kiire tarne ning soodne hind.","publisher":{"@id":"https:\/\/www.stair24.com\/sv\/#organization"},"potentialAction":[{"@type":"SearchAction","target":{"@type":"EntryPoint","urlTemplate":"https:\/\/www.stair24.com\/sv\/?s={search_term_string}"},"query-input":{"@type":"PropertyValueSpecification","valueRequired":true,"valueName":"search_term_string"}}],"inLanguage":"sv-SE"},{"@type":"Organization","@id":"https:\/\/www.stair24.com\/sv\/#organization","name":"STAIR 24 | Kvaliteetsed trepid","url":"https:\/\/www.stair24.com\/sv\/","logo":{"@type":"ImageObject","inLanguage":"sv-SE","@id":"https:\/\/www.stair24.com\/sv\/#\/schema\/logo\/image\/","url":"https:\/\/www.stair24.com\/wp-content\/uploads\/2022\/12\/trep-stair24_logo-1.png","contentUrl":"https:\/\/www.stair24.com\/wp-content\/uploads\/2022\/12\/trep-stair24_logo-1.png","width":302,"height":85,"caption":"STAIR 24 | Kvaliteetsed trepid"},"image":{"@id":"https:\/\/www.stair24.com\/sv\/#\/schema\/logo\/image\/"},"sameAs":["https:\/\/www.facebook.com\/AruGrupp","https:\/\/www.instagram.com\/stair.24\/","https:\/\/www.youtube.com\/@stair24com"]}]}},"_links":{"self":[{"href":"https:\/\/www.stair24.com\/sv\/wp-json\/wp\/v2\/pages\/4789","targetHints":{"allow":["GET"]}}],"collection":[{"href":"https:\/\/www.stair24.com\/sv\/wp-json\/wp\/v2\/pages"}],"about":[{"href":"https:\/\/www.stair24.com\/sv\/wp-json\/wp\/v2\/types\/page"}],"author":[{"embeddable":true,"href":"https:\/\/www.stair24.com\/sv\/wp-json\/wp\/v2\/users\/1"}],"replies":[{"embeddable":true,"href":"https:\/\/www.stair24.com\/sv\/wp-json\/wp\/v2\/comments?post=4789"}],"version-history":[{"count":5,"href":"https:\/\/www.stair24.com\/sv\/wp-json\/wp\/v2\/pages\/4789\/revisions"}],"predecessor-version":[{"id":22635,"href":"https:\/\/www.stair24.com\/sv\/wp-json\/wp\/v2\/pages\/4789\/revisions\/22635"}],"wp:featuredmedia":[{"embeddable":true,"href":"https:\/\/www.stair24.com\/sv\/wp-json\/wp\/v2\/media\/7537"}],"wp:attachment":[{"href":"https:\/\/www.stair24.com\/sv\/wp-json\/wp\/v2\/media?parent=4789"}],"curies":[{"name":"wp","href":"https:\/\/api.w.org\/{rel}","templated":true}]}}