{"id":4790,"date":"2021-11-08T10:12:08","date_gmt":"2021-11-08T10:12:08","guid":{"rendered":"https:\/\/www.stair24.com\/if-you-measure-a-staircase\/"},"modified":"2025-11-18T09:22:29","modified_gmt":"2025-11-18T07:22:29","slug":"vid-matning-av-din-trappa","status":"publish","type":"page","link":"https:\/\/www.stair24.com\/sv\/vid-matning-av-din-trappa\/","title":{"rendered":"Vid m\u00e4tning av Din trappa"},"content":{"rendered":"    <div id=\"checkmark-list-block-block_d327396254ebff0ee9e38b99d3c77c37\" class=\"checkmark-list-block\">\n                    <div class=\"row\">\n                <div class=\"list_title col-12\">\n                    <h6>STAIR24 rekommenderar att anlita en kvalificerad snickare f\u00f6r m\u00e4tning av trappan.<\/h6>\n                <\/div>\n            <\/div>\n                <div class=\"row\">\n            <div class=\"col-12\">\n                <ol class=\"checkbox_list\">\n                                                                        <li>Jag har anlitat en professionell m\u00e4tare.<\/li>\n                                                                                                <li>V\u00e4ggarna i trapp\u00f6ppningen \u00e4r f\u00e4rdiga och i lod och v\u00e5g, h\u00f6rnen \u00e4r 90\u00b0.<\/li>\n                                                                                                <li>Undergolvet f\u00f6r trapp\u00f6ppningen \u00e4r f\u00e4rdigt och i v\u00e5g.<\/li>\n                                                                                                <li>Jag vet de planerade sluth\u00f6jderna f\u00f6r f\u00e4rdiga golv.<\/li>\n                                                                                                <li>Jag k\u00e4nner till placeringen av konstruktioner i v\u00e4ggar d\u00e4r f\u00e4stskruvar f\u00f6r trappan kan f\u00f6rankras.<\/li>\n                                                                                                <li>Jag k\u00e4nner till placeringen av kablar, v\u00e4rme- och vattenr\u00f6r i anslutning till trappan.<\/li>\n                                                                                                <li>\u00c5tkomst till trappan finns f\u00f6r m\u00e4tning.<\/li>\n                                                                                                <li>M\u00e4tarens arbetsomr\u00e5de \u00e4r s\u00e4kert.<\/li>\n                                                            <\/ol>\n            <\/div>\n        <\/div>\n    <\/div>\n\n\n\n<h2 class=\"wp-block-heading\">M\u00e4tguide f\u00f6r trappor<\/h2>\n\n\n\n<p>F\u00f6r att vi ska kunna ge dig det mest exakta priset p\u00e5 trappan beh\u00f6ver vi trappans m\u00e5tt. H\u00e4r ger vi n\u00e5gra anvisningar om hur du f\u00e5r ett mer exakt m\u00e4tresultat och vad du ska m\u00e4ta.<\/p>\n\n\n\n<ul class=\"wp-block-list\">\n<li>M\u00e4t h\u00f6jden p\u00e5 rummet fr\u00e5n golvet p\u00e5 f\u00f6rsta v\u00e5ningen till golvet p\u00e5 andra v\u00e5ningen<\/li>\n\n\n\n<li>F\u00f6r att konstruera en trappa \u00e4r det n\u00f6dv\u00e4ndigt att k\u00e4nna till b\u00e5de h\u00f6jden p\u00e5 rummet och bj\u00e4lklagets tjocklek<\/li>\n\n\n\n<li>Ta h\u00e4nsyn till att trappans bredd inte kan vara bredare \u00e4n trapp\u00f6ppningens bredd<\/li>\n\n\n\n<li>Trappkonstrukt\u00f6ren ber\u00e4knar trappans l\u00e4ngd utifr\u00e5n l\u00e4ngden p\u00e5 trapp\u00f6ppningen och rummets h\u00f6jd s\u00e5 att det finns tillr\u00e4ckligt utrymme att g\u00e5 i trappan<\/li>\n\n\n\n<li>Utrymmet f\u00f6r att g\u00e5 i trappan \u00e4r m\u00e5ttet fr\u00e5n steget till f\u00f6rsta v\u00e5ningens tak (h\u00f6jdm\u00e5ttet mellan den imagin\u00e4ra linje som f\u00f6rbinder stegen och taket ovanf\u00f6r)<\/li>\n\n\n\n<li>V\u00e4nligen skicka m\u00e5tt angivna i millimeter<\/li>\n<\/ul>\n\n\n\n<p>Ange m\u00e5tt och information om typ av trappa i formul\u00e4ret f\u00f6r f\u00f6rfr\u00e5gan eller skicka dem till <a href=\"mailto:sales@Stair24.com\">sales@Stair24.com<\/a><\/p>\n","protected":false},"excerpt":{"rendered":"M\u00e4tguide f\u00f6r trappor F\u00f6r att vi ska kunna ge dig det mest exakta priset p\u00e5 trappan&#8230;","protected":false},"author":1,"featured_media":7548,"parent":0,"menu_order":0,"comment_status":"closed","ping_status":"closed","template":"page-templates\/staircase-instructions.php","meta":{"_acf_changed":false,"footnotes":""},"class_list":["post-4790","page","type-page","status-publish","has-post-thumbnail","hentry"],"acf":[],"yoast_head":"<!-- This site is optimized with the Yoast SEO plugin v27.5 - https:\/\/yoast.com\/product\/yoast-seo-wordpress\/ -->\n<title>Vid m\u00e4tning av Din trappa - STAIR24<\/title>\n<meta name=\"robots\" content=\"index, follow, max-snippet:-1, max-image-preview:large, max-video-preview:-1\" \/>\n<link rel=\"canonical\" href=\"https:\/\/www.stair24.com\/sv\/vid-matning-av-din-trappa\/\" \/>\n<meta property=\"og:locale\" content=\"sv_SE\" \/>\n<meta property=\"og:type\" content=\"article\" \/>\n<meta property=\"og:title\" content=\"Vid m\u00e4tning av Din trappa - STAIR24\" \/>\n<meta property=\"og:description\" content=\"M\u00e4tguide f\u00f6r trappor F\u00f6r att vi ska kunna ge dig det mest exakta priset p\u00e5 trappan...\" \/>\n<meta property=\"og:url\" content=\"https:\/\/www.stair24.com\/sv\/vid-matning-av-din-trappa\/\" \/>\n<meta property=\"og:site_name\" content=\"STAIR24\" \/>\n<meta property=\"article:publisher\" content=\"https:\/\/www.facebook.com\/AruGrupp\" \/>\n<meta property=\"article:modified_time\" content=\"2025-11-18T07:22:29+00:00\" \/>\n<meta property=\"og:image\" content=\"https:\/\/www.stair24.com\/wp-content\/uploads\/2023\/09\/kuidas-moota-treppi-1.jpg\" \/>\n\t<meta property=\"og:image:width\" content=\"1920\" \/>\n\t<meta property=\"og:image:height\" content=\"2560\" \/>\n\t<meta property=\"og:image:type\" content=\"image\/jpeg\" \/>\n<meta name=\"twitter:card\" content=\"summary_large_image\" \/>\n<meta name=\"twitter:label1\" content=\"Ber\u00e4knad l\u00e4stid\" \/>\n\t<meta name=\"twitter:data1\" content=\"2 minuter\" \/>\n<script type=\"application\/ld+json\" class=\"yoast-schema-graph\">{\"@context\":\"https:\\\/\\\/schema.org\",\"@graph\":[{\"@type\":\"WebPage\",\"@id\":\"https:\\\/\\\/www.stair24.com\\\/sv\\\/vid-matning-av-din-trappa\\\/\",\"url\":\"https:\\\/\\\/www.stair24.com\\\/sv\\\/vid-matning-av-din-trappa\\\/\",\"name\":\"Vid m\u00e4tning av Din trappa - STAIR24\",\"isPartOf\":{\"@id\":\"https:\\\/\\\/www.stair24.com\\\/sv\\\/#website\"},\"primaryImageOfPage\":{\"@id\":\"https:\\\/\\\/www.stair24.com\\\/sv\\\/vid-matning-av-din-trappa\\\/#primaryimage\"},\"image\":{\"@id\":\"https:\\\/\\\/www.stair24.com\\\/sv\\\/vid-matning-av-din-trappa\\\/#primaryimage\"},\"thumbnailUrl\":\"https:\\\/\\\/www.stair24.com\\\/wp-content\\\/uploads\\\/2023\\\/09\\\/kuidas-moota-treppi-1.jpg\",\"datePublished\":\"2021-11-08T10:12:08+00:00\",\"dateModified\":\"2025-11-18T07:22:29+00:00\",\"breadcrumb\":{\"@id\":\"https:\\\/\\\/www.stair24.com\\\/sv\\\/vid-matning-av-din-trappa\\\/#breadcrumb\"},\"inLanguage\":\"sv-SE\",\"potentialAction\":[{\"@type\":\"ReadAction\",\"target\":[\"https:\\\/\\\/www.stair24.com\\\/sv\\\/vid-matning-av-din-trappa\\\/\"]}]},{\"@type\":\"ImageObject\",\"inLanguage\":\"sv-SE\",\"@id\":\"https:\\\/\\\/www.stair24.com\\\/sv\\\/vid-matning-av-din-trappa\\\/#primaryimage\",\"url\":\"https:\\\/\\\/www.stair24.com\\\/wp-content\\\/uploads\\\/2023\\\/09\\\/kuidas-moota-treppi-1.jpg\",\"contentUrl\":\"https:\\\/\\\/www.stair24.com\\\/wp-content\\\/uploads\\\/2023\\\/09\\\/kuidas-moota-treppi-1.jpg\",\"width\":1920,\"height\":2560},{\"@type\":\"BreadcrumbList\",\"@id\":\"https:\\\/\\\/www.stair24.com\\\/sv\\\/vid-matning-av-din-trappa\\\/#breadcrumb\",\"itemListElement\":[{\"@type\":\"ListItem\",\"position\":1,\"name\":\"Home\",\"item\":\"https:\\\/\\\/www.stair24.com\\\/sv\\\/\"},{\"@type\":\"ListItem\",\"position\":2,\"name\":\"Vid m\u00e4tning av Din trappa\"}]},{\"@type\":\"WebSite\",\"@id\":\"https:\\\/\\\/www.stair24.com\\\/sv\\\/#website\",\"url\":\"https:\\\/\\\/www.stair24.com\\\/sv\\\/\",\"name\":\"STAIR 24 | Kvaliteetsed trepid\",\"description\":\"Valmistame treppe igas kujus ning suuruses. Trepid on meie kirg ning oleme \u00fcks suurimaid treppide tootja p\u00f5hjamaades. Proovige meie uut trepikalkulaatorit. Parima kvaliteediga trepid, kiire tarne ning soodne hind.\",\"publisher\":{\"@id\":\"https:\\\/\\\/www.stair24.com\\\/sv\\\/#organization\"},\"potentialAction\":[{\"@type\":\"SearchAction\",\"target\":{\"@type\":\"EntryPoint\",\"urlTemplate\":\"https:\\\/\\\/www.stair24.com\\\/sv\\\/?s={search_term_string}\"},\"query-input\":{\"@type\":\"PropertyValueSpecification\",\"valueRequired\":true,\"valueName\":\"search_term_string\"}}],\"inLanguage\":\"sv-SE\"},{\"@type\":\"Organization\",\"@id\":\"https:\\\/\\\/www.stair24.com\\\/sv\\\/#organization\",\"name\":\"STAIR 24 | Kvaliteetsed trepid\",\"url\":\"https:\\\/\\\/www.stair24.com\\\/sv\\\/\",\"logo\":{\"@type\":\"ImageObject\",\"inLanguage\":\"sv-SE\",\"@id\":\"https:\\\/\\\/www.stair24.com\\\/sv\\\/#\\\/schema\\\/logo\\\/image\\\/\",\"url\":\"https:\\\/\\\/www.stair24.com\\\/wp-content\\\/uploads\\\/2022\\\/12\\\/trep-stair24_logo-1.png\",\"contentUrl\":\"https:\\\/\\\/www.stair24.com\\\/wp-content\\\/uploads\\\/2022\\\/12\\\/trep-stair24_logo-1.png\",\"width\":302,\"height\":85,\"caption\":\"STAIR 24 | Kvaliteetsed trepid\"},\"image\":{\"@id\":\"https:\\\/\\\/www.stair24.com\\\/sv\\\/#\\\/schema\\\/logo\\\/image\\\/\"},\"sameAs\":[\"https:\\\/\\\/www.facebook.com\\\/AruGrupp\",\"https:\\\/\\\/www.instagram.com\\\/stair.24\\\/\",\"https:\\\/\\\/www.youtube.com\\\/@stair24com\"]}]}<\/script>\n<!-- \/ Yoast SEO plugin. -->","yoast_head_json":{"title":"Vid m\u00e4tning av Din trappa - STAIR24","robots":{"index":"index","follow":"follow","max-snippet":"max-snippet:-1","max-image-preview":"max-image-preview:large","max-video-preview":"max-video-preview:-1"},"canonical":"https:\/\/www.stair24.com\/sv\/vid-matning-av-din-trappa\/","og_locale":"sv_SE","og_type":"article","og_title":"Vid m\u00e4tning av Din trappa - STAIR24","og_description":"M\u00e4tguide f\u00f6r trappor F\u00f6r att vi ska kunna ge dig det mest exakta priset p\u00e5 trappan...","og_url":"https:\/\/www.stair24.com\/sv\/vid-matning-av-din-trappa\/","og_site_name":"STAIR24","article_publisher":"https:\/\/www.facebook.com\/AruGrupp","article_modified_time":"2025-11-18T07:22:29+00:00","og_image":[{"width":1920,"height":2560,"url":"https:\/\/www.stair24.com\/wp-content\/uploads\/2023\/09\/kuidas-moota-treppi-1.jpg","type":"image\/jpeg"}],"twitter_card":"summary_large_image","twitter_misc":{"Ber\u00e4knad l\u00e4stid":"2 minuter"},"schema":{"@context":"https:\/\/schema.org","@graph":[{"@type":"WebPage","@id":"https:\/\/www.stair24.com\/sv\/vid-matning-av-din-trappa\/","url":"https:\/\/www.stair24.com\/sv\/vid-matning-av-din-trappa\/","name":"Vid m\u00e4tning av Din trappa - STAIR24","isPartOf":{"@id":"https:\/\/www.stair24.com\/sv\/#website"},"primaryImageOfPage":{"@id":"https:\/\/www.stair24.com\/sv\/vid-matning-av-din-trappa\/#primaryimage"},"image":{"@id":"https:\/\/www.stair24.com\/sv\/vid-matning-av-din-trappa\/#primaryimage"},"thumbnailUrl":"https:\/\/www.stair24.com\/wp-content\/uploads\/2023\/09\/kuidas-moota-treppi-1.jpg","datePublished":"2021-11-08T10:12:08+00:00","dateModified":"2025-11-18T07:22:29+00:00","breadcrumb":{"@id":"https:\/\/www.stair24.com\/sv\/vid-matning-av-din-trappa\/#breadcrumb"},"inLanguage":"sv-SE","potentialAction":[{"@type":"ReadAction","target":["https:\/\/www.stair24.com\/sv\/vid-matning-av-din-trappa\/"]}]},{"@type":"ImageObject","inLanguage":"sv-SE","@id":"https:\/\/www.stair24.com\/sv\/vid-matning-av-din-trappa\/#primaryimage","url":"https:\/\/www.stair24.com\/wp-content\/uploads\/2023\/09\/kuidas-moota-treppi-1.jpg","contentUrl":"https:\/\/www.stair24.com\/wp-content\/uploads\/2023\/09\/kuidas-moota-treppi-1.jpg","width":1920,"height":2560},{"@type":"BreadcrumbList","@id":"https:\/\/www.stair24.com\/sv\/vid-matning-av-din-trappa\/#breadcrumb","itemListElement":[{"@type":"ListItem","position":1,"name":"Home","item":"https:\/\/www.stair24.com\/sv\/"},{"@type":"ListItem","position":2,"name":"Vid m\u00e4tning av Din trappa"}]},{"@type":"WebSite","@id":"https:\/\/www.stair24.com\/sv\/#website","url":"https:\/\/www.stair24.com\/sv\/","name":"STAIR 24 | Kvaliteetsed trepid","description":"Valmistame treppe igas kujus ning suuruses. Trepid on meie kirg ning oleme \u00fcks suurimaid treppide tootja p\u00f5hjamaades. Proovige meie uut trepikalkulaatorit. Parima kvaliteediga trepid, kiire tarne ning soodne hind.","publisher":{"@id":"https:\/\/www.stair24.com\/sv\/#organization"},"potentialAction":[{"@type":"SearchAction","target":{"@type":"EntryPoint","urlTemplate":"https:\/\/www.stair24.com\/sv\/?s={search_term_string}"},"query-input":{"@type":"PropertyValueSpecification","valueRequired":true,"valueName":"search_term_string"}}],"inLanguage":"sv-SE"},{"@type":"Organization","@id":"https:\/\/www.stair24.com\/sv\/#organization","name":"STAIR 24 | Kvaliteetsed trepid","url":"https:\/\/www.stair24.com\/sv\/","logo":{"@type":"ImageObject","inLanguage":"sv-SE","@id":"https:\/\/www.stair24.com\/sv\/#\/schema\/logo\/image\/","url":"https:\/\/www.stair24.com\/wp-content\/uploads\/2022\/12\/trep-stair24_logo-1.png","contentUrl":"https:\/\/www.stair24.com\/wp-content\/uploads\/2022\/12\/trep-stair24_logo-1.png","width":302,"height":85,"caption":"STAIR 24 | Kvaliteetsed trepid"},"image":{"@id":"https:\/\/www.stair24.com\/sv\/#\/schema\/logo\/image\/"},"sameAs":["https:\/\/www.facebook.com\/AruGrupp","https:\/\/www.instagram.com\/stair.24\/","https:\/\/www.youtube.com\/@stair24com"]}]}},"_links":{"self":[{"href":"https:\/\/www.stair24.com\/sv\/wp-json\/wp\/v2\/pages\/4790","targetHints":{"allow":["GET"]}}],"collection":[{"href":"https:\/\/www.stair24.com\/sv\/wp-json\/wp\/v2\/pages"}],"about":[{"href":"https:\/\/www.stair24.com\/sv\/wp-json\/wp\/v2\/types\/page"}],"author":[{"embeddable":true,"href":"https:\/\/www.stair24.com\/sv\/wp-json\/wp\/v2\/users\/1"}],"replies":[{"embeddable":true,"href":"https:\/\/www.stair24.com\/sv\/wp-json\/wp\/v2\/comments?post=4790"}],"version-history":[{"count":11,"href":"https:\/\/www.stair24.com\/sv\/wp-json\/wp\/v2\/pages\/4790\/revisions"}],"predecessor-version":[{"id":22634,"href":"https:\/\/www.stair24.com\/sv\/wp-json\/wp\/v2\/pages\/4790\/revisions\/22634"}],"wp:featuredmedia":[{"embeddable":true,"href":"https:\/\/www.stair24.com\/sv\/wp-json\/wp\/v2\/media\/7548"}],"wp:attachment":[{"href":"https:\/\/www.stair24.com\/sv\/wp-json\/wp\/v2\/media?parent=4790"}],"curies":[{"name":"wp","href":"https:\/\/api.w.org\/{rel}","templated":true}]}}