{"id":4799,"date":"2021-11-02T08:26:17","date_gmt":"2021-11-02T08:26:17","guid":{"rendered":"https:\/\/www.stair24.com\/services\/"},"modified":"2023-12-18T16:02:48","modified_gmt":"2023-12-18T14:02:48","slug":"tjanster","status":"publish","type":"page","link":"https:\/\/www.stair24.com\/sv\/tjanster\/","title":{"rendered":"Tj\u00e4nster"},"content":{"rendered":"\n    <div id=\"services-block-block_47f47071984cda9e28fc09d3b583fe0b\" class=\"services-block\">\n        <div class=\"container\">\n                            <h2 class=\"block_title\">STAIR24 erbjuder f\u00f6ljande tj\u00e4nster:<\/h2>\n                                                        <div class=\"row align-items-center\">\n                    <div class=\"block_content col col-lg-6 col-12\">\n                        <div class=\"content d-flex flex-column align-items-start justify-content-start\">\n                            <h2 class=\"d-lg-block d-none\">M\u00e5ttagning f\u00f6r trappa<\/h2>                            <p>M\u00e5ttagning f\u00f6r och installation av trapporna som Stair24 erbjuder \u00e4r avsedd att utf\u00f6ras av f\u00f6retr\u00e4dare f\u00f6r Stair24 eller av personer som utsetts av kunden sj\u00e4lv, som har kompetens inom yrkessnickeri, kunskap om de standarder som g\u00e4ller f\u00f6r trappor d\u00e4r de ska installeras och har de n\u00f6dv\u00e4ndiga verktygen. Detta b\u00f6r ocks\u00e5 beaktas n\u00e4r m\u00e5tten f\u00f6r trappan tas och skickas till STAIR24 som en best\u00e4llning. Korrekt m\u00e5ttagning f\u00f6r trappan \u00e4r den f\u00f6rsta f\u00f6ruts\u00e4ttningen f\u00f6r att f\u00e5 en trappa av h\u00f6g kvalitet. L\u00e4s v\u00e5ra villkor f\u00f6r <a href=\"https:\/\/www.stair24.com\/sv\/ordervillkor\/\">best\u00e4llning av trappor<\/a> och se v\u00e5r video om m\u00e5ttagning <a href=\"https:\/\/www.stair24.com\/sv\/vid-matning-av-din-trappa\/\">H\u00c4R<\/a><\/p>\n<p>N\u00e5gra viktiga aspekter som \u00e4r v\u00e4rda att t\u00e4nka p\u00e5 n\u00e4r man m\u00e4ter trappor:<\/p>\n<p>1. S\u00e4kerst\u00e4ll \u00e5tkomst och s\u00e4kerhet vid m\u00e5ttagningen<br \/>\n2. Om trapp\u00f6ppningen inte har r\u00e4ta vinklar och parallella sidor m\u00e5ste trappan tillverkas efter de minsta m\u00e5tten<br \/>\n3. Det \u00e4r f\u00f6rnuftigt att genomf\u00f6ra m\u00e5ttagning n\u00e4r utrymmets v\u00e4ggar, golv och bj\u00e4lklag har f\u00e5tt sina slutliga strukturella dimensioner<br \/>\n4. Ta h\u00e4nsyn till strukturer i v\u00e4ggar som kan anv\u00e4ndas f\u00f6r att f\u00e4sta trappan med skruv<br \/>\n5. Ta h\u00e4nsyn till alla ledningar och r\u00f6r som finns i trappinstallationsomr\u00e5det och som kan skadas av trappans inf\u00e4stningar<br \/>\n6. Kontrollera alla m\u00e5tt flera g\u00e5nger \u2013 trappan du best\u00e4ller kommer att utformas enligt de m\u00e5tt du uppger<\/p>\n<h2>Hur ber\u00e4knar STAIR24 m\u00e5tten?<\/h2>\n<p>Beroende p\u00e5 den valda modellen av trappa och \u00f6ppningens form rekommenderar vi optimala m\u00e4tningar f\u00f6r \u00f6ppningen och trappan. \u00d6ppningens dimensioner, steg (5) \u2013 n\u00e4r nya \u00f6ppningsdimensioner anges ber\u00e4knas de optimala trappdimensionerna som uppfyller konstruktionskraven. Trappans dimensioner, steg (6) \u2013 n\u00e4r nya m\u00e5tt p\u00e5 trappor anges ber\u00e4knas trappans \u00f6verensst\u00e4mmelse med konstruktionskraven, de problematiska parametrarna visas i r\u00f6d text och n\u00e4r mark\u00f6ren flyttas till texten ger vi information om korrigeringsalternativen.<\/p>\n                                                    <\/div>\n                    <\/div>\n                    <div class=\"image_wrap col col-lg-6 col-12\">\n                        <h2 class=\"d-lg-none d-block\">M\u00e5ttagning f\u00f6r trappa<\/h2>                        <div class=\"image_content\">\n                            <img loading=\"lazy\" decoding=\"async\" src=\"https:\/\/www.stair24.com\/wp-content\/uploads\/2023\/12\/trepp-rectangle-11-1000x622.jpg\" width=\"1000\" height=\"622\" alt=\"trepi-tootja-stair-3\" \/>\n                        <\/div>\n                    <\/div>\n                <\/div>\n                                            <div class=\"row align-items-center\">\n                    <div class=\"block_content col col-lg-6 col-12\">\n                        <div class=\"content d-flex flex-column align-items-start justify-content-start\">\n                            <h2 class=\"d-lg-block d-none\">Trapptransport<\/h2>                            <p>Stair24 erbjuder transport fr\u00e5n fabriken till sina centrallager (adresser finns p\u00e5 <a href=\"https:\/\/www.stair24.com\/sv\/kontakt\/\">kontaktsidan<\/a>). Aktuellt produktpris i centrallagret visas i v\u00e5r webbutik. Om du vill kan du ocks\u00e5 best\u00e4lla transport fr\u00e5n d\u00f6rr till d\u00f6rr. F\u00f6r att g\u00f6ra detta m\u00e5ste du ange detta \u00f6nskem\u00e5l i f\u00f6rfr\u00e5gan i urvalet som finns p\u00e5 v\u00e5r hemsida, och vi kommer att skicka priset och leveranstid. P\u00e5 m\u00e5ndagen f\u00f6re leveransveckan skickar Stair24 information om f\u00e4rdigst\u00e4llande och leverans av produkterna till din e-postadress.<\/p>\n<p>Trappor levereras som delar f\u00f6rpackade p\u00e5 lastpall. Om du sj\u00e4lv kommer till centrallagret f\u00f6r att h\u00e4mta varorna, \u00e4r personbil med sl\u00e4pvagn ett l\u00e4mpligt transportmedel. Under och efter transporten (\u00e4ven om transport har best\u00e4llts av oss) m\u00e5ste det s\u00e4kerst\u00e4llas att produkterna inte p\u00e5verkas av nederb\u00f6rd eller mycket stark sol.<\/p>\n                                                    <\/div>\n                    <\/div>\n                    <div class=\"image_wrap col col-lg-6 col-12\">\n                        <h2 class=\"d-lg-none d-block\">Trapptransport<\/h2>                        <div class=\"image_content\">\n                            <img loading=\"lazy\" decoding=\"async\" src=\"https:\/\/www.stair24.com\/wp-content\/uploads\/2023\/12\/trepp-rectangle-41-1000x622.jpg\" width=\"1000\" height=\"622\" alt=\"trepi-tootja-stair-2\" \/>\n                        <\/div>\n                    <\/div>\n                <\/div>\n                                            <div class=\"row align-items-center\">\n                    <div class=\"block_content col col-lg-6 col-12\">\n                        <div class=\"content d-flex flex-column align-items-start justify-content-start\">\n                            <h2 class=\"d-lg-block d-none\">Installation av trappa<\/h2>                            <p>Installation av trapporna som Stair24 erbjuder \u00e4r avsedd att utf\u00f6ras av f\u00f6retr\u00e4dare f\u00f6r Stair24 eller av personer som utsetts av kunden sj\u00e4lv, som har kompetens inom yrkessnickeri, kunskap om de standarder som g\u00e4ller f\u00f6r trappor d\u00e4r de ska installeras och har de n\u00f6dv\u00e4ndiga verktygen. Korrekt installation av trappan s\u00e4kerst\u00e4ller din trappas kvalitet och anv\u00e4ndarv\u00e4nlighet. L\u00e4s v\u00e5ra <a href=\"https:\/\/www.stair24.com\/sv\/ordervillkor\/\">best\u00e4llningsvillkor<\/a> och se v\u00e5r trappinstallationsvideo <a href=\"https:\/\/www.stair24.com\/sv\/vid-trappmontering\/\">H\u00c4R<\/a>.<\/p>\n<p>N\u00e5gra viktiga aspekter som \u00e4r v\u00e4rda att t\u00e4nka p\u00e5 n\u00e4r man installerar trappor:<\/p>\n<p>1. Planera installationen av trappan att utf\u00f6ras n\u00e4r byggnadsarbetena i byggnaden har slutf\u00f6rts. \u00c4ven om trappan \u00e4r kraftig till konstruktionen, \u00e4r den samtidigt k\u00e4nslig som ett musikinstrument eller en m\u00f6bel som inte t\u00e5l kraftiga fluktuationer i fuktighet och temperatur eller mekanisk skada<br \/>\n2. Se vid installation av trappan till att \u00e5tkomsten till trapp\u00f6ppningen \u00e4r god och att det finns tillr\u00e4ckligt med utrymme f\u00f6r uppackning av trappans delar<br \/>\n3. Skydda golvet och v\u00e4ggarnas h\u00f6rn inom arbetsomr\u00e5det om det beh\u00f6vs<br \/>\n4. Var beredd p\u00e5 att f\u00e5 f\u00f6rb\u00e4ttra v\u00e4ggarnas ytskikt, trappans delar \u00e4r tunga och tillverkade med precision, det kan uppst\u00e5 mindre repor p\u00e5 de utsatta delarna av byggnaden<br \/>\n5. Om du best\u00e4ller installation kommer vi \u00f6verens om exakt vad installationstj\u00e4nsten inneh\u00e5ller (reng\u00f6ring av trapp\u00f6ppningen, stegbel\u00e4ggningar, skyddslister p\u00e5 bj\u00e4lklaget, list mellan sista trappsteget och golvet, f\u00e4rdig trappbel\u00e4ggning och annat arbete som inte \u00e4r direkt relaterat till trappinstallation ing\u00e5r inte i standardpaketet)<br \/>\n6. F\u00f6lj alla s\u00e4kerhetskrav<br \/>\n7. Observera att n\u00e4r du installerar en trappa l\u00e4mnas 3 mm \u00f6ppning mellan trappan och byggnadsstrukturen. Om trapp\u00f6ppningen inte \u00e4r r\u00e4tvinklig eller v\u00e4ggarna \u00e4r skeva, kan denna \u00f6ppning avvika fr\u00e5n planen<br \/>\n8. N\u00e4r trappan \u00e4r installerad, kontrollera omedelbart om produkten uppfyller de \u00f6verenskomna villkoren<br \/>\n9. Om du uppt\u00e4cker en defekt i produkten under installationen, meddela omedelbart tillverkaren genom att skicka en f\u00f6rklaring och ett foto av defekten. Senare framf\u00f6rda p\u00e5st\u00e5enden om mekanisk skada kan tyv\u00e4rr inte beaktas av tillverkaren som garantifall<br \/>\n10. H\u00e5ll rummet uppv\u00e4rmt och skydda mot \u00f6verdriven fukt, undvik byggnadsarbeten som ger upphov till fukt<\/p>\n                                                    <\/div>\n                    <\/div>\n                    <div class=\"image_wrap col col-lg-6 col-12\">\n                        <h2 class=\"d-lg-none d-block\">Installation av trappa<\/h2>                        <div class=\"image_content\">\n                            <img loading=\"lazy\" decoding=\"async\" src=\"https:\/\/www.stair24.com\/wp-content\/uploads\/2023\/12\/trepp-rectangle-42-1000x622.jpg\" width=\"1000\" height=\"622\" alt=\"trepi-tootja-stair-1\" \/>\n                        <\/div>\n                    <\/div>\n                <\/div>\n                                            <div class=\"row align-items-center\">\n                    <div class=\"block_content col col-lg-6 col-12\">\n                        <div class=\"content d-flex flex-column align-items-start justify-content-start\">\n                            <h2 class=\"d-lg-block d-none\">Underh\u00e5ll av trappan<\/h2>                            <p>Trapporna som Stair24 erbjuder \u00e4r avsedd f\u00f6r anv\u00e4ndning i hemmet. Anv\u00e4ndning av utomhusskor p\u00e5 trappan och att husdjur anv\u00e4nder trappan m\u00e5ste undvikas f\u00f6r att f\u00f6rhindra skador p\u00e5 trappans ytbel\u00e4ggning. Trappan beh\u00f6ver reng\u00f6ras som alla andra delar av rummet, men det \u00e4r inte till\u00e5tet att anv\u00e4nda kemiska medel f\u00f6r att reng\u00f6ra ytorna.<\/p>\n<p>Oljade ytor kr\u00e4ver underh\u00e5llsoljning beroende p\u00e5 anv\u00e4ndningsintensiteten, men minst 1 g\u00e5ng om \u00e5ret.<\/p>\n                                                    <\/div>\n                    <\/div>\n                    <div class=\"image_wrap col col-lg-6 col-12\">\n                        <h2 class=\"d-lg-none d-block\">Underh\u00e5ll av trappan<\/h2>                        <div class=\"image_content\">\n                            <img loading=\"lazy\" decoding=\"async\" src=\"https:\/\/www.stair24.com\/wp-content\/uploads\/2023\/12\/Rectangle-43-1000x596.jpg\" width=\"1000\" height=\"596\" alt=\"trepp-koos-paigaldusega-portfoolio-s7\" \/>\n                        <\/div>\n                    <\/div>\n                <\/div>\n                    <\/div>\n    <\/div>\n\n\n\n<div id=\"shop-links-block-block_650c4b779cb6100303dae28e35734439\" class=\"shop-links-block\">\n    <div class=\"container\">\n        <div class=\"shop_navigation\">\n    <h2 class=\"blog_sidebar_title\">B\u00f6rja v\u00e4lja h\u00e4r:<\/h2>    <div class=\"navigation d-flex flex-column justify-content-start align-items-start\">\n                                <div class=\"category w100\">\n                <div class=\"category_inside_wrap w100 d-flex align-items-center\">\n                                                                    <div class=\"tooltipster\">\n                            <div class=\"tooltip_icon\">\n                                <span class=\"d-block\">i<\/span>\n                                <div class=\"tooltip_content\">\n                                    <img decoding=\"async\" src=\"https:\/\/www.stair24.com\/wp-content\/uploads\/2021\/11\/I-stair-300x300-1.png\" width=\"300\" height=\"300\" alt=\"I-trappa\" loading=\"lazy\" \/>\n                                <\/div>\n                            <\/div>\n                        <\/div>\n                    \n                                                                    <a class=\"cat_img\" href=\"https:\/\/www.stair24.com\/sv\/i-formade-trappor\/\" aria-label=\"I-formade trappor\">\n                            <img decoding=\"async\" src=\"https:\/\/www.stair24.com\/wp-content\/uploads\/2021\/11\/Straight_flight_I-stairs_thumb.jpg\" alt=\"I-formade trappor Image\" width=\"143\" height=\"188\"  loading=\"lazy\" >\n                        <\/a>\n                    \n                    <div class=\"cat_desc\">\n                                                    <h3>I-formade trappor<\/h3>                                                <a class=\"btn\" href=\"https:\/\/www.stair24.com\/sv\/i-formade-trappor\/\">\u00d6ppna valen<\/a>                    <\/div>\n                    \n                                                                                <\/div>\n            <\/div>\n                                <div class=\"category w100\">\n                <div class=\"category_inside_wrap w100 d-flex align-items-center\">\n                                                                    <div class=\"tooltipster\">\n                            <div class=\"tooltip_icon\">\n                                <span class=\"d-block\">i<\/span>\n                                <div class=\"tooltip_content\">\n                                    <img decoding=\"async\" src=\"https:\/\/www.stair24.com\/wp-content\/uploads\/2021\/11\/L-stair-300x300-1.png\" width=\"300\" height=\"300\" alt=\"L-trappa\" loading=\"lazy\" \/>\n                                <\/div>\n                            <\/div>\n                        <\/div>\n                    \n                                                                    <a class=\"cat_img\" href=\"https:\/\/www.stair24.com\/sv\/l-formade-trappor\/\" aria-label=\"L-formade trappor\">\n                            <img decoding=\"async\" src=\"https:\/\/www.stair24.com\/wp-content\/uploads\/2021\/11\/Quarter_turn_L-stairs_thumb.jpg\" alt=\"L-formade trappor Image\" width=\"143\" height=\"188\"  loading=\"lazy\" >\n                        <\/a>\n                    \n                    <div class=\"cat_desc\">\n                                                    <h3>L-formade trappor<\/h3>                                                <a class=\"btn\" href=\"https:\/\/www.stair24.com\/sv\/l-formade-trappor\/\">\u00d6ppna valen<\/a>                    <\/div>\n                    \n                                                                                <\/div>\n            <\/div>\n                                <div class=\"category w100\">\n                <div class=\"category_inside_wrap w100 d-flex align-items-center\">\n                                                                    <div class=\"tooltipster\">\n                            <div class=\"tooltip_icon\">\n                                <span class=\"d-block\">i<\/span>\n                                <div class=\"tooltip_content\">\n                                    <img decoding=\"async\" src=\"https:\/\/www.stair24.com\/wp-content\/uploads\/2021\/11\/U-stair-300x300-1.png\" width=\"300\" height=\"300\" alt=\"U-trappa\" loading=\"lazy\" \/>\n                                <\/div>\n                            <\/div>\n                        <\/div>\n                    \n                                                                    <a class=\"cat_img\" href=\"https:\/\/www.stair24.com\/sv\/u-formade-trappor\/\" aria-label=\"U-formade trappor\">\n                            <img decoding=\"async\" src=\"https:\/\/www.stair24.com\/wp-content\/uploads\/2021\/11\/Half_turn_U-stairs_thumb.jpg\" alt=\"U-formade trappor Image\" width=\"143\" height=\"188\"  loading=\"lazy\" >\n                        <\/a>\n                    \n                    <div class=\"cat_desc\">\n                                                    <h3>U-formade trappor<\/h3>                                                <a class=\"btn\" href=\"https:\/\/www.stair24.com\/sv\/u-formade-trappor\/\">\u00d6ppna valen<\/a>                    <\/div>\n                    \n                                                                                <\/div>\n            <\/div>\n                                <div class=\"category w100\">\n                <div class=\"category_inside_wrap w100 d-flex align-items-center\">\n                    \n                                                                    <a class=\"cat_img\" href=\"https:\/\/www.stair24.com\/sv\/specialbestallda-trappor\/\" aria-label=\"Specialbest\u00e4llda trappor\">\n                            <img decoding=\"async\" src=\"https:\/\/www.stair24.com\/wp-content\/uploads\/2023\/12\/trepp-chrome_mmubrthd65.jpg\" alt=\"Specialbest\u00e4llda trappor Image\" width=\"143\" height=\"147\"  loading=\"lazy\" >\n                        <\/a>\n                    \n                    <div class=\"cat_desc\">\n                                                    <h3>Specialbest\u00e4llda trappor<\/h3>                                                <a class=\"btn\" href=\"https:\/\/www.stair24.com\/sv\/specialbestallda-trappor\/\">\u00d6ppna valen<\/a>                    <\/div>\n                    \n                                    <\/div>\n            <\/div>\n            <\/div>\n<\/div>    <\/div>\n<\/div>","protected":false},"excerpt":{"rendered":"","protected":false},"author":1,"featured_media":0,"parent":0,"menu_order":0,"comment_status":"closed","ping_status":"closed","template":"","meta":{"_acf_changed":false,"footnotes":""},"class_list":["post-4799","page","type-page","status-publish","hentry"],"acf":[],"yoast_head":"<!-- This site is optimized with the Yoast SEO plugin v27.2 - https:\/\/yoast.com\/product\/yoast-seo-wordpress\/ -->\n<title>Tj\u00e4nster - STAIR24<\/title>\n<meta name=\"robots\" content=\"index, follow, max-snippet:-1, max-image-preview:large, max-video-preview:-1\" \/>\n<link rel=\"canonical\" href=\"https:\/\/www.stair24.com\/sv\/tjanster\/\" \/>\n<meta property=\"og:locale\" content=\"sv_SE\" \/>\n<meta property=\"og:type\" content=\"article\" \/>\n<meta property=\"og:title\" content=\"Tj\u00e4nster - STAIR24\" \/>\n<meta property=\"og:url\" content=\"https:\/\/www.stair24.com\/sv\/tjanster\/\" \/>\n<meta property=\"og:site_name\" content=\"STAIR24\" \/>\n<meta property=\"article:publisher\" content=\"https:\/\/www.facebook.com\/AruGrupp\" \/>\n<meta property=\"article:modified_time\" content=\"2023-12-18T14:02:48+00:00\" \/>\n<meta property=\"og:image\" content=\"https:\/\/www.stair24.com\/wp-content\/uploads\/2022\/12\/trepid-stair24_logo-2.png\" \/>\n\t<meta property=\"og:image:width\" content=\"711\" \/>\n\t<meta property=\"og:image:height\" content=\"200\" \/>\n\t<meta property=\"og:image:type\" content=\"image\/png\" \/>\n<meta name=\"twitter:card\" content=\"summary_large_image\" \/>\n<script type=\"application\/ld+json\" class=\"yoast-schema-graph\">{\"@context\":\"https:\/\/schema.org\",\"@graph\":[{\"@type\":\"WebPage\",\"@id\":\"https:\/\/www.stair24.com\/sv\/tjanster\/\",\"url\":\"https:\/\/www.stair24.com\/sv\/tjanster\/\",\"name\":\"Tj\u00e4nster - STAIR24\",\"isPartOf\":{\"@id\":\"https:\/\/www.stair24.com\/sv\/#website\"},\"datePublished\":\"2021-11-02T08:26:17+00:00\",\"dateModified\":\"2023-12-18T14:02:48+00:00\",\"breadcrumb\":{\"@id\":\"https:\/\/www.stair24.com\/sv\/tjanster\/#breadcrumb\"},\"inLanguage\":\"sv-SE\",\"potentialAction\":[{\"@type\":\"ReadAction\",\"target\":[\"https:\/\/www.stair24.com\/sv\/tjanster\/\"]}]},{\"@type\":\"BreadcrumbList\",\"@id\":\"https:\/\/www.stair24.com\/sv\/tjanster\/#breadcrumb\",\"itemListElement\":[{\"@type\":\"ListItem\",\"position\":1,\"name\":\"Home\",\"item\":\"https:\/\/www.stair24.com\/sv\/\"},{\"@type\":\"ListItem\",\"position\":2,\"name\":\"Tj\u00e4nster\"}]},{\"@type\":\"WebSite\",\"@id\":\"https:\/\/www.stair24.com\/sv\/#website\",\"url\":\"https:\/\/www.stair24.com\/sv\/\",\"name\":\"STAIR 24 | Kvaliteetsed trepid\",\"description\":\"Valmistame treppe igas kujus ning suuruses. Trepid on meie kirg ning oleme \u00fcks suurimaid treppide tootja p\u00f5hjamaades. Proovige meie uut trepikalkulaatorit. Parima kvaliteediga trepid, kiire tarne ning soodne hind.\",\"publisher\":{\"@id\":\"https:\/\/www.stair24.com\/sv\/#organization\"},\"potentialAction\":[{\"@type\":\"SearchAction\",\"target\":{\"@type\":\"EntryPoint\",\"urlTemplate\":\"https:\/\/www.stair24.com\/sv\/?s={search_term_string}\"},\"query-input\":{\"@type\":\"PropertyValueSpecification\",\"valueRequired\":true,\"valueName\":\"search_term_string\"}}],\"inLanguage\":\"sv-SE\"},{\"@type\":\"Organization\",\"@id\":\"https:\/\/www.stair24.com\/sv\/#organization\",\"name\":\"STAIR 24 | Kvaliteetsed trepid\",\"url\":\"https:\/\/www.stair24.com\/sv\/\",\"logo\":{\"@type\":\"ImageObject\",\"inLanguage\":\"sv-SE\",\"@id\":\"https:\/\/www.stair24.com\/sv\/#\/schema\/logo\/image\/\",\"url\":\"https:\/\/www.stair24.com\/wp-content\/uploads\/2022\/12\/trep-stair24_logo-1.png\",\"contentUrl\":\"https:\/\/www.stair24.com\/wp-content\/uploads\/2022\/12\/trep-stair24_logo-1.png\",\"width\":302,\"height\":85,\"caption\":\"STAIR 24 | Kvaliteetsed trepid\"},\"image\":{\"@id\":\"https:\/\/www.stair24.com\/sv\/#\/schema\/logo\/image\/\"},\"sameAs\":[\"https:\/\/www.facebook.com\/AruGrupp\",\"https:\/\/www.instagram.com\/stair.24\/\",\"https:\/\/www.youtube.com\/@stair24com\"]}]}<\/script>\n<!-- \/ Yoast SEO plugin. -->","yoast_head_json":{"title":"Tj\u00e4nster - STAIR24","robots":{"index":"index","follow":"follow","max-snippet":"max-snippet:-1","max-image-preview":"max-image-preview:large","max-video-preview":"max-video-preview:-1"},"canonical":"https:\/\/www.stair24.com\/sv\/tjanster\/","og_locale":"sv_SE","og_type":"article","og_title":"Tj\u00e4nster - STAIR24","og_url":"https:\/\/www.stair24.com\/sv\/tjanster\/","og_site_name":"STAIR24","article_publisher":"https:\/\/www.facebook.com\/AruGrupp","article_modified_time":"2023-12-18T14:02:48+00:00","og_image":[{"width":711,"height":200,"url":"https:\/\/www.stair24.com\/wp-content\/uploads\/2022\/12\/trepid-stair24_logo-2.png","type":"image\/png"}],"twitter_card":"summary_large_image","schema":{"@context":"https:\/\/schema.org","@graph":[{"@type":"WebPage","@id":"https:\/\/www.stair24.com\/sv\/tjanster\/","url":"https:\/\/www.stair24.com\/sv\/tjanster\/","name":"Tj\u00e4nster - STAIR24","isPartOf":{"@id":"https:\/\/www.stair24.com\/sv\/#website"},"datePublished":"2021-11-02T08:26:17+00:00","dateModified":"2023-12-18T14:02:48+00:00","breadcrumb":{"@id":"https:\/\/www.stair24.com\/sv\/tjanster\/#breadcrumb"},"inLanguage":"sv-SE","potentialAction":[{"@type":"ReadAction","target":["https:\/\/www.stair24.com\/sv\/tjanster\/"]}]},{"@type":"BreadcrumbList","@id":"https:\/\/www.stair24.com\/sv\/tjanster\/#breadcrumb","itemListElement":[{"@type":"ListItem","position":1,"name":"Home","item":"https:\/\/www.stair24.com\/sv\/"},{"@type":"ListItem","position":2,"name":"Tj\u00e4nster"}]},{"@type":"WebSite","@id":"https:\/\/www.stair24.com\/sv\/#website","url":"https:\/\/www.stair24.com\/sv\/","name":"STAIR 24 | Kvaliteetsed trepid","description":"Valmistame treppe igas kujus ning suuruses. Trepid on meie kirg ning oleme \u00fcks suurimaid treppide tootja p\u00f5hjamaades. Proovige meie uut trepikalkulaatorit. Parima kvaliteediga trepid, kiire tarne ning soodne hind.","publisher":{"@id":"https:\/\/www.stair24.com\/sv\/#organization"},"potentialAction":[{"@type":"SearchAction","target":{"@type":"EntryPoint","urlTemplate":"https:\/\/www.stair24.com\/sv\/?s={search_term_string}"},"query-input":{"@type":"PropertyValueSpecification","valueRequired":true,"valueName":"search_term_string"}}],"inLanguage":"sv-SE"},{"@type":"Organization","@id":"https:\/\/www.stair24.com\/sv\/#organization","name":"STAIR 24 | Kvaliteetsed trepid","url":"https:\/\/www.stair24.com\/sv\/","logo":{"@type":"ImageObject","inLanguage":"sv-SE","@id":"https:\/\/www.stair24.com\/sv\/#\/schema\/logo\/image\/","url":"https:\/\/www.stair24.com\/wp-content\/uploads\/2022\/12\/trep-stair24_logo-1.png","contentUrl":"https:\/\/www.stair24.com\/wp-content\/uploads\/2022\/12\/trep-stair24_logo-1.png","width":302,"height":85,"caption":"STAIR 24 | Kvaliteetsed trepid"},"image":{"@id":"https:\/\/www.stair24.com\/sv\/#\/schema\/logo\/image\/"},"sameAs":["https:\/\/www.facebook.com\/AruGrupp","https:\/\/www.instagram.com\/stair.24\/","https:\/\/www.youtube.com\/@stair24com"]}]}},"_links":{"self":[{"href":"https:\/\/www.stair24.com\/sv\/wp-json\/wp\/v2\/pages\/4799","targetHints":{"allow":["GET"]}}],"collection":[{"href":"https:\/\/www.stair24.com\/sv\/wp-json\/wp\/v2\/pages"}],"about":[{"href":"https:\/\/www.stair24.com\/sv\/wp-json\/wp\/v2\/types\/page"}],"author":[{"embeddable":true,"href":"https:\/\/www.stair24.com\/sv\/wp-json\/wp\/v2\/users\/1"}],"replies":[{"embeddable":true,"href":"https:\/\/www.stair24.com\/sv\/wp-json\/wp\/v2\/comments?post=4799"}],"version-history":[{"count":6,"href":"https:\/\/www.stair24.com\/sv\/wp-json\/wp\/v2\/pages\/4799\/revisions"}],"predecessor-version":[{"id":9932,"href":"https:\/\/www.stair24.com\/sv\/wp-json\/wp\/v2\/pages\/4799\/revisions\/9932"}],"wp:attachment":[{"href":"https:\/\/www.stair24.com\/sv\/wp-json\/wp\/v2\/media?parent=4799"}],"curies":[{"name":"wp","href":"https:\/\/api.w.org\/{rel}","templated":true}]}}