{"id":4806,"date":"2021-10-21T13:47:36","date_gmt":"2021-10-21T13:47:36","guid":{"rendered":"https:\/\/www.stair24.com\/privacy-policy\/"},"modified":"2023-12-15T15:39:15","modified_gmt":"2023-12-15T13:39:15","slug":"integritetspolicy","status":"publish","type":"page","link":"https:\/\/www.stair24.com\/sv\/integritetspolicy\/","title":{"rendered":"Integritetspolicy"},"content":{"rendered":"\n<p><strong>VILLKOREN F\u00d6R PERSONUPPGIFTSBEHANDLING AV ARU GRUPP AS<br><\/strong><br><strong>1. TERMER OCH ALLM\u00c4NNA BEST\u00c4MMELSER<\/strong><br>1.1. Dessa regler f\u00f6r behandling av personuppgifter av Aru Grupp AS (nedan kallade Reglerna) reglerar proceduren f\u00f6r behandling av den registrerades personuppgifter, bl.a. personuppgifter som behandlas av Aru Grupp AS, grunder, principer och syften f\u00f6r personuppgiftsbehandling av Aru Grupp AS,&nbsp; den registrerades r\u00e4ttigheter och Aru Grupp AS\u2019 skyldigheter vid personuppgiftsbehandling och s\u00e4kerhets\u00e5tg\u00e4rder f\u00f6r skydd av personuppgifter.<br>1.2. Personuppgiftsansvarig \u00e4r Aru Grupp AS (nedan kallat Aru Grupp AS), organisationsnummer 10108425, adress Rakvere tee 12, Hulja, Kadrina vald 45203, L\u00e4\u00e4ne-Virumaa, Estland, e-postadress: <a href=\"mailto:info@arugrupp.ee\">info@arugrupp.ee<\/a>.<br>1.3. Den registrerade \u00e4r en fysisk person, bl.a. en fysisk representant av en juridisk person, vars personuppgifter&nbsp; behandlas av Aru Grupp AS (nedan kallad Den registrerade).<br>1.4. Personuppgifter \u00e4r all information om en identifierad eller identifierbar registrerad (nedan kallade personuppgifter).<br>1.5. Behandling av personuppgifter omfattar alla \u00e5tg\u00e4rder med Den registrerades personuppgifter (bl.a. insamling, lagring, organisering, arkivering, \u00e4ndring, beviljande av \u00e5tkomst, anv\u00e4ndning, vidarebefordrande, radering osv.).<br>1.6. Aru Grupp AS kan auktorisera andra personer eller organisationer (nedan kallade Personuppgiftsbitr\u00e4de) att behandla Den registrerades personuppgifter, f\u00f6rutsatt att Aru Grupp AS har ing\u00e5tt ett avtal med s\u00e5dant Personuppgiftsbitr\u00e4de enligt vilket Personuppgiftsbitr\u00e4det \u00e4r skyldigt att hemligh\u00e5lla de behandlade personuppgifterna och s\u00e4kra fullg\u00f6rande av skyldigheter som g\u00e4ller f\u00f6r Personuppgiftsbitr\u00e4det i enlighet med lagstiftningen. Namn och kontaktuppgifter f\u00f6r Personuppgiftsbitr\u00e4den tillhandah\u00e5lls av Aru Grupp AS f\u00f6r Den registrerade p\u00e5 Den registrerades beg\u00e4ran. F\u00f6r n\u00e4rvarande \u00e4r Personuppgiftsbitr\u00e4dena angivna i Bilaga nr 1 \u2013 Personuppgiftsbitr\u00e4den av Aru Grupp AS <a href=\"http:\/\/arugrupp.ee\/dokumendid\">http:\/\/arugrupp.ee\/dokumendid<\/a>.<br>1.7. Vid \u00e4ndring av Personuppgiftsbitr\u00e4den eller deras uppgifter uppdateras denna lista inom rimlig tid, dock senast inom 30 dagar efter s\u00e5dan \u00e4ndring.<\/p>\n\n\n\n<p><strong>2. SYFTET MED OCH R\u00c4TTSLIG GRUND F\u00d6R PERSONUPPGIFTSBEHANDLING<\/strong><br>2.1. Aru Grupp AS behandlar Den registrerades personuppgifter i f\u00f6ljande syften:<br>2.1.1. f\u00f6r ing\u00e5ende av ett avtal med Den registrerade (bl.a. l\u00e4mnande av offert);<br>2.1.2. f\u00f6r fullg\u00f6rande av avtalet med Den registrerade;<br>2.1.3. f\u00f6r erbjudande av varor eller tillhandah\u00e5llande av tj\u00e4nster till Den registrerade;<br>2.1.4. f\u00f6r uppr\u00e4ttande av intern f\u00f6rs\u00e4ljningsstatistik f\u00f6r Aru Grupp AS;<br>2.1.5. f\u00f6r marknadsf\u00f6rings- och konsumentunders\u00f6kningar och unders\u00f6kning av kundn\u00f6jdhet;<br>2.1.6. f\u00f6r administrering, uppdatering och f\u00f6rb\u00e4ttring av Aru Grupp AS\u2019 webbplats;<br>2.1.7. f\u00f6r uppfyllande av andra syften med avtalet mellan Aru Grupp AS och Den registrerade, bl.a. f\u00f6r n\u00f6dv\u00e4ndiga \u00e5tg\u00e4rder f\u00f6r utveckling och kvalitetsf\u00f6rb\u00e4ttring av de varor och tj\u00e4nster som tillhandah\u00e5lls av Aru Grupp AS;<br>2.1.8. f\u00f6r skydd av Aru Grupp AS\u2019 egendom;<br>2.1.9.&nbsp;f\u00f6r fullg\u00f6rande av lagstadgade skyldigheter.<br>2.2. Grunder f\u00f6r behandling av Den registrerades personuppgifter av Aru Grupp AS:<br>2.2.1. avtalet med Aru Grupp AS \u2013 fr\u00e4mst personuppgiftsbehandling f\u00f6r ing\u00e5ende och fullg\u00f6rande av avtalet, bl.a. f\u00f6r alla n\u00f6dv\u00e4ndiga \u00e5tg\u00e4rder f\u00f6r ing\u00e5ende och fullg\u00f6rande av avtalet;<br>2.2.2.&nbsp;Den registrerades samtycke \u2013 fr\u00e4mst personuppgiftsbehandling f\u00f6r marknadsf\u00f6rings-, konsument- och kundn\u00f6jdhetsunders\u00f6kningar, \u00e4ven personuppgiftsbehandling i den del som inte sker enligt avtalet eller lagen eller andra best\u00e4mmelser;<br>2.2.3. Lagar och andra best\u00e4mmelser \u2013 personuppgiftsbehandling f\u00f6r fullg\u00f6rande av Aru Grupp AS\u2019 skyldigheter enligt lagar och andra best\u00e4mmelser;<br>2.2.4. Avtalet med personuppgiftsbitr\u00e4det \u2013 personuppgiftsbehandling i en situation d\u00e4r den personuppgiftsansvarige har auktoriserat Aru Grupp AS f\u00f6r att behandla personuppgifter i syften angivna av den personuppgiftsansvarige.<br>2.3. Aru Grupp AS g\u00f6r sitt yttersta f\u00f6r att snarast underr\u00e4tta Den registrerade om all lagstadgad information om behandling av Den registrerades personuppgifter, bl.a. dessa Regler, och allsidigt samarbeta med Den registrerade f\u00f6r effektivt skydd av Den registrerades alla r\u00e4ttigheter och intressen. Den registrerade medger \u00e5 andra sidan att genom att l\u00e4mna in personuppgifter till Aru Grupp AS (t.ex. per telefon eller e-post) p\u00e5 eget initiativ ger Den registrerade sitt samtycke till behandling av \u00f6verl\u00e4mnade personuppgifter.<\/p>\n\n\n\n<p><strong>3. PERSONUPPGIFTER SOM BEHANDLAS<\/strong><br>3.1. Aru Grupp AS behandlar bland annat f\u00f6ljande personuppgifter av Den registrerade:<br>3.1.1. Uppgifter om Den registrerade (namn, f\u00f6delsedatum, k\u00f6n, nationalitet, bankkontonummer osv.);<br>3.1.2. Kontaktuppgifter av Den registrerade (bl.a. adress, e-postadress, telefonnummer, faxnummer osv.);<br>3.1.3. Andra personuppgifter yppade av Den registrerade f\u00f6r Aru Grupp AS, bl.a. personuppgifter till personer f\u00f6rknippade till Den registrerade.<br>3.2. Den exakta sammans\u00e4ttningen av Den registrerades personuppgifter som behandlas av Aru Grupp AS beror p\u00e5 vilka personuppgifter som yppas av Den registrerade till Aru Grupp AS.<br>3.3. Den registrerade \u00e4r inte skyldig att yppa s\u00e5dana personuppgifter till Aru Grupp AS som Den registrerade inte \u00f6nskar att yppa till Aru Grupp AS men Den registrerade \u00e4r medveten om att inl\u00e4mnande av ofullst\u00e4ndiga eller otillr\u00e4ckliga personuppgifter kan g\u00f6ra det om\u00f6jligt f\u00f6r Aru Grupp AS att erbjuda varor och\/eller tillhandah\u00e5lla tj\u00e4nster till Den registrerade.<\/p>\n\n\n\n<p><strong>4. LAGRING OCH ARKIVERING AV PERSONUPPGIFTER<\/strong><br>4.1. Aru Grupp AS lagrar och arkiverar alla personuppgifter yppade av Den registrerade under villkor enligt principer och krav enligt dessa Regler och till\u00e4mplig lagstiftning.<br>4.2. Aru Grupp AS garanterar att alla anst\u00e4llda av Aru Grupp AS som p\u00e5 vilket som helst s\u00e4tt kommer i kontakt med Den registrerades personuppgifter har \u00e5tkomst till Den registrerades personuppgifter f\u00f6r uppfyllande av syften f\u00f6r personuppgiftsbehandling angivna av Aru Grupp AS och uppfyller skyldigheten att hemligh\u00e5lla personuppgifter.<br>4.3. Aru Grupp AS har \u00e4ven r\u00e4tt att lagra alla order l\u00e4mnade via kommunikationsmedel (t.ex. telefon, e-post) och andra \u00e5tg\u00e4rder vidtagna av Den registrerade och vid behov anv\u00e4nda dessa lagrade uppgifter f\u00f6r att bevisa order eller andra \u00e5tg\u00e4rder och f\u00f6r uppfyllande av andra syften med personuppgiftsbehandling enligt dessa Regler.<br>4.4. Aru Grupp AS arkiverar personuppgifter under den tid som \u00e4r n\u00f6dv\u00e4ndig f\u00f6r tillhandah\u00e5llande av varor och\/eller tj\u00e4nster till Den registrerade och efter\u00e5t s\u00e5 l\u00e4nge detta \u00e4r n\u00f6dv\u00e4ndigt f\u00f6r skydd av r\u00e4ttigheter av Aru Grupp AS eller enligt lagen.<br>4.5. Aru Grupp AS arkiverar Den registrerades personuppgifter som behandlas av Aru Grupp AS som personuppgiftsbitr\u00e4de under den tid som har \u00f6verenskommits med den personuppgiftsansvarige.<\/p>\n\n\n\n<p><strong>5. \u00d6VERL\u00c4MNANDE AV PERSONUPPGIFTER TILL TREDJE PARTER<\/strong><br>5.1. Aru Grupp AS kan \u00f6verl\u00e4mna personuppgifter till tredje parter, bl.a. tredje parter bel\u00e4gna i andra EU-medlemsstater, om \u00f6verl\u00e4mnande av personuppgifter \u00e4r i \u00f6verensst\u00e4mmelse med och n\u00f6dv\u00e4ndig f\u00f6r tillhandah\u00e5llande av varor och\/eller tj\u00e4nster av Aru Grupp AS till Den registrerade, bl.a. f\u00f6r alla \u00e5tg\u00e4rder n\u00f6dv\u00e4ndiga f\u00f6r tillhandah\u00e5llande av varor och\/eller tj\u00e4nster, eller f\u00f6r uppfyllande av andra syften med personuppgiftsbehandling angivna av Aru Grupp AS eller fullg\u00f6rande av skyldigheter av Aru Grupp AS enligt lagar och andra best\u00e4mmelser.<br>5.2. Aru Grupp AS \u00f6verl\u00e4mnar personuppgifter till tredje parter uteslutande i den omfattning som \u00e4r n\u00f6dv\u00e4ndig f\u00f6r uppfyllande av syften angivna f\u00f6r Aru Grupp AS f\u00f6r personuppgiftsbehandling. Aru Grupp AS kr\u00e4ver att mottagare av \u00f6verl\u00e4mnade eller yppade personuppgifter ska f\u00f6lja de av Aru Grupp AS fastst\u00e4llda s\u00e4kerhets- och sekretessreglerna och s\u00e4kerst\u00e4ller en dataskyddsniv\u00e5 som motsvarar niv\u00e5n f\u00f6r databehandlingsverksamhet.&nbsp;<br>5.3. Aru Grupp AS kan \u00f6verl\u00e4mna Den registrerades personuppgifter fr\u00e4mst till f\u00f6ljande tredje parter:<br>5.3.1.&nbsp;Aru Grupp AS aff\u00e4rs- och samarbetspartners;<br>5.3.2. Advokater och andra konsulter i samband med Aru Grupp AS\u2019 verksamhet;<br>5.3.3. Parter som Aru Grupp AS har \u00f6verl\u00e4mnat fordringar till;&nbsp;<br>5.3.4. Parter till vilka Aru Grupp AS kan eller b\u00f6r yppa Den registrerades personuppgifter f\u00f6r uppfyllande av lagstadgade skyldigheter.<br>5.4. Aru Grupp AS har i enlighet med dessa Regler publicerat en lista \u00f6ver personuppgiftsbitr\u00e4den som uppdateras av Aru Grupp AS i enlighet med Reglerna. Vid Den registrerades beg\u00e4ran underr\u00e4ttar Aru Grupp AS Den registrerade om vilka parter Aru Grupp AS har \u00f6verl\u00e4mnat Den registrerades personuppgifter till.<\/p>\n\n\n\n<p><strong>6. DEN REGISTRERADES R\u00c4TTIGHETER<\/strong><br>6.1. Den registrerade har r\u00e4tt till:<br>6.1.1. att f\u00e5 information om sina personuppgifter som behandlas av Aru Grupp AS och behandling av dessa, bl.a. information om tredje parter till vilka Aru Grupp AS har \u00f6verl\u00e4mnat personuppgifter;<br>6.1.2. att beg\u00e4ra omedelbar korrigering av felaktiga personuppgifter avseende Den registrerade, bl.a. korrigering av ofullst\u00e4ndiga personuppgifter;<br>6.1.3. att i lagstadgade fall beg\u00e4ra upph\u00f6rande med behandling av Den registrerades personuppgifter och radering av personuppgifter;<br>6.1.4. att i lagstadgade fall beg\u00e4ra begr\u00e4nsning av behandling av Den registrerades personuppgifter eller inv\u00e4nda mot behandling av personuppgifter;<br>6.1.5.&nbsp;att f\u00e5 personuppgifter om Den registrerade som Den registrerade har l\u00e4mnat till Aru Grupp AS i ett strukturerat, allm\u00e4nt anv\u00e4nt format och i maskinl\u00e4sbar form och \u00f6verl\u00e4mna dessa uppgifter till annan personuppgiftsansvarig utan att Aru Grupp AS ska hindra detta;<br>6.1.6. att vid var tid f\u00f6rbjuda behandling av sina personuppgifter f\u00f6r unders\u00f6kning av konsumentvanor eller f\u00f6r direktreklam och \u00f6verl\u00e4mnande av personuppgifter till tredje parter som vill anv\u00e4nda dem f\u00f6r unders\u00f6kning av konsumentvanor eller f\u00f6r direktreklam;<br>6.1.7. vid var tid \u00e5terkalla sitt samtycke till behandling av personuppgifter, d\u00e4rvid har Den registrerade endast r\u00e4tt att \u00e5terkalla sitt samtycke till personuppgiftsbehandling i marknadsf\u00f6ringssyften. \u00c5terkallande av samtycket p\u00e5verkar inte lagligheten av personuppgiftsbehandling f\u00f6re \u00e5terkallandet eller behandling av Den registrerades personuppgifter till den del som avser lagstadgad personuppgiftsbehandling.<br>6.2. Aru Grupp AS \u00e5tar sig att vid korrigering eller radering av Den registrerades personuppgifter eller begr\u00e4nsning av personuppgiftsbehandling att utan dr\u00f6jsm\u00e5l underr\u00e4tta de tredje parter som personuppgifter erh\u00f6lls fr\u00e5n eller \u00f6verl\u00e4mnades till, om detta \u00e4r tekniskt m\u00f6jligt utan orimliga kostnader.<br>6.3. Den registrerade \u00e5tar sig att l\u00e4mna alla ans\u00f6kningar och beg\u00e4randen om personuppgifter elektroniskt och i digitalt undertecknad form till e-postadress <a href=\"mailto:info@arugrupp.ee\">info@arugrupp.ee<\/a> eller i egenh\u00e4ndigt undertecknad form till adress Rakvere tee 12, Hulja, Kadrina vald 45203, L\u00e4\u00e4ne-Virumaa, Estland.<\/p>\n\n\n\n<p><strong>7. SKYLDIGHETER AV ARU GRUPP AS<\/strong><br>7.1. Aru Grupp AS \u00e4r skyldig att behandla personuppgifter, bl.a. samla in, \u00f6vers\u00e4nda och arkivera personuppgifter, enligt regler, i syften och under villkor enligt dessa Villkor och andra f\u00f6reskrifter av Aru Grupp AS om personuppgiftsbehandling samt den estniska lagen om personuppgiftsskydd, Europaparlamentets och r\u00e5dets f\u00f6rordning (EU) nr 2016\/679 och andra relevanta best\u00e4mmelser.<\/p>\n\n\n\n<p><strong>8. \u00c5TG\u00c4RDER F\u00d6R PERSONUPPGIFTSSKYDD<\/strong><br>8.1. Aru Grupp AS f\u00f6ljer i sin verksamhet principerna f\u00f6r personuppgiftsskydd och g\u00f6r sitt yttersta f\u00f6r att personuppgiftsbehandling, bl.a. insamling, \u00f6verf\u00f6ring och arkivering av personuppgifter, ska ske p\u00e5 ett s\u00e4tt som s\u00e4krar personuppgifternas s\u00e4kerhet och konfidentialitet i enlighet med personuppgifternas karakt\u00e4r, bl.a. vidtar vederb\u00f6rliga tekniska och organisatoriska \u00e5tg\u00e4rder f\u00f6r att garantera s\u00e4ker personuppgiftsbehandling.<br>8.2. Vid \u00f6vertr\u00e4delse som r\u00f6r Den registrerades personuppgifter och sannolikt allvarligt \u00e4ventyrar Den registrerades r\u00e4ttigheter och friheter \u00e5tar Aru Grupp AS sig att utan ogrundat dr\u00f6jsm\u00e5l underr\u00e4tta Den registrerade om den personuppgiftsrelaterade \u00f6vertr\u00e4delsen, bl.a. beskriva \u00f6vertr\u00e4delsens art och eventuella f\u00f6ljder samt vidtagna \u00e5tg\u00e4rder f\u00f6r \u00e5tg\u00e4rdande och l\u00e4mna kontaktuppgifterna f\u00f6r en person som har n\u00e4rmare information till Den registrerade.<\/p>\n\n\n\n<p><strong>9. SKYDD AV DEN REGISTRERADES R\u00c4TTIGHETER<\/strong><br>9.1. Skulle Den registrerade anse att Aru Grupp AS har skadat hans\/hennes r\u00e4ttigheter vid personuppgiftsbehandling&nbsp; har Den registrerade r\u00e4tt att beg\u00e4ra att Aru Grupp AS ska upph\u00f6ra med \u00f6vertr\u00e4delsen.<br>9.2. Den registrerade har dessutom r\u00e4tt att vid var tid v\u00e4nda sig till den estniska dataskyddsinspektionen (adress: Tatari 39, Tallinn 10134, telefon: 627 4135, e-postadress: <a href=\"mailto:info@aki.ee\">info@aki.ee<\/a>) eller en beh\u00f6rig domstol om hans\/hennes r\u00e4ttigheter skadas.<br>9.3. Den registrerade har r\u00e4tt att v\u00e4nda sig till Aru Grupp AS&nbsp; (organisationsnummer 10108425) per telefon +372 329 5640, e-postadress <a href=\"mailto:info@arugrupp.ee\">info@arugrupp.ee<\/a> eller adress Rakvere tee 12, Hulja, Kadrina vald 45203, L\u00e4\u00e4ne-Virumaa, Estland, med allm\u00e4nna fr\u00e5gor om personuppgiftsbehandling.<\/p>\n\n\n\n<p><strong>10. \u00d6VRIGA VILLKOR<\/strong><br>Aru Grupp AS har r\u00e4tt att ensidigt \u00e4ndra Villkoren varvid Den registrerade b\u00f6r underr\u00e4ttas om \u00e4ndringar minst 30 dagar i f\u00f6rv\u00e4g via Aru Grupp AS\u2019 webbplats http:\/\/arugrupp.ee\/dokumendid, utom om Villkoren \u00e4ndras till f\u00f6ljd av \u00e4ndringar i lagstadgade krav.&nbsp;<\/p>\n\n\n\n<p><strong>COOKIEPOLICY<\/strong><br>Denna webbplats anv\u00e4nder sessionscookies f\u00f6r delmenyn. Tredjepartscookies fr\u00e5n Google kan ocks\u00e5 anv\u00e4ndas f\u00f6r bes\u00f6ksstatistik i Google Analytics. Detta beror p\u00e5 konfigurationen av webbplatsen. Kontakta oss f\u00f6r mer information.<br>En sessionscookie skapas n\u00e4r en bes\u00f6kare bes\u00f6ker en av v\u00e5ra webbplatser. Det kommer d\u00e5 att sparas tillf\u00e4lligt p\u00e5 bes\u00f6karens dator. Sessionscookien kommer att tas bort n\u00e4r bes\u00f6karen st\u00e4nger sin webbl\u00e4sare. Ingen personlig information som e-postadress eller namn kommer att sparas om bes\u00f6karen.<br>I din webbl\u00e4sare kan du konfigurera olika inst\u00e4llningar som p\u00e5verkar hur och om cookies kommer att sparas p\u00e5 din dator. Se webbl\u00e4sarens hj\u00e4lp om hur du konfigurerar dessa inst\u00e4llningar. Om du v\u00e4ljer att inte acceptera cookies alls kan detta p\u00e5verka webbplatsens prestanda i din webbl\u00e4sare.<br>Google har utvecklat ett plugin f\u00f6r de mest anv\u00e4nda webbl\u00e4sarna, detta plugin g\u00f6r det m\u00f6jligt att f\u00f6rhindra att Google Analytics loggar och sparar bes\u00f6ksinformation p\u00e5 en webbplats. Om du vill f\u00f6rhindra att Google Analytics f\u00e5r den h\u00e4r typen av information fr\u00e5n ditt bes\u00f6k p\u00e5 monitor.se kan du ladda ner och installera detta plugin via denna l\u00e4nk https:\/\/tools.google.com\/dlpage\/gaoptout?hl=sv.<\/p>\n\n\n\n<div style=\"height:65px\" aria-hidden=\"true\" class=\"wp-block-spacer\"><\/div>\n","protected":false},"excerpt":{"rendered":"VILLKOREN F\u00d6R PERSONUPPGIFTSBEHANDLING AV ARU GRUPP AS1. TERMER OCH ALLM\u00c4NNA BEST\u00c4MMELSER1.1. Dessa regler f\u00f6r behandling av&#8230;","protected":false},"author":1,"featured_media":0,"parent":0,"menu_order":0,"comment_status":"closed","ping_status":"closed","template":"","meta":{"_acf_changed":false,"footnotes":""},"class_list":["post-4806","page","type-page","status-publish","hentry"],"acf":[],"yoast_head":"<!-- This site is optimized with the Yoast SEO plugin v27.2 - https:\/\/yoast.com\/product\/yoast-seo-wordpress\/ -->\n<title>Integritetspolicy - STAIR24<\/title>\n<meta name=\"robots\" content=\"index, follow, max-snippet:-1, max-image-preview:large, max-video-preview:-1\" \/>\n<link rel=\"canonical\" href=\"https:\/\/www.stair24.com\/sv\/integritetspolicy\/\" \/>\n<meta property=\"og:locale\" content=\"sv_SE\" \/>\n<meta property=\"og:type\" content=\"article\" \/>\n<meta property=\"og:title\" content=\"Integritetspolicy - STAIR24\" \/>\n<meta property=\"og:description\" content=\"VILLKOREN F\u00d6R PERSONUPPGIFTSBEHANDLING AV ARU GRUPP AS1. TERMER OCH ALLM\u00c4NNA BEST\u00c4MMELSER1.1. Dessa regler f\u00f6r behandling av...\" \/>\n<meta property=\"og:url\" content=\"https:\/\/www.stair24.com\/sv\/integritetspolicy\/\" \/>\n<meta property=\"og:site_name\" content=\"STAIR24\" \/>\n<meta property=\"article:publisher\" content=\"https:\/\/www.facebook.com\/AruGrupp\" \/>\n<meta property=\"article:modified_time\" content=\"2023-12-15T13:39:15+00:00\" \/>\n<meta property=\"og:image\" content=\"https:\/\/www.stair24.com\/wp-content\/uploads\/2022\/12\/trepid-stair24_logo-2.png\" \/>\n\t<meta property=\"og:image:width\" content=\"711\" \/>\n\t<meta property=\"og:image:height\" content=\"200\" \/>\n\t<meta property=\"og:image:type\" content=\"image\/png\" \/>\n<meta name=\"twitter:card\" content=\"summary_large_image\" \/>\n<meta name=\"twitter:label1\" content=\"Ber\u00e4knad l\u00e4stid\" \/>\n\t<meta name=\"twitter:data1\" content=\"9 minuter\" \/>\n<script type=\"application\/ld+json\" class=\"yoast-schema-graph\">{\"@context\":\"https:\/\/schema.org\",\"@graph\":[{\"@type\":\"WebPage\",\"@id\":\"https:\/\/www.stair24.com\/sv\/integritetspolicy\/\",\"url\":\"https:\/\/www.stair24.com\/sv\/integritetspolicy\/\",\"name\":\"Integritetspolicy - STAIR24\",\"isPartOf\":{\"@id\":\"https:\/\/www.stair24.com\/sv\/#website\"},\"datePublished\":\"2021-10-21T13:47:36+00:00\",\"dateModified\":\"2023-12-15T13:39:15+00:00\",\"breadcrumb\":{\"@id\":\"https:\/\/www.stair24.com\/sv\/integritetspolicy\/#breadcrumb\"},\"inLanguage\":\"sv-SE\",\"potentialAction\":[{\"@type\":\"ReadAction\",\"target\":[\"https:\/\/www.stair24.com\/sv\/integritetspolicy\/\"]}]},{\"@type\":\"BreadcrumbList\",\"@id\":\"https:\/\/www.stair24.com\/sv\/integritetspolicy\/#breadcrumb\",\"itemListElement\":[{\"@type\":\"ListItem\",\"position\":1,\"name\":\"Home\",\"item\":\"https:\/\/www.stair24.com\/sv\/\"},{\"@type\":\"ListItem\",\"position\":2,\"name\":\"Integritetspolicy\"}]},{\"@type\":\"WebSite\",\"@id\":\"https:\/\/www.stair24.com\/sv\/#website\",\"url\":\"https:\/\/www.stair24.com\/sv\/\",\"name\":\"STAIR 24 | Kvaliteetsed trepid\",\"description\":\"Valmistame treppe igas kujus ning suuruses. Trepid on meie kirg ning oleme \u00fcks suurimaid treppide tootja p\u00f5hjamaades. Proovige meie uut trepikalkulaatorit. Parima kvaliteediga trepid, kiire tarne ning soodne hind.\",\"publisher\":{\"@id\":\"https:\/\/www.stair24.com\/sv\/#organization\"},\"potentialAction\":[{\"@type\":\"SearchAction\",\"target\":{\"@type\":\"EntryPoint\",\"urlTemplate\":\"https:\/\/www.stair24.com\/sv\/?s={search_term_string}\"},\"query-input\":{\"@type\":\"PropertyValueSpecification\",\"valueRequired\":true,\"valueName\":\"search_term_string\"}}],\"inLanguage\":\"sv-SE\"},{\"@type\":\"Organization\",\"@id\":\"https:\/\/www.stair24.com\/sv\/#organization\",\"name\":\"STAIR 24 | Kvaliteetsed trepid\",\"url\":\"https:\/\/www.stair24.com\/sv\/\",\"logo\":{\"@type\":\"ImageObject\",\"inLanguage\":\"sv-SE\",\"@id\":\"https:\/\/www.stair24.com\/sv\/#\/schema\/logo\/image\/\",\"url\":\"https:\/\/www.stair24.com\/wp-content\/uploads\/2022\/12\/trep-stair24_logo-1.png\",\"contentUrl\":\"https:\/\/www.stair24.com\/wp-content\/uploads\/2022\/12\/trep-stair24_logo-1.png\",\"width\":302,\"height\":85,\"caption\":\"STAIR 24 | Kvaliteetsed trepid\"},\"image\":{\"@id\":\"https:\/\/www.stair24.com\/sv\/#\/schema\/logo\/image\/\"},\"sameAs\":[\"https:\/\/www.facebook.com\/AruGrupp\",\"https:\/\/www.instagram.com\/stair.24\/\",\"https:\/\/www.youtube.com\/@stair24com\"]}]}<\/script>\n<!-- \/ Yoast SEO plugin. -->","yoast_head_json":{"title":"Integritetspolicy - STAIR24","robots":{"index":"index","follow":"follow","max-snippet":"max-snippet:-1","max-image-preview":"max-image-preview:large","max-video-preview":"max-video-preview:-1"},"canonical":"https:\/\/www.stair24.com\/sv\/integritetspolicy\/","og_locale":"sv_SE","og_type":"article","og_title":"Integritetspolicy - STAIR24","og_description":"VILLKOREN F\u00d6R PERSONUPPGIFTSBEHANDLING AV ARU GRUPP AS1. TERMER OCH ALLM\u00c4NNA BEST\u00c4MMELSER1.1. Dessa regler f\u00f6r behandling av...","og_url":"https:\/\/www.stair24.com\/sv\/integritetspolicy\/","og_site_name":"STAIR24","article_publisher":"https:\/\/www.facebook.com\/AruGrupp","article_modified_time":"2023-12-15T13:39:15+00:00","og_image":[{"width":711,"height":200,"url":"https:\/\/www.stair24.com\/wp-content\/uploads\/2022\/12\/trepid-stair24_logo-2.png","type":"image\/png"}],"twitter_card":"summary_large_image","twitter_misc":{"Ber\u00e4knad l\u00e4stid":"9 minuter"},"schema":{"@context":"https:\/\/schema.org","@graph":[{"@type":"WebPage","@id":"https:\/\/www.stair24.com\/sv\/integritetspolicy\/","url":"https:\/\/www.stair24.com\/sv\/integritetspolicy\/","name":"Integritetspolicy - STAIR24","isPartOf":{"@id":"https:\/\/www.stair24.com\/sv\/#website"},"datePublished":"2021-10-21T13:47:36+00:00","dateModified":"2023-12-15T13:39:15+00:00","breadcrumb":{"@id":"https:\/\/www.stair24.com\/sv\/integritetspolicy\/#breadcrumb"},"inLanguage":"sv-SE","potentialAction":[{"@type":"ReadAction","target":["https:\/\/www.stair24.com\/sv\/integritetspolicy\/"]}]},{"@type":"BreadcrumbList","@id":"https:\/\/www.stair24.com\/sv\/integritetspolicy\/#breadcrumb","itemListElement":[{"@type":"ListItem","position":1,"name":"Home","item":"https:\/\/www.stair24.com\/sv\/"},{"@type":"ListItem","position":2,"name":"Integritetspolicy"}]},{"@type":"WebSite","@id":"https:\/\/www.stair24.com\/sv\/#website","url":"https:\/\/www.stair24.com\/sv\/","name":"STAIR 24 | Kvaliteetsed trepid","description":"Valmistame treppe igas kujus ning suuruses. Trepid on meie kirg ning oleme \u00fcks suurimaid treppide tootja p\u00f5hjamaades. Proovige meie uut trepikalkulaatorit. Parima kvaliteediga trepid, kiire tarne ning soodne hind.","publisher":{"@id":"https:\/\/www.stair24.com\/sv\/#organization"},"potentialAction":[{"@type":"SearchAction","target":{"@type":"EntryPoint","urlTemplate":"https:\/\/www.stair24.com\/sv\/?s={search_term_string}"},"query-input":{"@type":"PropertyValueSpecification","valueRequired":true,"valueName":"search_term_string"}}],"inLanguage":"sv-SE"},{"@type":"Organization","@id":"https:\/\/www.stair24.com\/sv\/#organization","name":"STAIR 24 | Kvaliteetsed trepid","url":"https:\/\/www.stair24.com\/sv\/","logo":{"@type":"ImageObject","inLanguage":"sv-SE","@id":"https:\/\/www.stair24.com\/sv\/#\/schema\/logo\/image\/","url":"https:\/\/www.stair24.com\/wp-content\/uploads\/2022\/12\/trep-stair24_logo-1.png","contentUrl":"https:\/\/www.stair24.com\/wp-content\/uploads\/2022\/12\/trep-stair24_logo-1.png","width":302,"height":85,"caption":"STAIR 24 | Kvaliteetsed trepid"},"image":{"@id":"https:\/\/www.stair24.com\/sv\/#\/schema\/logo\/image\/"},"sameAs":["https:\/\/www.facebook.com\/AruGrupp","https:\/\/www.instagram.com\/stair.24\/","https:\/\/www.youtube.com\/@stair24com"]}]}},"_links":{"self":[{"href":"https:\/\/www.stair24.com\/sv\/wp-json\/wp\/v2\/pages\/4806","targetHints":{"allow":["GET"]}}],"collection":[{"href":"https:\/\/www.stair24.com\/sv\/wp-json\/wp\/v2\/pages"}],"about":[{"href":"https:\/\/www.stair24.com\/sv\/wp-json\/wp\/v2\/types\/page"}],"author":[{"embeddable":true,"href":"https:\/\/www.stair24.com\/sv\/wp-json\/wp\/v2\/users\/1"}],"replies":[{"embeddable":true,"href":"https:\/\/www.stair24.com\/sv\/wp-json\/wp\/v2\/comments?post=4806"}],"version-history":[{"count":5,"href":"https:\/\/www.stair24.com\/sv\/wp-json\/wp\/v2\/pages\/4806\/revisions"}],"predecessor-version":[{"id":9455,"href":"https:\/\/www.stair24.com\/sv\/wp-json\/wp\/v2\/pages\/4806\/revisions\/9455"}],"wp:attachment":[{"href":"https:\/\/www.stair24.com\/sv\/wp-json\/wp\/v2\/media?parent=4806"}],"curies":[{"name":"wp","href":"https:\/\/api.w.org\/{rel}","templated":true}]}}