{"id":9526,"date":"2023-12-15T17:51:01","date_gmt":"2023-12-15T15:51:01","guid":{"rendered":"https:\/\/www.stair24.com\/?page_id=9526"},"modified":"2023-12-18T15:14:59","modified_gmt":"2023-12-18T13:14:59","slug":"anvandbar-information-2","status":"publish","type":"page","link":"https:\/\/www.stair24.com\/sv\/anvandbar-information\/anvandbar-information-2\/","title":{"rendered":"5 r\u00e5d f\u00f6r valet av trappa"},"content":{"rendered":"\n<p>Trappan \u00e4r en av de viktigaste aspekterna i en byggnad. Det \u00e4r en riktig utmaning b\u00e5de f\u00f6r hem\u00e4garen och inredningsarkitekten att v\u00e4lja en passande plats och design f\u00f6r trappan.<\/p>\n\n\n\n<p>Som tillverkare av trappor rekommenderar vi att du har svar p\u00e5 f\u00f6ljande fr\u00e5gor innan du v\u00e4ljer en passande trappa:<\/p>\n\n\n\n<p>1) Ska trappan utm\u00e4rka sig i inredningen eller ska den hellre blandas in med resten?<br>2) Hur stor golvyta kan du uppoffra f\u00f6r trappan?<br>3) Ska trappan vara belyst av dagsljus?<br>4) Ska trappan ha en vridning och om ja, hur stor skall den vara?<br>5) Ska trappans vridning vara l\u00f6st med en vilplan eller vinklade trappsteg?<\/p>\n\n\n\n<p>T\u00e4nk p\u00e5 att en trappa med vilplan \u00e4r mer bekv\u00e4m att anv\u00e4nda, dock tar den upp mer plats \u00e4n en vinkeltrappa.<\/p>\n\n\n\n<p>Trappans designl\u00f6sning och budget<\/p>\n\n\n\n<p>Beroende p\u00e5 dina svar, kommer din trappas stil b\u00f6rja att fastst\u00e4llas. Om du har best\u00e4mt dig f\u00f6r en dominant trappa s\u00e5 b\u00f6r ditt materialval \u00f6verensst\u00e4mma med trappans roll. Om din trappa ligger vid sidan av rummet och inte sticker ut, s\u00e5 kan du v\u00e4lja enklare och billigare material. Precis som i modebranschen har trappor sina trender. F\u00f6r att vara up-to-date med de senaste trapptrenderna \u00e4r det b\u00e4st att r\u00e5dg\u00f6ra med arkitekter och inredningsspecialister. Trappans pris p\u00e5verkas huvudsakligen av arbetets sv\u00e5righetsgrad, m\u00e4ngden material och dess kvalitetskategori. Om du har best\u00e4mt dig f\u00f6r att anv\u00e4nda \u00e4ven glas och metall ut\u00f6ver tr\u00e4 i din trappa, b\u00f6r du r\u00e4kna med en st\u00f6rre budget.<\/p>\n\n\n\n<p>S\u00e4kerhet och anv\u00e4ndarv\u00e4nlighet<\/p>\n\n\n\n<p>En trappa f\u00f6renar olika plan som vi bor p\u00e5 och anv\u00e4ndarv\u00e4nligheten kan skilja sig beroende p\u00e5 anv\u00e4ndarens \u00e5lder. Planerar du en trappa f\u00f6r ett hem eller en l\u00e4genhet d\u00e4r det f\u00f6r tillf\u00e4llet inte bor n\u00e5gra barn, b\u00f6r man t\u00e4nka p\u00e5 om barn kommer anv\u00e4nda den i framtiden. Trappans s\u00e4kerhet \u00e4r en viktig aspekt inte bara f\u00f6r familjer med barn utan \u00e4ven f\u00f6r familjer med \u00e4ldre. N\u00e4r du v\u00e4ljer en trappa kan du sj\u00e4lv p\u00e5verka hur s\u00e4ker den blir att anv\u00e4nda. En trappa utan r\u00e4cken kan k\u00e4nnas minimalistisk, dock i det l\u00e5ngsiktiga perspektivet kan de ha vissa nackdelar. Var inte r\u00e4dd f\u00f6r r\u00e4cken. Genom att f\u00f6rse trappstegen med en halks\u00e4ker yta och genom att undvika tr\u00e5nga vinkelgrader ser du till att du f\u00e5r en trappa som \u00e4r v\u00e4nlig \u00e4ven om \u00e5rtionden.<\/p>\n\n\n\n<p>Trappformel 2H+B=63, vad \u00e4r det f\u00f6r n\u00e5got?<\/p>\n\n\n\n<p>Vet du vad trappformeln 2H+B=63 betyder, som man s\u00e5 ofta ser i informationsblad av trapptillverkare? Med den formeln kan du fastst\u00e4lla\/kontrollera en optimal stegh\u00f6jd och stegdjup. H=stegh\u00f6jd och B=stegdjup. Exempel: Du ska ta dig upp och ned bekv\u00e4mt mellan tv\u00e5 plan, vars h\u00f6jdskillnad \u00e4r 2450 mm. Vi antar att du f\u00f6rdelar den h\u00f6jdskillnaden p\u00e5 14 trappsteg. Detta betyder att stegh\u00f6jden ligger p\u00e5 17,5 cm. Ditt \u00f6nskade stegdjup \u00e4r 30,0 cm. Nu kontrollerar vi formeln: 2 * 17,5 + 30 = 65<\/p>\n\n\n\n<p>Om v\u00e4rdet som f\u00f6ljer av formeln \u00e4r n\u00e4ra 63, s\u00e5 \u00e4r det en bekv\u00e4m och optimal trappa.<\/p>\n\n\n\n<p>Anv\u00e4ndare<\/p>\n\n\n\n<p>Upplysningar om trappans anv\u00e4ndare \u00e4r ocks\u00e5 viktig information f\u00f6r trappkonstrukt\u00f6ren. F\u00f6r ett \u00e4ldre par \u00e4r en trappa med l\u00e5g lutning i engelsk stil och t\u00e4ckt med en mjuk matta l\u00e4mplig. En ensamst\u00e5ende ungdom dr\u00f6mmer d\u00e4remot ofta om v\u00e4ggmonterade steg utan r\u00e4cken. Det \u00e4r ett val som en mamma med sm\u00e5 barn inte skulle acceptera. D\u00e4rf\u00f6r \u00e4r det viktigt att ha ett l\u00e4ngre tidsperspektiv i tankarna n\u00e4r du planerar en trappa. Vi f\u00e5r inte heller gl\u00f6mma husdjuren. Dom m\u00e5ste ocks\u00e5 kunna anv\u00e4nda trappan p\u00e5 ett bekv\u00e4mt s\u00e4tt utan att den blir ett hinder.<\/p>\n\n\n\n<p>Vi \u00f6nskar dig s\u00e4kra och eleganta val,<br>Stair24<\/p>\n","protected":false},"excerpt":{"rendered":"Trappan \u00e4r en av de viktigaste aspekterna i en byggnad. Det \u00e4r en riktig utmaning b\u00e5de&#8230;","protected":false},"author":1,"featured_media":8757,"parent":8209,"menu_order":5,"comment_status":"closed","ping_status":"closed","template":"page-templates\/useful-information-single.php","meta":{"_acf_changed":false,"footnotes":""},"class_list":["post-9526","page","type-page","status-publish","has-post-thumbnail","hentry"],"acf":[],"yoast_head":"<!-- This site is optimized with the Yoast SEO plugin v27.5 - https:\/\/yoast.com\/product\/yoast-seo-wordpress\/ -->\n<title>5 r\u00e5d f\u00f6r valet av trappa - STAIR24<\/title>\n<meta name=\"robots\" content=\"index, follow, max-snippet:-1, max-image-preview:large, max-video-preview:-1\" \/>\n<link rel=\"canonical\" href=\"https:\/\/www.stair24.com\/sv\/anvandbar-information\/anvandbar-information-2\/\" \/>\n<meta property=\"og:locale\" content=\"sv_SE\" \/>\n<meta property=\"og:type\" content=\"article\" \/>\n<meta property=\"og:title\" content=\"5 r\u00e5d f\u00f6r valet av trappa - STAIR24\" \/>\n<meta property=\"og:description\" content=\"Trappan \u00e4r en av de viktigaste aspekterna i en byggnad. Det \u00e4r en riktig utmaning b\u00e5de...\" \/>\n<meta property=\"og:url\" content=\"https:\/\/www.stair24.com\/sv\/anvandbar-information\/anvandbar-information-2\/\" \/>\n<meta property=\"og:site_name\" content=\"STAIR24\" \/>\n<meta property=\"article:publisher\" content=\"https:\/\/www.facebook.com\/AruGrupp\" \/>\n<meta property=\"article:modified_time\" content=\"2023-12-18T13:14:59+00:00\" \/>\n<meta property=\"og:image\" content=\"https:\/\/live.stair24.com\/wp-content\/uploads\/2023\/12\/IMG_20230208_110512-scaled-1.jpg\" \/>\n\t<meta property=\"og:image:width\" content=\"2560\" \/>\n\t<meta property=\"og:image:height\" content=\"2306\" \/>\n\t<meta property=\"og:image:type\" content=\"image\/jpeg\" \/>\n<meta name=\"twitter:card\" content=\"summary_large_image\" \/>\n<meta name=\"twitter:label1\" content=\"Ber\u00e4knad l\u00e4stid\" \/>\n\t<meta name=\"twitter:data1\" content=\"3 minuter\" \/>\n<script type=\"application\/ld+json\" class=\"yoast-schema-graph\">{\"@context\":\"https:\\\/\\\/schema.org\",\"@graph\":[{\"@type\":\"WebPage\",\"@id\":\"https:\\\/\\\/www.stair24.com\\\/sv\\\/anvandbar-information\\\/anvandbar-information-2\\\/\",\"url\":\"https:\\\/\\\/www.stair24.com\\\/sv\\\/anvandbar-information\\\/anvandbar-information-2\\\/\",\"name\":\"5 r\u00e5d f\u00f6r valet av trappa - STAIR24\",\"isPartOf\":{\"@id\":\"https:\\\/\\\/www.stair24.com\\\/sv\\\/#website\"},\"primaryImageOfPage\":{\"@id\":\"https:\\\/\\\/www.stair24.com\\\/sv\\\/anvandbar-information\\\/anvandbar-information-2\\\/#primaryimage\"},\"image\":{\"@id\":\"https:\\\/\\\/www.stair24.com\\\/sv\\\/anvandbar-information\\\/anvandbar-information-2\\\/#primaryimage\"},\"thumbnailUrl\":\"https:\\\/\\\/www.stair24.com\\\/wp-content\\\/uploads\\\/2023\\\/12\\\/trepi-valmistamine-treppide-muuk-treppide-paigaldus-14.jpg\",\"datePublished\":\"2023-12-15T15:51:01+00:00\",\"dateModified\":\"2023-12-18T13:14:59+00:00\",\"breadcrumb\":{\"@id\":\"https:\\\/\\\/www.stair24.com\\\/sv\\\/anvandbar-information\\\/anvandbar-information-2\\\/#breadcrumb\"},\"inLanguage\":\"sv-SE\",\"potentialAction\":[{\"@type\":\"ReadAction\",\"target\":[\"https:\\\/\\\/www.stair24.com\\\/sv\\\/anvandbar-information\\\/anvandbar-information-2\\\/\"]}]},{\"@type\":\"ImageObject\",\"inLanguage\":\"sv-SE\",\"@id\":\"https:\\\/\\\/www.stair24.com\\\/sv\\\/anvandbar-information\\\/anvandbar-information-2\\\/#primaryimage\",\"url\":\"https:\\\/\\\/www.stair24.com\\\/wp-content\\\/uploads\\\/2023\\\/12\\\/trepi-valmistamine-treppide-muuk-treppide-paigaldus-14.jpg\",\"contentUrl\":\"https:\\\/\\\/www.stair24.com\\\/wp-content\\\/uploads\\\/2023\\\/12\\\/trepi-valmistamine-treppide-muuk-treppide-paigaldus-14.jpg\",\"width\":2560,\"height\":2306},{\"@type\":\"BreadcrumbList\",\"@id\":\"https:\\\/\\\/www.stair24.com\\\/sv\\\/anvandbar-information\\\/anvandbar-information-2\\\/#breadcrumb\",\"itemListElement\":[{\"@type\":\"ListItem\",\"position\":1,\"name\":\"Home\",\"item\":\"https:\\\/\\\/www.stair24.com\\\/sv\\\/\"},{\"@type\":\"ListItem\",\"position\":2,\"name\":\"Anv\u00e4ndbar information\",\"item\":\"https:\\\/\\\/www.stair24.com\\\/sv\\\/anvandbar-information\\\/\"},{\"@type\":\"ListItem\",\"position\":3,\"name\":\"5 r\u00e5d f\u00f6r valet av trappa\"}]},{\"@type\":\"WebSite\",\"@id\":\"https:\\\/\\\/www.stair24.com\\\/sv\\\/#website\",\"url\":\"https:\\\/\\\/www.stair24.com\\\/sv\\\/\",\"name\":\"STAIR 24 | Kvaliteetsed trepid\",\"description\":\"Valmistame treppe igas kujus ning suuruses. Trepid on meie kirg ning oleme \u00fcks suurimaid treppide tootja p\u00f5hjamaades. Proovige meie uut trepikalkulaatorit. Parima kvaliteediga trepid, kiire tarne ning soodne hind.\",\"publisher\":{\"@id\":\"https:\\\/\\\/www.stair24.com\\\/sv\\\/#organization\"},\"potentialAction\":[{\"@type\":\"SearchAction\",\"target\":{\"@type\":\"EntryPoint\",\"urlTemplate\":\"https:\\\/\\\/www.stair24.com\\\/sv\\\/?s={search_term_string}\"},\"query-input\":{\"@type\":\"PropertyValueSpecification\",\"valueRequired\":true,\"valueName\":\"search_term_string\"}}],\"inLanguage\":\"sv-SE\"},{\"@type\":\"Organization\",\"@id\":\"https:\\\/\\\/www.stair24.com\\\/sv\\\/#organization\",\"name\":\"STAIR 24 | Kvaliteetsed trepid\",\"url\":\"https:\\\/\\\/www.stair24.com\\\/sv\\\/\",\"logo\":{\"@type\":\"ImageObject\",\"inLanguage\":\"sv-SE\",\"@id\":\"https:\\\/\\\/www.stair24.com\\\/sv\\\/#\\\/schema\\\/logo\\\/image\\\/\",\"url\":\"https:\\\/\\\/www.stair24.com\\\/wp-content\\\/uploads\\\/2022\\\/12\\\/trep-stair24_logo-1.png\",\"contentUrl\":\"https:\\\/\\\/www.stair24.com\\\/wp-content\\\/uploads\\\/2022\\\/12\\\/trep-stair24_logo-1.png\",\"width\":302,\"height\":85,\"caption\":\"STAIR 24 | Kvaliteetsed trepid\"},\"image\":{\"@id\":\"https:\\\/\\\/www.stair24.com\\\/sv\\\/#\\\/schema\\\/logo\\\/image\\\/\"},\"sameAs\":[\"https:\\\/\\\/www.facebook.com\\\/AruGrupp\",\"https:\\\/\\\/www.instagram.com\\\/stair.24\\\/\",\"https:\\\/\\\/www.youtube.com\\\/@stair24com\"]}]}<\/script>\n<!-- \/ Yoast SEO plugin. -->","yoast_head_json":{"title":"5 r\u00e5d f\u00f6r valet av trappa - STAIR24","robots":{"index":"index","follow":"follow","max-snippet":"max-snippet:-1","max-image-preview":"max-image-preview:large","max-video-preview":"max-video-preview:-1"},"canonical":"https:\/\/www.stair24.com\/sv\/anvandbar-information\/anvandbar-information-2\/","og_locale":"sv_SE","og_type":"article","og_title":"5 r\u00e5d f\u00f6r valet av trappa - STAIR24","og_description":"Trappan \u00e4r en av de viktigaste aspekterna i en byggnad. Det \u00e4r en riktig utmaning b\u00e5de...","og_url":"https:\/\/www.stair24.com\/sv\/anvandbar-information\/anvandbar-information-2\/","og_site_name":"STAIR24","article_publisher":"https:\/\/www.facebook.com\/AruGrupp","article_modified_time":"2023-12-18T13:14:59+00:00","og_image":[{"width":2560,"height":2306,"url":"https:\/\/live.stair24.com\/wp-content\/uploads\/2023\/12\/IMG_20230208_110512-scaled-1.jpg","type":"image\/jpeg"}],"twitter_card":"summary_large_image","twitter_misc":{"Ber\u00e4knad l\u00e4stid":"3 minuter"},"schema":{"@context":"https:\/\/schema.org","@graph":[{"@type":"WebPage","@id":"https:\/\/www.stair24.com\/sv\/anvandbar-information\/anvandbar-information-2\/","url":"https:\/\/www.stair24.com\/sv\/anvandbar-information\/anvandbar-information-2\/","name":"5 r\u00e5d f\u00f6r valet av trappa - STAIR24","isPartOf":{"@id":"https:\/\/www.stair24.com\/sv\/#website"},"primaryImageOfPage":{"@id":"https:\/\/www.stair24.com\/sv\/anvandbar-information\/anvandbar-information-2\/#primaryimage"},"image":{"@id":"https:\/\/www.stair24.com\/sv\/anvandbar-information\/anvandbar-information-2\/#primaryimage"},"thumbnailUrl":"https:\/\/www.stair24.com\/wp-content\/uploads\/2023\/12\/trepi-valmistamine-treppide-muuk-treppide-paigaldus-14.jpg","datePublished":"2023-12-15T15:51:01+00:00","dateModified":"2023-12-18T13:14:59+00:00","breadcrumb":{"@id":"https:\/\/www.stair24.com\/sv\/anvandbar-information\/anvandbar-information-2\/#breadcrumb"},"inLanguage":"sv-SE","potentialAction":[{"@type":"ReadAction","target":["https:\/\/www.stair24.com\/sv\/anvandbar-information\/anvandbar-information-2\/"]}]},{"@type":"ImageObject","inLanguage":"sv-SE","@id":"https:\/\/www.stair24.com\/sv\/anvandbar-information\/anvandbar-information-2\/#primaryimage","url":"https:\/\/www.stair24.com\/wp-content\/uploads\/2023\/12\/trepi-valmistamine-treppide-muuk-treppide-paigaldus-14.jpg","contentUrl":"https:\/\/www.stair24.com\/wp-content\/uploads\/2023\/12\/trepi-valmistamine-treppide-muuk-treppide-paigaldus-14.jpg","width":2560,"height":2306},{"@type":"BreadcrumbList","@id":"https:\/\/www.stair24.com\/sv\/anvandbar-information\/anvandbar-information-2\/#breadcrumb","itemListElement":[{"@type":"ListItem","position":1,"name":"Home","item":"https:\/\/www.stair24.com\/sv\/"},{"@type":"ListItem","position":2,"name":"Anv\u00e4ndbar information","item":"https:\/\/www.stair24.com\/sv\/anvandbar-information\/"},{"@type":"ListItem","position":3,"name":"5 r\u00e5d f\u00f6r valet av trappa"}]},{"@type":"WebSite","@id":"https:\/\/www.stair24.com\/sv\/#website","url":"https:\/\/www.stair24.com\/sv\/","name":"STAIR 24 | Kvaliteetsed trepid","description":"Valmistame treppe igas kujus ning suuruses. Trepid on meie kirg ning oleme \u00fcks suurimaid treppide tootja p\u00f5hjamaades. Proovige meie uut trepikalkulaatorit. Parima kvaliteediga trepid, kiire tarne ning soodne hind.","publisher":{"@id":"https:\/\/www.stair24.com\/sv\/#organization"},"potentialAction":[{"@type":"SearchAction","target":{"@type":"EntryPoint","urlTemplate":"https:\/\/www.stair24.com\/sv\/?s={search_term_string}"},"query-input":{"@type":"PropertyValueSpecification","valueRequired":true,"valueName":"search_term_string"}}],"inLanguage":"sv-SE"},{"@type":"Organization","@id":"https:\/\/www.stair24.com\/sv\/#organization","name":"STAIR 24 | Kvaliteetsed trepid","url":"https:\/\/www.stair24.com\/sv\/","logo":{"@type":"ImageObject","inLanguage":"sv-SE","@id":"https:\/\/www.stair24.com\/sv\/#\/schema\/logo\/image\/","url":"https:\/\/www.stair24.com\/wp-content\/uploads\/2022\/12\/trep-stair24_logo-1.png","contentUrl":"https:\/\/www.stair24.com\/wp-content\/uploads\/2022\/12\/trep-stair24_logo-1.png","width":302,"height":85,"caption":"STAIR 24 | Kvaliteetsed trepid"},"image":{"@id":"https:\/\/www.stair24.com\/sv\/#\/schema\/logo\/image\/"},"sameAs":["https:\/\/www.facebook.com\/AruGrupp","https:\/\/www.instagram.com\/stair.24\/","https:\/\/www.youtube.com\/@stair24com"]}]}},"_links":{"self":[{"href":"https:\/\/www.stair24.com\/sv\/wp-json\/wp\/v2\/pages\/9526","targetHints":{"allow":["GET"]}}],"collection":[{"href":"https:\/\/www.stair24.com\/sv\/wp-json\/wp\/v2\/pages"}],"about":[{"href":"https:\/\/www.stair24.com\/sv\/wp-json\/wp\/v2\/types\/page"}],"author":[{"embeddable":true,"href":"https:\/\/www.stair24.com\/sv\/wp-json\/wp\/v2\/users\/1"}],"replies":[{"embeddable":true,"href":"https:\/\/www.stair24.com\/sv\/wp-json\/wp\/v2\/comments?post=9526"}],"version-history":[{"count":4,"href":"https:\/\/www.stair24.com\/sv\/wp-json\/wp\/v2\/pages\/9526\/revisions"}],"predecessor-version":[{"id":9530,"href":"https:\/\/www.stair24.com\/sv\/wp-json\/wp\/v2\/pages\/9526\/revisions\/9530"}],"up":[{"embeddable":true,"href":"https:\/\/www.stair24.com\/sv\/wp-json\/wp\/v2\/pages\/8209"}],"wp:featuredmedia":[{"embeddable":true,"href":"https:\/\/www.stair24.com\/sv\/wp-json\/wp\/v2\/media\/8757"}],"wp:attachment":[{"href":"https:\/\/www.stair24.com\/sv\/wp-json\/wp\/v2\/media?parent=9526"}],"curies":[{"name":"wp","href":"https:\/\/api.w.org\/{rel}","templated":true}]}}